{"id":17257,"date":"2024-08-02T13:03:55","date_gmt":"2024-08-02T11:03:55","guid":{"rendered":"https:\/\/fvcomponentes.com\/?post_type=product&#038;p=17257"},"modified":"2026-01-12T12:06:24","modified_gmt":"2026-01-12T11:06:24","slug":"lv-lithium-batterie-byd-batteriebox-premium-lvs-4kwh","status":"publish","type":"product","link":"https:\/\/fvcomponentes.com\/de\/producto\/bateria-de-litio-lv-byd-battery-box-premium-lvs-4kwh\/","title":{"rendered":"Lithium-Batterie LV BYD Batterie-Box Premium LVS 4kWh"},"content":{"rendered":"<h2 class=\"product-details-full-content-header-title\">Lithium-Batterie LV BYD Batterie-Box Premium LVS 4kWh<\/h2>\n<p>BYD hat seine neue Generation von Hochspannungs-Lithiumbatterien f\u00fcr die Energiespeicherung in Photovoltaikanlagen vorgestellt. BYD ist einer der f\u00fchrenden Hersteller von Batterien und L\u00f6sungen f\u00fcr die Elektromobilit\u00e4t. Die neue Battery-BOX wird in 48V- und Hochvolt-Ausf\u00fchrung erh\u00e4ltlich sein. Der modulare Aufbau erm\u00f6glicht eine flexible Erweiterung und den Einsatz in Inselsystemen, im Back-up-Betrieb und im netzgekoppelten Eigenverbrauch.<\/p>\n<p><a href=\"https:\/\/fvcomponentes.com\/wp-content\/uploads\/2024\/12\/Lista-invesores-compatibles-BYD-LVS.pdf\" target=\"_blank\" rel=\"noopener\"><strong>Aktualisierte Liste von LVS-kompatiblen Wechselrichtern<\/strong><\/a><\/p>\n<div class=\"ast-oembed-container\" style=\"height: 100%;\"><iframe title=\"ByD HVS Hochspannungsbatterie HVS eingebaut in Fronius Gen24\" width=\"500\" height=\"281\" src=\"https:\/\/www.youtube.com\/embed\/Z4-OeE1vePA?feature=oembed&#038;enablejsapi=1&#038;origin=https:\/\/fvcomponentes.com\" frameborder=\"0\" allow=\"accelerometer; autoplay; clipboard-write; encrypted-media; gyroscope; picture-in-picture; web-share\" referrerpolicy=\"strict-origin-when-cross-origin\" allowfullscreen><\/iframe><\/div>\n<p>&nbsp;<\/p>\n<h2>LV BYD Battery-Box Premium LVS 4kWh Lithium-Batterie Merkmale<\/h2>\n<ul>\n<li>Selbst entwickelte LFP-Zellen (Lithium-Ferrophosphat), die in Millionen von EVs getestet wurden<\/li>\n<li>LFP Erfahrung seit 2002 +1.000.000 Systeme in +90 L\u00e4ndern<\/li>\n<li>Hohe Leistung in netzgebundenen \/ netzunabh\u00e4ngigen \/ Back-up-Umgebungen<\/li>\n<li>Modularer Aufbau Jederzeit erweiterbar<\/li>\n<li>Anschluss ohne interne Kabel Schnelle Inbetriebnahme<\/li>\n<li>Kompatibel mit allen g\u00e4ngigen String- und Dreiphasen-Wechselrichtern<\/li>\n<\/ul>\n<h2>Technische Daten der LV BYD Battery-Box Premium LVS 4kWh Lithium-Batterie<\/h2>\n<p><img fetchpriority=\"high\" decoding=\"async\" class=\"size-full wp-image-17031\" src=\"https:\/\/fvcomponentes.com\/wp-content\/uploads\/2024\/07\/BYD-Battery-Box-Premium-LVS-PDU-12940054-00-Especificaciones.png\" alt=\"BYD Battery Box Premium LVS (PDU) - 12940054-00 - Spezifikationen\" width=\"1365\" height=\"612\" title=\"\"><\/p>\n<h2>Allgemeine Angaben<\/h2>\n<ul>\n<li><strong>Nennspannung:<\/strong> 51,2v<\/li>\n<li><strong>Betriebsspannung:<\/strong> 40-57,6 V<\/li>\n<li><strong>Betriebstemperatur:<\/strong> -10\u00b0C bis +50\u00b0C<\/li>\n<li><strong>Zelltechnologie:<\/strong> Lithium-Eisen-Phosphat (LiFePO4)<\/li>\n<li><strong>Kommunikation:<\/strong> CAN<\/li>\n<li><strong>IP-Schutz:<\/strong> IP55<\/li>\n<li><strong>Effizienz der Hin- und R\u00fcckfahrt:<\/strong> \u2265 95%<\/li>\n<li><strong>Umwelt:<\/strong> Innen \/ Au\u00dfen<\/li>\n<li><strong>Methode der Montage:<\/strong> Fu\u00dfhalterung<\/li>\n<li><strong>Skalierbarkeit:<\/strong> Max. 64 Module parallel (256 kWh) Nur Einzelturm<\/li>\n<li><strong>Zertifizierungen:<\/strong> VDE2510-50 \/ IEC62619 \/ CE \/ CEC \/ UN38.3<\/li>\n<li><strong>Anwendungen:<\/strong> ON-Netz\/ ON-Netz + Backup \/ OFF-Netz<\/li>\n<li><strong>Kompatible Wechselrichter:<\/strong> Victron Energy, SMA, Solis, GOODWE, Deye, SUNGROW<\/li>\n<li><strong>B\u00fcrgschaft:<\/strong> 10 Jahre<\/li>\n<\/ul>\n<h2>LV BYD Battery-Box Premium LVS 4kWh Lithium-Batterie kaufen<\/h2>\n<p>Bei FvComponents k\u00f6nnen Sie die neue Generation der BYD B-Box Premium Lithiumbatterien in den Versionen 48V und Hochspannung kaufen. Wir bieten Lithium-Batterien f\u00fcr den Eigenverbrauch oder f\u00fcr autonome Anlagen aller Leistungsklassen zu einem g\u00fcnstigen Preis und mit dem <strong>h\u00f6chste Qualit\u00e4t und Herstellergarantie<\/strong>. F\u00fcr weitere Informationen \u00fcber diese Batterien,\u00a0<a href=\"https:\/\/fvcomponentes.com\/de\/hilfe-und-kontakt\/\" target=\"_blank\" rel=\"noopener\">konsultieren Sie uns\u00a0<\/a>und wir helfen Ihnen unverbindlich bei Ihrem Photovoltaik-Projekt.<\/p>\n<h2>Datenblatt Lithium-Batterie LV BYD Battery-Box Premium LVS 4kWh<\/h2>\n<p><a href=\"https:\/\/fvcomponentes.com\/wp-content\/uploads\/2024\/07\/Ficha-tecnica-BYD-Battery-Box-Premium-LVS-PDU-12940054-00.pdf\" target=\"_blank\" rel=\"noopener\">LV BYD Battery-Box Premium LVS 4kWh Lithium-Batterie Datenblatt ansehen<\/a><\/p>","protected":false},"excerpt":{"rendered":"<ul>\n<li><span class=\"baywa-details-label\">Batterie <\/span><span class=\"baywa-details-values\">\u00a0DC Niederspannung\u00a0<\/span><\/li>\n<li><strong>Anzahl der Module:<\/strong> 1<\/li>\n<li><strong>Nutzbare Energie:<\/strong> 4kWh<\/li>\n<li><strong>Maximaler Ausgangsstrom:<\/strong> 65A<\/li>\n<li>\n<div class=\"baywa-details-fields\"><strong>Ausgangsspitzenstrom:<\/strong> 90A, 5s<\/div>\n<\/li>\n<\/ul>","protected":false},"featured_media":17258,"comment_status":"open","ping_status":"closed","template":"","meta":{"site-sidebar-layout":"default","site-content-layout":"default","ast-site-content-layout":"default","site-content-style":"default","site-sidebar-style":"default","ast-global-header-display":"","ast-banner-title-visibility":"","ast-main-header-display":"","ast-hfb-above-header-display":"","ast-hfb-below-header-display":"","ast-hfb-mobile-header-display":"","site-post-title":"","ast-breadcrumbs-content":"","ast-featured-img":"","footer-sml-layout":"","ast-disable-related-posts":"","theme-transparent-header-meta":"default","adv-header-id-meta":"","stick-header-meta":"","header-above-stick-meta":"","header-main-stick-meta":"","header-below-stick-meta":"","astra-migrate-meta-layouts":"set","ast-page-background-enabled":"default","ast-page-background-meta":{"desktop":{"background-color":"var(--ast-global-color-4)","background-image":"","background-repeat":"repeat","background-position":"center center","background-size":"auto","background-attachment":"scroll","background-type":"","background-media":"","overlay-type":"","overlay-color":"","overlay-opacity":"","overlay-gradient":""},"tablet":{"background-color":"","background-image":"","background-repeat":"repeat","background-position":"center center","background-size":"auto","background-attachment":"scroll","background-type":"","background-media":"","overlay-type":"","overlay-color":"","overlay-opacity":"","overlay-gradient":""},"mobile":{"background-color":"","background-image":"","background-repeat":"repeat","background-position":"center center","background-size":"auto","background-attachment":"scroll","background-type":"","background-media":"","overlay-type":"","overlay-color":"","overlay-opacity":"","overlay-gradient":""}},"ast-content-background-meta":{"desktop":{"background-color":"var(--ast-global-color-5)","background-image":"","background-repeat":"repeat","background-position":"center center","background-size":"auto","background-attachment":"scroll","background-type":"","background-media":"","overlay-type":"","overlay-color":"","overlay-opacity":"","overlay-gradient":""},"tablet":{"background-color":"var(--ast-global-color-5)","background-image":"","background-repeat":"repeat","background-position":"center center","background-size":"auto","background-attachment":"scroll","background-type":"","background-media":"","overlay-type":"","overlay-color":"","overlay-opacity":"","overlay-gradient":""},"mobile":{"background-color":"var(--ast-global-color-5)","background-image":"","background-repeat":"repeat","background-position":"center center","background-size":"auto","background-attachment":"scroll","background-type":"","background-media":"","overlay-type":"","overlay-color":"","overlay-opacity":"","overlay-gradient":""}}},"pwb-brand":[897],"product_brand":[],"product_cat":[340,341],"product_tag":[],"class_list":{"0":"post-17257","1":"product","2":"type-product","3":"status-publish","4":"has-post-thumbnail","6":"pwb-brand-byd","7":"product_cat-baterias","8":"product_cat-baterias-litio-48v","9":"product_shipping_class-baterias","10":"desktop-align-left","11":"tablet-align-left","12":"mobile-align-left","13":"ast-product-gallery-layout-horizontal-slider","14":"ast-product-gallery-with-no-image","15":"ast-product-tabs-layout-horizontal","17":"first","18":"instock","19":"taxable","20":"shipping-taxable","21":"purchasable","22":"product-type-yith_bundle"},"wcpa_form_fields":null,"brands":[{"id":897,"name":"B&amp;D-Batterien","slug":"byd"}],"_links":{"self":[{"href":"https:\/\/fvcomponentes.com\/de\/wp-json\/wp\/v2\/product\/17257","targetHints":{"allow":["GET"]}}],"collection":[{"href":"https:\/\/fvcomponentes.com\/de\/wp-json\/wp\/v2\/product"}],"about":[{"href":"https:\/\/fvcomponentes.com\/de\/wp-json\/wp\/v2\/types\/product"}],"replies":[{"embeddable":true,"href":"https:\/\/fvcomponentes.com\/de\/wp-json\/wp\/v2\/comments?post=17257"}],"wp:featuredmedia":[{"embeddable":true,"href":"https:\/\/fvcomponentes.com\/de\/wp-json\/wp\/v2\/media\/17258"}],"wp:attachment":[{"href":"https:\/\/fvcomponentes.com\/de\/wp-json\/wp\/v2\/media?parent=17257"}],"wp:term":[{"taxonomy":"pwb-brand","embeddable":true,"href":"https:\/\/fvcomponentes.com\/de\/wp-json\/wp\/v2\/pwb-brand?post=17257"},{"taxonomy":"product_brand","embeddable":true,"href":"https:\/\/fvcomponentes.com\/de\/wp-json\/wp\/v2\/product_brand?post=17257"},{"taxonomy":"product_cat","embeddable":true,"href":"https:\/\/fvcomponentes.com\/de\/wp-json\/wp\/v2\/product_cat?post=17257"},{"taxonomy":"product_tag","embeddable":true,"href":"https:\/\/fvcomponentes.com\/de\/wp-json\/wp\/v2\/product_tag?post=17257"}],"curies":[{"name":"wp","href":"https:\/\/api.w.org\/{rel}","templated":true}]}}