{"id":16927,"date":"2024-07-24T17:34:38","date_gmt":"2024-07-24T15:34:38","guid":{"rendered":"https:\/\/fvcomponentes.com\/?post_type=product&#038;p=16927"},"modified":"2026-03-30T12:16:04","modified_gmt":"2026-03-30T10:16:04","slug":"wechselrichter-fronius-tauro-eco-100-3-p-dreiphasig-4210303","status":"publish","type":"product","link":"https:\/\/fvcomponentes.com\/de\/producto\/inversor-fronius-tauro-eco-100-3-p-trifasico-4210303-2\/","title":{"rendered":"Fronius Tauro Eco 100-3-P Dreiphasen-Wechselrichter Fronius - 4.210.303"},"content":{"rendered":"<h2>Eigenschaften des dreiphasigen Wechselrichters Fronius Tauro Eco 100-3-P - 4.210.303<\/h2>\n<h2>Robustheit und lange Lebensdauer<\/h2>\n<p>Der dreiphasige Wechselrichter Fronius Tauro Eco 100-3-D - 4.210.302 ist f\u00fcr direkte Sonneneinstrahlung und extreme Hitze ausgelegt: Sein doppelschichtiges Geh\u00e4use und die aktive Bel\u00fcftung machen den Fronius Tauro zu einem langlebigen und robusten Wechselrichter, der maximalen Ertrag bietet.<\/p>\n<h2>Niedrigere Kosten und effizienter Service<\/h2>\n<p>Minimale Betriebskosten: Der Fronius Tauro ist schnell zu installieren und einfach zu warten. Im Falle eines Ausfalls gen\u00fcgt es, die betroffene Leistungsstufe auszutauschen und nicht den gesamten Wechselrichter. Das gew\u00e4hrleistet einen zuverl\u00e4ssigen Betrieb und erm\u00f6glicht es, Wartungsarbeiten schnell und kosteng\u00fcnstig durchzuf\u00fchren.<\/p>\n<h2>Intelligente Steuerung und offenes System<\/h2>\n<p>Wie alle Fronius Produkte l\u00e4sst sich auch der dreiphasige Wechselrichter Fronius Tauro Eco 100-3-D - 4.210.302 bequem per Smartphone oder Computer \u00fcberwachen, steuern und warten. Mit Fronius Solar.web haben Sie Ihre Anlage jederzeit im Blick. Die offene Architektur des Systems erm\u00f6glicht die einfache Integration von Fremdkomponenten.<\/p>\n<h2>Designflexibilit\u00e4t des dreiphasigen Fronius Tauro Eco 100-3-D Fronius Wechselrichter - 4.210.302<\/h2>\n<p>Zentral, dezentral, vertikal oder horizontal: Die Fronius Tauro-Serie bietet maximale Flexibilit\u00e4t bei der Planung und Installation von Photovoltaik-Gro\u00dfanlagen. Die Flexibilit\u00e4t<br \/>\nund die Kosteneffizienz des Tauro ECO k\u00f6nnen beliebig kombiniert werden. Der integrierte \u00dcberspannungsschutz und die AC Daisy Chaining Funktion reduzieren den Bedarf an<br \/>\nzus\u00e4tzliche Komponenten und Verkabelung.<\/p>\n<h2>Reparatur und Nachhaltigkeit<\/h2>\n<p>Der Fronius Tauro demonstriert die Bedeutung von Nachhaltigkeit in jeder Phase des Produktzyklus. Dieser Projektwechselrichter ist auf eine lange Lebensdauer ausgelegt und wurde in \u00d6sterreich mit m\u00f6glichst wenigen austauschbaren Komponenten konzipiert und produziert. Das macht den Tauro zu einem besonders robusten Ger\u00e4t, bei dem im Wartungsfall lediglich die Einzelteile vor Ort ausgetauscht werden m\u00fcssen, was Zeit und Ressourcen spart.<\/p>\n<h2>Technische Details des dreiphasigen Wechselrichters Fronius Tauro Eco 100-3-D - 4.210.302<\/h2>\n<ul>\n<li class=\"baywa-details-fields\"><span class=\"baywa-details-label\"><strong>Macht:<\/strong> 10<\/span><span class=\"baywa-details-values\">0 000W<\/span><\/li>\n<li class=\"baywa-details-fields\"><span class=\"baywa-details-label\"><strong>AC<\/strong>: 10<\/span><span class=\"baywa-details-values\">0 000 W\u00a0 <\/span><\/li>\n<li class=\"baywa-details-fields\"><span class=\"baywa-details-label\"><strong>DC:<\/strong> 150<\/span><span class=\"baywa-details-values\">\u00a0000 W<\/span><\/li>\n<li class=\"baywa-details-fields\"><span class=\"baywa-details-label\"><strong>Phase:<\/strong> <\/span><span class=\"baywa-details-values\">Dreiphasig\u00a0<\/span><\/li>\n<li class=\"baywa-details-fields\"><span class=\"baywa-details-label\"><strong>MPPT:<\/strong><\/span><span class=\"baywa-details-values\"> 1<\/span><\/li>\n<li class=\"baywa-details-fields\"><span class=\"baywa-details-label\"><strong>Anzeige:<\/strong><\/span><span class=\"baywa-details-values\">\u00a0Nein<\/span><\/li>\n<li class=\"baywa-details-fields\"><span class=\"baywa-details-label\"><strong>Gleichstromanschluss:<\/strong><\/span><span class=\"baywa-details-values\"> MC4\u00a0<\/span><\/li>\n<li class=\"baywa-details-fields\"><span class=\"baywa-details-label\"><strong>Optimierer:<\/strong><\/span><span class=\"baywa-details-values\">\u00a0keine<\/span><\/li>\n<li class=\"baywa-details-fields\"><span class=\"baywa-details-label\"><strong>IP-Schutz:<\/strong><\/span><span class=\"baywa-details-values\">\u00a0IP65<\/span><\/li>\n<li class=\"baywa-details-fields\"><span class=\"baywa-details-label\"><strong>Kompatible Batterien:<\/strong><\/span><span class=\"baywa-details-values\">\u00a0keine<\/span><\/li>\n<li class=\"baywa-details-fields\"><span class=\"baywa-details-label\"><strong>Abmessungen:<\/strong><\/span><span class=\"baywa-details-values\"> 34,6 x 110,9 x 75,5 cm\u00a0<\/span><\/li>\n<li class=\"baywa-details-fields\"><span class=\"baywa-details-label\"><strong>Gewicht:<\/strong> 103,0kg<\/span><\/li>\n<li class=\"baywa-details-fields\"><span class=\"baywa-details-label\"><strong>Produktgarantie:<\/strong> <\/span><span class=\"baywa-details-values\">2 Jahre<\/span><\/li>\n<li><strong><span class=\"baywa-details-label\">Erweiterung um: <\/span><\/strong><span class=\"baywa-details-values\">5 Jahre 10 Jahre 15 Jahre 20 Jahre<\/span><\/li>\n<li class=\"baywa-details-fields\"><span class=\"baywa-details-label\"><strong>Bescheinigungen: <\/strong><\/span><span class=\"baywa-details-values\">BE FR NL<\/span><\/li>\n<\/ul>\n<h3>Leistung<\/h3>\n<p><img fetchpriority=\"high\" decoding=\"async\" class=\"wp-image-16930\" src=\"https:\/\/fvcomponentes.com\/wp-content\/uploads\/2024\/07\/Inversor-Fronius-Tauro-Eco-100-3-P-Trifasico-4210303-Rendimiento.png\" alt=\"Fronius Tauro Eco 100-3-P Dreiphasen-Wechselrichter Fronius - 4.210.303 - Leistung\" width=\"957\" height=\"254\" title=\"\"><\/p>\n<h3>Reduzierung der Leistung<\/h3>\n<p><img decoding=\"async\" class=\"wp-image-16931\" src=\"https:\/\/fvcomponentes.com\/wp-content\/uploads\/2024\/07\/Inversor-Fronius-Tauro-Eco-100-3-P-Trifasico-4210303-Potencia.png\" alt=\"Fronius Tauro Eco 100-3-P Dreiphasen-Wechselrichter Fronius - 4.210.303 - Leistung\" width=\"960\" height=\"255\" title=\"\"><\/p>\n<h2>Datenblatt Fronius Tauro Eco 100-3-P Dreiphasen-Wechselrichter Fronius - 4.210.303<\/h2>\n<p><a href=\"https:\/\/fvcomponentes.com\/wp-content\/uploads\/2024\/07\/Ficha-tecnica-Inversor-Fronius-Tauro-100-3-P.pdf\" target=\"_blank\" rel=\"noopener\">Datenblatt zum Fronius Tauro Eco 100-3-P Dreiphasen-Wechselrichter Fronius - 4.210.303<\/a><\/p>","protected":false},"excerpt":{"rendered":"<p><strong><span style=\"color: #ff0000\">Ausgelaufen. Letzte Einheiten<\/span><\/strong><\/p>\n<ul>\n<li class=\"baywa-details-fields\"><span class=\"baywa-details-label\"><strong>Macht:<\/strong> 10<\/span><span class=\"baywa-details-values\">0 000W<\/span><\/li>\n<li class=\"baywa-details-fields\"><span class=\"baywa-details-label\"><strong>Phase:<\/strong> <\/span><span class=\"baywa-details-values\">Dreiphasig\u00a0<\/span><\/li>\n<li class=\"baywa-details-fields\"><span class=\"baywa-details-label\"><strong>MPPT:<\/strong><\/span><span class=\"baywa-details-values\"> 1<\/span><\/li>\n<li class=\"baywa-details-fields\"><span class=\"baywa-details-label\"><strong>AC<\/strong>: 10<\/span><span class=\"baywa-details-values\">0 000 W\u00a0 <\/span><\/li>\n<li class=\"baywa-details-fields\"><span class=\"baywa-details-label\"><strong>DC:<\/strong> 150<\/span><span class=\"baywa-details-values\">\u00a0000 W<\/span><\/li>\n<li class=\"baywa-details-fields\"><span class=\"baywa-details-label\"><strong>Gleichstromanschluss:<\/strong> <\/span><span class=\"baywa-details-values\">MC4\u00a0<\/span><\/li>\n<li class=\"baywa-details-fields\"><span class=\"baywa-details-label\"><strong>IP-Schutz:<\/strong> <\/span><span class=\"baywa-details-values\">IP65<\/span><\/li>\n<\/ul>","protected":false},"featured_media":16932,"comment_status":"open","ping_status":"closed","template":"","meta":{"site-sidebar-layout":"default","site-content-layout":"default","ast-site-content-layout":"default","site-content-style":"default","site-sidebar-style":"default","ast-global-header-display":"","ast-banner-title-visibility":"","ast-main-header-display":"","ast-hfb-above-header-display":"","ast-hfb-below-header-display":"","ast-hfb-mobile-header-display":"","site-post-title":"","ast-breadcrumbs-content":"","ast-featured-img":"","footer-sml-layout":"","ast-disable-related-posts":"","theme-transparent-header-meta":"default","adv-header-id-meta":"","stick-header-meta":"","header-above-stick-meta":"","header-main-stick-meta":"","header-below-stick-meta":"","astra-migrate-meta-layouts":"set","ast-page-background-enabled":"default","ast-page-background-meta":{"desktop":{"background-color":"var(--ast-global-color-4)","background-image":"","background-repeat":"repeat","background-position":"center center","background-size":"auto","background-attachment":"scroll","background-type":"","background-media":"","overlay-type":"","overlay-color":"","overlay-opacity":"","overlay-gradient":""},"tablet":{"background-color":"","background-image":"","background-repeat":"repeat","background-position":"center center","background-size":"auto","background-attachment":"scroll","background-type":"","background-media":"","overlay-type":"","overlay-color":"","overlay-opacity":"","overlay-gradient":""},"mobile":{"background-color":"","background-image":"","background-repeat":"repeat","background-position":"center center","background-size":"auto","background-attachment":"scroll","background-type":"","background-media":"","overlay-type":"","overlay-color":"","overlay-opacity":"","overlay-gradient":""}},"ast-content-background-meta":{"desktop":{"background-color":"var(--ast-global-color-5)","background-image":"","background-repeat":"repeat","background-position":"center center","background-size":"auto","background-attachment":"scroll","background-type":"","background-media":"","overlay-type":"","overlay-color":"","overlay-opacity":"","overlay-gradient":""},"tablet":{"background-color":"var(--ast-global-color-5)","background-image":"","background-repeat":"repeat","background-position":"center center","background-size":"auto","background-attachment":"scroll","background-type":"","background-media":"","overlay-type":"","overlay-color":"","overlay-opacity":"","overlay-gradient":""},"mobile":{"background-color":"var(--ast-global-color-5)","background-image":"","background-repeat":"repeat","background-position":"center center","background-size":"auto","background-attachment":"scroll","background-type":"","background-media":"","overlay-type":"","overlay-color":"","overlay-opacity":"","overlay-gradient":""}}},"pwb-brand":[344],"product_brand":[],"product_cat":[345,333,921],"product_tag":[],"class_list":{"0":"post-16927","1":"product","2":"type-product","3":"status-publish","4":"has-post-thumbnail","6":"pwb-brand-fronius","7":"product_cat-inversores-de-autoconsumo","8":"product_cat-inversores","9":"product_cat-inversores-autoconsumo-trifasicos","10":"desktop-align-left","11":"tablet-align-left","12":"mobile-align-left","13":"ast-product-gallery-layout-horizontal-slider","14":"ast-product-gallery-with-no-image","15":"ast-product-tabs-layout-horizontal","17":"first","18":"instock","19":"taxable","20":"shipping-taxable","21":"purchasable","22":"product-type-simple"},"wcpa_form_fields":null,"brands":[{"id":344,"name":"Fronius-Wechselrichter","slug":"fronius"}],"_links":{"self":[{"href":"https:\/\/fvcomponentes.com\/de\/wp-json\/wp\/v2\/product\/16927","targetHints":{"allow":["GET"]}}],"collection":[{"href":"https:\/\/fvcomponentes.com\/de\/wp-json\/wp\/v2\/product"}],"about":[{"href":"https:\/\/fvcomponentes.com\/de\/wp-json\/wp\/v2\/types\/product"}],"replies":[{"embeddable":true,"href":"https:\/\/fvcomponentes.com\/de\/wp-json\/wp\/v2\/comments?post=16927"}],"wp:featuredmedia":[{"embeddable":true,"href":"https:\/\/fvcomponentes.com\/de\/wp-json\/wp\/v2\/media\/16932"}],"wp:attachment":[{"href":"https:\/\/fvcomponentes.com\/de\/wp-json\/wp\/v2\/media?parent=16927"}],"wp:term":[{"taxonomy":"pwb-brand","embeddable":true,"href":"https:\/\/fvcomponentes.com\/de\/wp-json\/wp\/v2\/pwb-brand?post=16927"},{"taxonomy":"product_brand","embeddable":true,"href":"https:\/\/fvcomponentes.com\/de\/wp-json\/wp\/v2\/product_brand?post=16927"},{"taxonomy":"product_cat","embeddable":true,"href":"https:\/\/fvcomponentes.com\/de\/wp-json\/wp\/v2\/product_cat?post=16927"},{"taxonomy":"product_tag","embeddable":true,"href":"https:\/\/fvcomponentes.com\/de\/wp-json\/wp\/v2\/product_tag?post=16927"}],"curies":[{"name":"wp","href":"https:\/\/api.w.org\/{rel}","templated":true}]}}