{"id":16841,"date":"2024-07-23T09:35:07","date_gmt":"2024-07-23T07:35:07","guid":{"rendered":"https:\/\/fvcomponentes.com\/?post_type=product&#038;p=16841"},"modified":"2026-03-30T12:16:00","modified_gmt":"2026-03-30T10:16:00","slug":"wechselrichter-fronius-verto-27-0-spd-12-dreiphasig-4210402-2","status":"publish","type":"product","link":"https:\/\/fvcomponentes.com\/de\/producto\/inversor-fronius-verto-27-0-spd-12-trifasico-4210402-2\/","title":{"rendered":"Fronius Verto 27.0 Wechselrichter (SPD 1+2) dreiphasig - 4.210.402"},"content":{"rendered":"<h2>Fronius Verto 27.0 Wechselrichter (SPD 1+2) dreiphasig - 4.210.402 Merkmale<\/h2>\n<p>Fronius Verto 33.3 Wechselrichter (SPD 1+2) dreiphasig - 4.210.406, der anpassungsf\u00e4hige Wechselrichter f\u00fcr kleine Unternehmen, landwirtschaftliche Anwendungen und Geb\u00e4ude. Seine Flexibilit\u00e4t macht ihn zur perfekten Wahl, ob beim Bau einer neuen PV-Anlage oder bei der Erweiterung einer bestehenden Anlage. Mit integrierten Sicherheitsfunktionen und innovativem Schattenmanagement sorgt der Fronius Verto f\u00fcr einen optimalen Betrieb. Unser flexibler Wechselrichter erleichtert durch seine offenen Schnittstellen die Integration in die Energiewirtschaft. So lassen sich Ladestationen wie der Fronius Wattpilot und Verbrauchsregler wie der Fronius Ohmpilot einfach integrieren.<\/p>\n<h2>Vollst\u00e4ndige Flexibilit\u00e4t<\/h2>\n<p>Mit vier Hochstrom-MPP-Trackern und einem gro\u00dfen Spannungsbereich bietet der Fronius Verto maximale Flexibilit\u00e4t. Das macht den Wechselrichter ideal f\u00fcr komplexe Designs und f\u00fcr alle Ihre spezifischen Bed\u00fcrfnisse. Der integrierte Dynamic Peak Manager Algorithmus des Fronius Verto erm\u00f6glicht es zudem, auch in verschatteten Bereichen optimale Ertr\u00e4ge zu erzielen.<\/p>\n<h2>H\u00f6chste Sicherheit<\/h2>\n<p>Mit einem integrierten \u00dcberspannungsschutzger\u00e4t und einem Arc Fault Circuit Interrupter (AFCI) garantiert der Fronius Verto bereits in der Grundausstattung h\u00f6chste Sicherheitsstandards, ohne dass Sie f\u00fcr zus\u00e4tzliche Komponenten bezahlen m\u00fcssen. Bei Fronius k\u00f6nnen Sie auch sicher sein, dass Ihre Daten in den besten H\u00e4nden sind: Daf\u00fcr sorgen unser zertifiziertes Informationssicherheitssystem sowie unsere Server und Cloud-Speicher in Europa.<\/p>\n<h2>Optimaler Einsatz des Fronius Verto 27.0 Wechselrichters (SPD 1+2) dreiphasig - 4.210.402<\/h2>\n<p>Nutzen Sie \u00fcbersch\u00fcssigen Solarstrom f\u00fcr andere Photovoltaik-Anwendungen wie E-Mobilit\u00e4t oder Heizung, sparen Sie Kosten und sorgen Sie f\u00fcr eine schnellere Amortisation Ihrer Anlage. Dank seiner offenen Schnittstellen erm\u00f6glicht der Fronius Verto die Integration von Verbrauchsreglern, wie z.B. dem <a href=\"https:\/\/fvcomponentes.com\/de\/produkt\/verbrauchsregler-fronius-ohmpilot-9-0-3-4050016\/\" target=\"_blank\" rel=\"noopener\">Fronius Ohmpilot 9.0-3 Verbrauchsregler - 4.050.016 <\/a>und Fronius Wattpilot, <a href=\"https:\/\/fvcomponentes.com\/de\/produkt\/elektroautoladegerat-fronius-wattpilot-go-22j-2-0-4240400\/\" target=\"_blank\" rel=\"noopener\">Fronius Wattpilot Go 22J 2.0 Elektroauto-Ladeger\u00e4t - 4.240.400<\/a>. Unsere Softwarel\u00f6sung Fronius EMIL ist eine perfekte Erg\u00e4nzung zu Ihrer Photovoltaikanlage und versorgt Ihre Elektronikflotte vollautomatisch an allen Standorten mit Strom. Auch die Integration von W\u00e4rmepumpen oder Smart-Home-Systemen ist mit Fronius Verto ein einfacher Prozess.<\/p>\n<h2>Technische Details zu Fronius Wechselrichter Verto 33.3 (SPD 1+2) 3-Phasen - 4.210.406<\/h2>\n<ul>\n<li class=\"baywa-details-fields\"><span class=\"baywa-details-label\"><strong>Macht:<\/strong>\u00a0<\/span><span class=\"baywa-details-values\"> 27 000\u00a0<\/span><\/li>\n<li class=\"baywa-details-fields\"><span class=\"baywa-details-label\"><strong>AC<\/strong>:<\/span><span class=\"baywa-details-values\"> 27 000 W\u00a0<\/span><\/li>\n<li class=\"baywa-details-fields\"><span class=\"baywa-details-label\"><strong>DC:<\/strong>\u00a0<\/span><span class=\"baywa-details-values\"> 40 500 W<\/span><\/li>\n<li class=\"baywa-details-fields\"><span class=\"baywa-details-label\"><strong>Effizienz:<\/strong>\u00a0<\/span><span class=\"baywa-details-values\"> 97,79%<\/span><\/li>\n<li class=\"baywa-details-fields\"><span class=\"baywa-details-label\"><strong>Phase:<\/strong>\u00a0<\/span><span class=\"baywa-details-values\">\u00a0Dreiphasig\u00a0<\/span><\/li>\n<li class=\"baywa-details-fields\"><span class=\"baywa-details-label\"><strong>MPPT:<\/strong>\u00a0<\/span><span class=\"baywa-details-values\">\u00a04<\/span><\/li>\n<li class=\"baywa-details-fields\"><span class=\"baywa-details-label\"><strong>Anzeige:<\/strong>\u00a0<\/span><span class=\"baywa-details-values\">\u00a0Nein<\/span><\/li>\n<li class=\"baywa-details-fields\"><span class=\"baywa-details-label\"><strong>Gleichstromanschluss:<\/strong>\u00a0<\/span><span class=\"baywa-details-values\">\u00a0MC4\u00a0<\/span><\/li>\n<li class=\"baywa-details-fields\"><span class=\"baywa-details-label\"><strong>Optimierer:<\/strong>\u00a0<\/span><span class=\"baywa-details-values\">\u00a0keine<\/span><\/li>\n<li class=\"baywa-details-fields\"><span class=\"baywa-details-label\"><strong>IP-Schutz:<\/strong>\u00a0<\/span><span class=\"baywa-details-values\">\u00a0IP66<\/span><\/li>\n<li class=\"baywa-details-fields\"><span class=\"baywa-details-label\"><strong>Kompatible Batterien:<\/strong>\u00a0<\/span><span class=\"baywa-details-values\">\u00a0keine<\/span><\/li>\n<li class=\"baywa-details-fields\"><span class=\"baywa-details-label\"><strong>Abmessungen:<\/strong>\u00a0<\/span><span class=\"baywa-details-values\">\u00a086,5 x 57,4 x 27,8 cm\u00a0<\/span><\/li>\n<li class=\"baywa-details-fields\"><span class=\"baywa-details-label\"><strong>Gewicht:<\/strong>\u00a0<\/span><span class=\"baywa-details-values\">\u00a041,75kg<\/span><\/li>\n<li class=\"baywa-details-fields\"><span class=\"baywa-details-label\"><strong>Produktgarantie:<\/strong>\u00a0<\/span><span class=\"baywa-details-values\"> 2 Jahre<\/span><\/li>\n<li class=\"baywa-details-fields\"><span class=\"baywa-details-label\"><strong>Bescheinigungen:<\/strong>\u00a0<\/span><span class=\"baywa-details-values\">\u00a0LU DE<\/span><\/li>\n<\/ul>\n<h3>Wirkungsgrad<\/h3>\n<p><img fetchpriority=\"high\" decoding=\"async\" class=\"wp-image-16846\" src=\"https:\/\/fvcomponentes.com\/wp-content\/uploads\/2024\/07\/Inversor-Fronius-Verto-27.0-SPD-12-Trifasico-4210402-Eficiencia.png\" alt=\"Fronius Verto 27.0 Wechselrichter (SPD 1+2) dreiphasig - 4.210.402 - Wirkungsgrad\" width=\"624\" height=\"391\" title=\"\"><\/p>\n<p>&nbsp;<\/p>\n<h3>Reduzierung der Leistung<\/h3>\n<p><img decoding=\"async\" class=\"wp-image-16847\" src=\"https:\/\/fvcomponentes.com\/wp-content\/uploads\/2024\/07\/Inversor-Fronius-Verto-27.0-SPD-12-Trifasico-4210402-power.png\" alt=\"Fronius Verto 27.0 Wechselrichter (SPD 1+2) Dreiphasig - 4.210.402 - Leistung\" width=\"619\" height=\"383\" title=\"\"><\/p>\n<h2>Datenblatt Fronius Wechselrichter Verto 27.0 (SPD 1+2) dreiphasig - 4.210.402<\/h2>\n<p><a href=\"https:\/\/fvcomponentes.com\/wp-content\/uploads\/2024\/07\/Ficha-tecnica-Inversor-Fronius-Verto.pdf\" target=\"_blank\" rel=\"noopener\">Siehe Fronius Verto 27.0 Wechselrichter (SPD 1+2) Dreiphasig - 4.210.402<\/a><\/p>","protected":false},"excerpt":{"rendered":"<ul>\n<li class=\"baywa-details-fields\"><span class=\"baywa-details-label\"><strong>Macht:<\/strong>\u00a0<\/span><span class=\"baywa-details-values\"> 27 000W<\/span><\/li>\n<li class=\"baywa-details-fields\"><span class=\"baywa-details-label\"><strong>Phase:<\/strong>\u00a0<\/span><span class=\"baywa-details-values\">\u00a0Dreiphasig\u00a0<\/span><\/li>\n<li><span class=\"baywa-details-label\"><strong>MPPT:<\/strong>\u00a0<\/span><span class=\"baywa-details-values\">\u00a04<\/span><\/li>\n<li class=\"baywa-details-fields\"><span class=\"baywa-details-label\"><strong>AC<\/strong>:<\/span><span class=\"baywa-details-values\"> 27 000 W\u00a0<\/span><\/li>\n<li class=\"baywa-details-fields\"><span class=\"baywa-details-label\"><strong>DC:<\/strong>\u00a0<\/span><span class=\"baywa-details-values\"> 40 500 W<\/span><\/li>\n<li><span class=\"baywa-details-label\"><strong>Effizienz:<\/strong>\u00a0<\/span><span class=\"baywa-details-values\"> 97,79%<\/span><\/li>\n<li class=\"baywa-details-fields\"><span class=\"baywa-details-label\"><strong>Gleichstromanschluss:<\/strong>\u00a0<\/span><span class=\"baywa-details-values\">\u00a0MC4\u00a0<\/span><\/li>\n<li class=\"baywa-details-fields\"><span class=\"baywa-details-label\"><strong>IP-Schutz:<\/strong>\u00a0<\/span><span class=\"baywa-details-values\">\u00a0IP66<\/span><\/li>\n<\/ul>","protected":false},"featured_media":16845,"comment_status":"open","ping_status":"closed","template":"","meta":{"site-sidebar-layout":"default","site-content-layout":"default","ast-site-content-layout":"default","site-content-style":"default","site-sidebar-style":"default","ast-global-header-display":"","ast-banner-title-visibility":"","ast-main-header-display":"","ast-hfb-above-header-display":"","ast-hfb-below-header-display":"","ast-hfb-mobile-header-display":"","site-post-title":"","ast-breadcrumbs-content":"","ast-featured-img":"","footer-sml-layout":"","ast-disable-related-posts":"","theme-transparent-header-meta":"default","adv-header-id-meta":"","stick-header-meta":"","header-above-stick-meta":"","header-main-stick-meta":"","header-below-stick-meta":"","astra-migrate-meta-layouts":"set","ast-page-background-enabled":"default","ast-page-background-meta":{"desktop":{"background-color":"var(--ast-global-color-4)","background-image":"","background-repeat":"repeat","background-position":"center center","background-size":"auto","background-attachment":"scroll","background-type":"","background-media":"","overlay-type":"","overlay-color":"","overlay-opacity":"","overlay-gradient":""},"tablet":{"background-color":"","background-image":"","background-repeat":"repeat","background-position":"center center","background-size":"auto","background-attachment":"scroll","background-type":"","background-media":"","overlay-type":"","overlay-color":"","overlay-opacity":"","overlay-gradient":""},"mobile":{"background-color":"","background-image":"","background-repeat":"repeat","background-position":"center center","background-size":"auto","background-attachment":"scroll","background-type":"","background-media":"","overlay-type":"","overlay-color":"","overlay-opacity":"","overlay-gradient":""}},"ast-content-background-meta":{"desktop":{"background-color":"var(--ast-global-color-5)","background-image":"","background-repeat":"repeat","background-position":"center center","background-size":"auto","background-attachment":"scroll","background-type":"","background-media":"","overlay-type":"","overlay-color":"","overlay-opacity":"","overlay-gradient":""},"tablet":{"background-color":"var(--ast-global-color-5)","background-image":"","background-repeat":"repeat","background-position":"center center","background-size":"auto","background-attachment":"scroll","background-type":"","background-media":"","overlay-type":"","overlay-color":"","overlay-opacity":"","overlay-gradient":""},"mobile":{"background-color":"var(--ast-global-color-5)","background-image":"","background-repeat":"repeat","background-position":"center center","background-size":"auto","background-attachment":"scroll","background-type":"","background-media":"","overlay-type":"","overlay-color":"","overlay-opacity":"","overlay-gradient":""}}},"pwb-brand":[344],"product_brand":[],"product_cat":[345,333,921],"product_tag":[],"class_list":{"0":"post-16841","1":"product","2":"type-product","3":"status-publish","4":"has-post-thumbnail","6":"pwb-brand-fronius","7":"product_cat-inversores-de-autoconsumo","8":"product_cat-inversores","9":"product_cat-inversores-autoconsumo-trifasicos","10":"desktop-align-left","11":"tablet-align-left","12":"mobile-align-left","13":"ast-product-gallery-layout-horizontal-slider","14":"ast-product-tabs-layout-horizontal","16":"first","17":"instock","18":"taxable","19":"shipping-taxable","20":"purchasable","21":"product-type-simple"},"wcpa_form_fields":null,"brands":[{"id":344,"name":"Fronius-Wechselrichter","slug":"fronius"}],"_links":{"self":[{"href":"https:\/\/fvcomponentes.com\/de\/wp-json\/wp\/v2\/product\/16841","targetHints":{"allow":["GET"]}}],"collection":[{"href":"https:\/\/fvcomponentes.com\/de\/wp-json\/wp\/v2\/product"}],"about":[{"href":"https:\/\/fvcomponentes.com\/de\/wp-json\/wp\/v2\/types\/product"}],"replies":[{"embeddable":true,"href":"https:\/\/fvcomponentes.com\/de\/wp-json\/wp\/v2\/comments?post=16841"}],"wp:featuredmedia":[{"embeddable":true,"href":"https:\/\/fvcomponentes.com\/de\/wp-json\/wp\/v2\/media\/16845"}],"wp:attachment":[{"href":"https:\/\/fvcomponentes.com\/de\/wp-json\/wp\/v2\/media?parent=16841"}],"wp:term":[{"taxonomy":"pwb-brand","embeddable":true,"href":"https:\/\/fvcomponentes.com\/de\/wp-json\/wp\/v2\/pwb-brand?post=16841"},{"taxonomy":"product_brand","embeddable":true,"href":"https:\/\/fvcomponentes.com\/de\/wp-json\/wp\/v2\/product_brand?post=16841"},{"taxonomy":"product_cat","embeddable":true,"href":"https:\/\/fvcomponentes.com\/de\/wp-json\/wp\/v2\/product_cat?post=16841"},{"taxonomy":"product_tag","embeddable":true,"href":"https:\/\/fvcomponentes.com\/de\/wp-json\/wp\/v2\/product_tag?post=16841"}],"curies":[{"name":"wp","href":"https:\/\/api.w.org\/{rel}","templated":true}]}}