{"id":16783,"date":"2024-07-22T13:31:54","date_gmt":"2024-07-22T11:31:54","guid":{"rendered":"https:\/\/fvcomponentes.com\/?post_type=product&#038;p=16783"},"modified":"2026-03-30T12:16:54","modified_gmt":"2026-03-30T10:16:54","slug":"energiezahler-fronius-smart-meter-63a-3-4300011473","status":"publish","type":"product","link":"https:\/\/fvcomponentes.com\/de\/producto\/medidor-de-energia-fronius-smart-meter-63a-3-4300011473\/","title":{"rendered":"Energiez\u00e4hler Fronius Smart Meter 63A-3 - 43.0001.1473"},"content":{"rendered":"<h2>Merkmale des Fronius Smart Meter 63A-3 - 43.0001.1473<\/h2>\n<div>Der Fronius Smart Meter 63A-3 - 43.0001.1473 ist ein bidirektionaler Energiez\u00e4hler, der den Eigenverbrauch optimiert und die Verbrauchskurve im Haushalt aufzeichnet. Dank der hochpr\u00e4zisen Messung und der schnellen Kommunikation \u00fcber die Modbus-RTU-Schnittstelle erfolgt die Leistungsbegrenzung aus der Ferne bei Grenzwertvorgaben schneller und genauer als mit dem S0-Regler. Zusammen mit Fronius Solar.web bietet er einen detaillierten \u00dcberblick \u00fcber den Energieverbrauch im Haushalt.<\/div>\n<div><\/div>\n<div>\n<p>F\u00fcr die Speicherl\u00f6sung Fronius Energy Package auf Basis des Fronius Symo Hybrid erm\u00f6glicht der Fronius Smart Meter ein systematisches Management der verschiedenen Energiestr\u00f6me und damit eine Optimierung der Gesamtenergie. Er eignet sich perfekt f\u00fcr den Einsatz in Verbindung mit dem Fronius Symo, Fronius Symo Hybrid, Fronius Galvo, Fronius Primo, Fronius Eco, Fronius GEN24 und Fronius Datamanager 2.0.<\/p>\n<\/div>\n<div><\/div>\n<h2>Vorteile des Fronius Smart Meter 63A-3 Energiez\u00e4hlers<\/h2>\n<ul>\n<li>Schnelle und genaue Leistungsbegrenzung aus der Ferne<\/li>\n<li>Zusammen mit dem Fronius Solar.web bietet es einen detaillierten \u00dcberblick \u00fcber den Energieverbrauch in Ihrem Haushalt.<\/li>\n<li>Optimieren Sie Ihr Energiemanagement mit der Speicherl\u00f6sung Fronius Energy Package<\/li>\n<\/ul>\n<div>\n<p><img fetchpriority=\"high\" decoding=\"async\" class=\"size-full wp-image-16786\" src=\"https:\/\/fvcomponentes.com\/wp-content\/uploads\/2024\/07\/Fronius-Smart-Meter-63A-3-4300011473.png\" alt=\"Fronius Smart Meter 63A-3 - 43.0001.1473\" width=\"1315\" height=\"683\" title=\"\"><\/p>\n<\/div>\n<h3>Eigenschaften<\/h3>\n<div class=\"table-responsive\">\n<table>\n<tbody>\n<tr>\n<th style=\"text-align: left\">Nennspannung<\/th>\n<td style=\"text-align: left\">400 - 415 V<\/td>\n<\/tr>\n<tr>\n<th style=\"text-align: left\">Maximaler Strom<\/th>\n<td style=\"text-align: left\">3 x 63A<\/td>\n<\/tr>\n<tr>\n<th style=\"text-align: left\">Querschnitt des Stromkabels<\/th>\n<td>1-16mm\u00b2 1-16mm\u00b2 1-16mm\u00b2 1-16mm\u00b2 1-16mm\u00b2 1-16mm\u00b2 1-16mm\u00b2 1-16mm<\/td>\n<\/tr>\n<tr>\n<th style=\"text-align: left\">Querschnitt des Kommunikations- und Nullleiterkabels<\/th>\n<td style=\"text-align: left\">0,05mm\u00b2 0,05mm\u00b2 0,05mm\u00b2 0,05mm\u00b2 0,05mm\u00b2 0,05mm<\/td>\n<\/tr>\n<tr>\n<th style=\"text-align: left\">Energieverbrauch<\/th>\n<td style=\"text-align: left\">1,5 W<\/td>\n<\/tr>\n<tr>\n<th style=\"text-align: left\">Anfangsintensit\u00e4t<\/th>\n<td>40 mA<\/td>\n<\/tr>\n<tr>\n<th style=\"text-align: left\">Schutzklasse<\/th>\n<td style=\"text-align: left\">IP 51 (Frontrahmen), IP 20 (Klemmen)<\/td>\n<\/tr>\n<tr>\n<th style=\"text-align: left\">Kurzzeitiger \u00dcberstrom<\/th>\n<td style=\"text-align: left\">30 x Imax \/ 0,5 s<\/td>\n<\/tr>\n<tr>\n<th style=\"text-align: left\">Betriebstemperaturbereich<\/th>\n<td>-25 - +55\u00b0C<\/td>\n<\/tr>\n<tr>\n<th style=\"text-align: left\">Abmessung (Breite)<\/th>\n<td>71,2 mm<\/td>\n<\/tr>\n<tr>\n<th style=\"text-align: left\">Abmessung (H\u00f6he)<\/th>\n<td>89 mm<\/td>\n<\/tr>\n<tr>\n<th style=\"text-align: left\">Abmessung (Tiefe)<\/th>\n<td>65,6 mm<\/td>\n<\/tr>\n<tr>\n<th style=\"text-align: left\">Gewicht<\/th>\n<td style=\"text-align: left\">0,24 kg<\/td>\n<\/tr>\n<\/tbody>\n<\/table>\n<h2>Datenblatt Fronius Smart Meter 63A-3 Energiez\u00e4hler - 43.0001.1473<\/h2>\n<p><a href=\"https:\/\/fvcomponentes.com\/wp-content\/uploads\/2024\/07\/Fronius_TDS_Smart_Meter_63A-1_63A-3_50KA_ES.pdf\" target=\"_blank\" rel=\"noopener\">Datenblatt Fronius Smart Meter 63A-3 Energiez\u00e4hler ansehen<\/a><\/p>\n<\/div>","protected":false},"excerpt":{"rendered":"<p>Fronius Drehstrom-Direktmessz\u00e4hler 63A zur Verbrauchsmessung bei Wechselrichtern <a href=\"https:\/\/fvcomponentes.com\/de\/produktkategorie\/investoren\/eigenverbrauchs-wechselrichter\/\" target=\"_blank\" rel=\"noopener\">Fronius Symo<\/a><\/p>\n<p>&nbsp;<\/p>","protected":false},"featured_media":16788,"comment_status":"open","ping_status":"closed","template":"","meta":{"site-sidebar-layout":"default","site-content-layout":"default","ast-site-content-layout":"default","site-content-style":"default","site-sidebar-style":"default","ast-global-header-display":"","ast-banner-title-visibility":"","ast-main-header-display":"","ast-hfb-above-header-display":"","ast-hfb-below-header-display":"","ast-hfb-mobile-header-display":"","site-post-title":"","ast-breadcrumbs-content":"","ast-featured-img":"","footer-sml-layout":"","ast-disable-related-posts":"","theme-transparent-header-meta":"default","adv-header-id-meta":"","stick-header-meta":"","header-above-stick-meta":"","header-main-stick-meta":"","header-below-stick-meta":"","astra-migrate-meta-layouts":"set","ast-page-background-enabled":"default","ast-page-background-meta":{"desktop":{"background-color":"var(--ast-global-color-4)","background-image":"","background-repeat":"repeat","background-position":"center center","background-size":"auto","background-attachment":"scroll","background-type":"","background-media":"","overlay-type":"","overlay-color":"","overlay-opacity":"","overlay-gradient":""},"tablet":{"background-color":"","background-image":"","background-repeat":"repeat","background-position":"center center","background-size":"auto","background-attachment":"scroll","background-type":"","background-media":"","overlay-type":"","overlay-color":"","overlay-opacity":"","overlay-gradient":""},"mobile":{"background-color":"","background-image":"","background-repeat":"repeat","background-position":"center center","background-size":"auto","background-attachment":"scroll","background-type":"","background-media":"","overlay-type":"","overlay-color":"","overlay-opacity":"","overlay-gradient":""}},"ast-content-background-meta":{"desktop":{"background-color":"var(--ast-global-color-5)","background-image":"","background-repeat":"repeat","background-position":"center center","background-size":"auto","background-attachment":"scroll","background-type":"","background-media":"","overlay-type":"","overlay-color":"","overlay-opacity":"","overlay-gradient":""},"tablet":{"background-color":"var(--ast-global-color-5)","background-image":"","background-repeat":"repeat","background-position":"center center","background-size":"auto","background-attachment":"scroll","background-type":"","background-media":"","overlay-type":"","overlay-color":"","overlay-opacity":"","overlay-gradient":""},"mobile":{"background-color":"var(--ast-global-color-5)","background-image":"","background-repeat":"repeat","background-position":"center center","background-size":"auto","background-attachment":"scroll","background-type":"","background-media":"","overlay-type":"","overlay-color":"","overlay-opacity":"","overlay-gradient":""}}},"pwb-brand":[344],"product_brand":[],"product_cat":[349,333],"product_tag":[],"class_list":{"0":"post-16783","1":"product","2":"type-product","3":"status-publish","4":"has-post-thumbnail","6":"pwb-brand-fronius","7":"product_cat-meters","8":"product_cat-inversores","9":"desktop-align-left","10":"tablet-align-left","11":"mobile-align-left","12":"ast-product-gallery-layout-horizontal-slider","13":"ast-product-gallery-with-no-image","14":"ast-product-tabs-layout-horizontal","16":"first","17":"instock","18":"taxable","19":"shipping-taxable","20":"purchasable","21":"product-type-simple"},"wcpa_form_fields":null,"brands":[{"id":344,"name":"Fronius-Wechselrichter","slug":"fronius"}],"_links":{"self":[{"href":"https:\/\/fvcomponentes.com\/de\/wp-json\/wp\/v2\/product\/16783","targetHints":{"allow":["GET"]}}],"collection":[{"href":"https:\/\/fvcomponentes.com\/de\/wp-json\/wp\/v2\/product"}],"about":[{"href":"https:\/\/fvcomponentes.com\/de\/wp-json\/wp\/v2\/types\/product"}],"replies":[{"embeddable":true,"href":"https:\/\/fvcomponentes.com\/de\/wp-json\/wp\/v2\/comments?post=16783"}],"wp:featuredmedia":[{"embeddable":true,"href":"https:\/\/fvcomponentes.com\/de\/wp-json\/wp\/v2\/media\/16788"}],"wp:attachment":[{"href":"https:\/\/fvcomponentes.com\/de\/wp-json\/wp\/v2\/media?parent=16783"}],"wp:term":[{"taxonomy":"pwb-brand","embeddable":true,"href":"https:\/\/fvcomponentes.com\/de\/wp-json\/wp\/v2\/pwb-brand?post=16783"},{"taxonomy":"product_brand","embeddable":true,"href":"https:\/\/fvcomponentes.com\/de\/wp-json\/wp\/v2\/product_brand?post=16783"},{"taxonomy":"product_cat","embeddable":true,"href":"https:\/\/fvcomponentes.com\/de\/wp-json\/wp\/v2\/product_cat?post=16783"},{"taxonomy":"product_tag","embeddable":true,"href":"https:\/\/fvcomponentes.com\/de\/wp-json\/wp\/v2\/product_tag?post=16783"}],"curies":[{"name":"wp","href":"https:\/\/api.w.org\/{rel}","templated":true}]}}