{"id":16762,"date":"2024-07-22T10:05:34","date_gmt":"2024-07-22T08:05:34","guid":{"rendered":"https:\/\/fvcomponentes.com\/?post_type=product&#038;p=16762"},"modified":"2024-08-09T22:26:35","modified_gmt":"2024-08-09T20:26:35","slug":"router-wireless-4g-tp-link-tl-mr100-300mbps-2-4ghz-2-antennen-wifi-802-11b-g-n-tpl-rou-tl-mr100","status":"publish","type":"product","link":"https:\/\/fvcomponentes.com\/de\/producto\/router-inalambrico-4g-tp-link-tl-mr100-300mbps-2-4ghz-2-antenas-wifi-802-11b-g-n-tpl-rou-tl-mr100\/","title":{"rendered":"4G Drahtlos-Router TP-Link TL-MR100 300Mbps\/ 2.4GHz\/ 2 Antennen\/ WiFi 802.11b\/g\/n - TPL-ROU TL-MR100"},"content":{"rendered":"<h2>TP-Link TL-MR100 300Mbps\/ 2,4GHz\/ 2 Antennen\/ 802.11b\/g\/n WiFi - TPL-ROU TL-MR100 4G Wireless Router Merkmale<\/h2>\n<h2><\/h2>\n<h2>Plug &amp; Play, keine Konfiguration erforderlich<\/h2>\n<p>Mit einem integrierten 4G LTE-Modem und einem eingebauten SIM-Kartensteckplatz. Legen Sie einfach eine Micro-SIM-Karte ein und genie\u00dfen Sie schnelles und stabiles Wi-Fi in einem 4G LTE-Netzwerk.<\/p>\n<h2>Teilen Sie Ihr 4G LTE-Netzwerk<\/h2>\n<ul>\n<li>Holen Sie das Beste aus Ihrem TP-Link TL-MR100 300Mbps\/ 2.4GHz\/ 2 Antennen\/ 802.11b\/g\/n WiFi 4G Wireless Router - TPL-ROU TL-MR100; Downloadgeschwindigkeiten bis zu 150 Mbps.<\/li>\n<li>Teilen Sie das 4G LTE-Netzwerk mit mehreren Wi-Fi-Ger\u00e4ten: bis zu 32 gleichzeitig.<\/li>\n<li>Vollst\u00e4ndig FDD-LTE- und TDD-LTE-kompatibel f\u00fcr den Einsatz bei den meisten Betreibern weltweit.<\/li>\n<li>2 abnehmbare fortschrittliche LTE-Antennen f\u00fcr eine nahtlose Verbindung.<\/li>\n<li>4 LAN-Ports stehen bereit, um Internet f\u00fcr kabelgebundene Ger\u00e4te wie Desktop-Computer bereitzustellen.<\/li>\n<\/ul>\n<h2>TP-Link TL-MR100 300Mbps\/ 2.4GHz\/ 2 Antennen\/ 802.11b\/g\/n WiFi - TPL-ROU TL-MR100 4G Wireless Router Hardware Eigenschaften<\/h2>\n<ul>\n<li>Schnittstelle: 1 x 10 \/ 100Mbps LAN-Anschluss, 1 x 10 \/ 100Mbps LAN \/ WAN-Anschluss,<\/li>\n<li>1 Micro-SIM-Kartensteckplatz<\/li>\n<li>Kn\u00f6pfe: WPS\/Reset-Taste<\/li>\n<li>Externe Stromversorgung (EU): 9V\/0,85A<\/li>\n<li>Abmessungen: 154\u00d7114\u00d736 mm (6,06\u00d74,49\u00d71,42 Zoll)<\/li>\n<li>Antennen: 2 externe abnehmbare 4G LTE-Antennen<\/li>\n<\/ul>\n<h2>Drahtlose Funktionen<\/h2>\n<ul>\n<li>Funkstandards: IEEE 802.11b\/g\/n<\/li>\n<li>Frequenz: 2,4 GHz<\/li>\n<li>Signalrate: 300 Mbps<\/li>\n<li>Empfangsempfindlichkeit: 11g 54M: -74 dBm<\/li>\n<li>11n HT20: -71 dBm<\/li>\n<li>11n HT40: -68 dBm<\/li>\n<li>Sendeleistung: &lt; 20 dBm (2,4 GHz)<\/li>\n<li>Wireless-Funktionen: Aktivieren\/Deaktivieren von Wireless-Funk, Wireless-Programmierung, WMM, Wireless-Statistik<\/li>\n<li>WAN-Ausfallsicherung: Ja<\/li>\n<li>Drahtlose Sicherheit: 64\/128-bit WEP, WPA\/WPA2, WPA-PSK\/WPA2-PSK Verschl\u00fcsselung<\/li>\n<li>Netztyp: 4G: FDD-LTE: B1\/B3\/B5\/B7\/B8\/B20 (2100\/1800\/850\/2600\/900\/800 MHz)<\/li>\n<li>TDD-LTE: B38\/B40\/B41 (2600\/2300\/2500 MHz)<\/li>\n<li>3G: HSPA\/UMTS: B1\/B5\/B8 (2100\/850\/900 MHz)<\/li>\n<\/ul>\n<h2>Merkmale der Software<\/h2>\n<ul>\n<li>Sicherheit: IPv4 SPI-Firewall, Bindung von IP- und MAC-Adressen<\/li>\n<li>Betriebsmodus: 3G \/ 4G-Router, Wireless-Router<\/li>\n<li>WAN-Typ: Dynamische IP \/ Statische IP \/ PPPoE \/ PPTP (dualer Zugang) \/ L2TP (dualer Zugang)<\/li>\n<li>Verwaltung: Lokale Verwaltung, Fernverwaltung<\/li>\n<li>DHCP: DHCP-Server, DHCP-Clientliste, DHCP-Adressreservierung<\/li>\n<li>Portweiterleitung: ALG, virtueller Server, Portaktivierung, UPnP, DMZ<\/li>\n<li>Dynamisches DNS: DynDns, NO-IP<\/li>\n<li>Protokolle: IPv4, IPv6<\/li>\n<li>Gastnetzwerk: 2,4 GHz Gastnetzwerk<\/li>\n<li>Verwaltung: Firmware-Upgrade, Werkseinstellungen, Systemregistrierung, Diagnosetools<\/li>\n<\/ul>\n<h2>Weitere Spezifikationen des TP-Link TL-MR100 300Mbps\/ 2.4GHz\/ 2 Antennen\/ WiFi 802.11b\/g\/n 4G Wireless Router - TPL-ROU TL-MR100<\/h2>\n<ul>\n<li>Zertifizierungen: CE, RoHS<\/li>\n<li>Paketinhalt: 300 Mbps Wireless N 4G LTE TL-MR100<\/li>\n<li>Netzadapter<\/li>\n<li>RJ45-Ethernet-Kabel<\/li>\n<li>Kurzanleitung zur Installation<\/li>\n<li>Voraussetzungen: Microsoft Windows 98SE \/ NT \/ 2000 \/ XP \/ Vista \u2122 \/ 7\/8 \/ 8.1 \/ 10, MAC OS, NetWare, UNIX oder Linux<\/li>\n<li>Internet Explorer 11, Firefox 12.0, Chrome 20.0, Safari 4.0 oder andere<\/li>\n<li>Java-f\u00e4higer Browser<\/li>\n<li>Micro-SIM-Karte<\/li>\n<li>Umweltfaktoren: Betriebstemperatur: 0\u2103~40\u2103 (32\u2109~104\u2109)<\/li>\n<li>Lagertemperatur: -40\u2103~70\u2103 (-40\u2109~158\u2109)<\/li>\n<li>Betriebsluftfeuchtigkeit: 10%~90% ohne Kondensation<\/li>\n<li>Luftfeuchtigkeit bei Lagerung: 5%~90% nicht kondensierend<\/li>\n<\/ul>","protected":false},"excerpt":{"rendered":"<p><span style=\"color: #ff0000;\"><strong>M\u00f6chten Sie Ihre Victron-Installation mit dem Internet verbinden? M\u00f6chten Sie den Cerbo GX mit dem Internet verbinden? Dieser 4G-Router ist Ihre L\u00f6sung.<\/strong><\/span><\/p>\n<p><strong>Mit einer Telefonkarte mit Internettarif k\u00f6nnen Sie Ihre Victron-Anlage mit einem Internetzugang ausstatten und aus der Ferne eine Verbindung herstellen, wann immer Sie wollen.<\/strong><\/p>\n<ul>\n<li>Integriertes 4G-LTE-Modem<\/li>\n<li>Eingebauter SIM-Kartensteckplatz<\/li>\n<li>Frequenz: 2,4 GHz<\/li>\n<li>Signalrate: 300 Mbps<\/li>\n<\/ul>","protected":false},"featured_media":16768,"comment_status":"open","ping_status":"closed","template":"","meta":{"site-sidebar-layout":"default","site-content-layout":"default","ast-site-content-layout":"default","site-content-style":"default","site-sidebar-style":"default","ast-global-header-display":"","ast-banner-title-visibility":"","ast-main-header-display":"","ast-hfb-above-header-display":"","ast-hfb-below-header-display":"","ast-hfb-mobile-header-display":"","site-post-title":"","ast-breadcrumbs-content":"","ast-featured-img":"","footer-sml-layout":"","ast-disable-related-posts":"","theme-transparent-header-meta":"default","adv-header-id-meta":"","stick-header-meta":"","header-above-stick-meta":"","header-main-stick-meta":"","header-below-stick-meta":"","astra-migrate-meta-layouts":"set","ast-page-background-enabled":"default","ast-page-background-meta":{"desktop":{"background-color":"var(--ast-global-color-4)","background-image":"","background-repeat":"repeat","background-position":"center center","background-size":"auto","background-attachment":"scroll","background-type":"","background-media":"","overlay-type":"","overlay-color":"","overlay-opacity":"","overlay-gradient":""},"tablet":{"background-color":"","background-image":"","background-repeat":"repeat","background-position":"center center","background-size":"auto","background-attachment":"scroll","background-type":"","background-media":"","overlay-type":"","overlay-color":"","overlay-opacity":"","overlay-gradient":""},"mobile":{"background-color":"","background-image":"","background-repeat":"repeat","background-position":"center center","background-size":"auto","background-attachment":"scroll","background-type":"","background-media":"","overlay-type":"","overlay-color":"","overlay-opacity":"","overlay-gradient":""}},"ast-content-background-meta":{"desktop":{"background-color":"var(--ast-global-color-5)","background-image":"","background-repeat":"repeat","background-position":"center center","background-size":"auto","background-attachment":"scroll","background-type":"","background-media":"","overlay-type":"","overlay-color":"","overlay-opacity":"","overlay-gradient":""},"tablet":{"background-color":"var(--ast-global-color-5)","background-image":"","background-repeat":"repeat","background-position":"center center","background-size":"auto","background-attachment":"scroll","background-type":"","background-media":"","overlay-type":"","overlay-color":"","overlay-opacity":"","overlay-gradient":""},"mobile":{"background-color":"var(--ast-global-color-5)","background-image":"","background-repeat":"repeat","background-position":"center center","background-size":"auto","background-attachment":"scroll","background-type":"","background-media":"","overlay-type":"","overlay-color":"","overlay-opacity":"","overlay-gradient":""}}},"pwb-brand":[332],"product_brand":[],"product_cat":[333,934],"product_tag":[],"class_list":{"0":"post-16762","1":"product","2":"type-product","3":"status-publish","4":"has-post-thumbnail","6":"pwb-brand-victron","7":"product_cat-inversores","8":"product_cat-monitorizacion","9":"desktop-align-left","10":"tablet-align-left","11":"mobile-align-left","12":"ast-product-gallery-layout-horizontal-slider","13":"ast-product-gallery-with-no-image","14":"ast-product-tabs-layout-horizontal","16":"first","17":"instock","18":"taxable","19":"shipping-taxable","20":"purchasable","21":"product-type-simple"},"wcpa_form_fields":null,"brands":[{"id":332,"name":"Victron Energie","slug":"victron"}],"_links":{"self":[{"href":"https:\/\/fvcomponentes.com\/de\/wp-json\/wp\/v2\/product\/16762","targetHints":{"allow":["GET"]}}],"collection":[{"href":"https:\/\/fvcomponentes.com\/de\/wp-json\/wp\/v2\/product"}],"about":[{"href":"https:\/\/fvcomponentes.com\/de\/wp-json\/wp\/v2\/types\/product"}],"replies":[{"embeddable":true,"href":"https:\/\/fvcomponentes.com\/de\/wp-json\/wp\/v2\/comments?post=16762"}],"wp:featuredmedia":[{"embeddable":true,"href":"https:\/\/fvcomponentes.com\/de\/wp-json\/wp\/v2\/media\/16768"}],"wp:attachment":[{"href":"https:\/\/fvcomponentes.com\/de\/wp-json\/wp\/v2\/media?parent=16762"}],"wp:term":[{"taxonomy":"pwb-brand","embeddable":true,"href":"https:\/\/fvcomponentes.com\/de\/wp-json\/wp\/v2\/pwb-brand?post=16762"},{"taxonomy":"product_brand","embeddable":true,"href":"https:\/\/fvcomponentes.com\/de\/wp-json\/wp\/v2\/product_brand?post=16762"},{"taxonomy":"product_cat","embeddable":true,"href":"https:\/\/fvcomponentes.com\/de\/wp-json\/wp\/v2\/product_cat?post=16762"},{"taxonomy":"product_tag","embeddable":true,"href":"https:\/\/fvcomponentes.com\/de\/wp-json\/wp\/v2\/product_tag?post=16762"}],"curies":[{"name":"wp","href":"https:\/\/api.w.org\/{rel}","templated":true}]}}