{"id":16684,"date":"2024-07-18T11:54:10","date_gmt":"2024-07-18T09:54:10","guid":{"rendered":"https:\/\/fvcomponentes.com\/?post_type=product&#038;p=16684"},"modified":"2025-03-30T18:58:24","modified_gmt":"2025-03-30T16:58:24","slug":"fronius-4kwp-selbstverbrauch-solarkit","status":"publish","type":"product","link":"https:\/\/fvcomponentes.com\/de\/producto\/kit-solar-autoconsumo-4kwp-fronius\/","title":{"rendered":"Fronius Eigenverbrauchs-Solarkit 4kWp"},"content":{"rendered":"<h2>Fronius Eigenverbrauchs-Solarkit 4kWp<\/h2>\n<p>Inhalt des Kits:<\/p>\n<ul>\n<li>1 Fronius Primo Wechselrichter GEN24 Plus 4.0 Hybrid einphasig<\/li>\n<li>8-10 Jinko Solarmodule 590W TIGER-NEO-72HL4-V<\/li>\n<li>1 Fronius Smart Meter TS 100A-1 Einphasiger Energiez\u00e4hler<\/li>\n<li>MC4-Steckverbinder f\u00fcr Solarmodule (1 positiv + 1 negativ)- Koban<\/li>\n<li>30-50 Meter Solar-Photovoltaik-Kabel HIS SOL H1Z2Z2-K - 4mm\u00b2 rot<\/li>\n<li>30-50 Meter Solar-Photovoltaik-Kabel HIS SOL H1Z2Z2-K - 4mm\u00b2 schwarz<\/li>\n<\/ul>","protected":false},"excerpt":{"rendered":"<p>Kit Solar Autoconsumo 4kWp Fronius Contenido del kit: 1 Inversor Fronius Primo GEN24 Plus 4.0 H\u00edbrido Monof\u00e1sico 8-10 Placas Solares Jinko 590W TIGER-NEO-72HL4-V 1 Medidor de energ\u00eda Fronius Smart Meter TS 100A-1 Monof\u00e1sico 4 Conectores MC4 para paneles solares (1 positivo + 1 negativo)- Koban 30-50 metros Cable solar fotovoltaico HIS SOL H1Z2Z2-K &#8211; 4mm\u00b2 [&hellip;]<\/p>\n","protected":false},"featured_media":16754,"comment_status":"open","ping_status":"closed","template":"","meta":{"site-sidebar-layout":"default","site-content-layout":"","ast-site-content-layout":"default","site-content-style":"default","site-sidebar-style":"default","ast-global-header-display":"","ast-banner-title-visibility":"","ast-main-header-display":"","ast-hfb-above-header-display":"","ast-hfb-below-header-display":"","ast-hfb-mobile-header-display":"","site-post-title":"","ast-breadcrumbs-content":"","ast-featured-img":"","footer-sml-layout":"","ast-disable-related-posts":"","theme-transparent-header-meta":"default","adv-header-id-meta":"","stick-header-meta":"","header-above-stick-meta":"","header-main-stick-meta":"","header-below-stick-meta":"","astra-migrate-meta-layouts":"set","ast-page-background-enabled":"default","ast-page-background-meta":{"desktop":{"background-color":"var(--ast-global-color-4)","background-image":"","background-repeat":"repeat","background-position":"center center","background-size":"auto","background-attachment":"scroll","background-type":"","background-media":"","overlay-type":"","overlay-color":"","overlay-opacity":"","overlay-gradient":""},"tablet":{"background-color":"","background-image":"","background-repeat":"repeat","background-position":"center center","background-size":"auto","background-attachment":"scroll","background-type":"","background-media":"","overlay-type":"","overlay-color":"","overlay-opacity":"","overlay-gradient":""},"mobile":{"background-color":"","background-image":"","background-repeat":"repeat","background-position":"center center","background-size":"auto","background-attachment":"scroll","background-type":"","background-media":"","overlay-type":"","overlay-color":"","overlay-opacity":"","overlay-gradient":""}},"ast-content-background-meta":{"desktop":{"background-color":"var(--ast-global-color-5)","background-image":"","background-repeat":"repeat","background-position":"center center","background-size":"auto","background-attachment":"scroll","background-type":"","background-media":"","overlay-type":"","overlay-color":"","overlay-opacity":"","overlay-gradient":""},"tablet":{"background-color":"var(--ast-global-color-5)","background-image":"","background-repeat":"repeat","background-position":"center center","background-size":"auto","background-attachment":"scroll","background-type":"","background-media":"","overlay-type":"","overlay-color":"","overlay-opacity":"","overlay-gradient":""},"mobile":{"background-color":"var(--ast-global-color-5)","background-image":"","background-repeat":"repeat","background-position":"center center","background-size":"auto","background-attachment":"scroll","background-type":"","background-media":"","overlay-type":"","overlay-color":"","overlay-opacity":"","overlay-gradient":""}}},"pwb-brand":[344],"product_brand":[],"product_cat":[464,466],"product_tag":[],"class_list":{"0":"post-16684","1":"product","2":"type-product","3":"status-publish","4":"has-post-thumbnail","6":"pwb-brand-fronius","7":"product_cat-kits-solares","8":"product_cat-kit-solar-autoconsumo","9":"desktop-align-left","10":"tablet-align-left","11":"mobile-align-left","12":"ast-product-gallery-layout-horizontal-slider","13":"ast-product-gallery-with-no-image","14":"ast-product-tabs-layout-horizontal","16":"first","17":"instock","18":"taxable","19":"shipping-taxable","20":"purchasable","21":"product-type-yith_bundle"},"wcpa_form_fields":null,"brands":[{"id":344,"name":"Fronius-Wechselrichter","slug":"fronius"}],"_links":{"self":[{"href":"https:\/\/fvcomponentes.com\/de\/wp-json\/wp\/v2\/product\/16684","targetHints":{"allow":["GET"]}}],"collection":[{"href":"https:\/\/fvcomponentes.com\/de\/wp-json\/wp\/v2\/product"}],"about":[{"href":"https:\/\/fvcomponentes.com\/de\/wp-json\/wp\/v2\/types\/product"}],"replies":[{"embeddable":true,"href":"https:\/\/fvcomponentes.com\/de\/wp-json\/wp\/v2\/comments?post=16684"}],"wp:featuredmedia":[{"embeddable":true,"href":"https:\/\/fvcomponentes.com\/de\/wp-json\/wp\/v2\/media\/16754"}],"wp:attachment":[{"href":"https:\/\/fvcomponentes.com\/de\/wp-json\/wp\/v2\/media?parent=16684"}],"wp:term":[{"taxonomy":"pwb-brand","embeddable":true,"href":"https:\/\/fvcomponentes.com\/de\/wp-json\/wp\/v2\/pwb-brand?post=16684"},{"taxonomy":"product_brand","embeddable":true,"href":"https:\/\/fvcomponentes.com\/de\/wp-json\/wp\/v2\/product_brand?post=16684"},{"taxonomy":"product_cat","embeddable":true,"href":"https:\/\/fvcomponentes.com\/de\/wp-json\/wp\/v2\/product_cat?post=16684"},{"taxonomy":"product_tag","embeddable":true,"href":"https:\/\/fvcomponentes.com\/de\/wp-json\/wp\/v2\/product_tag?post=16684"}],"curies":[{"name":"wp","href":"https:\/\/api.w.org\/{rel}","templated":true}]}}