{"id":16407,"date":"2024-07-12T09:05:33","date_gmt":"2024-07-12T07:05:33","guid":{"rendered":"https:\/\/fvcomponentes.com\/?post_type=product&#038;p=16407"},"modified":"2026-01-15T10:09:31","modified_gmt":"2026-01-15T09:09:31","slug":"beruhrungsbildschirm-victron-gx-touch-70-bundig-fur-den-einbau-bpp900455170","status":"publish","type":"product","link":"https:\/\/fvcomponentes.com\/de\/producto\/pantalla-tactil-victron-gx-touch-70-flush-para-empotrar-bpp900455170\/","title":{"rendered":"Touchscreen Victron GX Touch 70 b\u00fcndig (Unterputz) - BPP900455170"},"content":{"rendered":"<h2>Touchscreen Victron GX Touch 70 b\u00fcndig (Unterputz) - BPP900455170<\/h2>\n<p>Der Sieben-Zoll-Touchscreen, ein Zubeh\u00f6rteil des Cerbo GX, gibt Ihnen einen sofortigen \u00dcberblick \u00fcber das System und erm\u00f6glicht es Ihnen, Parameter im Handumdrehen anzupassen. Schlie\u00dfen Sie den Cerbo GX einfach mit einem Kabel an: Sein ultraflaches, wasserdichtes Design, die hervorragende Montagekonfiguration und die einfache Installation bieten Ihnen gro\u00dfe Flexibilit\u00e4t bei der Gestaltung eines \u00fcbersichtlichen Panels.<\/p>\n<h3 class=\"productDetails__block-title\"><span class=\"productDetails__block-title-content\">Einfache Montage<\/span><\/h3>\n<div class=\"productDetails__block-description\">\n<ul>\n<li>Der GX Touch ist so optimiert, dass er die Anforderungen professioneller Installateure mehr als erf\u00fcllt.<\/li>\n<li>Fl\u00e4chenb\u00fcndiger Einbau.<\/li>\n<li>Der Anschluss erfolgt \u00fcber ein einziges Kabel, ohne dass eine Vielzahl von Kabeln zum Bedienfeld verlegt werden muss.<\/li>\n<\/ul>\n<h3>Touchscreen Victron GX Touch 70 b\u00fcndig - BPP900455170 und Cerbo GX<\/h3>\n<p>Dieses Display ist das Pendant zum <a href=\"https:\/\/fvcomponentes.com\/de\/produkt\/victron-cerbo-gx-mk2-bpp900451100-victron-cerbo-mk2-monitor\/\" target=\"_blank\" rel=\"noopener\">Victron Cerbo GX MK2 \u00dcberwachung - BPP900451100<\/a>Mit dem v\u00f6llig neuen Kommunikationszentrum k\u00f6nnen Sie Ihr System jederzeit und von jedem Ort aus nahtlos steuern und die Leistung Ihres Systems maximieren.<\/p>\n<p>Durch einfaches Verbinden \u00fcber das Victron Remote Management (VRM)-Portal oder durch direkten Zugriff \u00fcber den GX Touch 70 flush, ein Multifunktionsdisplay oder die VictronConnect App, dank seiner Bluetooth-F\u00e4higkeit. Es vereint das Beste an Konnektivit\u00e4t und definiert intelligente Energiel\u00f6sungen in jeder Hinsicht neu.<\/p>\n<\/div>\n<h2>Datenblatt Touchmonitor Victron GX Touch 70 b\u00fcndig - BPP900455170<\/h2>\n<div class=\"productDetails__block-description\">\n<p><a href=\"https:\/\/fvcomponentes.com\/wp-content\/uploads\/2024\/07\/Ficha-tecnica-Monitorizacion-Cerbo-GX-Cerbo-S-GX-y-GX-Touch-Victron.pdf\" target=\"_blank\" rel=\"noopener\">Siehe Datenblatt Victron GX Touch 70 b\u00fcndiger Touchscreen - BPP900455170<\/a><\/p>\n<\/div>","protected":false},"excerpt":{"rendered":"<ul>\n<li>Neue Version des <a href=\"https:\/\/fvcomponentes.com\/de\/produkt\/victron-gx-touch-70-uberwachung-bpp900455070\/\" target=\"_blank\" rel=\"noopener\">Victron GX Touch 70 Anzeige<\/a>f\u00fcr eine <strong>Unterputzmontage<\/strong>.<\/li>\n<li>Das Sieben-Zoll-Touchscreen-Display bietet einen sofortigen \u00dcberblick \u00fcber das System und erm\u00f6glicht die Anpassung der Einstellungen.<\/li>\n<li>Wasserdichtes Design.<\/li>\n<li>Bildschirmaufl\u00f6sung: 1024 x 600.<\/li>\n<\/ul>","protected":false},"featured_media":3302,"comment_status":"open","ping_status":"closed","template":"","meta":{"site-sidebar-layout":"default","site-content-layout":"default","ast-site-content-layout":"default","site-content-style":"default","site-sidebar-style":"default","ast-global-header-display":"","ast-banner-title-visibility":"","ast-main-header-display":"","ast-hfb-above-header-display":"","ast-hfb-below-header-display":"","ast-hfb-mobile-header-display":"","site-post-title":"","ast-breadcrumbs-content":"","ast-featured-img":"","footer-sml-layout":"","ast-disable-related-posts":"","theme-transparent-header-meta":"default","adv-header-id-meta":"","stick-header-meta":"","header-above-stick-meta":"","header-main-stick-meta":"","header-below-stick-meta":"","astra-migrate-meta-layouts":"set","ast-page-background-enabled":"default","ast-page-background-meta":{"desktop":{"background-color":"var(--ast-global-color-4)","background-image":"","background-repeat":"repeat","background-position":"center center","background-size":"auto","background-attachment":"scroll","background-type":"","background-media":"","overlay-type":"","overlay-color":"","overlay-opacity":"","overlay-gradient":""},"tablet":{"background-color":"","background-image":"","background-repeat":"repeat","background-position":"center center","background-size":"auto","background-attachment":"scroll","background-type":"","background-media":"","overlay-type":"","overlay-color":"","overlay-opacity":"","overlay-gradient":""},"mobile":{"background-color":"","background-image":"","background-repeat":"repeat","background-position":"center center","background-size":"auto","background-attachment":"scroll","background-type":"","background-media":"","overlay-type":"","overlay-color":"","overlay-opacity":"","overlay-gradient":""}},"ast-content-background-meta":{"desktop":{"background-color":"var(--ast-global-color-5)","background-image":"","background-repeat":"repeat","background-position":"center center","background-size":"auto","background-attachment":"scroll","background-type":"","background-media":"","overlay-type":"","overlay-color":"","overlay-opacity":"","overlay-gradient":""},"tablet":{"background-color":"var(--ast-global-color-5)","background-image":"","background-repeat":"repeat","background-position":"center center","background-size":"auto","background-attachment":"scroll","background-type":"","background-media":"","overlay-type":"","overlay-color":"","overlay-opacity":"","overlay-gradient":""},"mobile":{"background-color":"var(--ast-global-color-5)","background-image":"","background-repeat":"repeat","background-position":"center center","background-size":"auto","background-attachment":"scroll","background-type":"","background-media":"","overlay-type":"","overlay-color":"","overlay-opacity":"","overlay-gradient":""}}},"pwb-brand":[332],"product_brand":[],"product_cat":[333,934],"product_tag":[],"class_list":{"0":"post-16407","1":"product","2":"type-product","3":"status-publish","4":"has-post-thumbnail","6":"pwb-brand-victron","7":"product_cat-inversores","8":"product_cat-monitorizacion","9":"desktop-align-left","10":"tablet-align-left","11":"mobile-align-left","12":"ast-product-gallery-layout-horizontal-slider","13":"ast-product-tabs-layout-horizontal","15":"first","16":"instock","17":"taxable","18":"shipping-taxable","19":"purchasable","20":"product-type-simple"},"wcpa_form_fields":null,"brands":[{"id":332,"name":"Victron Energie","slug":"victron"}],"_links":{"self":[{"href":"https:\/\/fvcomponentes.com\/de\/wp-json\/wp\/v2\/product\/16407","targetHints":{"allow":["GET"]}}],"collection":[{"href":"https:\/\/fvcomponentes.com\/de\/wp-json\/wp\/v2\/product"}],"about":[{"href":"https:\/\/fvcomponentes.com\/de\/wp-json\/wp\/v2\/types\/product"}],"replies":[{"embeddable":true,"href":"https:\/\/fvcomponentes.com\/de\/wp-json\/wp\/v2\/comments?post=16407"}],"wp:featuredmedia":[{"embeddable":true,"href":"https:\/\/fvcomponentes.com\/de\/wp-json\/wp\/v2\/media\/3302"}],"wp:attachment":[{"href":"https:\/\/fvcomponentes.com\/de\/wp-json\/wp\/v2\/media?parent=16407"}],"wp:term":[{"taxonomy":"pwb-brand","embeddable":true,"href":"https:\/\/fvcomponentes.com\/de\/wp-json\/wp\/v2\/pwb-brand?post=16407"},{"taxonomy":"product_brand","embeddable":true,"href":"https:\/\/fvcomponentes.com\/de\/wp-json\/wp\/v2\/product_brand?post=16407"},{"taxonomy":"product_cat","embeddable":true,"href":"https:\/\/fvcomponentes.com\/de\/wp-json\/wp\/v2\/product_cat?post=16407"},{"taxonomy":"product_tag","embeddable":true,"href":"https:\/\/fvcomponentes.com\/de\/wp-json\/wp\/v2\/product_tag?post=16407"}],"curies":[{"name":"wp","href":"https:\/\/api.w.org\/{rel}","templated":true}]}}