{"id":16395,"date":"2024-07-11T17:25:35","date_gmt":"2024-07-11T15:25:35","guid":{"rendered":"https:\/\/fvcomponentes.com\/?post_type=product&#038;p=16395"},"modified":"2026-01-15T10:08:44","modified_gmt":"2026-01-15T09:08:44","slug":"beruhrungsbildschirm-victron-gx-touch-50-bundig-fur-einbau-bpp900455150","status":"publish","type":"product","link":"https:\/\/fvcomponentes.com\/de\/producto\/pantalla-tactil-victron-gx-touch-50-flush-para-empotrar-bpp900455150\/","title":{"rendered":"Touchscreen Victron GX Touch 50 b\u00fcndig (Unterputzmontage) - BPP900455150"},"content":{"rendered":"<h2><span style=\"color: #000000;\">Touchscreen Victron GX Touch 50 b\u00fcndig (Unterputz) - BPP900455150<\/span><\/h2>\n<p>Der F\u00fcnf-Zoll-Touchscreen, der zum Cerbo GX geh\u00f6rt, gibt Ihnen einen sofortigen \u00dcberblick \u00fcber das System und erm\u00f6glicht es Ihnen, Parameter im Handumdrehen anzupassen. Schlie\u00dfen Sie den Cerbo GX einfach mit einem Kabel an: Sein ultrad\u00fcnnes, wasserdichtes Design, die hervorragende Montagekonfiguration und die einfache Installation bieten Ihnen gro\u00dfe Flexibilit\u00e4t bei der Gestaltung eines \u00fcbersichtlichen Panels.<\/p>\n<h2 class=\"productDetails__block-title\"><span class=\"productDetails__block-title-content\">Einfache Montage<\/span><\/h2>\n<div class=\"productDetails__block-description\">\n<ul>\n<li>Der Victron GX Touch 50 flush - BPP900455150 wurde optimiert, um den Anforderungen professioneller Installateure mehr als gerecht zu werden.<\/li>\n<li>Fl\u00e4chenb\u00fcndiger Einbau.<\/li>\n<li>Der Anschluss erfolgt \u00fcber ein einziges Kabel, ohne dass eine Vielzahl von Kabeln zum Bedienfeld verlegt werden muss.<\/li>\n<\/ul>\n<h2>Touchmonitor Victron GX Touch 50 Unterputzmontage - BPP900455150 und Cerbo GX<\/h2>\n<p>Dieses Display ist das Pendant zum <a href=\"https:\/\/fvcomponentes.com\/de\/produkt\/victron-cerbo-gx-mk2-bpp900451100-victron-cerbo-mk2-monitor\/\" target=\"_blank\" rel=\"noopener\">Victron Cerbo GX MK2 \u00dcberwachung - BPP900451100<\/a>Dieses Display ist das Gegenst\u00fcck zum Cerbo GX, dem v\u00f6llig neuen Kommunikations-Hub, der eine nahtlose Steuerung des Systems jederzeit und von \u00fcberall aus erm\u00f6glicht und die Systemleistung maximiert. Die Verbindung erfolgt einfach \u00fcber das Victron Remote Management (VRM)-Portal oder direkt \u00fcber das GX Touch 50, ein Multifunktionsdisplay oder die VictronConnect App, dank seiner Bluetooth-F\u00e4higkeit. Es vereint das Beste an Konnektivit\u00e4t und definiert intelligente Energiel\u00f6sungen in jeder Hinsicht neu.<\/p>\n<\/div>\n<h2>Datenblatt Victron GX Touch 50 Unterputz - BPP900455150<\/h2>\n<div class=\"productDetails__block-description\">\n<p><a href=\"https:\/\/fvcomponentes.com\/wp-content\/uploads\/2024\/07\/Ficha-tecnica-Monitorizacion-Cerbo-GX-Cerbo-S-GX-y-GX-Touch-Victron.pdf\" target=\"_blank\" rel=\"noopener\">Datenblatt Victron GX Touch 50 Einbau-Monitor anzeigen - BPP900455150<\/a><\/p>\n<\/div>","protected":false},"excerpt":{"rendered":"<p><span style=\"font-size: 16px;\">Neue Version des <\/span><a style=\"font-size: 16px; background-color: #ffffff;\" href=\"https:\/\/fvcomponentes.com\/de\/produkt\/victron-gx-touch-50-uberwachung\/\" target=\"_blank\" rel=\"noopener\">Victron GX Touch 50 Anzeige<\/a><span style=\"font-size: 16px;\">Die Montage erfolgt b\u00fcndig.<\/span><\/p>\n<ul>\n<li>5\u2033-Touchscreen, der einen sofortigen \u00dcberblick \u00fcber das System bietet und Anpassungen an der Konfiguration erm\u00f6glicht.<\/li>\n<li>Wasserdichtes Design.<\/li>\n<li>Bildschirmaufl\u00f6sung: 800 x 400.<\/li>\n<\/ul>","protected":false},"featured_media":16396,"comment_status":"open","ping_status":"closed","template":"","meta":{"site-sidebar-layout":"default","site-content-layout":"default","ast-site-content-layout":"default","site-content-style":"default","site-sidebar-style":"default","ast-global-header-display":"","ast-banner-title-visibility":"","ast-main-header-display":"","ast-hfb-above-header-display":"","ast-hfb-below-header-display":"","ast-hfb-mobile-header-display":"","site-post-title":"","ast-breadcrumbs-content":"","ast-featured-img":"","footer-sml-layout":"","ast-disable-related-posts":"","theme-transparent-header-meta":"default","adv-header-id-meta":"","stick-header-meta":"","header-above-stick-meta":"","header-main-stick-meta":"","header-below-stick-meta":"","astra-migrate-meta-layouts":"set","ast-page-background-enabled":"default","ast-page-background-meta":{"desktop":{"background-color":"var(--ast-global-color-4)","background-image":"","background-repeat":"repeat","background-position":"center center","background-size":"auto","background-attachment":"scroll","background-type":"","background-media":"","overlay-type":"","overlay-color":"","overlay-opacity":"","overlay-gradient":""},"tablet":{"background-color":"","background-image":"","background-repeat":"repeat","background-position":"center center","background-size":"auto","background-attachment":"scroll","background-type":"","background-media":"","overlay-type":"","overlay-color":"","overlay-opacity":"","overlay-gradient":""},"mobile":{"background-color":"","background-image":"","background-repeat":"repeat","background-position":"center center","background-size":"auto","background-attachment":"scroll","background-type":"","background-media":"","overlay-type":"","overlay-color":"","overlay-opacity":"","overlay-gradient":""}},"ast-content-background-meta":{"desktop":{"background-color":"var(--ast-global-color-5)","background-image":"","background-repeat":"repeat","background-position":"center center","background-size":"auto","background-attachment":"scroll","background-type":"","background-media":"","overlay-type":"","overlay-color":"","overlay-opacity":"","overlay-gradient":""},"tablet":{"background-color":"var(--ast-global-color-5)","background-image":"","background-repeat":"repeat","background-position":"center center","background-size":"auto","background-attachment":"scroll","background-type":"","background-media":"","overlay-type":"","overlay-color":"","overlay-opacity":"","overlay-gradient":""},"mobile":{"background-color":"var(--ast-global-color-5)","background-image":"","background-repeat":"repeat","background-position":"center center","background-size":"auto","background-attachment":"scroll","background-type":"","background-media":"","overlay-type":"","overlay-color":"","overlay-opacity":"","overlay-gradient":""}}},"pwb-brand":[332],"product_brand":[],"product_cat":[333,934],"product_tag":[],"class_list":{"0":"post-16395","1":"product","2":"type-product","3":"status-publish","4":"has-post-thumbnail","6":"pwb-brand-victron","7":"product_cat-inversores","8":"product_cat-monitorizacion","9":"desktop-align-left","10":"tablet-align-left","11":"mobile-align-left","12":"ast-product-gallery-layout-horizontal-slider","13":"ast-product-tabs-layout-horizontal","15":"first","16":"instock","17":"taxable","18":"shipping-taxable","19":"purchasable","20":"product-type-simple"},"wcpa_form_fields":null,"brands":[{"id":332,"name":"Victron Energie","slug":"victron"}],"_links":{"self":[{"href":"https:\/\/fvcomponentes.com\/de\/wp-json\/wp\/v2\/product\/16395","targetHints":{"allow":["GET"]}}],"collection":[{"href":"https:\/\/fvcomponentes.com\/de\/wp-json\/wp\/v2\/product"}],"about":[{"href":"https:\/\/fvcomponentes.com\/de\/wp-json\/wp\/v2\/types\/product"}],"replies":[{"embeddable":true,"href":"https:\/\/fvcomponentes.com\/de\/wp-json\/wp\/v2\/comments?post=16395"}],"wp:featuredmedia":[{"embeddable":true,"href":"https:\/\/fvcomponentes.com\/de\/wp-json\/wp\/v2\/media\/16396"}],"wp:attachment":[{"href":"https:\/\/fvcomponentes.com\/de\/wp-json\/wp\/v2\/media?parent=16395"}],"wp:term":[{"taxonomy":"pwb-brand","embeddable":true,"href":"https:\/\/fvcomponentes.com\/de\/wp-json\/wp\/v2\/pwb-brand?post=16395"},{"taxonomy":"product_brand","embeddable":true,"href":"https:\/\/fvcomponentes.com\/de\/wp-json\/wp\/v2\/product_brand?post=16395"},{"taxonomy":"product_cat","embeddable":true,"href":"https:\/\/fvcomponentes.com\/de\/wp-json\/wp\/v2\/product_cat?post=16395"},{"taxonomy":"product_tag","embeddable":true,"href":"https:\/\/fvcomponentes.com\/de\/wp-json\/wp\/v2\/product_tag?post=16395"}],"curies":[{"name":"wp","href":"https:\/\/api.w.org\/{rel}","templated":true}]}}