{"id":16222,"date":"2024-07-06T08:08:37","date_gmt":"2024-07-06T06:08:37","guid":{"rendered":"https:\/\/fvcomponentes.com\/?post_type=product&#038;p=16222"},"modified":"2026-02-16T12:25:42","modified_gmt":"2026-02-16T11:25:42","slug":"solar-kit-wohnmobil-victron-phoenix-800w-orion-30a-platte-140w","status":"publish","type":"product","link":"https:\/\/fvcomponentes.com\/de\/producto\/kit-solar-camper-victron-phoenix-800w-orion-30a-placa-140w\/","title":{"rendered":"Solarcamper-Bausatz Victron Phoenix 800W - Orion 30A - 1x140W"},"content":{"rendered":"<h2>Einf\u00fchrung in das Solar Camper Kit Victron Phoenix 800W - Orion 30A - 1x140W<\/h2>\n<p>Suchen Sie ein komplettes 12-V-Solar-Kit f\u00fcr Wohnmobile? Dann ist dies das Richtige f\u00fcr Sie...<\/p>\n<p>Inhalt des Kits:<\/p>\n<ul>\n<li>Ein Victron Phoenix 12\/800 VE Direct Schuko Inverter, mit dem Sie alle elektrischen Ger\u00e4te in Ihrem Van oder Wohnwagen mit Strom versorgen k\u00f6nnen. Und da es sich um ein Ladeger\u00e4t handelt, k\u00f6nnen Sie es auf dem Campingplatz oder in der Garage anschlie\u00dfen, um die Lithiumbatterie voll aufzuladen.<span style=\"color: #ff0000\">\u00a0<\/span><\/li>\n<li>Ein Victron-Batterieschutz 12\/24V 100A<\/li>\n<li>Ein Victron Orion-Tr Smart 12\/12-30A DC-DC Isolierter DC-DC Wandler zum Laden der Batterie w\u00e4hrend der Fahrt.<\/li>\n<li>Ein Victron BlueSolar 150W-12V monokristallines 4a-Serien-Solarmodul mit dem Victron SmartSolar MPPT 75\/15-Regler, um die Batterie zu laden, wenn Sie mehrere Tage an einem Ort verbringen, ohne den Van oder Wohnwagen zu bewegen.<\/li>\n<li>Sicherungen, die erforderlich sind, um Ihren Bausatz mit allen Garantien zusammenzubauen.<\/li>\n<\/ul>\n<h2>So installieren Sie das Solar Camper Kit Victron Phoenix 800W - Orion 30A - 1x140W<\/h2>\n<p>Wenn Sie wissen m\u00f6chten, wie Sie dieses Solar Camper Kit installieren, lesen Sie diese Blogbeitr\u00e4ge:<\/p>\n<ul>\n<li><a href=\"https:\/\/fvcomponentes.com\/de\/victron-multiplus-schaltplan\/\" target=\"_blank\" rel=\"noopener\">\"Schaltplan Victron Multiplus f\u00fcr Wohnmobil PDF\".<\/a><\/li>\n<li><a href=\"https:\/\/fvcomponentes.com\/de\/elektroinstallation-wohnmobil-wohnwagen\/\" target=\"_blank\" rel=\"noopener\">Wie bekommt man Strom in sein Wohnmobil? Alles \u00fcber die elektrische Installation in einem Wohnmobil<\/a><\/li>\n<\/ul>","protected":false},"excerpt":{"rendered":"<p>Presentamos el Kit Solar Camper Victron Phoenix 800W &#8211; Orion 30A &#8211; 1x140W \u00bfBuscas un kit solar camper 12V con todo incluido? Este es el tuyo&#8230; Contenido del kit: Un Inversor Victron Phoenix 12\/800 VE Direct Schuko con el que podr\u00e1s alimentar cualquier equipo el\u00e9ctrico que tengas en tu furgoneta o caravana. Adem\u00e1s al ser [&hellip;]<\/p>\n","protected":false},"featured_media":17731,"comment_status":"open","ping_status":"closed","template":"","meta":{"site-sidebar-layout":"default","site-content-layout":"","ast-site-content-layout":"default","site-content-style":"default","site-sidebar-style":"default","ast-global-header-display":"","ast-banner-title-visibility":"","ast-main-header-display":"","ast-hfb-above-header-display":"","ast-hfb-below-header-display":"","ast-hfb-mobile-header-display":"","site-post-title":"","ast-breadcrumbs-content":"","ast-featured-img":"","footer-sml-layout":"","ast-disable-related-posts":"","theme-transparent-header-meta":"default","adv-header-id-meta":"","stick-header-meta":"","header-above-stick-meta":"","header-main-stick-meta":"","header-below-stick-meta":"","astra-migrate-meta-layouts":"set","ast-page-background-enabled":"default","ast-page-background-meta":{"desktop":{"background-color":"var(--ast-global-color-4)","background-image":"","background-repeat":"repeat","background-position":"center center","background-size":"auto","background-attachment":"scroll","background-type":"","background-media":"","overlay-type":"","overlay-color":"","overlay-opacity":"","overlay-gradient":""},"tablet":{"background-color":"","background-image":"","background-repeat":"repeat","background-position":"center center","background-size":"auto","background-attachment":"scroll","background-type":"","background-media":"","overlay-type":"","overlay-color":"","overlay-opacity":"","overlay-gradient":""},"mobile":{"background-color":"","background-image":"","background-repeat":"repeat","background-position":"center center","background-size":"auto","background-attachment":"scroll","background-type":"","background-media":"","overlay-type":"","overlay-color":"","overlay-opacity":"","overlay-gradient":""}},"ast-content-background-meta":{"desktop":{"background-color":"var(--ast-global-color-5)","background-image":"","background-repeat":"repeat","background-position":"center center","background-size":"auto","background-attachment":"scroll","background-type":"","background-media":"","overlay-type":"","overlay-color":"","overlay-opacity":"","overlay-gradient":""},"tablet":{"background-color":"var(--ast-global-color-5)","background-image":"","background-repeat":"repeat","background-position":"center center","background-size":"auto","background-attachment":"scroll","background-type":"","background-media":"","overlay-type":"","overlay-color":"","overlay-opacity":"","overlay-gradient":""},"mobile":{"background-color":"var(--ast-global-color-5)","background-image":"","background-repeat":"repeat","background-position":"center center","background-size":"auto","background-attachment":"scroll","background-type":"","background-media":"","overlay-type":"","overlay-color":"","overlay-opacity":"","overlay-gradient":""}}},"pwb-brand":[332],"product_brand":[],"product_cat":[910,928,464],"product_tag":[],"class_list":{"0":"post-16222","1":"product","2":"type-product","3":"status-publish","4":"has-post-thumbnail","6":"pwb-brand-victron","7":"product_cat-kit-solar-camper","8":"product_cat-kit-solar-velero","9":"product_cat-kits-solares","10":"product_shipping_class-paneles","11":"desktop-align-left","12":"tablet-align-left","13":"mobile-align-left","14":"ast-product-gallery-layout-horizontal-slider","15":"ast-product-gallery-with-no-image","16":"ast-product-tabs-layout-horizontal","18":"first","19":"instock","20":"featured","21":"taxable","22":"shipping-taxable","23":"purchasable","24":"product-type-yith_bundle"},"wcpa_form_fields":null,"brands":[{"id":332,"name":"Victron Energie","slug":"victron"}],"_links":{"self":[{"href":"https:\/\/fvcomponentes.com\/de\/wp-json\/wp\/v2\/product\/16222","targetHints":{"allow":["GET"]}}],"collection":[{"href":"https:\/\/fvcomponentes.com\/de\/wp-json\/wp\/v2\/product"}],"about":[{"href":"https:\/\/fvcomponentes.com\/de\/wp-json\/wp\/v2\/types\/product"}],"replies":[{"embeddable":true,"href":"https:\/\/fvcomponentes.com\/de\/wp-json\/wp\/v2\/comments?post=16222"}],"wp:featuredmedia":[{"embeddable":true,"href":"https:\/\/fvcomponentes.com\/de\/wp-json\/wp\/v2\/media\/17731"}],"wp:attachment":[{"href":"https:\/\/fvcomponentes.com\/de\/wp-json\/wp\/v2\/media?parent=16222"}],"wp:term":[{"taxonomy":"pwb-brand","embeddable":true,"href":"https:\/\/fvcomponentes.com\/de\/wp-json\/wp\/v2\/pwb-brand?post=16222"},{"taxonomy":"product_brand","embeddable":true,"href":"https:\/\/fvcomponentes.com\/de\/wp-json\/wp\/v2\/product_brand?post=16222"},{"taxonomy":"product_cat","embeddable":true,"href":"https:\/\/fvcomponentes.com\/de\/wp-json\/wp\/v2\/product_cat?post=16222"},{"taxonomy":"product_tag","embeddable":true,"href":"https:\/\/fvcomponentes.com\/de\/wp-json\/wp\/v2\/product_tag?post=16222"}],"curies":[{"name":"wp","href":"https:\/\/api.w.org\/{rel}","templated":true}]}}