{"id":16074,"date":"2024-07-02T08:01:25","date_gmt":"2024-07-02T06:01:25","guid":{"rendered":"https:\/\/fvcomponentes.com\/?post_type=product&#038;p=16074"},"modified":"2024-11-18T12:58:28","modified_gmt":"2024-11-18T11:58:28","slug":"kuhlschrank-wohnmobil-12v-vitrifrigo-c115i-schwarz-tur-f13280800s","status":"publish","type":"product","link":"https:\/\/fvcomponentes.com\/de\/producto\/nevera-camper-12v-vitrifrigo-c115i-puerta-negra-f13280800s\/","title":{"rendered":"12V Vitrifrigo C115i 115L Camper K\u00fchlschrank mit schwarzer T\u00fcr - F13280800S"},"content":{"rendered":"<h2>12V Vitrifrigo C115i 115L Camper K\u00fchlschrank mit schwarzer T\u00fcr - F13280800S<\/h2>\n<p>12V Vitrifrigo C115i 115L Black Door Camper Cooler - F13280800S mit Airlock-Schlie\u00dfsystem und schwarzer T\u00fcr, perfekt f\u00fcr den Einbau in Vans, Wohnwagen oder Sportboote.<\/p>\n<p>Diese K\u00fchlschrankserie bietet ein komplettes Angebot, das alle Bed\u00fcrfnisse in Bezug auf Platz und Kapazit\u00e4t abdeckt. Ergonomisch, ger\u00e4uscharm, intuitiv und sicher - die K\u00fchlschr\u00e4nke von Vitrifrigo garantieren maximalen Komfort an Bord. Die Ger\u00e4te der Serie \"K\u00fchl- und Gefrierschr\u00e4nke\" sind seit Jahren ein wesentlicher Bestandteil verschiedener Boote und Wohnwagen.<\/p>\n<p>Die Vitrifrigo-K\u00fchlboxen wurden speziell f\u00fcr die Schifffahrt entwickelt, bei der die Stabilit\u00e4t oft beeintr\u00e4chtigt sein kann. Sie erm\u00f6glichen Schr\u00e4glagen und Bewegungen, auch wenn diese noch so schwierig sind, und sind daher ideal f\u00fcr Wohnwagen, Wohnmobile, Wohnwagen, 4\u00d74-Gel\u00e4ndewagen, \u00dcberlandfahrzeuge oder Boote, wobei sie unter den schwierigsten Arbeitsbedingungen stets optimale Leistung und minimalen Verbrauch bieten.<\/p>\n<h2>Geringer Verbrauch, hohe Sicherheit<\/h2>\n<p>Vitrifrigo-K\u00fchlschr\u00e4nke sind mit einer lichtstarken LED-Innenbeleuchtung ausgestattet, die bei minimalem Energieverbrauch den vollen Einblick in den K\u00fchlschrank erm\u00f6glicht.<\/p>\n<p>Alle Vitrifrigo-K\u00fchlschr\u00e4nke sind mit einer intelligenten Batterieschutzfunktion ausgestattet, bei der sie sich abschalten, wenn die Batteriespannung einen niedrigen Wert erreicht, um eine \u00fcberm\u00e4\u00dfige Entladung zu verhindern. Sie schalten sich automatisch wieder ein, wenn die Spannung wieder ansteigt, z. B. wenn eine Ladequelle angeschlossen wird.<\/p>\n<p>Die K\u00fchlung wird durch einen mechanischen Thermostat gesteuert und der Kompressor hat einen geringen Stromverbrauch von nur 31 W (ca. 2,58 A bei einem 12-V-System).<\/p>\n<h2>12V Vitrifrigo C115i 115L Black Door Camper K\u00fchlschrank - F13280800S, Airlock System<\/h2>\n<p>Das neue \"intelligente\" Airlock-Schlie\u00dfsystem bietet 4 umfassende und innovative L\u00f6sungen:<\/p>\n<ul>\n<li>Formschl\u00fcssige T\u00fcrverriegelung gegen ungewolltes \u00d6ffnen.<\/li>\n<li>Einfaches Befestigungsprofil (optional), sowohl f\u00fcr die vollst\u00e4ndig versenkte Version (Innent\u00fcr) als auch f\u00fcr die teilweise versenkte Version (Au\u00dfent\u00fcr).<\/li>\n<li>Integriertes \"Vent Position\"-System, um die K\u00fchlschrankt\u00fcr offen zu halten und so Schimmelbildung und unangenehme Ger\u00fcche w\u00e4hrend der Ruhezeiten zu vermeiden.<\/li>\n<\/ul>\n<h2>12V Vitrifrigo C115i 115L Schwarz T\u00fcr Camper K\u00fchlschrank Camper K\u00fchlschrank Handbuch - F13280800S<\/h2>\n<p><a href=\"https:\/\/fvcomponentes.com\/wp-content\/uploads\/2024\/07\/Manual-nevera-camper-Vitrifrigo.pdf\" target=\"_blank\" rel=\"noopener\">View 12V Vitrifrigo C115i 115L Black Door Camper K\u00fchlschrank 12V - F13280800S manual<\/a><\/p>","protected":false},"excerpt":{"rendered":"<ul>\n<li><strong>Essen:<\/strong> 12\/24Vdc<\/li>\n<li><strong>Gesamtkapazit\u00e4t:<\/strong> 115 l<\/li>\n<li><strong>Fassungsverm\u00f6gen des Gefrierschranks:<\/strong> 17,1 l<\/li>\n<li><strong>Nominaler Verbrauch:<\/strong> 45W<\/li>\n<li>Interne K\u00fchleinheit<\/li>\n<\/ul>","protected":false},"featured_media":16076,"comment_status":"open","ping_status":"closed","template":"","meta":{"site-sidebar-layout":"default","site-content-layout":"","ast-site-content-layout":"default","site-content-style":"default","site-sidebar-style":"default","ast-global-header-display":"","ast-banner-title-visibility":"","ast-main-header-display":"","ast-hfb-above-header-display":"","ast-hfb-below-header-display":"","ast-hfb-mobile-header-display":"","site-post-title":"","ast-breadcrumbs-content":"","ast-featured-img":"","footer-sml-layout":"","ast-disable-related-posts":"","theme-transparent-header-meta":"default","adv-header-id-meta":"","stick-header-meta":"","header-above-stick-meta":"","header-main-stick-meta":"","header-below-stick-meta":"","astra-migrate-meta-layouts":"set","ast-page-background-enabled":"default","ast-page-background-meta":{"desktop":{"background-color":"var(--ast-global-color-4)","background-image":"","background-repeat":"repeat","background-position":"center center","background-size":"auto","background-attachment":"scroll","background-type":"","background-media":"","overlay-type":"","overlay-color":"","overlay-opacity":"","overlay-gradient":""},"tablet":{"background-color":"","background-image":"","background-repeat":"repeat","background-position":"center center","background-size":"auto","background-attachment":"scroll","background-type":"","background-media":"","overlay-type":"","overlay-color":"","overlay-opacity":"","overlay-gradient":""},"mobile":{"background-color":"","background-image":"","background-repeat":"repeat","background-position":"center center","background-size":"auto","background-attachment":"scroll","background-type":"","background-media":"","overlay-type":"","overlay-color":"","overlay-opacity":"","overlay-gradient":""}},"ast-content-background-meta":{"desktop":{"background-color":"var(--ast-global-color-5)","background-image":"","background-repeat":"repeat","background-position":"center center","background-size":"auto","background-attachment":"scroll","background-type":"","background-media":"","overlay-type":"","overlay-color":"","overlay-opacity":"","overlay-gradient":""},"tablet":{"background-color":"var(--ast-global-color-5)","background-image":"","background-repeat":"repeat","background-position":"center center","background-size":"auto","background-attachment":"scroll","background-type":"","background-media":"","overlay-type":"","overlay-color":"","overlay-opacity":"","overlay-gradient":""},"mobile":{"background-color":"var(--ast-global-color-5)","background-image":"","background-repeat":"repeat","background-position":"center center","background-size":"auto","background-attachment":"scroll","background-type":"","background-media":"","overlay-type":"","overlay-color":"","overlay-opacity":"","overlay-gradient":""}}},"pwb-brand":[927],"product_brand":[],"product_cat":[912],"product_tag":[],"class_list":{"0":"post-16074","1":"product","2":"type-product","3":"status-publish","4":"has-post-thumbnail","6":"pwb-brand-vitrifrigo","7":"product_cat-neveras-camper","8":"desktop-align-left","9":"tablet-align-left","10":"mobile-align-left","11":"ast-product-gallery-layout-horizontal-slider","12":"ast-product-tabs-layout-horizontal","14":"first","15":"instock","16":"taxable","17":"shipping-taxable","18":"purchasable","19":"product-type-simple"},"wcpa_form_fields":null,"brands":[{"id":927,"name":"Vitrifrigo K\u00fchlschr\u00e4nke","slug":"vitrifrigo"}],"_links":{"self":[{"href":"https:\/\/fvcomponentes.com\/de\/wp-json\/wp\/v2\/product\/16074","targetHints":{"allow":["GET"]}}],"collection":[{"href":"https:\/\/fvcomponentes.com\/de\/wp-json\/wp\/v2\/product"}],"about":[{"href":"https:\/\/fvcomponentes.com\/de\/wp-json\/wp\/v2\/types\/product"}],"replies":[{"embeddable":true,"href":"https:\/\/fvcomponentes.com\/de\/wp-json\/wp\/v2\/comments?post=16074"}],"wp:featuredmedia":[{"embeddable":true,"href":"https:\/\/fvcomponentes.com\/de\/wp-json\/wp\/v2\/media\/16076"}],"wp:attachment":[{"href":"https:\/\/fvcomponentes.com\/de\/wp-json\/wp\/v2\/media?parent=16074"}],"wp:term":[{"taxonomy":"pwb-brand","embeddable":true,"href":"https:\/\/fvcomponentes.com\/de\/wp-json\/wp\/v2\/pwb-brand?post=16074"},{"taxonomy":"product_brand","embeddable":true,"href":"https:\/\/fvcomponentes.com\/de\/wp-json\/wp\/v2\/product_brand?post=16074"},{"taxonomy":"product_cat","embeddable":true,"href":"https:\/\/fvcomponentes.com\/de\/wp-json\/wp\/v2\/product_cat?post=16074"},{"taxonomy":"product_tag","embeddable":true,"href":"https:\/\/fvcomponentes.com\/de\/wp-json\/wp\/v2\/product_tag?post=16074"}],"curies":[{"name":"wp","href":"https:\/\/api.w.org\/{rel}","templated":true}]}}