{"id":15940,"date":"2024-06-28T11:06:01","date_gmt":"2024-06-28T09:06:01","guid":{"rendered":"https:\/\/fvcomponentes.com\/?post_type=product&#038;p=15940"},"modified":"2026-01-15T10:04:46","modified_gmt":"2026-01-15T09:04:46","slug":"sammelschiene-6p-1500a-victron-sammelschiene-fur-victron-modularer-sicherungshalter-fur-mega-sicherung-cip100400070","status":"publish","type":"product","link":"https:\/\/fvcomponentes.com\/de\/producto\/busbar-6p-1500a-victron-para-portafusibles-modular-victron-para-mega-fuse-cip100400070\/","title":{"rendered":"Sammelschiene 6P 1500A Victron f\u00fcr Victron Modularer Sicherungshalter f\u00fcr Mega-Sicherung - CIP100400070"},"content":{"rendered":"<h2>Eigenschaften der Victron 6P 1500A Stromschiene f\u00fcr Victron Modular Sicherungshalter f\u00fcr Mega Fuse - CIP100400070<\/h2>\n<p>F\u00fcr bis zu 6 Einheiten des <a href=\"https:\/\/fvcomponentes.com\/de\/produkt\/victron-modularer-sicherungshalter-fur-mega-sicherung-cip100200100\/\" target=\"_blank\" rel=\"noopener\">Victron Modulare Sicherungshalterung f\u00fcr Mega-Sicherung - CIP100200100<\/a><\/p>\n<p>Sechsfache Hochstromsammelschiene (1500 A):<\/p>\n<ul>\n<li>Mit zwei M10-Anschl\u00fcssen.<\/li>\n<li>Eingangsstrom bis zu 1500 A.<\/li>\n<li>Empfohlen f\u00fcr die Parallelschaltung mehrerer leistungsstarker Multi oder Quattro Wechselrichter\/Ladeger\u00e4te.<\/li>\n<\/ul>\n<p><img fetchpriority=\"high\" decoding=\"async\" class=\"wp-image-16295\" src=\"https:\/\/fvcomponentes.com\/wp-content\/uploads\/2024\/07\/Busbar-6P-1500A-Victron-para-Portafusibles-Modular-Victron-para-Mega-Fuse-CIP100400070.png\" alt=\"Stromschiene 6P 1500A Victron f\u00fcr Victron Modularer Sicherungshalter f\u00fcr Mega-Sicherung - CIP100400070 (Schaltplan)\" width=\"652\" height=\"239\" title=\"\"><\/p>\n<h2>Datenblatt 6P 1500A Victron Stromschiene f\u00fcr Victron Modularer Sicherungshalter f\u00fcr Mega-Sicherung - CIP100400070<\/h2>\n<p><a href=\"https:\/\/fvcomponentes.com\/wp-content\/uploads\/2024\/07\/Ficha-tecnica-Portafusibles-Modular-Victron-para-Mega-Fuse.pdf\" target=\"_blank\" rel=\"noopener\">Datenblatt 6P 1500A Victron Stromschiene f\u00fcr Victron Modularer Sicherungshalter f\u00fcr Mega-Sicherung - CIP100400070<\/a><\/p>","protected":false},"excerpt":{"rendered":"<ul>\n<li>Sechsfache Hochstromsammelschiene (1500 A).<\/li>\n<li>Mit zwei M10-Anschl\u00fcssen.<\/li>\n<\/ul>","protected":false},"featured_media":15941,"comment_status":"open","ping_status":"closed","template":"","meta":{"site-sidebar-layout":"default","site-content-layout":"default","ast-site-content-layout":"default","site-content-style":"default","site-sidebar-style":"default","ast-global-header-display":"","ast-banner-title-visibility":"","ast-main-header-display":"","ast-hfb-above-header-display":"","ast-hfb-below-header-display":"","ast-hfb-mobile-header-display":"","site-post-title":"","ast-breadcrumbs-content":"","ast-featured-img":"","footer-sml-layout":"","ast-disable-related-posts":"","theme-transparent-header-meta":"default","adv-header-id-meta":"","stick-header-meta":"","header-above-stick-meta":"","header-main-stick-meta":"","header-below-stick-meta":"","astra-migrate-meta-layouts":"set","ast-page-background-enabled":"default","ast-page-background-meta":{"desktop":{"background-color":"var(--ast-global-color-4)","background-image":"","background-repeat":"repeat","background-position":"center center","background-size":"auto","background-attachment":"scroll","background-type":"","background-media":"","overlay-type":"","overlay-color":"","overlay-opacity":"","overlay-gradient":""},"tablet":{"background-color":"","background-image":"","background-repeat":"repeat","background-position":"center center","background-size":"auto","background-attachment":"scroll","background-type":"","background-media":"","overlay-type":"","overlay-color":"","overlay-opacity":"","overlay-gradient":""},"mobile":{"background-color":"","background-image":"","background-repeat":"repeat","background-position":"center center","background-size":"auto","background-attachment":"scroll","background-type":"","background-media":"","overlay-type":"","overlay-color":"","overlay-opacity":"","overlay-gradient":""}},"ast-content-background-meta":{"desktop":{"background-color":"var(--ast-global-color-5)","background-image":"","background-repeat":"repeat","background-position":"center center","background-size":"auto","background-attachment":"scroll","background-type":"","background-media":"","overlay-type":"","overlay-color":"","overlay-opacity":"","overlay-gradient":""},"tablet":{"background-color":"var(--ast-global-color-5)","background-image":"","background-repeat":"repeat","background-position":"center center","background-size":"auto","background-attachment":"scroll","background-type":"","background-media":"","overlay-type":"","overlay-color":"","overlay-opacity":"","overlay-gradient":""},"mobile":{"background-color":"var(--ast-global-color-5)","background-image":"","background-repeat":"repeat","background-position":"center center","background-size":"auto","background-attachment":"scroll","background-type":"","background-media":"","overlay-type":"","overlay-color":"","overlay-opacity":"","overlay-gradient":""}}},"pwb-brand":[332],"product_brand":[],"product_cat":[410,988],"product_tag":[],"class_list":{"0":"post-15940","1":"product","2":"type-product","3":"status-publish","4":"has-post-thumbnail","6":"pwb-brand-victron","7":"product_cat-material-electrico","8":"product_cat-portafusibles","9":"desktop-align-left","10":"tablet-align-left","11":"mobile-align-left","12":"ast-product-gallery-layout-horizontal-slider","13":"ast-product-gallery-with-no-image","14":"ast-product-tabs-layout-horizontal","16":"first","17":"instock","18":"taxable","19":"shipping-taxable","20":"purchasable","21":"product-type-simple"},"wcpa_form_fields":null,"brands":[{"id":332,"name":"Victron Energie","slug":"victron"}],"_links":{"self":[{"href":"https:\/\/fvcomponentes.com\/de\/wp-json\/wp\/v2\/product\/15940","targetHints":{"allow":["GET"]}}],"collection":[{"href":"https:\/\/fvcomponentes.com\/de\/wp-json\/wp\/v2\/product"}],"about":[{"href":"https:\/\/fvcomponentes.com\/de\/wp-json\/wp\/v2\/types\/product"}],"replies":[{"embeddable":true,"href":"https:\/\/fvcomponentes.com\/de\/wp-json\/wp\/v2\/comments?post=15940"}],"wp:featuredmedia":[{"embeddable":true,"href":"https:\/\/fvcomponentes.com\/de\/wp-json\/wp\/v2\/media\/15941"}],"wp:attachment":[{"href":"https:\/\/fvcomponentes.com\/de\/wp-json\/wp\/v2\/media?parent=15940"}],"wp:term":[{"taxonomy":"pwb-brand","embeddable":true,"href":"https:\/\/fvcomponentes.com\/de\/wp-json\/wp\/v2\/pwb-brand?post=15940"},{"taxonomy":"product_brand","embeddable":true,"href":"https:\/\/fvcomponentes.com\/de\/wp-json\/wp\/v2\/product_brand?post=15940"},{"taxonomy":"product_cat","embeddable":true,"href":"https:\/\/fvcomponentes.com\/de\/wp-json\/wp\/v2\/product_cat?post=15940"},{"taxonomy":"product_tag","embeddable":true,"href":"https:\/\/fvcomponentes.com\/de\/wp-json\/wp\/v2\/product_tag?post=15940"}],"curies":[{"name":"wp","href":"https:\/\/api.w.org\/{rel}","templated":true}]}}