{"id":15923,"date":"2024-06-28T10:20:16","date_gmt":"2024-06-28T08:20:16","guid":{"rendered":"https:\/\/fvcomponentes.com\/?post_type=product&#038;p=15923"},"modified":"2026-01-15T10:09:21","modified_gmt":"2026-01-15T09:09:21","slug":"victron-12v-106ah-blei-kohle-m8-batterie-bat612110081","status":"publish","type":"product","link":"https:\/\/fvcomponentes.com\/de\/producto\/bateria-victron-12v-106ah-plomo-carbono-m8-bat612110081\/","title":{"rendered":"Victron Batterie 12V\/106Ah Blei-Kohle (M8) - BAT612110081"},"content":{"rendered":"<h2>Eigenschaften der Victron 12V\/106Ah Blei-Kohle-Batterie (M8) - BAT612110081<\/h2>\n<h2>Versagensarten von Blei-S\u00e4ure-Flachplatten-VRLA-Batterien bei einer hohen Anzahl von Zyklen<\/h2>\n<p>Die h\u00e4ufigsten Fehlerarten sind:<br \/>\n- Abbl\u00e4ttern oder Aufweichen des aktiven Materials. Beim Entladen wird Bleioxid (PbO2) auf der positiven Platte in Bleisulfat (PbSO4) umgewandelt, das beim Laden wieder in Bleioxid umgewandelt wird. H\u00e4ufige Zyklen verringern den Zusammenhalt des positiven Plattenmaterials, da mehr Bleisulfat als Bleioxid vorhanden ist.<br \/>\n- Korrosion des positiven Plattengitters. Diese Korrosionsreaktion wird am Ende des Ladevorgangs durch die notwendige Anwesenheit von Schwefels\u00e4ure beschleunigt.<br \/>\n- Sulfatierung des aktiven Materials der negativen Platte. Bei der Entladung wird auch das Blei (Pb) auf der negativen Platte in Bleisulfat (PbSO4) umgewandelt. Bei niedrigem Ladezustand wachsen und verh\u00e4rten die Bleisulfatkristalle auf der negativen Platte und bilden eine undurchdringliche Schicht, die nicht wieder in aktives Material umgewandelt werden kann. Die Folge ist, dass die Kapazit\u00e4t allm\u00e4hlich abnimmt, bis die Batterie nicht mehr brauchbar ist.<\/p>\n<h2>Das Aufladen einer Blei-S\u00e4ure-Batterie dauert ziemlich lange.<\/h2>\n<p>Idealerweise sollte eine Blei-S\u00e4ure-Batterie mit einer Rate von nicht mehr als 0,2 C geladen werden, und nach der anf\u00e4nglichen Ladephase w\u00fcrde es eine Absorptionsladephase von acht Stunden geben. Eine Erh\u00f6hung des Ladestroms und der Ladespannung w\u00fcrde die Ladezeit verk\u00fcrzen, allerdings auf Kosten einer verk\u00fcrzten Lebensdauer der Batterie aufgrund der erh\u00f6hten Temperatur und einer schnelleren Korrosion der positiven Platte aufgrund der h\u00f6heren Ladespannung.<\/p>\n<h2>Blei und Kohlenstoff: bessere Leistung bei teilweisem Ladezustand, mehr Zyklen und h\u00f6here Effizienz<\/h2>\n<p>Das Ersetzen des aktiven Materials der negativen Platte durch einen Blei-Kohlenstoff-Verbundstoff kann die Sulfatierung verringern und die Ladungsaufnahme der negativen Platte verbessern.<br \/>\nDie Vorteile der Victron 12V\/106Ah Blei-Kohle-Batterie (M8) - BAT612110081 sind daher:<br \/>\n- Geringere Sulfatierung bei Teillastbetrieb.<br \/>\n- Niedrigere Ladespannung und damit h\u00f6herer Wirkungsgrad und weniger Korrosion der positiven Platte.<br \/>\n- Und das Gesamtergebnis ist eine h\u00f6here Anzahl von Zyklen.<\/p>\n<p>Tests haben gezeigt, dass unsere Blei-Kohle-Batterien mindestens f\u00fcnfhundert Zyklen mit einer Entladetiefe (DoD) von 100% standhalten. Diese Tests bestehen aus einer t\u00e4glichen Entladung bei 10,8 V mit I = 0,2 C\u2082\u2080, gefolgt von einer etwa zweist\u00fcndigen Bereitschaft im entladenen Zustand und einem anschlie\u00dfenden Wiederaufladen mit I = 0,2 C\u2082\u2080. (Einige Hersteller von Blei-Kohle-Batterien behaupten, dass sie bis zu 2000 Zyklen mit einer DoD von 90% aushalten. Wir haben diese Behauptung noch nicht best\u00e4tigen k\u00f6nnen.)<\/p>\n<h3>Datenblatt Victron Batterie 12V\/106Ah Blei-Kohle (M8) - BAT612110081<\/h3>\n<p><a href=\"https:\/\/fvcomponentes.com\/wp-content\/uploads\/2024\/06\/Ficha-tecnica-bateria-plomo-carbono-Victron.pdf\" target=\"_blank\" rel=\"noopener\">Siehe Datenblatt der Victron 12V\/106Ah Blei-Kohle-Batterie (M8) - BAT612110081<\/a><\/p>","protected":false},"excerpt":{"rendered":"<ul>\n<li><strong>Anspannung:<\/strong>\u00a012V<\/li>\n<li><strong>Nennkapazit\u00e4t:<\/strong> 106Ah<\/li>\n<li><strong>Terminals:<\/strong> Einsatz M8<\/li>\n<li><strong>Zyklen<\/strong>:\n<ul>\n<li>\u2265 500 Zyklen bei einer DoD des 100%<\/li>\n<li>\u2265 1000 Zyklen bei einer DoD des 60%<\/li>\n<li>\u2265 1400 Zyklen bei einer DoD von 40%<\/li>\n<\/ul>\n<\/li>\n<\/ul>","protected":false},"featured_media":15926,"comment_status":"open","ping_status":"closed","template":"","meta":{"site-sidebar-layout":"default","site-content-layout":"","ast-site-content-layout":"default","site-content-style":"default","site-sidebar-style":"default","ast-global-header-display":"","ast-banner-title-visibility":"","ast-main-header-display":"","ast-hfb-above-header-display":"","ast-hfb-below-header-display":"","ast-hfb-mobile-header-display":"","site-post-title":"","ast-breadcrumbs-content":"","ast-featured-img":"","footer-sml-layout":"","ast-disable-related-posts":"","theme-transparent-header-meta":"default","adv-header-id-meta":"","stick-header-meta":"","header-above-stick-meta":"","header-main-stick-meta":"","header-below-stick-meta":"","astra-migrate-meta-layouts":"set","ast-page-background-enabled":"default","ast-page-background-meta":{"desktop":{"background-color":"var(--ast-global-color-4)","background-image":"","background-repeat":"repeat","background-position":"center center","background-size":"auto","background-attachment":"scroll","background-type":"","background-media":"","overlay-type":"","overlay-color":"","overlay-opacity":"","overlay-gradient":""},"tablet":{"background-color":"","background-image":"","background-repeat":"repeat","background-position":"center center","background-size":"auto","background-attachment":"scroll","background-type":"","background-media":"","overlay-type":"","overlay-color":"","overlay-opacity":"","overlay-gradient":""},"mobile":{"background-color":"","background-image":"","background-repeat":"repeat","background-position":"center center","background-size":"auto","background-attachment":"scroll","background-type":"","background-media":"","overlay-type":"","overlay-color":"","overlay-opacity":"","overlay-gradient":""}},"ast-content-background-meta":{"desktop":{"background-color":"var(--ast-global-color-5)","background-image":"","background-repeat":"repeat","background-position":"center center","background-size":"auto","background-attachment":"scroll","background-type":"","background-media":"","overlay-type":"","overlay-color":"","overlay-opacity":"","overlay-gradient":""},"tablet":{"background-color":"var(--ast-global-color-5)","background-image":"","background-repeat":"repeat","background-position":"center center","background-size":"auto","background-attachment":"scroll","background-type":"","background-media":"","overlay-type":"","overlay-color":"","overlay-opacity":"","overlay-gradient":""},"mobile":{"background-color":"var(--ast-global-color-5)","background-image":"","background-repeat":"repeat","background-position":"center center","background-size":"auto","background-attachment":"scroll","background-type":"","background-media":"","overlay-type":"","overlay-color":"","overlay-opacity":"","overlay-gradient":""}}},"pwb-brand":[332],"product_brand":[],"product_cat":[340,969],"product_tag":[],"class_list":{"0":"post-15923","1":"product","2":"type-product","3":"status-publish","4":"has-post-thumbnail","6":"pwb-brand-victron","7":"product_cat-baterias","8":"product_cat-baterias-carbono","9":"desktop-align-left","10":"tablet-align-left","11":"mobile-align-left","12":"ast-product-gallery-layout-horizontal-slider","13":"ast-product-tabs-layout-horizontal","15":"first","16":"instock","17":"taxable","18":"shipping-taxable","19":"purchasable","20":"product-type-simple"},"wcpa_form_fields":null,"brands":[{"id":332,"name":"Victron Energie","slug":"victron"}],"_links":{"self":[{"href":"https:\/\/fvcomponentes.com\/de\/wp-json\/wp\/v2\/product\/15923","targetHints":{"allow":["GET"]}}],"collection":[{"href":"https:\/\/fvcomponentes.com\/de\/wp-json\/wp\/v2\/product"}],"about":[{"href":"https:\/\/fvcomponentes.com\/de\/wp-json\/wp\/v2\/types\/product"}],"replies":[{"embeddable":true,"href":"https:\/\/fvcomponentes.com\/de\/wp-json\/wp\/v2\/comments?post=15923"}],"wp:featuredmedia":[{"embeddable":true,"href":"https:\/\/fvcomponentes.com\/de\/wp-json\/wp\/v2\/media\/15926"}],"wp:attachment":[{"href":"https:\/\/fvcomponentes.com\/de\/wp-json\/wp\/v2\/media?parent=15923"}],"wp:term":[{"taxonomy":"pwb-brand","embeddable":true,"href":"https:\/\/fvcomponentes.com\/de\/wp-json\/wp\/v2\/pwb-brand?post=15923"},{"taxonomy":"product_brand","embeddable":true,"href":"https:\/\/fvcomponentes.com\/de\/wp-json\/wp\/v2\/product_brand?post=15923"},{"taxonomy":"product_cat","embeddable":true,"href":"https:\/\/fvcomponentes.com\/de\/wp-json\/wp\/v2\/product_cat?post=15923"},{"taxonomy":"product_tag","embeddable":true,"href":"https:\/\/fvcomponentes.com\/de\/wp-json\/wp\/v2\/product_tag?post=15923"}],"curies":[{"name":"wp","href":"https:\/\/api.w.org\/{rel}","templated":true}]}}