{"id":15906,"date":"2024-06-28T09:48:56","date_gmt":"2024-06-28T07:48:56","guid":{"rendered":"https:\/\/fvcomponentes.com\/?post_type=product&#038;p=15906"},"modified":"2026-04-04T12:49:14","modified_gmt":"2026-04-04T10:49:14","slug":"victron-12v-110ah-gel-tiefzyklus-batterie-bat412101104","status":"publish","type":"product","link":"https:\/\/fvcomponentes.com\/de\/producto\/bateria-victron-12v-110ah-gel-deep-cycle-bat412101104\/","title":{"rendered":"Victron 12V\/110Ah GEL Deep Cycle Batterie - BAT412101104"},"content":{"rendered":"<h2>Victron 12V\/110Ah GEL Deep Cycle Batterie - BAT412101104<\/h2>\n<p>Die GEL-Baureihe, zu der die Victron 12V\/265Ah GEL Deep Cycle Battery - BAT412126101 geh\u00f6rt, bietet die beste Tiefzyklusbest\u00e4ndigkeit und die l\u00e4ngste Lebensdauer. Aufgrund der Verwendung von hochreinen Materialien und Blei-Kalzium-Gittern haben GEL-Batterien eine sehr geringe Selbstentladung, was lange Lagerzeiten ohne Aufladung erm\u00f6glicht. Diese Produktreihe verf\u00fcgt \u00fcber flache Kupferklemmen mit M8-Bolzen, die einen optimalen Kontakt gew\u00e4hrleisten und den Einsatz von Batterieklemmen \u00fcberfl\u00fcssig machen. Die Batterien sind CE- und UL-konform, ihre Beh\u00e4lter bestehen aus feuerfestem ABS und werden mit einer Garantie von<\/p>\n<h2>VRLA-Technologie<\/h2>\n<p>VRLA steht f\u00fcr Valve Regulated Lead Acid (ventilgeregelte Bleis\u00e4ure), was bedeutet, dass die Batterie hermetisch verschlossen ist. Nur im Falle einer \u00dcberladung oder eines Komponentenausfalls tritt an den Sicherheitsventilen Gas aus.\r\nVRLA-Batterien m\u00fcssen nicht gewartet werden.<\/p>\n<h2>Wasserdichte Gel-Batterien (VRLA)<\/h2>\n<p>Bei diesem Batterietyp ist der Elektrolyt in Form eines Gels immobilisiert. Gel-Batterien haben im Allgemeinen eine l\u00e4ngere Lebensdauer und eine bessere Zykluskapazit\u00e4t als AGM-Batterien.<\/p>\n<h2>Victron 12V\/110Ah GEL Deep Cycle Batterie - BAT412101104: Geringe Selbstentladung<\/h2>\n<p>Dank der Verwendung von Blei-Calcium-Gittern und hochreinen Materialien k\u00f6nnen Victron VRLA-Batterien \u00fcber einen langen Zeitraum gelagert werden, ohne dass sie wieder aufgeladen werden m\u00fcssen. Die Selbstentladungsrate betr\u00e4gt weniger als 2% pro Monat bei 20\u00b0C. Die Selbstentladungsrate verdoppelt sich bei jedem Temperaturanstieg um 10\u00b0C. In einer k\u00fchlen Umgebung k\u00f6nnen Victron VRLA-Batterien ein Jahr lang gelagert werden, ohne dass sie wieder aufgeladen werden m\u00fcssen.<\/p>\n<h2>Au\u00dfergew\u00f6hnliche Erholung nach tiefer Entlassung<\/h2>\n<p>Victron VRLA-Batterien haben eine herausragende F\u00e4higkeit, sich auch nach einer tiefen oder l\u00e4ngeren Entladung zu erholen. Es muss jedoch betont werden, dass h\u00e4ufige Tief- oder Dauerentladungen einen sehr negativen Einfluss auf die Lebensdauer von Blei-S\u00e4ure-Batterien haben, und Victron-Batterien bilden da keine Ausnahme.<\/p>\n<h2>Entladeeigenschaften der Victron 12V\/110Ah GEL Deep Cycle Batterie - BAT412101104<\/h2>\n<ul>\n<li>Die Nennkapazit\u00e4ten der Victron-Batterien werden f\u00fcr eine Entladung von 20 Stunden angegeben, d.h. f\u00fcr einen Entladestrom von 0,05C.<\/li>\n<li>Die tats\u00e4chliche Kapazit\u00e4t nimmt bei schnelleren Entladungen mit h\u00f6heren Str\u00f6men ab.<\/li>\n<li>Bei Ger\u00e4ten mit konstanter Leistung, wie z. B. Wechselrichtern, wird der Kapazit\u00e4tsabbau noch schneller erfolgen.<\/li>\n<li>Aufgrund ihrer Bauweise haben Gel-Batterien eine geringere tats\u00e4chliche Kapazit\u00e4t bei hohem Strom. Im Gegensatz dazu haben Gel-Batterien eine bessere Schwimm- und Zyklenfestigkeit.<\/li>\n<\/ul>\n<h2>Datenblatt Victron Batterie 12V\/110Ah GEL Deep Cycle - BAT412101104<\/h2>\n<p><a href=\"https:\/\/fvcomponentes.com\/wp-content\/uploads\/2023\/08\/Datasheet-GEL-and-AGM-Batteries-ES.pdf\" target=\"_blank\" rel=\"noopener\">Victron 12V\/110Ah GEL Deep Cycle Batterie Datenblatt ansehen - BAT412101104<\/a><\/p>","protected":false},"excerpt":{"rendered":"<ul>\n<li><strong>Anspannung:<\/strong>\u00a012V<\/li>\n<li><strong>Nennkapazit\u00e4t:<\/strong> 110Ah (C20)<\/li>\n<li><strong>Zyklen:<\/strong> 500 bis 80 % Entladung, 750 bis 50 % Entladung, 1800 bis 30 % Entladung.<\/li>\n<li><strong>Lebenszeit:<\/strong> 12 Jahre<\/li>\n<\/ul>","protected":false},"featured_media":15907,"comment_status":"open","ping_status":"closed","template":"","meta":{"site-sidebar-layout":"default","site-content-layout":"","ast-site-content-layout":"default","site-content-style":"default","site-sidebar-style":"default","ast-global-header-display":"","ast-banner-title-visibility":"","ast-main-header-display":"","ast-hfb-above-header-display":"","ast-hfb-below-header-display":"","ast-hfb-mobile-header-display":"","site-post-title":"","ast-breadcrumbs-content":"","ast-featured-img":"","footer-sml-layout":"","ast-disable-related-posts":"","theme-transparent-header-meta":"default","adv-header-id-meta":"","stick-header-meta":"","header-above-stick-meta":"","header-main-stick-meta":"","header-below-stick-meta":"","astra-migrate-meta-layouts":"set","ast-page-background-enabled":"default","ast-page-background-meta":{"desktop":{"background-color":"var(--ast-global-color-4)","background-image":"","background-repeat":"repeat","background-position":"center center","background-size":"auto","background-attachment":"scroll","background-type":"","background-media":"","overlay-type":"","overlay-color":"","overlay-opacity":"","overlay-gradient":""},"tablet":{"background-color":"","background-image":"","background-repeat":"repeat","background-position":"center center","background-size":"auto","background-attachment":"scroll","background-type":"","background-media":"","overlay-type":"","overlay-color":"","overlay-opacity":"","overlay-gradient":""},"mobile":{"background-color":"","background-image":"","background-repeat":"repeat","background-position":"center center","background-size":"auto","background-attachment":"scroll","background-type":"","background-media":"","overlay-type":"","overlay-color":"","overlay-opacity":"","overlay-gradient":""}},"ast-content-background-meta":{"desktop":{"background-color":"var(--ast-global-color-5)","background-image":"","background-repeat":"repeat","background-position":"center center","background-size":"auto","background-attachment":"scroll","background-type":"","background-media":"","overlay-type":"","overlay-color":"","overlay-opacity":"","overlay-gradient":""},"tablet":{"background-color":"var(--ast-global-color-5)","background-image":"","background-repeat":"repeat","background-position":"center center","background-size":"auto","background-attachment":"scroll","background-type":"","background-media":"","overlay-type":"","overlay-color":"","overlay-opacity":"","overlay-gradient":""},"mobile":{"background-color":"var(--ast-global-color-5)","background-image":"","background-repeat":"repeat","background-position":"center center","background-size":"auto","background-attachment":"scroll","background-type":"","background-media":"","overlay-type":"","overlay-color":"","overlay-opacity":"","overlay-gradient":""}}},"pwb-brand":[332],"product_brand":[],"product_cat":[441,340],"product_tag":[],"class_list":{"0":"post-15906","1":"product","2":"type-product","3":"status-publish","4":"has-post-thumbnail","6":"pwb-brand-victron","7":"product_cat-baterias-gel","8":"product_cat-baterias","9":"product_shipping_class-baterias","10":"desktop-align-left","11":"tablet-align-left","12":"mobile-align-left","13":"ast-product-gallery-layout-horizontal-slider","14":"ast-product-tabs-layout-horizontal","16":"first","17":"instock","18":"taxable","19":"shipping-taxable","20":"purchasable","21":"product-type-simple"},"wcpa_form_fields":null,"brands":[{"id":332,"name":"Victron Energie","slug":"victron"}],"_links":{"self":[{"href":"https:\/\/fvcomponentes.com\/de\/wp-json\/wp\/v2\/product\/15906","targetHints":{"allow":["GET"]}}],"collection":[{"href":"https:\/\/fvcomponentes.com\/de\/wp-json\/wp\/v2\/product"}],"about":[{"href":"https:\/\/fvcomponentes.com\/de\/wp-json\/wp\/v2\/types\/product"}],"replies":[{"embeddable":true,"href":"https:\/\/fvcomponentes.com\/de\/wp-json\/wp\/v2\/comments?post=15906"}],"wp:featuredmedia":[{"embeddable":true,"href":"https:\/\/fvcomponentes.com\/de\/wp-json\/wp\/v2\/media\/15907"}],"wp:attachment":[{"href":"https:\/\/fvcomponentes.com\/de\/wp-json\/wp\/v2\/media?parent=15906"}],"wp:term":[{"taxonomy":"pwb-brand","embeddable":true,"href":"https:\/\/fvcomponentes.com\/de\/wp-json\/wp\/v2\/pwb-brand?post=15906"},{"taxonomy":"product_brand","embeddable":true,"href":"https:\/\/fvcomponentes.com\/de\/wp-json\/wp\/v2\/product_brand?post=15906"},{"taxonomy":"product_cat","embeddable":true,"href":"https:\/\/fvcomponentes.com\/de\/wp-json\/wp\/v2\/product_cat?post=15906"},{"taxonomy":"product_tag","embeddable":true,"href":"https:\/\/fvcomponentes.com\/de\/wp-json\/wp\/v2\/product_tag?post=15906"}],"curies":[{"name":"wp","href":"https:\/\/api.w.org\/{rel}","templated":true}]}}