{"id":15890,"date":"2024-06-28T09:04:33","date_gmt":"2024-06-28T07:04:33","guid":{"rendered":"https:\/\/fvcomponentes.com\/?post_type=product&#038;p=15890"},"modified":"2026-01-15T10:10:05","modified_gmt":"2026-01-15T09:10:05","slug":"victron-12v-200ah-agm-telecom-m8-batterie-bat412181164","status":"publish","type":"product","link":"https:\/\/fvcomponentes.com\/de\/producto\/bateria-victron-12v-200ah-agm-telecom-m8-bat412181164\/","title":{"rendered":"Batterie Victron 12V\/200Ah AGM Telecom (M8) - BAT412181164"},"content":{"rendered":"<h2>Eigenschaften der Victron 12V\/200Ah AGM Telecom (M8) Batterie - BAT412181164<\/h2>\n<h2>Entwickelt f\u00fcr Telekommunikationsanwendungen; hervorragend geeignet f\u00fcr \"platzsparende\" Anwendungen in der Schifffahrt und im Automobilbereich<\/h2>\n<p>Die speziell f\u00fcr die Telekommunikation entwickelte Deep Cycle AGM-Serie wurde f\u00fcr den Einsatz in Telekommunikationssystemen entwickelt. Die Victron 12V\/165Ah AGM Telecom (M8) - BAT412151164 Batterie ist mit ihren Frontanschl\u00fcssen und der kleinen Stellfl\u00e4che ideal f\u00fcr Racksysteme. Dar\u00fcber hinaus kann sie die L\u00f6sung f\u00fcr F\u00e4lle sein, in denen der Platz begrenzt und der Zugang auf Booten und Fahrzeugen schwierig ist.<\/p>\n<h2>AGM-Technik<\/h2>\n<p>AGM steht f\u00fcr Absorbent Glass Mat. Bei diesen Batterien wird der Elektrolyt durch Kapillarwirkung in einer Glasfasermatte zwischen den Platten absorbiert.<\/p>\n<h2>Victron 12V\/200Ah AGM Telecom (M8) Batterie mit geringer Selbstentladung - BAT412181164<\/h2>\n<p>Aufgrund der Verwendung von Kalzium-Bleigittern und hochreinen Materialien k\u00f6nnen Victron VRLA-Batterien \u00fcber lange Zeitr\u00e4ume gelagert werden, ohne dass sie wieder aufgeladen werden m\u00fcssen. Die Entladerate betr\u00e4gt weniger als 2 % pro Monat bei 20\u00baC. Die Selbstentladungsrate verdoppelt sich mit jedem Temperaturanstieg von 10 %.<\/p>\n<h2>Niedriger Innenwiderstand<\/h2>\n<p>Erlaubt sehr hohe Be- und Entladegeschwindigkeiten.<\/p>\n<h2>Hohe Zykluskapazit\u00e4t<\/h2>\n<p>Mehr als 500 Zyklen bei 50 % Entladung.<\/p>\n<h2>Datenblatt Victron Batterie 12V\/200Ah AGM Telecom (M8) - BAT412181164<\/h2>\n<p><a href=\"https:\/\/fvcomponentes.com\/wp-content\/uploads\/2024\/06\/Ficha-tecnica-baterias-de-telecomunicaciones-Victron.pdf\" target=\"_blank\" rel=\"noopener\">Sehen Sie das technische Datenblatt der Victron 12V\/200Ah AGM Telecom (M8) - BAT412181164 Batterie - BAT412181164<\/a><\/p>","protected":false},"excerpt":{"rendered":"<ul>\n<li><strong>Anspannung:<\/strong>\u00a012V<\/li>\n<li><strong>Amperestunden:<\/strong> 200Ah<\/li>\n<li><b>Kapazit\u00e4t: <\/b>Mehr als 500 Zyklen bei einer Entladung von 50 %<\/li>\n<li><strong>Terminals:<\/strong> Einsatz M8<\/li>\n<li>Entwickelt f\u00fcr Anwendungen in der Telekommunikation.<\/li>\n<\/ul>","protected":false},"featured_media":15892,"comment_status":"open","ping_status":"closed","template":"","meta":{"site-sidebar-layout":"default","site-content-layout":"default","ast-site-content-layout":"default","site-content-style":"default","site-sidebar-style":"default","ast-global-header-display":"","ast-banner-title-visibility":"","ast-main-header-display":"","ast-hfb-above-header-display":"","ast-hfb-below-header-display":"","ast-hfb-mobile-header-display":"","site-post-title":"","ast-breadcrumbs-content":"","ast-featured-img":"","footer-sml-layout":"","ast-disable-related-posts":"","theme-transparent-header-meta":"default","adv-header-id-meta":"","stick-header-meta":"","header-above-stick-meta":"","header-main-stick-meta":"","header-below-stick-meta":"","astra-migrate-meta-layouts":"set","ast-page-background-enabled":"default","ast-page-background-meta":{"desktop":{"background-color":"var(--ast-global-color-4)","background-image":"","background-repeat":"repeat","background-position":"center center","background-size":"auto","background-attachment":"scroll","background-type":"","background-media":"","overlay-type":"","overlay-color":"","overlay-opacity":"","overlay-gradient":""},"tablet":{"background-color":"","background-image":"","background-repeat":"repeat","background-position":"center center","background-size":"auto","background-attachment":"scroll","background-type":"","background-media":"","overlay-type":"","overlay-color":"","overlay-opacity":"","overlay-gradient":""},"mobile":{"background-color":"","background-image":"","background-repeat":"repeat","background-position":"center center","background-size":"auto","background-attachment":"scroll","background-type":"","background-media":"","overlay-type":"","overlay-color":"","overlay-opacity":"","overlay-gradient":""}},"ast-content-background-meta":{"desktop":{"background-color":"var(--ast-global-color-5)","background-image":"","background-repeat":"repeat","background-position":"center center","background-size":"auto","background-attachment":"scroll","background-type":"","background-media":"","overlay-type":"","overlay-color":"","overlay-opacity":"","overlay-gradient":""},"tablet":{"background-color":"var(--ast-global-color-5)","background-image":"","background-repeat":"repeat","background-position":"center center","background-size":"auto","background-attachment":"scroll","background-type":"","background-media":"","overlay-type":"","overlay-color":"","overlay-opacity":"","overlay-gradient":""},"mobile":{"background-color":"var(--ast-global-color-5)","background-image":"","background-repeat":"repeat","background-position":"center center","background-size":"auto","background-attachment":"scroll","background-type":"","background-media":"","overlay-type":"","overlay-color":"","overlay-opacity":"","overlay-gradient":""}}},"pwb-brand":[332],"product_brand":[],"product_cat":[375,340],"product_tag":[],"class_list":{"0":"post-15890","1":"product","2":"type-product","3":"status-publish","4":"has-post-thumbnail","6":"pwb-brand-victron","7":"product_cat-baterias-agm","8":"product_cat-baterias","9":"product_shipping_class-baterias","10":"desktop-align-left","11":"tablet-align-left","12":"mobile-align-left","13":"ast-product-gallery-layout-horizontal-slider","14":"ast-product-tabs-layout-horizontal","16":"first","17":"instock","18":"taxable","19":"shipping-taxable","20":"purchasable","21":"product-type-simple"},"wcpa_form_fields":null,"brands":[{"id":332,"name":"Victron Energie","slug":"victron"}],"_links":{"self":[{"href":"https:\/\/fvcomponentes.com\/de\/wp-json\/wp\/v2\/product\/15890","targetHints":{"allow":["GET"]}}],"collection":[{"href":"https:\/\/fvcomponentes.com\/de\/wp-json\/wp\/v2\/product"}],"about":[{"href":"https:\/\/fvcomponentes.com\/de\/wp-json\/wp\/v2\/types\/product"}],"replies":[{"embeddable":true,"href":"https:\/\/fvcomponentes.com\/de\/wp-json\/wp\/v2\/comments?post=15890"}],"wp:featuredmedia":[{"embeddable":true,"href":"https:\/\/fvcomponentes.com\/de\/wp-json\/wp\/v2\/media\/15892"}],"wp:attachment":[{"href":"https:\/\/fvcomponentes.com\/de\/wp-json\/wp\/v2\/media?parent=15890"}],"wp:term":[{"taxonomy":"pwb-brand","embeddable":true,"href":"https:\/\/fvcomponentes.com\/de\/wp-json\/wp\/v2\/pwb-brand?post=15890"},{"taxonomy":"product_brand","embeddable":true,"href":"https:\/\/fvcomponentes.com\/de\/wp-json\/wp\/v2\/product_brand?post=15890"},{"taxonomy":"product_cat","embeddable":true,"href":"https:\/\/fvcomponentes.com\/de\/wp-json\/wp\/v2\/product_cat?post=15890"},{"taxonomy":"product_tag","embeddable":true,"href":"https:\/\/fvcomponentes.com\/de\/wp-json\/wp\/v2\/product_tag?post=15890"}],"curies":[{"name":"wp","href":"https:\/\/api.w.org\/{rel}","templated":true}]}}