{"id":15872,"date":"2024-06-28T08:03:40","date_gmt":"2024-06-28T06:03:40","guid":{"rendered":"https:\/\/fvcomponentes.com\/?post_type=product&#038;p=15872"},"modified":"2026-04-08T21:29:54","modified_gmt":"2026-04-08T19:29:54","slug":"batterie-victron-12v-25ah-agm-super-cycle-m5-bat412025081","status":"publish","type":"product","link":"https:\/\/fvcomponentes.com\/de\/producto\/bateria-victron-12v-25ah-agm-super-cycle-m5-bat412025081\/","title":{"rendered":"Victron 12V\/25Ah AGM Super Cycle Batterie (M5) - BAT412025081"},"content":{"rendered":"<h2>Victron 12V\/25Ah AGM Super Cycle Batterie (M5) - BAT412025081<\/h2>\n<h3>Eine wirklich innovative Batterie<\/h3>\n<p>AGM-Super-Cycle-Batterien, wie die Victron 12V\/230Ah AGM Super Cycle Batt, sind das Ergebnis j\u00fcngster Fortschritte in der Batterieelektrochemie.\r\nDie Paste auf den positiven Platten ist weniger empfindlich gegen\u00fcber Erweichung, selbst bei wiederholten Vollentladungen der Batterie. Und neue Zus\u00e4tze im Elektrolyt reduzieren die Sulfatierung bei Tiefentladung.<\/p>\n<h3>Au\u00dfergew\u00f6hnliche Entladetiefenleistung (DoD) des 100%<\/h3>\n<p>Tests zeigen, dass die Victron Super Cycle-Batterie bis zu dreihundert DoD-Zyklen der 100% aush\u00e4lt.<br \/>\nDie Tests bestehen aus einer t\u00e4glichen Entladung bei 10,8 V mit I = 0,2 C\u2082\u2080, gefolgt von einer etwa zweist\u00fcndigen Bereitschaft im entladenen Zustand und einer anschlie\u00dfenden Wiederaufladung mit I = 0,2 C\u2082\u2082\u2080. Zweist\u00fcndige Ruhezeiten im entladenen Zustand w\u00fcrden bei den meisten Batterien nach etwa 100 Zyklen zu Sch\u00e4den f\u00fchren, nicht aber bei der Super-Cycle-Batterie.<br \/>\nWir empfehlen die Super Cycle-Batterie f\u00fcr Anwendungen, bei denen eine DoD von 100% oder eine h\u00e4ufige DoD von 60-80% zu erwarten ist.<\/p>\n<h3>Leichter und kleiner<\/h3>\n<p>Ein weiterer Vorteil der neuen Elektrochemie besteht darin, dass sie im Vergleich zu herk\u00f6mmlichen Deep-Cycle-AGM-Batterien eine geringere Gr\u00f6\u00dfe und ein geringeres Gewicht erm\u00f6glicht.<\/p>\n<h3>Niedriger Innenwiderstand<\/h3>\n<p>Auch der Innenwiderstand ist im Vergleich zu unseren Standard-AGM-Batterien etwas geringer.<\/p>\n<h3>Empfohlene Ladespannungen<\/h3>\n<p><img fetchpriority=\"high\" decoding=\"async\" class=\"alignnone size-full wp-image-8268\" src=\"https:\/\/fvcomponentes.com\/wp-content\/uploads\/2022\/11\/Captura.png\" alt=\"\" width=\"579\" height=\"120\" title=\"\"><\/p>\n<h2>Datenblatt Victron Batterie 12V\/25Ah AGM Super Cycle (M5) - BAT412025081<\/h2>\n<p><a href=\"https:\/\/fvcomponentes.com\/wp-content\/uploads\/2023\/09\/Datasheet-AGM-Super-Cycle-battery-ES.pdf\" target=\"_blank\" rel=\"noopener\">Siehe technisches Datenblatt Victron 12V\/25Ah AGM Super Cycle (M5) Batterie - BAT412025081<\/a><\/p>","protected":false},"excerpt":{"rendered":"<ul>\n<li><strong>Anspannung:<\/strong>\u00a012V<\/li>\n<li><strong>Amperestunden:<\/strong> 25Ah (C20)<\/li>\n<li><strong>Zyklen:<\/strong> \u2265 300 Zyklen bei einer DoD des 100%, \u2265 700 Zyklen bei einer DoD des 60%, \u2265 1000 Zyklen bei einer DoD des 40%<\/li>\n<li><strong>Terminals:<\/strong> Einsatz M5<\/li>\n<li><strong>Empfohlen f\u00fcr:<\/strong> Anwendungen, bei denen DoD von 100% oder h\u00e4ufige DoD von 60-80% zu erwarten sind<\/li>\n<\/ul>\n<p>Das Produktfoto dient nur zur Veranschaulichung und entspricht m\u00f6glicherweise nicht dem tats\u00e4chlichen Produkt.<\/p>\n<p>&nbsp;<\/p>","protected":false},"featured_media":15874,"comment_status":"open","ping_status":"closed","template":"","meta":{"site-sidebar-layout":"default","site-content-layout":"default","ast-site-content-layout":"default","site-content-style":"default","site-sidebar-style":"default","ast-global-header-display":"","ast-banner-title-visibility":"","ast-main-header-display":"","ast-hfb-above-header-display":"","ast-hfb-below-header-display":"","ast-hfb-mobile-header-display":"","site-post-title":"","ast-breadcrumbs-content":"","ast-featured-img":"","footer-sml-layout":"","ast-disable-related-posts":"","theme-transparent-header-meta":"default","adv-header-id-meta":"","stick-header-meta":"","header-above-stick-meta":"","header-main-stick-meta":"","header-below-stick-meta":"","astra-migrate-meta-layouts":"set","ast-page-background-enabled":"default","ast-page-background-meta":{"desktop":{"background-color":"var(--ast-global-color-4)","background-image":"","background-repeat":"repeat","background-position":"center center","background-size":"auto","background-attachment":"scroll","background-type":"","background-media":"","overlay-type":"","overlay-color":"","overlay-opacity":"","overlay-gradient":""},"tablet":{"background-color":"","background-image":"","background-repeat":"repeat","background-position":"center center","background-size":"auto","background-attachment":"scroll","background-type":"","background-media":"","overlay-type":"","overlay-color":"","overlay-opacity":"","overlay-gradient":""},"mobile":{"background-color":"","background-image":"","background-repeat":"repeat","background-position":"center center","background-size":"auto","background-attachment":"scroll","background-type":"","background-media":"","overlay-type":"","overlay-color":"","overlay-opacity":"","overlay-gradient":""}},"ast-content-background-meta":{"desktop":{"background-color":"var(--ast-global-color-5)","background-image":"","background-repeat":"repeat","background-position":"center center","background-size":"auto","background-attachment":"scroll","background-type":"","background-media":"","overlay-type":"","overlay-color":"","overlay-opacity":"","overlay-gradient":""},"tablet":{"background-color":"var(--ast-global-color-5)","background-image":"","background-repeat":"repeat","background-position":"center center","background-size":"auto","background-attachment":"scroll","background-type":"","background-media":"","overlay-type":"","overlay-color":"","overlay-opacity":"","overlay-gradient":""},"mobile":{"background-color":"var(--ast-global-color-5)","background-image":"","background-repeat":"repeat","background-position":"center center","background-size":"auto","background-attachment":"scroll","background-type":"","background-media":"","overlay-type":"","overlay-color":"","overlay-opacity":"","overlay-gradient":""}}},"pwb-brand":[332],"product_brand":[],"product_cat":[375,340],"product_tag":[],"class_list":{"0":"post-15872","1":"product","2":"type-product","3":"status-publish","4":"has-post-thumbnail","6":"pwb-brand-victron","7":"product_cat-baterias-agm","8":"product_cat-baterias","9":"product_shipping_class-baterias","10":"desktop-align-left","11":"tablet-align-left","12":"mobile-align-left","13":"ast-product-gallery-layout-horizontal-slider","14":"ast-product-gallery-with-no-image","15":"ast-product-tabs-layout-horizontal","17":"first","18":"instock","19":"taxable","20":"shipping-taxable","21":"purchasable","22":"product-type-simple"},"wcpa_form_fields":null,"brands":[{"id":332,"name":"Victron Energie","slug":"victron"}],"_links":{"self":[{"href":"https:\/\/fvcomponentes.com\/de\/wp-json\/wp\/v2\/product\/15872","targetHints":{"allow":["GET"]}}],"collection":[{"href":"https:\/\/fvcomponentes.com\/de\/wp-json\/wp\/v2\/product"}],"about":[{"href":"https:\/\/fvcomponentes.com\/de\/wp-json\/wp\/v2\/types\/product"}],"replies":[{"embeddable":true,"href":"https:\/\/fvcomponentes.com\/de\/wp-json\/wp\/v2\/comments?post=15872"}],"wp:featuredmedia":[{"embeddable":true,"href":"https:\/\/fvcomponentes.com\/de\/wp-json\/wp\/v2\/media\/15874"}],"wp:attachment":[{"href":"https:\/\/fvcomponentes.com\/de\/wp-json\/wp\/v2\/media?parent=15872"}],"wp:term":[{"taxonomy":"pwb-brand","embeddable":true,"href":"https:\/\/fvcomponentes.com\/de\/wp-json\/wp\/v2\/pwb-brand?post=15872"},{"taxonomy":"product_brand","embeddable":true,"href":"https:\/\/fvcomponentes.com\/de\/wp-json\/wp\/v2\/product_brand?post=15872"},{"taxonomy":"product_cat","embeddable":true,"href":"https:\/\/fvcomponentes.com\/de\/wp-json\/wp\/v2\/product_cat?post=15872"},{"taxonomy":"product_tag","embeddable":true,"href":"https:\/\/fvcomponentes.com\/de\/wp-json\/wp\/v2\/product_tag?post=15872"}],"curies":[{"name":"wp","href":"https:\/\/api.w.org\/{rel}","templated":true}]}}