{"id":15812,"date":"2024-06-27T08:30:57","date_gmt":"2024-06-27T06:30:57","guid":{"rendered":"https:\/\/fvcomponentes.com\/?post_type=product&#038;p=15812"},"modified":"2026-01-15T10:08:26","modified_gmt":"2026-01-15T09:08:26","slug":"victron-12v-90ah-agm-tiefzyklus-m6-batterie-bat412800085","status":"publish","type":"product","link":"https:\/\/fvcomponentes.com\/de\/producto\/bateria-victron-12v-90ah-agm-deep-cycle-m6-bat412800085\/","title":{"rendered":"Victron 12V\/90Ah AGM Deep Cycle Batterie (M6) - BAT412800085"},"content":{"rendered":"<h2>Victron 12V\/90Ah AGM Deep Cycle Batterie (M6) - BAT412800085<\/h2>\n<p>Victron 6V\/240Ah AGM Deep Cycle Battery - BAT406225084: Neue 6V\/240Ah Absorbent Glass Mat Batterien mit der VRLA-Technologie von Victron Energy. Hermetisch verschlossene Batterien mit geringer Selbstentladung, die eine Lagerung \u00fcber lange Zeitr\u00e4ume ohne Leistungseinbu\u00dfen erm\u00f6glichen.<\/p>\n<p>Die AGM-Baureihe hat einen sehr geringen Innenwiderstand und eignet sich daher besonders gut f\u00fcr Hochstrom-Entladungsanwendungen wie Wechselrichter oder Strahlruder sowie f\u00fcr den Start von Motoren in Fahrzeugen wie Wohnwagen und Golfwagen oder Haushaltsger\u00e4ten wie K\u00fchlschr\u00e4nken und Waschmaschinen.<\/p>\n<h2>VRLA-Technologie<\/h2>\n<p>Bei diesen Batterien wird der Elektrolyt durch Kapillarwirkung in eine Glasfasermatte zwischen den Platten absorbiert. AGM-Batterien sind f\u00fcr die kurzfristige Lieferung sehr hoher Str\u00f6me (Motorstart) besser geeignet als Gelbatterien.<\/p>\n<h2>Geringe Selbstentladung<\/h2>\n<p>Aufgrund der Verwendung von Blei-Calcium-Gittern und hochreinen Materialien k\u00f6nnen Victron VRLA-Batterien \u00fcber lange Zeitr\u00e4ume ohne Wiederaufladung gelagert werden. Die Selbstentladungsrate betr\u00e4gt weniger als 2% pro Monat bei 20\u00b0C. Die Selbstentladungsrate verdoppelt sich bei jedem Temperaturanstieg um 10\u00b0C. Daher k\u00f6nnen Victron AGM-Batterien bis zu einem Jahr ohne Wiederaufladung gelagert werden, wenn sie unter den richtigen Feuchtigkeits- und Temperaturbedingungen aufbewahrt werden.<\/p>\n<h2>Au\u00dfergew\u00f6hnliche Tiefentladungserholungsf\u00e4higkeit der Victron 12V\/90Ah AGM Deep Cycle (M6) Batterie - BAT412800085<\/h2>\n<p>Victron-Batterien haben eine au\u00dfergew\u00f6hnliche Entlader\u00fcckgewinnung, selbst nach tiefer oder l\u00e4ngerer Entladung. Victron Energy AGM-Batterien haben eine ausgezeichnete Erholungsf\u00e4higkeit. Normalerweise verk\u00fcrzen Tief- oder Dauerentladungen die Lebensdauer von Blei-S\u00e4ure-Batterien. Victron Energy AGM-Batterien leiden nicht unter diesem Ph\u00e4nomen.<\/p>\n<p>Die Nennkapazit\u00e4t von Victron AGM und Gel Deep Cycle Batterien betr\u00e4gt 20 Stunden Entladung bei 25\u00ba, d.h. einem Entladestrom von 0,05 C. Es ist zu beachten, dass die effektive Kapazit\u00e4t dieser Batterien mit zunehmendem Entladestrom abnimmt. Die Verringerung der Ladekapazit\u00e4t erfolgt sogar noch schneller, wenn eine konstante Energielast, wie z. B. ein Wechselrichter, vorhanden ist.<\/p>\n<h2>Eigenschaften der Victron 12V\/90Ah AGM Deep Cycle (M6) Batterie - BAT412800085<\/h2>\n<ul>\n<li>Nennkapazit\u00e4t: 20 Stunden. Entladung bei 25 \u00b0C<\/li>\n<li>Lagerf\u00e4higkeit (schwimmend): 7 bis 10 Jahre bei 20 \u00b0C<\/li>\n<li>Zyklen: 400 bis 80 % Entladung, 600 bis 50 % Entladung, 1500 bis 30 % Entladung.<\/li>\n<li>Empfohlen f\u00fcr den Einsatz als Starterbatterie oder andere Hochstrom-Entladeanwendungen aufgrund des geringen Innenwiderstands.<\/li>\n<li>Dank der internen Architektur und der in der Victron 12V\/130Ah AGM Deep Cycle Batt verwendeten Materialien ist eine besonders geringe Selbstentladung gew\u00e4hrleistet.<\/li>\n<\/ul>\n<h2>Datenblatt Victron Batterie 12V\/90Ah AGM Deep Cycle (M6) - BAT412800085<\/h2>\n<p><a href=\"https:\/\/fvcomponentes.com\/wp-content\/uploads\/2023\/08\/Datasheet-GEL-and-AGM-Batteries-ES.pdf\" target=\"_blank\" rel=\"noopener\">Victron 12V\/90Ah AGM Deep Cycle (M6) Batterie Datenblatt anzeigen - BAT412800085<\/a><\/p>","protected":false},"excerpt":{"rendered":"<ul>\n<li><strong>Anspannung:<\/strong>\u00a012V<\/li>\n<li><strong>Amperestunden:<\/strong> 90 Ah<\/li>\n<li><strong>Terminals:<\/strong> Einsatz M6<\/li>\n<li><strong>Nennkapazit\u00e4t:<\/strong>\u00a020 Stunden. Entleerung bei 25 \u00b0C<\/li>\n<li><strong>Lebenszeit (gleitend):<\/strong>\u00a07 bis 10 Jahre bei 20 \u00b0C<\/li>\n<li><strong>Zyklen:<\/strong>\u00a0400 bis 80 % Entladung, 600 bis 50 % Entladung, 1500 bis 30 % Entladung.<\/li>\n<li><strong>Geringe Selbstentladung.<\/strong><\/li>\n<\/ul>","protected":false},"featured_media":15815,"comment_status":"open","ping_status":"closed","template":"","meta":{"site-sidebar-layout":"default","site-content-layout":"","ast-site-content-layout":"default","site-content-style":"default","site-sidebar-style":"default","ast-global-header-display":"","ast-banner-title-visibility":"","ast-main-header-display":"","ast-hfb-above-header-display":"","ast-hfb-below-header-display":"","ast-hfb-mobile-header-display":"","site-post-title":"","ast-breadcrumbs-content":"","ast-featured-img":"","footer-sml-layout":"","ast-disable-related-posts":"","theme-transparent-header-meta":"default","adv-header-id-meta":"","stick-header-meta":"","header-above-stick-meta":"","header-main-stick-meta":"","header-below-stick-meta":"","astra-migrate-meta-layouts":"set","ast-page-background-enabled":"default","ast-page-background-meta":{"desktop":{"background-color":"var(--ast-global-color-4)","background-image":"","background-repeat":"repeat","background-position":"center center","background-size":"auto","background-attachment":"scroll","background-type":"","background-media":"","overlay-type":"","overlay-color":"","overlay-opacity":"","overlay-gradient":""},"tablet":{"background-color":"","background-image":"","background-repeat":"repeat","background-position":"center center","background-size":"auto","background-attachment":"scroll","background-type":"","background-media":"","overlay-type":"","overlay-color":"","overlay-opacity":"","overlay-gradient":""},"mobile":{"background-color":"","background-image":"","background-repeat":"repeat","background-position":"center center","background-size":"auto","background-attachment":"scroll","background-type":"","background-media":"","overlay-type":"","overlay-color":"","overlay-opacity":"","overlay-gradient":""}},"ast-content-background-meta":{"desktop":{"background-color":"var(--ast-global-color-5)","background-image":"","background-repeat":"repeat","background-position":"center center","background-size":"auto","background-attachment":"scroll","background-type":"","background-media":"","overlay-type":"","overlay-color":"","overlay-opacity":"","overlay-gradient":""},"tablet":{"background-color":"var(--ast-global-color-5)","background-image":"","background-repeat":"repeat","background-position":"center center","background-size":"auto","background-attachment":"scroll","background-type":"","background-media":"","overlay-type":"","overlay-color":"","overlay-opacity":"","overlay-gradient":""},"mobile":{"background-color":"var(--ast-global-color-5)","background-image":"","background-repeat":"repeat","background-position":"center center","background-size":"auto","background-attachment":"scroll","background-type":"","background-media":"","overlay-type":"","overlay-color":"","overlay-opacity":"","overlay-gradient":""}}},"pwb-brand":[332],"product_brand":[],"product_cat":[375,340],"product_tag":[],"class_list":{"0":"post-15812","1":"product","2":"type-product","3":"status-publish","4":"has-post-thumbnail","6":"pwb-brand-victron","7":"product_cat-baterias-agm","8":"product_cat-baterias","9":"product_shipping_class-baterias","10":"desktop-align-left","11":"tablet-align-left","12":"mobile-align-left","13":"ast-product-gallery-layout-horizontal-slider","14":"ast-product-tabs-layout-horizontal","16":"first","17":"instock","18":"taxable","19":"shipping-taxable","20":"purchasable","21":"product-type-simple"},"wcpa_form_fields":null,"brands":[{"id":332,"name":"Victron Energie","slug":"victron"}],"_links":{"self":[{"href":"https:\/\/fvcomponentes.com\/de\/wp-json\/wp\/v2\/product\/15812","targetHints":{"allow":["GET"]}}],"collection":[{"href":"https:\/\/fvcomponentes.com\/de\/wp-json\/wp\/v2\/product"}],"about":[{"href":"https:\/\/fvcomponentes.com\/de\/wp-json\/wp\/v2\/types\/product"}],"replies":[{"embeddable":true,"href":"https:\/\/fvcomponentes.com\/de\/wp-json\/wp\/v2\/comments?post=15812"}],"wp:featuredmedia":[{"embeddable":true,"href":"https:\/\/fvcomponentes.com\/de\/wp-json\/wp\/v2\/media\/15815"}],"wp:attachment":[{"href":"https:\/\/fvcomponentes.com\/de\/wp-json\/wp\/v2\/media?parent=15812"}],"wp:term":[{"taxonomy":"pwb-brand","embeddable":true,"href":"https:\/\/fvcomponentes.com\/de\/wp-json\/wp\/v2\/pwb-brand?post=15812"},{"taxonomy":"product_brand","embeddable":true,"href":"https:\/\/fvcomponentes.com\/de\/wp-json\/wp\/v2\/product_brand?post=15812"},{"taxonomy":"product_cat","embeddable":true,"href":"https:\/\/fvcomponentes.com\/de\/wp-json\/wp\/v2\/product_cat?post=15812"},{"taxonomy":"product_tag","embeddable":true,"href":"https:\/\/fvcomponentes.com\/de\/wp-json\/wp\/v2\/product_tag?post=15812"}],"curies":[{"name":"wp","href":"https:\/\/api.w.org\/{rel}","templated":true}]}}