{"id":15558,"date":"2024-06-25T10:26:25","date_gmt":"2024-06-25T08:26:25","guid":{"rendered":"https:\/\/fvcomponentes.com\/?post_type=product&#038;p=15558"},"modified":"2026-04-04T12:49:39","modified_gmt":"2026-04-04T10:49:39","slug":"victron-smartsolar-mppt-150-60-mc4-regler-scc11506060311","status":"publish","type":"product","link":"https:\/\/fvcomponentes.com\/de\/producto\/regulador-victron-smartsolar-mppt-150-60-mc4-scc115060311\/","title":{"rendered":"Victron SmartSolar MPPT 150\/60-MC4 Steuerger\u00e4t - SCC11506060311"},"content":{"rendered":"<h2>Eigenschaften des Victron SmartSolar MPPT 150\/60-MC4 Steuerger\u00e4ts - SCC11506060311<\/h2>\n<div>Mit dem Victron SmartSolar MPPT 150\/60-MC4 Laderegler k\u00f6nnen Sie einen Ladestrom von bis zu 60 Ampere und eine PV-Spannung von bis zu 150 Volt nutzen. Der Laderegler kann eine Batterie mit einer niedrigeren Nennspannung aus PV-Paneelen mit einer h\u00f6heren Nennspannung von mindestens +5 V laden. Der SmartSolar-Laderegler passt die Nennspannung der Batterie automatisch auf 12, 24, 36 oder 48 V an, sobald sie an den Regler angeschlossen ist.<\/div>\n<div><\/div>\n<h2><strong>Integriertes Bluetooth Smart<\/strong><\/h2>\n<p>Die drahtlose L\u00f6sung f\u00fcr die Konfiguration, \u00dcberwachung, Aktualisierung und Synchronisierung von SmartSolar-Ladereglern.<\/p>\n<h2><strong>Ultraschnelles Maximum Power Point Tracking (MPPT)<\/strong><\/h2>\n<p>Vor allem bei bew\u00f6lktem Himmel, wenn sich die Lichtintensit\u00e4t st\u00e4ndig \u00e4ndert, kann ein ultraschneller MPPT-Regler die Energieernte um bis zu 30% im Vergleich zu PWM-Ladereglern und um bis zu 10% im Vergleich zu langsameren MPPT-Reglern verbessern.<\/p>\n<h2><strong>Erweiterte Maximum Power Point-Erkennung bei teilweiser Bew\u00f6lkung<\/strong><\/h2>\n<p>Bei teilweiser Bew\u00f6lkung k\u00f6nnen auf der Lastspannungskurve zwei oder mehr maximale Leistungspunkte (MPP) auftreten. Herk\u00f6mmliche MPPTs w\u00e4hlen normalerweise einen lokalen MPP, der nicht unbedingt der optimale MPP ist. Der innovative Algorithmus von SmartSolar maximiert immer die Energieernte durch die Auswahl des optimalen MPP.<\/p>\n<h2><strong>Au\u00dfergew\u00f6hnliche Umwandlungseffizienz<\/strong><\/h2>\n<p>L\u00fcfterlos. Der maximale Wirkungsgrad \u00fcbertrifft 98%.<\/p>\n<h2><strong>Flexibler Ladealgorithmus des Victron SmartSolar MPPT 150\/60-MC4 Reglers - SCC11506060311<\/strong><\/h2>\n<p>Ein vollst\u00e4ndig programmierbarer Ladealgorithmus und acht vorprogrammierte Ladealgorithmen, die mit einem Drehw\u00e4hler ausgew\u00e4hlt werden k\u00f6nnen.<\/p>\n<h2><strong>Umfassender elektronischer Schutz<\/strong><\/h2>\n<p>\u00dcberhitzungsschutz und Leistungsreduzierung bei hohen Temperaturen. Kurzschluss- und Verpolungsschutz f\u00fcr PV-Paneele. PV-R\u00fcckstromschutz.<\/p>\n<h2><strong>Victron SmartSolar MPPT 150\/60-MC4 Regler Interner Temperatursensor - SCC115060311<\/strong><\/h2>\n<p>Kompensiert die Absorptions- und Auftriebsspannung in Abh\u00e4ngigkeit von der Temperatur.<\/p>\n<h2><strong>Optionaler externer Batteriespannungs- und Temperatursensor \u00fcber Bluetooth<\/strong><\/h2>\n<p>Ein Sensor kann verwendet werden <a href=\"https:\/\/fvcomponentes.com\/de\/produkt\/intelligente-batterie-victron-sense-sbs050150200\/\" target=\"_blank\" rel=\"noopener\">Smart Battery Sense<\/a> oder eine <a href=\"https:\/\/fvcomponentes.com\/de\/produkt\/bmv-712-smart-victron-batterie-monitor\/\" target=\"_blank\" rel=\"noopener\">Batterie\u00fcberwachung BMV-712 Smart<\/a> zur \u00dcbermittlung von Batteriespannung und -temperatur an einen oder mehrere SmartSolar-Laderegler.<\/p>\n<h2><strong>Funktion zur Wiederherstellung einer vollst\u00e4ndig entladenen Batterie<\/strong><\/h2>\n<p>Beginnt mit dem Laden, auch wenn die Batterie auf Null Volt entladen ist. Stellt die Verbindung zu einer vollst\u00e4ndig entladenen Lithium-Ionen-Batterie mit interner Trennungsfunktion wieder her.<\/p>\n<h2><strong>VE.Direkt<\/strong><\/h2>\n<p>F\u00fcr eine kabelgebundene Datenverbindung zu einem Color Control GX, anderen GX-Produkten, PCs oder anderen Ger\u00e4ten<br \/>\nGer\u00e4te.<\/p>\n<h2><strong>Fernbedienung ein\/aus<\/strong><\/h2>\n<p>Zum Beispiel zum Anschluss an ein VE.BUS BMS.<\/p>\n<h2><strong>Programmierbares Relais<\/strong><\/h2>\n<p>Es kann programmiert werden (z. B. mit einem Smartphone), um einen Alarm oder andere Ereignisse auszul\u00f6sen.<\/p>\n<h2><strong>Optional: anschlie\u00dfbares LCD-Display<\/strong><\/h2>\n<p>Entfernen Sie einfach den Gummischutz vom Stecker an der Vorderseite des Controllers und schlie\u00dfen Sie das Display an.<\/p>\n<h2>Datenblatt Victron SmartSolar MPPT 150\/60-MC4 Regler - SCC11506060311<\/h2>\n<p><a href=\"https:\/\/fvcomponentes.com\/wp-content\/uploads\/2024\/07\/Ficha-tecnica-Regulador-Victron-SmartSolar-MPPT-150.pdf\" target=\"_blank\" rel=\"noopener\">Victron SmartSolar MPPT 150\/60-MC4 Regler Datenblatt anzeigen - SCC115060311<\/a><\/p>\n<h2>Handbuch Victron SmartSolar MPPT 150\/60-MC4 Regler - SCC11506060311<\/h2>\n<p><a href=\"https:\/\/fvcomponentes.com\/wp-content\/uploads\/2025\/10\/29694-MPPT_solar_charger_manual-pdf-es-8.pdf\" target=\"_blank\" rel=\"noopener\">Victron SmartSolar MPPT 150\/60-MC4 Steuerger\u00e4t Handbuch anzeigen - SCC115060311<\/a><\/p>","protected":false},"excerpt":{"rendered":"<ul>\n<li><span style=\"color: #99cc00\"><strong>Bluetooth-Ausstattung.<\/strong><\/span><\/li>\n<li><strong>Verwaltung durch <a href=\"https:\/\/play.google.com\/store\/apps\/details?id=com.victronenergy.victronconnect&amp;pcampaignid=web_share\" target=\"_blank\" rel=\"noopener\">VictronConnect App<\/a><\/strong><\/li>\n<li><strong>Spannung der Batterie:<\/strong>\u00a012\/24\/48 V Automatische Auswahl<\/li>\n<li><strong>Last Nennstrom:<\/strong>\u00a060 A<\/li>\n<li><strong>Maximale Leistung PV, 12V:<\/strong> 860 W<\/li>\n<li><strong>Maximale Leistung PV, 24V:<\/strong>\u00a0 1720 W<\/li>\n<li><strong>Maximale Leistung PV, 48V:<\/strong>\u00a0 3440 W<\/li>\n<\/ul>","protected":false},"featured_media":15559,"comment_status":"open","ping_status":"closed","template":"","meta":{"site-sidebar-layout":"default","site-content-layout":"default","ast-site-content-layout":"default","site-content-style":"default","site-sidebar-style":"default","ast-global-header-display":"","ast-banner-title-visibility":"","ast-main-header-display":"","ast-hfb-above-header-display":"","ast-hfb-below-header-display":"","ast-hfb-mobile-header-display":"","site-post-title":"","ast-breadcrumbs-content":"","ast-featured-img":"","footer-sml-layout":"","ast-disable-related-posts":"","theme-transparent-header-meta":"default","adv-header-id-meta":"","stick-header-meta":"","header-above-stick-meta":"","header-main-stick-meta":"","header-below-stick-meta":"","astra-migrate-meta-layouts":"set","ast-page-background-enabled":"default","ast-page-background-meta":{"desktop":{"background-color":"var(--ast-global-color-4)","background-image":"","background-repeat":"repeat","background-position":"center center","background-size":"auto","background-attachment":"scroll","background-type":"","background-media":"","overlay-type":"","overlay-color":"","overlay-opacity":"","overlay-gradient":""},"tablet":{"background-color":"","background-image":"","background-repeat":"repeat","background-position":"center center","background-size":"auto","background-attachment":"scroll","background-type":"","background-media":"","overlay-type":"","overlay-color":"","overlay-opacity":"","overlay-gradient":""},"mobile":{"background-color":"","background-image":"","background-repeat":"repeat","background-position":"center center","background-size":"auto","background-attachment":"scroll","background-type":"","background-media":"","overlay-type":"","overlay-color":"","overlay-opacity":"","overlay-gradient":""}},"ast-content-background-meta":{"desktop":{"background-color":"var(--ast-global-color-5)","background-image":"","background-repeat":"repeat","background-position":"center center","background-size":"auto","background-attachment":"scroll","background-type":"","background-media":"","overlay-type":"","overlay-color":"","overlay-opacity":"","overlay-gradient":""},"tablet":{"background-color":"var(--ast-global-color-5)","background-image":"","background-repeat":"repeat","background-position":"center center","background-size":"auto","background-attachment":"scroll","background-type":"","background-media":"","overlay-type":"","overlay-color":"","overlay-opacity":"","overlay-gradient":""},"mobile":{"background-color":"var(--ast-global-color-5)","background-image":"","background-repeat":"repeat","background-position":"center center","background-size":"auto","background-attachment":"scroll","background-type":"","background-media":"","overlay-type":"","overlay-color":"","overlay-opacity":"","overlay-gradient":""}}},"pwb-brand":[332],"product_brand":[],"product_cat":[371,353],"product_tag":[],"class_list":{"0":"post-15558","1":"product","2":"type-product","3":"status-publish","4":"has-post-thumbnail","6":"pwb-brand-victron","7":"product_cat-reguladores-mppt","8":"product_cat-reguladores-de-carga-solares","9":"desktop-align-left","10":"tablet-align-left","11":"mobile-align-left","12":"ast-product-gallery-layout-horizontal-slider","13":"ast-product-gallery-with-no-image","14":"ast-product-tabs-layout-horizontal","16":"first","17":"instock","18":"taxable","19":"shipping-taxable","20":"purchasable","21":"product-type-simple"},"wcpa_form_fields":null,"brands":[{"id":332,"name":"Victron Energie","slug":"victron"}],"_links":{"self":[{"href":"https:\/\/fvcomponentes.com\/de\/wp-json\/wp\/v2\/product\/15558","targetHints":{"allow":["GET"]}}],"collection":[{"href":"https:\/\/fvcomponentes.com\/de\/wp-json\/wp\/v2\/product"}],"about":[{"href":"https:\/\/fvcomponentes.com\/de\/wp-json\/wp\/v2\/types\/product"}],"replies":[{"embeddable":true,"href":"https:\/\/fvcomponentes.com\/de\/wp-json\/wp\/v2\/comments?post=15558"}],"wp:featuredmedia":[{"embeddable":true,"href":"https:\/\/fvcomponentes.com\/de\/wp-json\/wp\/v2\/media\/15559"}],"wp:attachment":[{"href":"https:\/\/fvcomponentes.com\/de\/wp-json\/wp\/v2\/media?parent=15558"}],"wp:term":[{"taxonomy":"pwb-brand","embeddable":true,"href":"https:\/\/fvcomponentes.com\/de\/wp-json\/wp\/v2\/pwb-brand?post=15558"},{"taxonomy":"product_brand","embeddable":true,"href":"https:\/\/fvcomponentes.com\/de\/wp-json\/wp\/v2\/product_brand?post=15558"},{"taxonomy":"product_cat","embeddable":true,"href":"https:\/\/fvcomponentes.com\/de\/wp-json\/wp\/v2\/product_cat?post=15558"},{"taxonomy":"product_tag","embeddable":true,"href":"https:\/\/fvcomponentes.com\/de\/wp-json\/wp\/v2\/product_tag?post=15558"}],"curies":[{"name":"wp","href":"https:\/\/api.w.org\/{rel}","templated":true}]}}