{"id":15542,"date":"2024-06-25T08:40:53","date_gmt":"2024-06-25T06:40:53","guid":{"rendered":"https:\/\/fvcomponentes.com\/?post_type=product&#038;p=15542"},"modified":"2026-04-04T11:21:15","modified_gmt":"2026-04-04T09:21:15","slug":"victron-smartsolar-mppt-rs-450-200-mc4-regler-scc145120510","status":"publish","type":"product","link":"https:\/\/fvcomponentes.com\/de\/producto\/regulador-victron-smartsolar-mppt-rs-450-200-mc4-scc145120510\/","title":{"rendered":"Victron SmartSolar MPPT RS 450\/200-MC4 Regler - SCC145120510"},"content":{"rendered":"<h2>Eigenschaften des Victron SmartSolar MPPT RS 450\/200-MC4 Steuerger\u00e4ts - SCC145120510<\/h2>\n<p>Der Victron SmartSolar MPPT RS 450\/200-MC4 - SCC145120510 ist die L\u00f6sung f\u00fcr Systeme mit gro\u00dfen in Reihe geschalteten PV-Anlagen, die 45V DC Batterien laden. Perfekt f\u00fcr gro\u00dfe Batteriesysteme in netzunabh\u00e4ngigen und selbstverbrauchenden Solaranlagen.<\/p>\n<h2>Solarladeregler mit ultraschnellem Maximum Power Point Tracking (MPPT)<\/h2>\n<ul>\n<li>Der SmartSolar MPPT RS ist ein 48-V-Solarladeregler mit einem PV-Eingang von bis zu 450 VDC PV und einem 100-A- oder 200-A-Ausgang.<\/li>\n<li>Es wird in netzunabh\u00e4ngigen und netzgekoppelten Solaranwendungen eingesetzt, wo eine maximale Batterieladeleistung erforderlich ist.<\/li>\n<\/ul>\n<h2>Mehrere unabh\u00e4ngige MPPT-\u00dcberwachungseing\u00e4nge<\/h2>\n<ul>\n<li>Mit verschiedenen MPPT-Trackern k\u00f6nnen Sie die Auslegung Ihrer Solarmodule f\u00fcr maximale Leistung an einem bestimmten Standort optimieren.<\/li>\n<\/ul>\n<h2>Isolierte PV-Anschl\u00fcsse f\u00fcr mehr Sicherheit im Victron MPPT RS SmartSolar Controller<\/h2>\n<ul>\n<li>Die vollst\u00e4ndige galvanische Trennung zwischen den Batterie- und PV-Anschl\u00fcssen bietet zus\u00e4tzliche Sicherheit f\u00fcr das gesamte System.<\/li>\n<\/ul>\n<h2>Gro\u00dfer MPPT-Spannungsbereich des Victron SmartSolar MPPT RS 450\/200-MC4 MPPT-Reglers<\/h2>\n<ul>\n<li>Betriebsbereich von 80 bis 450 VDC PV mit einer Startspannung von 120 VDC PV.<\/li>\n<\/ul>\n<h2>Leicht, effizient und leise<\/h2>\n<ul>\n<li>Dank seiner Hochfrequenztechnologie und seines neuen Designs wiegt das 100-A-Modell dieses leistungsstarken Ladeger\u00e4ts nur 7,9 kg.<\/li>\n<li>Dar\u00fcber hinaus zeichnet er sich durch einen ausgezeichneten Wirkungsgrad, einen niedrigen Standby-Stromverbrauch und einen sehr leisen Betrieb aus.<\/li>\n<\/ul>\n<h2>Anzeige und Bluetooth<\/h2>\n<ul>\n<li>Das Display zeigt die Batterie- und Reglerparameter an.<\/li>\n<li>Auf diese Parameter kann mit einem Smartphone oder einem anderen Bluetooth-f\u00e4higen Ger\u00e4t zugegriffen werden.<\/li>\n<li>Dar\u00fcber hinaus kann Bluetooth zur Konfiguration des Systems und zur \u00c4nderung von Parametern mit VictronConnect verwendet werden.<\/li>\n<\/ul>\n<h2>\u00dcberwachung des PV-Isolationswiderstands f\u00fcr mehr Sicherheit bei h\u00f6heren Spannungen<\/h2>\n<ul>\n<li>Der MPPT RS \u00fcberwacht die PV-Anlage kontinuierlich und kann Fehler erkennen, die die Isolierung der Module auf ein unsicheres Niveau reduzieren.<\/li>\n<\/ul>\n<h2>VE.Can und VE.Direct-Anschluss<\/h2>\n<ul>\n<li>Erm\u00f6glicht die Verbindung mit dem <a href=\"https:\/\/fvcomponentes.com\/de\/produkt\/victron-cerbo-gx-mk2-bpp900451100-victron-cerbo-mk2-monitor\/\" target=\"_blank\" rel=\"noopener\">Victron Cerbo GX MK2 \u00dcberwachung - BPP900451100<\/a>\u00a0f\u00fcr die Fern\u00fcberwachung des Systems, Datenprotokollierung und Firmware-Upgrades.<\/li>\n<li>Mit VE.Can k\u00f6nnen bis zu 25 Ger\u00e4te parallel angeschlossen werden und ihre Ladevorg\u00e4nge synchronisieren.<\/li>\n<\/ul>\n<h2>E\/A-Anschl\u00fcsse<\/h2>\n<ul>\n<li>Programmierbare Relais-, Temperatursensor-, Hilfs-, Digitaleingangs- und Spannungssensoranschl\u00fcsse. Der Remote-Eingang kann Victron smallBMS und andere BMS-Typen mit \"Load Enable\"-Signal akzeptieren.<\/li>\n<\/ul>\n<p><img fetchpriority=\"high\" decoding=\"async\" class=\"size-full wp-image-6712 aligncenter\" src=\"https:\/\/fvcomponentes.com\/wp-content\/uploads\/2023\/03\/Captura-9.png\" alt=\"MPPT Victron RS SmartSolar - SCC145110410\" width=\"556\" height=\"563\" title=\"\"><\/p>\n<h2>Datenblatt Victron SmartSolar MPPT RS 450\/200-MC4-Regler - SCC145120510<\/h2>\n<p><a href=\"https:\/\/fvcomponentes.com\/wp-content\/uploads\/2023\/03\/MPPT-RS-ES.pdf\" target=\"_blank\" rel=\"noopener\">Victron SmartSolar MPPT RS 450\/200-MC4 Regler Datenblatt anzeigen - SCC145120510<\/a><\/p>\n<h2>Handbuch Victron SmartSolar MPPT RS 450\/200-MC4 Steuerger\u00e4t Victron SmartSolar MPPT RS 450\/200-MC4 - SCC145120510<\/h2>\n<p><a href=\"https:\/\/fvcomponentes.com\/wp-content\/uploads\/2025\/10\/13860-SmartSolar_MPPT_RS-pdf-es.pdf\" target=\"_blank\" rel=\"noopener\">Victron SmartSolar MPPT RS 450\/200-MC4 Reglerhandbuch anzeigen - SCC145120510<\/a><\/p>","protected":false},"excerpt":{"rendered":"<ul>\n<li><span style=\"color: #99cc00\"><strong>Bluetooth-Ausstattung.<\/strong><\/span><\/li>\n<li><strong>Verwaltung durch <a href=\"https:\/\/play.google.com\/store\/apps\/details?id=com.victronenergy.victronconnect&amp;pcampaignid=web_share\" target=\"_blank\" rel=\"noopener\">VictronConnect App<\/a><\/strong><\/li>\n<li><strong>Spannung der Batterie:<\/strong> 48 V<\/li>\n<li><strong>Nennlaststrom:<\/strong> 200 A<\/li>\n<li><strong>Maximale Lastleistung:<\/strong> 11,5 kW bei 57,6 V<\/li>\n<li><strong>Maximale DC-PV-Spannung:<\/strong> 450 V<\/li>\n<li><strong>Startspannung:<\/strong> 120 V<\/li>\n<li><strong>MPPT-Betriebsspannungsbereich:<\/strong> 80 - 450 V<\/li>\n<li><strong>Anzahl der MPPT-Eing\u00e4nge:<\/strong> 4<\/li>\n<li><strong>Maximaler PV-Betriebseingangsstrom:<\/strong> 18 A pro Eintrag<\/li>\n<\/ul>","protected":false},"featured_media":15551,"comment_status":"open","ping_status":"closed","template":"","meta":{"site-sidebar-layout":"default","site-content-layout":"default","ast-site-content-layout":"default","site-content-style":"default","site-sidebar-style":"default","ast-global-header-display":"","ast-banner-title-visibility":"","ast-main-header-display":"","ast-hfb-above-header-display":"","ast-hfb-below-header-display":"","ast-hfb-mobile-header-display":"","site-post-title":"","ast-breadcrumbs-content":"","ast-featured-img":"","footer-sml-layout":"","ast-disable-related-posts":"","theme-transparent-header-meta":"default","adv-header-id-meta":"","stick-header-meta":"","header-above-stick-meta":"","header-main-stick-meta":"","header-below-stick-meta":"","astra-migrate-meta-layouts":"set","ast-page-background-enabled":"default","ast-page-background-meta":{"desktop":{"background-color":"var(--ast-global-color-4)","background-image":"","background-repeat":"repeat","background-position":"center center","background-size":"auto","background-attachment":"scroll","background-type":"","background-media":"","overlay-type":"","overlay-color":"","overlay-opacity":"","overlay-gradient":""},"tablet":{"background-color":"","background-image":"","background-repeat":"repeat","background-position":"center center","background-size":"auto","background-attachment":"scroll","background-type":"","background-media":"","overlay-type":"","overlay-color":"","overlay-opacity":"","overlay-gradient":""},"mobile":{"background-color":"","background-image":"","background-repeat":"repeat","background-position":"center center","background-size":"auto","background-attachment":"scroll","background-type":"","background-media":"","overlay-type":"","overlay-color":"","overlay-opacity":"","overlay-gradient":""}},"ast-content-background-meta":{"desktop":{"background-color":"var(--ast-global-color-5)","background-image":"","background-repeat":"repeat","background-position":"center center","background-size":"auto","background-attachment":"scroll","background-type":"","background-media":"","overlay-type":"","overlay-color":"","overlay-opacity":"","overlay-gradient":""},"tablet":{"background-color":"var(--ast-global-color-5)","background-image":"","background-repeat":"repeat","background-position":"center center","background-size":"auto","background-attachment":"scroll","background-type":"","background-media":"","overlay-type":"","overlay-color":"","overlay-opacity":"","overlay-gradient":""},"mobile":{"background-color":"var(--ast-global-color-5)","background-image":"","background-repeat":"repeat","background-position":"center center","background-size":"auto","background-attachment":"scroll","background-type":"","background-media":"","overlay-type":"","overlay-color":"","overlay-opacity":"","overlay-gradient":""}}},"pwb-brand":[332],"product_brand":[],"product_cat":[353,371],"product_tag":[],"class_list":{"0":"post-15542","1":"product","2":"type-product","3":"status-publish","4":"has-post-thumbnail","6":"pwb-brand-victron","7":"product_cat-reguladores-de-carga-solares","8":"product_cat-reguladores-mppt","9":"desktop-align-left","10":"tablet-align-left","11":"mobile-align-left","12":"ast-product-gallery-layout-horizontal-slider","13":"ast-product-tabs-layout-horizontal","15":"first","16":"instock","17":"taxable","18":"shipping-taxable","19":"purchasable","20":"product-type-simple"},"wcpa_form_fields":null,"brands":[{"id":332,"name":"Victron Energie","slug":"victron"}],"_links":{"self":[{"href":"https:\/\/fvcomponentes.com\/de\/wp-json\/wp\/v2\/product\/15542","targetHints":{"allow":["GET"]}}],"collection":[{"href":"https:\/\/fvcomponentes.com\/de\/wp-json\/wp\/v2\/product"}],"about":[{"href":"https:\/\/fvcomponentes.com\/de\/wp-json\/wp\/v2\/types\/product"}],"replies":[{"embeddable":true,"href":"https:\/\/fvcomponentes.com\/de\/wp-json\/wp\/v2\/comments?post=15542"}],"wp:featuredmedia":[{"embeddable":true,"href":"https:\/\/fvcomponentes.com\/de\/wp-json\/wp\/v2\/media\/15551"}],"wp:attachment":[{"href":"https:\/\/fvcomponentes.com\/de\/wp-json\/wp\/v2\/media?parent=15542"}],"wp:term":[{"taxonomy":"pwb-brand","embeddable":true,"href":"https:\/\/fvcomponentes.com\/de\/wp-json\/wp\/v2\/pwb-brand?post=15542"},{"taxonomy":"product_brand","embeddable":true,"href":"https:\/\/fvcomponentes.com\/de\/wp-json\/wp\/v2\/product_brand?post=15542"},{"taxonomy":"product_cat","embeddable":true,"href":"https:\/\/fvcomponentes.com\/de\/wp-json\/wp\/v2\/product_cat?post=15542"},{"taxonomy":"product_tag","embeddable":true,"href":"https:\/\/fvcomponentes.com\/de\/wp-json\/wp\/v2\/product_tag?post=15542"}],"curies":[{"name":"wp","href":"https:\/\/api.w.org\/{rel}","templated":true}]}}