{"id":15491,"date":"2024-06-24T11:03:35","date_gmt":"2024-06-24T09:03:35","guid":{"rendered":"https:\/\/fvcomponentes.com\/?post_type=product&#038;p=15491"},"modified":"2026-04-08T21:33:03","modified_gmt":"2026-04-08T19:33:03","slug":"victron-vm-3p75ct-rel200300100-energiezahler-victron-vm-3p75ct-rel200300100","status":"publish","type":"product","link":"https:\/\/fvcomponentes.com\/de\/producto\/medidor-de-energia-victron-vm-3p75ct-rel200300100\/","title":{"rendered":"Victron VM-3P75CT Energiemessger\u00e4t - REL200300100"},"content":{"rendered":"<h2>Eigenschaften des Victron VM-3P75CT Energiemessger\u00e4ts - REL200300100<\/h2>\n<h2>Dreiphasiger Energiez\u00e4hler mit Ethernet- und VE.Can-Kommunikationsanschl\u00fcssen<\/h2>\n<p>Der Victron VM-3P75CT - REL200300100 Energiez\u00e4hler ist ein Standardger\u00e4t zur Messung der Leistung und Energie von einphasigen und dreiphasigen Anwendungen, zum Beispiel im Verteilerkasten oder zur Messung der Leistung eines PV-Wechselrichters, eines AC-Generators oder eines Wechselrichters oder Wechselrichter\/Ladeger\u00e4ts.<\/p>\n<h2>Hohe Bildwiederholfrequenz<\/h2>\n<p>Bei der Berechnung der RMS-Leistungswerte jeder Phase \u00fcbertr\u00e4gt der Energiez\u00e4hler diese \u00fcber VE.Can oder Ethernet mit einer hohen Frequenz, so dass die Messungen des Energieverbrauchs, der Netzeinspeisung und der Netzeinspeisung, z. B. eines ESS-Systems, genauer werden.<\/p>\n<h2>Sehr einfache Konfiguration des Victron VM-3P75CT Energiemessger\u00e4ts<\/h2>\n<p>Der Energiez\u00e4hler wurde f\u00fcr eine einfache Integration entwickelt und funktioniert in den meisten Systemen sofort als Netzz\u00e4hler. Es ist lediglich eine Konfiguration (\u00fcber VictronConnect) erforderlich, um die Funktion (Netzz\u00e4hler, PV-Wechselrichter, AC-Generator oder AC-Lastz\u00e4hler) und die manuelle IP-Konfiguration anstelle des Standard-DHCP zu \u00e4ndern.<\/p>\n<h2>Fern\u00fcberwachung von \u00fcberall<\/h2>\n<p>Ihre Daten werden in der VictronConnect Anwendung, in einem GX-Ger\u00e4t wie dem <a href=\"https:\/\/fvcomponentes.com\/de\/produkt\/victron-cerbo-gx-mk2-bpp900451100-victron-cerbo-mk2-monitor\/\" target=\"_blank\" rel=\"noopener\">Victron Cerbo GX MK2 \u00dcberwachung - BPP900451100<\/a>\u00a0oder die <a href=\"https:\/\/fvcomponentes.com\/de\/produkt\/victron-ekrano-gx-uberwachung-bpp900480100-bpp900480100\/\" target=\"_blank\" rel=\"noopener\">Ekrano GX<\/a> und auf unserem VRM-Portal.<\/p>\n<h2>Einfache Installation mit Split-Core-Stromwandlern<\/h2>\n<p>Das Victron VM-3P75CT Energiemessger\u00e4t verwendet Stromzangen, um den Strom genau zu messen, ohne dass die Verkabelung der Installation ge\u00e4ndert werden muss.<\/p>\n<h2>Verfahren zur Vektorregistrierung<\/h2>\n<p>Der Victron VM-3P75CT Energiez\u00e4hler verwendet die Vektorregister-Methode (die Vektoren der einzelnen Phasen L1, L2 und L3 werden addiert).<\/p>\n<h2>Datenblatt Victron Energiemessger\u00e4t VM-3P75CT - REL200300100100<\/h2>\n<p><a href=\"https:\/\/fvcomponentes.com\/wp-content\/uploads\/2024\/06\/Ficha-tecnica-medidor-de-energia-vm3975ct.pdf\" target=\"_blank\" rel=\"noopener\">Victron VM-3P75CT - REL200300100 Energiemessger\u00e4t Anleitung anzeigen<\/a><\/p>","protected":false},"excerpt":{"rendered":"<ul>\n<li><strong>Spannungsanschluss:<\/strong> Direkt<\/li>\n<li><strong>Nennstrom<\/strong>: 75 A<\/li>\n<li><strong>Eingangsspannungsbereich L-N:<\/strong> 85 bis 265 VAC<\/li>\n<li><strong>Eingangsspannungsbereich L-L:<\/strong> 150 bis 460 VAC<\/li>\n<li><strong>H\u00e4ufigkeit:<\/strong> 50\/60 Hz<\/li>\n<\/ul>","protected":false},"featured_media":15496,"comment_status":"open","ping_status":"closed","template":"","meta":{"site-sidebar-layout":"default","site-content-layout":"default","ast-site-content-layout":"default","site-content-style":"default","site-sidebar-style":"default","ast-global-header-display":"","ast-banner-title-visibility":"","ast-main-header-display":"","ast-hfb-above-header-display":"","ast-hfb-below-header-display":"","ast-hfb-mobile-header-display":"","site-post-title":"","ast-breadcrumbs-content":"","ast-featured-img":"","footer-sml-layout":"","ast-disable-related-posts":"","theme-transparent-header-meta":"default","adv-header-id-meta":"","stick-header-meta":"","header-above-stick-meta":"","header-main-stick-meta":"","header-below-stick-meta":"","astra-migrate-meta-layouts":"set","ast-page-background-enabled":"default","ast-page-background-meta":{"desktop":{"background-color":"var(--ast-global-color-4)","background-image":"","background-repeat":"repeat","background-position":"center center","background-size":"auto","background-attachment":"scroll","background-type":"","background-media":"","overlay-type":"","overlay-color":"","overlay-opacity":"","overlay-gradient":""},"tablet":{"background-color":"","background-image":"","background-repeat":"repeat","background-position":"center center","background-size":"auto","background-attachment":"scroll","background-type":"","background-media":"","overlay-type":"","overlay-color":"","overlay-opacity":"","overlay-gradient":""},"mobile":{"background-color":"","background-image":"","background-repeat":"repeat","background-position":"center center","background-size":"auto","background-attachment":"scroll","background-type":"","background-media":"","overlay-type":"","overlay-color":"","overlay-opacity":"","overlay-gradient":""}},"ast-content-background-meta":{"desktop":{"background-color":"var(--ast-global-color-5)","background-image":"","background-repeat":"repeat","background-position":"center center","background-size":"auto","background-attachment":"scroll","background-type":"","background-media":"","overlay-type":"","overlay-color":"","overlay-opacity":"","overlay-gradient":""},"tablet":{"background-color":"var(--ast-global-color-5)","background-image":"","background-repeat":"repeat","background-position":"center center","background-size":"auto","background-attachment":"scroll","background-type":"","background-media":"","overlay-type":"","overlay-color":"","overlay-opacity":"","overlay-gradient":""},"mobile":{"background-color":"var(--ast-global-color-5)","background-image":"","background-repeat":"repeat","background-position":"center center","background-size":"auto","background-attachment":"scroll","background-type":"","background-media":"","overlay-type":"","overlay-color":"","overlay-opacity":"","overlay-gradient":""}}},"pwb-brand":[332],"product_brand":[],"product_cat":[333,351,349],"product_tag":[],"class_list":{"0":"post-15491","1":"product","2":"type-product","3":"status-publish","4":"has-post-thumbnail","6":"pwb-brand-victron","7":"product_cat-inversores","8":"product_cat-accesorios","9":"product_cat-meters","10":"desktop-align-left","11":"tablet-align-left","12":"mobile-align-left","13":"ast-product-gallery-layout-horizontal-slider","14":"ast-product-tabs-layout-horizontal","16":"first","17":"instock","18":"taxable","19":"shipping-taxable","20":"purchasable","21":"product-type-simple"},"wcpa_form_fields":null,"brands":[{"id":332,"name":"Victron Energie","slug":"victron"}],"_links":{"self":[{"href":"https:\/\/fvcomponentes.com\/de\/wp-json\/wp\/v2\/product\/15491","targetHints":{"allow":["GET"]}}],"collection":[{"href":"https:\/\/fvcomponentes.com\/de\/wp-json\/wp\/v2\/product"}],"about":[{"href":"https:\/\/fvcomponentes.com\/de\/wp-json\/wp\/v2\/types\/product"}],"replies":[{"embeddable":true,"href":"https:\/\/fvcomponentes.com\/de\/wp-json\/wp\/v2\/comments?post=15491"}],"wp:featuredmedia":[{"embeddable":true,"href":"https:\/\/fvcomponentes.com\/de\/wp-json\/wp\/v2\/media\/15496"}],"wp:attachment":[{"href":"https:\/\/fvcomponentes.com\/de\/wp-json\/wp\/v2\/media?parent=15491"}],"wp:term":[{"taxonomy":"pwb-brand","embeddable":true,"href":"https:\/\/fvcomponentes.com\/de\/wp-json\/wp\/v2\/pwb-brand?post=15491"},{"taxonomy":"product_brand","embeddable":true,"href":"https:\/\/fvcomponentes.com\/de\/wp-json\/wp\/v2\/product_brand?post=15491"},{"taxonomy":"product_cat","embeddable":true,"href":"https:\/\/fvcomponentes.com\/de\/wp-json\/wp\/v2\/product_cat?post=15491"},{"taxonomy":"product_tag","embeddable":true,"href":"https:\/\/fvcomponentes.com\/de\/wp-json\/wp\/v2\/product_tag?post=15491"}],"curies":[{"name":"wp","href":"https:\/\/api.w.org\/{rel}","templated":true}]}}