{"id":15488,"date":"2024-06-24T10:47:53","date_gmt":"2024-06-24T08:47:53","guid":{"rendered":"https:\/\/fvcomponentes.com\/?post_type=product&#038;p=15488"},"modified":"2026-04-08T21:31:12","modified_gmt":"2026-04-08T19:31:12","slug":"victron-em540-3-phasen-leistungsmesser-3-phasen-max-65a-phase-rel200100100100","status":"publish","type":"product","link":"https:\/\/fvcomponentes.com\/de\/producto\/medidor-de-energia-victron-em540-3-fases-max-65a-phase-rel200100100\/","title":{"rendered":"Energiemessger\u00e4t Victron EM540 3 Phasen - max 65A\/Phase - REL200100100100"},"content":{"rendered":"<h2>Eigenschaften des Victron EM540 3-Phasen-Energiez\u00e4hlers - max 65A\/Phase - REL200100100<\/h2>\n<p>Der Victron EM540 3-Phasen-Energiez\u00e4hler - max 65A\/Phase - REL200100100 ist ein Standardger\u00e4t zur Messung der Leistung und Energie einer Anwendung.\u00a0<span class=\"phrase\">dreiphasig<\/span>zum Beispiel im Verteilerkasten oder zur Messung der Leistung eines PV-Wechselrichters, eines AC-Generators oder eines Wechselrichters oder Wechselrichter\/Ladeger\u00e4ts.<\/p>\n<p>Die\u00a0<span class=\"phrase\">EM540 <\/span>\u00a0kann mit vier verschiedenen Funktionen in einem GX-Ger\u00e4t konfiguriert werden, wie zum Beispiel die <a href=\"https:\/\/fvcomponentes.com\/de\/produkt\/victron-cerbo-gx-mk2-bpp900451100-victron-cerbo-mk2-monitor\/\" target=\"_blank\" rel=\"noopener\">Victron Cerbo GX MK2 \u00dcberwachung - BPP900451100<\/a>:<\/p>\n<div class=\"orderedlist\">\n<ol class=\"orderedlist\" type=\"1\">\n<li class=\"listitem\">Als Netzz\u00e4hler und Steuereingang f\u00fcr ein ESS-System.<\/li>\n<li class=\"listitem\">Zur Messung der Leistung eines PV-Wechselrichters.<\/li>\n<li class=\"listitem\">Zur Messung der Leistung eines Wechselstromgenerators.<\/li>\n<li class=\"listitem\">Als AC-Messger\u00e4t zur Messung der Leistung eines Wechselrichters oder Wechselrichter\/Ladeger\u00e4ts.<\/li>\n<\/ol>\n<\/div>\n<p>Sie bietet\u00a0<span class=\"phrase\">zwei Optionen<\/span>\u00a0f\u00fcr den Anschluss an ein GX-Ger\u00e4t:<\/p>\n<div class=\"orderedlist\">\n<ol class=\"orderedlist\" type=\"1\">\n<li class=\"listitem\">Eine kabelgebundene Verbindung, die die\u00a0<a class=\"link\" href=\"https:\/\/fvcomponentes.com\/de\/produkt\/schnittstelle-rs485-zu-usb-5m-ass030572050\/\" target=\"_blank\" rel=\"noopener\">RS485-USB-Schnittstelle\u00a0<\/a>mit einer Kabell\u00e4nge von 1,8 m oder 5 m.<\/li>\n<li class=\"listitem\">Eine drahtlose Verbindung \u00fcber unser\u00a0<a href=\"https:\/\/fvcomponentes.com\/de\/produkt\/victron-zigbee-zu-usb-konverter-ass300420200\/\" target=\"_blank\" rel=\"noopener\">Zigbee-USB-Konverter<\/a> y <a href=\"https:\/\/fvcomponentes.com\/de\/produkt\/victron-zigbee-zu-rs485-konverter-ass300420100\/\" target=\"_blank\" rel=\"noopener\">Zigbee zu RS485<\/a>.<\/li>\n<\/ol>\n<\/div>\n<h2>W\u00e4hlen Sie zwischen RS485- oder Ethernet-Anschluss:<\/h2>\n<p>Der Ethernet-Modus ist in Installationen, in denen ein Ethernet-Netzwerk vorhanden ist, vorteilhafter. Anstatt ein RS485-Kabel zwischen der AC-Hauptverteilertafel und dem Speichersystem zu verlegen, kann das vorhandene Ethernet verwendet werden. Der Nachteil ist, dass dies vom ordnungsgem\u00e4\u00dfen Funktionieren des Netzwerks abh\u00e4ngt; im Falle von Problemen geht das Speichersystem in den Standby-Modus \u00fcber: Passthrough.<br \/>\nEM24, EM3XX, EM5XX und ABB-Z\u00e4hler verwenden die Vektorregistrierung f\u00fcr die Energiemessung. Dies ist die bevorzugte Methode in L\u00e4ndern wie Deutschland und \u00d6sterreich und fast \u00fcberall sonst. Alle anderen Z\u00e4hler verwenden das arithmetische Register. Weitere Informationen zu den Unterschieden bei der Energiemessung finden Sie in Frage P8 in den Handb\u00fcchern f\u00fcr Energiez\u00e4hler von Victron.<\/p>\n<h2>Datenblatt Victron EM540 3-Phasen-Energiez\u00e4hler - max 65A\/Phase - REL200100100100<\/h2>\n<p><a href=\"https:\/\/fvcomponentes.com\/wp-content\/uploads\/2023\/03\/guia-de-seccion-de-contadores-de-energia-ES-.pdf\" target=\"_blank\" rel=\"noopener\">Victron EM540 3 Phasen - max 65A\/Phase Energiemessger\u00e4t anzeigen<\/a><\/p>","protected":false},"excerpt":{"rendered":"<p><strong>Anzeige:<\/strong> LCD<br \/>\n<strong>Phasen:<\/strong> 3<br \/>\n<strong>Maximaler Nennstrom:<\/strong> 65 A pro Phase<br \/>\n<strong>Aktualisierungsrate:<\/strong> 100 ms<\/p>","protected":false},"featured_media":15490,"comment_status":"open","ping_status":"closed","template":"","meta":{"site-sidebar-layout":"default","site-content-layout":"default","ast-site-content-layout":"default","site-content-style":"default","site-sidebar-style":"default","ast-global-header-display":"","ast-banner-title-visibility":"","ast-main-header-display":"","ast-hfb-above-header-display":"","ast-hfb-below-header-display":"","ast-hfb-mobile-header-display":"","site-post-title":"","ast-breadcrumbs-content":"","ast-featured-img":"","footer-sml-layout":"","ast-disable-related-posts":"","theme-transparent-header-meta":"default","adv-header-id-meta":"","stick-header-meta":"","header-above-stick-meta":"","header-main-stick-meta":"","header-below-stick-meta":"","astra-migrate-meta-layouts":"set","ast-page-background-enabled":"default","ast-page-background-meta":{"desktop":{"background-color":"var(--ast-global-color-4)","background-image":"","background-repeat":"repeat","background-position":"center center","background-size":"auto","background-attachment":"scroll","background-type":"","background-media":"","overlay-type":"","overlay-color":"","overlay-opacity":"","overlay-gradient":""},"tablet":{"background-color":"","background-image":"","background-repeat":"repeat","background-position":"center center","background-size":"auto","background-attachment":"scroll","background-type":"","background-media":"","overlay-type":"","overlay-color":"","overlay-opacity":"","overlay-gradient":""},"mobile":{"background-color":"","background-image":"","background-repeat":"repeat","background-position":"center center","background-size":"auto","background-attachment":"scroll","background-type":"","background-media":"","overlay-type":"","overlay-color":"","overlay-opacity":"","overlay-gradient":""}},"ast-content-background-meta":{"desktop":{"background-color":"var(--ast-global-color-5)","background-image":"","background-repeat":"repeat","background-position":"center center","background-size":"auto","background-attachment":"scroll","background-type":"","background-media":"","overlay-type":"","overlay-color":"","overlay-opacity":"","overlay-gradient":""},"tablet":{"background-color":"var(--ast-global-color-5)","background-image":"","background-repeat":"repeat","background-position":"center center","background-size":"auto","background-attachment":"scroll","background-type":"","background-media":"","overlay-type":"","overlay-color":"","overlay-opacity":"","overlay-gradient":""},"mobile":{"background-color":"var(--ast-global-color-5)","background-image":"","background-repeat":"repeat","background-position":"center center","background-size":"auto","background-attachment":"scroll","background-type":"","background-media":"","overlay-type":"","overlay-color":"","overlay-opacity":"","overlay-gradient":""}}},"pwb-brand":[332],"product_brand":[],"product_cat":[333,351,349],"product_tag":[],"class_list":{"0":"post-15488","1":"product","2":"type-product","3":"status-publish","4":"has-post-thumbnail","6":"pwb-brand-victron","7":"product_cat-inversores","8":"product_cat-accesorios","9":"product_cat-meters","10":"desktop-align-left","11":"tablet-align-left","12":"mobile-align-left","13":"ast-product-gallery-layout-horizontal-slider","14":"ast-product-gallery-with-no-image","15":"ast-product-tabs-layout-horizontal","17":"first","18":"instock","19":"taxable","20":"shipping-taxable","21":"purchasable","22":"product-type-simple"},"wcpa_form_fields":null,"brands":[{"id":332,"name":"Victron Energie","slug":"victron"}],"_links":{"self":[{"href":"https:\/\/fvcomponentes.com\/de\/wp-json\/wp\/v2\/product\/15488","targetHints":{"allow":["GET"]}}],"collection":[{"href":"https:\/\/fvcomponentes.com\/de\/wp-json\/wp\/v2\/product"}],"about":[{"href":"https:\/\/fvcomponentes.com\/de\/wp-json\/wp\/v2\/types\/product"}],"replies":[{"embeddable":true,"href":"https:\/\/fvcomponentes.com\/de\/wp-json\/wp\/v2\/comments?post=15488"}],"wp:featuredmedia":[{"embeddable":true,"href":"https:\/\/fvcomponentes.com\/de\/wp-json\/wp\/v2\/media\/15490"}],"wp:attachment":[{"href":"https:\/\/fvcomponentes.com\/de\/wp-json\/wp\/v2\/media?parent=15488"}],"wp:term":[{"taxonomy":"pwb-brand","embeddable":true,"href":"https:\/\/fvcomponentes.com\/de\/wp-json\/wp\/v2\/pwb-brand?post=15488"},{"taxonomy":"product_brand","embeddable":true,"href":"https:\/\/fvcomponentes.com\/de\/wp-json\/wp\/v2\/product_brand?post=15488"},{"taxonomy":"product_cat","embeddable":true,"href":"https:\/\/fvcomponentes.com\/de\/wp-json\/wp\/v2\/product_cat?post=15488"},{"taxonomy":"product_tag","embeddable":true,"href":"https:\/\/fvcomponentes.com\/de\/wp-json\/wp\/v2\/product_tag?post=15488"}],"curies":[{"name":"wp","href":"https:\/\/api.w.org\/{rel}","templated":true}]}}