{"id":15428,"date":"2024-06-24T08:43:56","date_gmt":"2024-06-24T06:43:56","guid":{"rendered":"https:\/\/fvcomponentes.com\/?post_type=product&#038;p=15428"},"modified":"2026-04-08T21:28:05","modified_gmt":"2026-04-08T19:28:05","slug":"victron-schnittstellenkabel-victron-ve-direkt-zu-usb-c-ass030530030","status":"publish","type":"product","link":"https:\/\/fvcomponentes.com\/de\/producto\/cable-interfaz-victron-ve-direct-a-usb-c-ass030530030\/","title":{"rendered":"Victron VE.Direct zu USB-C Schnittstellenkabel - ASS030530030"},"content":{"rendered":"<h2>Eigenschaften des Victron VE.Direct auf USB-C Schnittstellenkabel - ASS030530030<\/h2>\n<p>Das Victron VE.Direct zu USB-C Schnittstellenkabel - ASS030530030 verbindet Produkte mit VE.Direct Anschluss mit Ger\u00e4ten mit einem USB-C Anschluss, z.B. einem Computer.<\/p>\n<p>Mit diesem Kabel ist es m\u00f6glich, mehr als zwei VE.Direct-Produkte an einen einzigen CCGX anzuschlie\u00dfen.<\/p>\n<h3><span style=\"color: #000000;\">VE.Direct an USB-C Schnittstelle kompatible Ger\u00e4te<\/span><\/h3>\n<p><span style=\"color: #000000;\">Die Ger\u00e4te, die an diese VE.Direct-USB-C-Schnittstelle angeschlossen werden k\u00f6nnen, sind:<\/span><\/p>\n<p><span style=\"color: #000000;\">- Blue Solar MPPT-Steuerungen<\/span><\/p>\n<p><span style=\"color: #000000;\">- Die Phoenix VE.Direct-Wechselrichter<\/span><\/p>\n<p><span style=\"color: #000000;\">- Batterie-Monitor BMV700<\/span><\/p>\n<p><span style=\"color: #000000;\">- Blue Solar MPPT-Regler.<\/span><\/p>\n<p><span style=\"color: #000000;\">Je nach dem anzuschlie\u00dfenden Ger\u00e4t sind unterschiedliche Betriebsparameter zu beachten.<\/span><\/p>\n<p><span style=\"color: #000000;\">Bei den Blue Solar MPPT-Reglern k\u00f6nnen die Batterieladespannungen und der von den Modulen erzeugte Strom \u00fcberwacht werden. Bei den Phoenix VE.Direct Wechselrichtern k\u00f6nnen insbesondere die Batterieunterspannung und das Alarmsignal \u00fcberwacht werden.<\/span><\/p>\n<h3><span style=\"color: #000000;\">Wie kann ich Victron-Ger\u00e4te \u00fcber die VE.Direct-Schnittstelle an USB-C anschlie\u00dfen?<\/span><\/h3>\n<p><span style=\"color: #000000;\">Es gibt zwei M\u00f6glichkeiten, eine Verbindung zu Victron-Ger\u00e4ten herzustellen,\u00a0<strong>mit dem VE.Direct to USB oder mit dem VE.Direct Bluetooth Smart Dongle.<\/strong>. Mit dem VE.Direct zu USB k\u00f6nnen Sie Victron-Ger\u00e4te an Windows-PCs und MAC-Computer anschlie\u00dfen. Dar\u00fcber hinaus k\u00f6nnen Sie mit dem VE.Direct Bluetooth Smart Dongle Victron-Ger\u00e4te mit Apple- und Android-Smartphones, Tablets, Macbooks und anderen Ger\u00e4ten verbinden.<\/span><\/p>","protected":false},"excerpt":{"rendered":"<p>Technische Daten des Victron VE.Direct to USB Schnittstellenkabel:<\/p>\n<ul>\n<li><b>L\u00e4nge: <\/b>0.9m<\/li>\n<li><strong>Ausgangsschnittstelle:<\/strong> USB Typ-C<\/li>\n<\/ul>\n<p>&nbsp;<\/p>","protected":false},"featured_media":15430,"comment_status":"open","ping_status":"closed","template":"","meta":{"site-sidebar-layout":"default","site-content-layout":"default","ast-site-content-layout":"default","site-content-style":"default","site-sidebar-style":"default","ast-global-header-display":"","ast-banner-title-visibility":"","ast-main-header-display":"","ast-hfb-above-header-display":"","ast-hfb-below-header-display":"","ast-hfb-mobile-header-display":"","site-post-title":"","ast-breadcrumbs-content":"","ast-featured-img":"","footer-sml-layout":"","ast-disable-related-posts":"","theme-transparent-header-meta":"default","adv-header-id-meta":"","stick-header-meta":"","header-above-stick-meta":"","header-main-stick-meta":"","header-below-stick-meta":"","astra-migrate-meta-layouts":"set","ast-page-background-enabled":"default","ast-page-background-meta":{"desktop":{"background-color":"var(--ast-global-color-4)","background-image":"","background-repeat":"repeat","background-position":"center center","background-size":"auto","background-attachment":"scroll","background-type":"","background-media":"","overlay-type":"","overlay-color":"","overlay-opacity":"","overlay-gradient":""},"tablet":{"background-color":"","background-image":"","background-repeat":"repeat","background-position":"center center","background-size":"auto","background-attachment":"scroll","background-type":"","background-media":"","overlay-type":"","overlay-color":"","overlay-opacity":"","overlay-gradient":""},"mobile":{"background-color":"","background-image":"","background-repeat":"repeat","background-position":"center center","background-size":"auto","background-attachment":"scroll","background-type":"","background-media":"","overlay-type":"","overlay-color":"","overlay-opacity":"","overlay-gradient":""}},"ast-content-background-meta":{"desktop":{"background-color":"var(--ast-global-color-5)","background-image":"","background-repeat":"repeat","background-position":"center center","background-size":"auto","background-attachment":"scroll","background-type":"","background-media":"","overlay-type":"","overlay-color":"","overlay-opacity":"","overlay-gradient":""},"tablet":{"background-color":"var(--ast-global-color-5)","background-image":"","background-repeat":"repeat","background-position":"center center","background-size":"auto","background-attachment":"scroll","background-type":"","background-media":"","overlay-type":"","overlay-color":"","overlay-opacity":"","overlay-gradient":""},"mobile":{"background-color":"var(--ast-global-color-5)","background-image":"","background-repeat":"repeat","background-position":"center center","background-size":"auto","background-attachment":"scroll","background-type":"","background-media":"","overlay-type":"","overlay-color":"","overlay-opacity":"","overlay-gradient":""}}},"pwb-brand":[332],"product_brand":[],"product_cat":[351,878,333],"product_tag":[],"class_list":{"0":"post-15428","1":"product","2":"type-product","3":"status-publish","4":"has-post-thumbnail","6":"pwb-brand-victron","7":"product_cat-accesorios","8":"product_cat-cables-victron","9":"product_cat-inversores","10":"desktop-align-left","11":"tablet-align-left","12":"mobile-align-left","13":"ast-product-gallery-layout-horizontal-slider","14":"ast-product-tabs-layout-horizontal","16":"first","17":"instock","18":"taxable","19":"shipping-taxable","20":"purchasable","21":"product-type-simple"},"wcpa_form_fields":null,"brands":[{"id":332,"name":"Victron Energie","slug":"victron"}],"_links":{"self":[{"href":"https:\/\/fvcomponentes.com\/de\/wp-json\/wp\/v2\/product\/15428","targetHints":{"allow":["GET"]}}],"collection":[{"href":"https:\/\/fvcomponentes.com\/de\/wp-json\/wp\/v2\/product"}],"about":[{"href":"https:\/\/fvcomponentes.com\/de\/wp-json\/wp\/v2\/types\/product"}],"replies":[{"embeddable":true,"href":"https:\/\/fvcomponentes.com\/de\/wp-json\/wp\/v2\/comments?post=15428"}],"wp:featuredmedia":[{"embeddable":true,"href":"https:\/\/fvcomponentes.com\/de\/wp-json\/wp\/v2\/media\/15430"}],"wp:attachment":[{"href":"https:\/\/fvcomponentes.com\/de\/wp-json\/wp\/v2\/media?parent=15428"}],"wp:term":[{"taxonomy":"pwb-brand","embeddable":true,"href":"https:\/\/fvcomponentes.com\/de\/wp-json\/wp\/v2\/pwb-brand?post=15428"},{"taxonomy":"product_brand","embeddable":true,"href":"https:\/\/fvcomponentes.com\/de\/wp-json\/wp\/v2\/product_brand?post=15428"},{"taxonomy":"product_cat","embeddable":true,"href":"https:\/\/fvcomponentes.com\/de\/wp-json\/wp\/v2\/product_cat?post=15428"},{"taxonomy":"product_tag","embeddable":true,"href":"https:\/\/fvcomponentes.com\/de\/wp-json\/wp\/v2\/product_tag?post=15428"}],"curies":[{"name":"wp","href":"https:\/\/api.w.org\/{rel}","templated":true}]}}