{"id":15422,"date":"2024-06-24T08:28:22","date_gmt":"2024-06-24T06:28:22","guid":{"rendered":"https:\/\/fvcomponentes.com\/?post_type=product&#038;p=15422"},"modified":"2026-04-08T21:30:44","modified_gmt":"2026-04-08T19:30:44","slug":"modul-victron-ve-direkt-lorawan-us902-928-ass030540010","status":"publish","type":"product","link":"https:\/\/fvcomponentes.com\/de\/producto\/modulo-victron-ve-direct-lorawan-us902-928-ass030540010\/","title":{"rendered":"Victron VE.Direct LoRaWAN-Modul US902-928 - ASS030540010"},"content":{"rendered":"<h2>Eigenschaften des Victron VE.Direct LoRaWAN-Moduls US902-928 - ASS030540010<\/h2>\n<p>Das Victron VE.Direct LoRaWAN-Modul AU915-928 - ASS030542010 ist eine Komponente, die die Anbindung von Victron-Energiesystemen und -Ger\u00e4ten an LoRaWAN-Netzwerke (Long Range Wide Area Network) erm\u00f6glicht. Die Idee ist, das kostenlose \"Netzwerk der Dinge\" zu nutzen, um Ihr VE.Direct-Ger\u00e4t \u00fcber das Victron VRM-Portal aus der Ferne \u00fcberwachen zu k\u00f6nnen. Mit dem Victron VE.Direct LoRaWAN AU915-928 - ASS030542010 Modul k\u00f6nnen Sie Daten von Ihrem BMV, MPPT oder Phoenix Wechselrichter aus der Ferne auslesen. Zeigen Sie Informationen wie den Batterie- oder Solarstromstatus \u00fcberall auf Ihrem Desktop-Computer oder Mobiltelefon an.<\/p>\n<h2 class=\"productDetails__block-title\"><span class=\"productDetails__block-title-content\">VRM Online-Portal<\/span><\/h2>\n<div class=\"productDetails__block-description\">\n<p>Sie k\u00f6nnen den Status Ihrer angeschlossenen Produkte auf unserer kostenlosen Fern\u00fcberwachungs-Website \u00fcberpr\u00fcfen: dem VRM Online-Portal. Um Ihnen eine Vorstellung davon zu geben, wie das VRM Online-Portal aussieht, besuchen Sie bitte\u00a0<a href=\"https:\/\/vrm.victronenergy.com\/landingpage\" target=\"_blank\" rel=\"noopener\">vrm.victronenergy.com<\/a>und benutzen Sie die Schaltfl\u00e4che \"Testen Sie unsere Demo\". Die Nutzung des Portals ist kostenlos.<\/p>\n<h2 class=\"productDetails__block-title\"><span class=\"productDetails__block-title-content\">Weitreichendes Weitverkehrsnetz<\/span><\/h2>\n<div class=\"productDetails__block-description\">\n<p>LoRaWAN ist ein drahtloses Netzwerk, das auf der 868-MHz-Frequenz arbeitet. Es hat eine gro\u00dfe Reichweite und verbraucht eine geringe Menge Strom. Das Modul VE.Direct to LoRaWAN kann st\u00fcndlich aktualisierte Daten \u00fcber dieses Netzwerk senden. F\u00fcr die Nutzung dieses Netzwerks ist kein Abonnement erforderlich. Wenn Sie in Ihrem Gebiet keine Netzabdeckung haben, k\u00f6nnen Sie Ihr eigenes Gateway hinzuf\u00fcgen.<\/p>\n<h2>Victron VE.Direct LoRaWAN Modul Handbuch US902-928<\/h2>\n<p><a href=\"https:\/\/fvcomponentes.com\/wp-content\/uploads\/2025\/10\/ve.direct_lorawan_module_manual-1.pdf\" target=\"_blank\" rel=\"noopener\">Siehe Handbuch f\u00fcr Victron VE.Direct LoRaWAN Modul US902-928<\/a><\/p>\n<\/div>\n<\/div>","protected":false},"excerpt":{"rendered":"<p>So verbinden Sie einen BMV-, MPPT- oder Phoenix-Wechselrichter mit dem VRM-Portal (Victron Remote Management).<\/p>","protected":false},"featured_media":15424,"comment_status":"open","ping_status":"closed","template":"","meta":{"site-sidebar-layout":"default","site-content-layout":"default","ast-site-content-layout":"default","site-content-style":"default","site-sidebar-style":"default","ast-global-header-display":"","ast-banner-title-visibility":"","ast-main-header-display":"","ast-hfb-above-header-display":"","ast-hfb-below-header-display":"","ast-hfb-mobile-header-display":"","site-post-title":"","ast-breadcrumbs-content":"","ast-featured-img":"","footer-sml-layout":"","ast-disable-related-posts":"","theme-transparent-header-meta":"default","adv-header-id-meta":"","stick-header-meta":"","header-above-stick-meta":"","header-main-stick-meta":"","header-below-stick-meta":"","astra-migrate-meta-layouts":"set","ast-page-background-enabled":"default","ast-page-background-meta":{"desktop":{"background-color":"var(--ast-global-color-4)","background-image":"","background-repeat":"repeat","background-position":"center center","background-size":"auto","background-attachment":"scroll","background-type":"","background-media":"","overlay-type":"","overlay-color":"","overlay-opacity":"","overlay-gradient":""},"tablet":{"background-color":"","background-image":"","background-repeat":"repeat","background-position":"center center","background-size":"auto","background-attachment":"scroll","background-type":"","background-media":"","overlay-type":"","overlay-color":"","overlay-opacity":"","overlay-gradient":""},"mobile":{"background-color":"","background-image":"","background-repeat":"repeat","background-position":"center center","background-size":"auto","background-attachment":"scroll","background-type":"","background-media":"","overlay-type":"","overlay-color":"","overlay-opacity":"","overlay-gradient":""}},"ast-content-background-meta":{"desktop":{"background-color":"var(--ast-global-color-5)","background-image":"","background-repeat":"repeat","background-position":"center center","background-size":"auto","background-attachment":"scroll","background-type":"","background-media":"","overlay-type":"","overlay-color":"","overlay-opacity":"","overlay-gradient":""},"tablet":{"background-color":"var(--ast-global-color-5)","background-image":"","background-repeat":"repeat","background-position":"center center","background-size":"auto","background-attachment":"scroll","background-type":"","background-media":"","overlay-type":"","overlay-color":"","overlay-opacity":"","overlay-gradient":""},"mobile":{"background-color":"var(--ast-global-color-5)","background-image":"","background-repeat":"repeat","background-position":"center center","background-size":"auto","background-attachment":"scroll","background-type":"","background-media":"","overlay-type":"","overlay-color":"","overlay-opacity":"","overlay-gradient":""}}},"pwb-brand":[332],"product_brand":[],"product_cat":[333,934],"product_tag":[],"class_list":{"0":"post-15422","1":"product","2":"type-product","3":"status-publish","4":"has-post-thumbnail","6":"pwb-brand-victron","7":"product_cat-inversores","8":"product_cat-monitorizacion","9":"desktop-align-left","10":"tablet-align-left","11":"mobile-align-left","12":"ast-product-gallery-layout-horizontal-slider","13":"ast-product-gallery-with-no-image","14":"ast-product-tabs-layout-horizontal","16":"first","17":"instock","18":"taxable","19":"shipping-taxable","20":"purchasable","21":"product-type-simple"},"wcpa_form_fields":null,"brands":[{"id":332,"name":"Victron Energie","slug":"victron"}],"_links":{"self":[{"href":"https:\/\/fvcomponentes.com\/de\/wp-json\/wp\/v2\/product\/15422","targetHints":{"allow":["GET"]}}],"collection":[{"href":"https:\/\/fvcomponentes.com\/de\/wp-json\/wp\/v2\/product"}],"about":[{"href":"https:\/\/fvcomponentes.com\/de\/wp-json\/wp\/v2\/types\/product"}],"replies":[{"embeddable":true,"href":"https:\/\/fvcomponentes.com\/de\/wp-json\/wp\/v2\/comments?post=15422"}],"wp:featuredmedia":[{"embeddable":true,"href":"https:\/\/fvcomponentes.com\/de\/wp-json\/wp\/v2\/media\/15424"}],"wp:attachment":[{"href":"https:\/\/fvcomponentes.com\/de\/wp-json\/wp\/v2\/media?parent=15422"}],"wp:term":[{"taxonomy":"pwb-brand","embeddable":true,"href":"https:\/\/fvcomponentes.com\/de\/wp-json\/wp\/v2\/pwb-brand?post=15422"},{"taxonomy":"product_brand","embeddable":true,"href":"https:\/\/fvcomponentes.com\/de\/wp-json\/wp\/v2\/product_brand?post=15422"},{"taxonomy":"product_cat","embeddable":true,"href":"https:\/\/fvcomponentes.com\/de\/wp-json\/wp\/v2\/product_cat?post=15422"},{"taxonomy":"product_tag","embeddable":true,"href":"https:\/\/fvcomponentes.com\/de\/wp-json\/wp\/v2\/product_tag?post=15422"}],"curies":[{"name":"wp","href":"https:\/\/api.w.org\/{rel}","templated":true}]}}