{"id":15383,"date":"2024-06-21T12:09:37","date_gmt":"2024-06-21T10:09:37","guid":{"rendered":"https:\/\/fvcomponentes.com\/?post_type=product&#038;p=15383"},"modified":"2026-04-08T21:30:58","modified_gmt":"2026-04-08T19:30:58","slug":"victron-gx-tank-140-uberwachung-bpp920140100-bpp920140100","status":"publish","type":"product","link":"https:\/\/fvcomponentes.com\/de\/producto\/monitorizacion-victron-gx-tank-140-bpp920140100\/","title":{"rendered":"Victron GX Tank 140 \u00dcberwachung - BPP920140100"},"content":{"rendered":"<h2>Eigenschaften des Victron GX Tank 140 Monitoring - BPP920140100<\/h2>\n<p>Das \u00dcberwachungsger\u00e4t Victron GX Tank 140 - BPP920140100 empf\u00e4ngt Messwerte von bis zu vier Tankf\u00fcllstandssensoren. Er ist ein Zubeh\u00f6rteil f\u00fcr unser Sortiment an GX-System\u00fcberwachungsprodukten, zu denen auch die <a href=\"https:\/\/fvcomponentes.com\/de\/produkt\/victron-cerbo-gx-mk2-bpp900451100-victron-cerbo-mk2-monitor\/\" target=\"_blank\" rel=\"noopener\">Victron Cerbo GX MK2 \u00dcberwachung - BPP900451100<\/a> ist das am h\u00e4ufigsten verwendete Modell. Tankf\u00fcllst\u00e4nde k\u00f6nnen sowohl lokal auf dem System als auch aus der Ferne \u00fcber unser VRM Portal abgelesen werden.<\/p>\n<p>Das \u00dcberwachungsger\u00e4t Victron GX Tank 140 - BPP920140100 ist mit Strom- (4 bis 20 mA) und Spannungsgebern (0 bis 10 V) kompatibel. Der Anschluss an das GX-Ger\u00e4t erfolgt \u00fcber USB, das auch f\u00fcr die Stromversorgung des GX-Tanks verwendet wird: Es sind keine zus\u00e4tzlichen Stromkabel erforderlich.<\/p>\n<p>Die Verdrahtung des Tanksenders ist so einfach wie m\u00f6glich: Zwei der vier Eing\u00e4nge liefern 24 V, um den Sender zu versorgen. Die anderen beiden Dr\u00e4hte ben\u00f6tigen eine externe Stromversorgung, und es gibt eine Stromeingangsklemme und abgesicherte Ausg\u00e4nge, um dies zu erleichtern.<\/p>\n<p>Die oberen und unteren Grenzwerte k\u00f6nnen eingestellt werden, um die Verwendung von Transmittern zu erm\u00f6glichen, die nur einen Teil des Bereichs, z. B. 0 bis 5 V, liefern.<\/p>\n<p>Um einen stabilen Messwert zu erhalten, werden die Messwerte durch Mittelwertbildung ged\u00e4mpft. Die D\u00e4mpfung kann zwischen 1 und 60 Sekunden eingestellt werden.<\/p>\n<p>Fehlerhafte Sensoren und Verdrahtungsprobleme werden erkannt: Ein Alarm wird ausgel\u00f6st, wenn die Werte au\u00dferhalb des Bereichs liegen.<\/p>\n<p>Bei Schiffsanwendungen kann das GX-Ger\u00e4t diese Tankf\u00fcllst\u00e4nde \u00fcber das NMEA-2000-Netzwerk \u00fcbertragen, damit sie von anderen Ger\u00e4ten, wie z. B. Multifunktionsanzeigen, empfangen werden k\u00f6nnen.<\/p>\n<h2>Victron GX Tank 140 \u00dcberwachungshandbuch - BPP920140100<\/h2>\n<p><a href=\"https:\/\/fvcomponentes.com\/wp-content\/uploads\/2024\/06\/Manual-Victron-GX-Tank-140.pdf\" target=\"_blank\" rel=\"noopener\">Das Victron GX Tank 140 - BPP920140100 \u00dcberwachungshandbuch anzeigen<\/a><\/p>","protected":false},"excerpt":{"rendered":"<ul>\n<li>Empf\u00e4ngt Messwerte von bis zu vier Tankf\u00fcllstandssensoren.<\/li>\n<li>Kompatibel mit Strom- (4 bis 20 mA) und Spannungsgebern (0 bis 10 V).<\/li>\n<li>Es sind keine zus\u00e4tzlichen Stromkabel erforderlich.<\/li>\n<\/ul>","protected":false},"featured_media":15387,"comment_status":"open","ping_status":"closed","template":"","meta":{"site-sidebar-layout":"default","site-content-layout":"default","ast-site-content-layout":"default","site-content-style":"default","site-sidebar-style":"default","ast-global-header-display":"","ast-banner-title-visibility":"","ast-main-header-display":"","ast-hfb-above-header-display":"","ast-hfb-below-header-display":"","ast-hfb-mobile-header-display":"","site-post-title":"","ast-breadcrumbs-content":"","ast-featured-img":"","footer-sml-layout":"","ast-disable-related-posts":"","theme-transparent-header-meta":"default","adv-header-id-meta":"","stick-header-meta":"","header-above-stick-meta":"","header-main-stick-meta":"","header-below-stick-meta":"","astra-migrate-meta-layouts":"set","ast-page-background-enabled":"default","ast-page-background-meta":{"desktop":{"background-color":"var(--ast-global-color-4)","background-image":"","background-repeat":"repeat","background-position":"center center","background-size":"auto","background-attachment":"scroll","background-type":"","background-media":"","overlay-type":"","overlay-color":"","overlay-opacity":"","overlay-gradient":""},"tablet":{"background-color":"","background-image":"","background-repeat":"repeat","background-position":"center center","background-size":"auto","background-attachment":"scroll","background-type":"","background-media":"","overlay-type":"","overlay-color":"","overlay-opacity":"","overlay-gradient":""},"mobile":{"background-color":"","background-image":"","background-repeat":"repeat","background-position":"center center","background-size":"auto","background-attachment":"scroll","background-type":"","background-media":"","overlay-type":"","overlay-color":"","overlay-opacity":"","overlay-gradient":""}},"ast-content-background-meta":{"desktop":{"background-color":"var(--ast-global-color-5)","background-image":"","background-repeat":"repeat","background-position":"center center","background-size":"auto","background-attachment":"scroll","background-type":"","background-media":"","overlay-type":"","overlay-color":"","overlay-opacity":"","overlay-gradient":""},"tablet":{"background-color":"var(--ast-global-color-5)","background-image":"","background-repeat":"repeat","background-position":"center center","background-size":"auto","background-attachment":"scroll","background-type":"","background-media":"","overlay-type":"","overlay-color":"","overlay-opacity":"","overlay-gradient":""},"mobile":{"background-color":"var(--ast-global-color-5)","background-image":"","background-repeat":"repeat","background-position":"center center","background-size":"auto","background-attachment":"scroll","background-type":"","background-media":"","overlay-type":"","overlay-color":"","overlay-opacity":"","overlay-gradient":""}}},"pwb-brand":[332],"product_brand":[],"product_cat":[333,934],"product_tag":[],"class_list":{"0":"post-15383","1":"product","2":"type-product","3":"status-publish","4":"has-post-thumbnail","6":"pwb-brand-victron","7":"product_cat-inversores","8":"product_cat-monitorizacion","9":"desktop-align-left","10":"tablet-align-left","11":"mobile-align-left","12":"ast-product-gallery-layout-horizontal-slider","13":"ast-product-tabs-layout-horizontal","15":"first","16":"instock","17":"taxable","18":"shipping-taxable","19":"purchasable","20":"product-type-simple"},"wcpa_form_fields":null,"brands":[{"id":332,"name":"Victron Energie","slug":"victron"}],"_links":{"self":[{"href":"https:\/\/fvcomponentes.com\/de\/wp-json\/wp\/v2\/product\/15383","targetHints":{"allow":["GET"]}}],"collection":[{"href":"https:\/\/fvcomponentes.com\/de\/wp-json\/wp\/v2\/product"}],"about":[{"href":"https:\/\/fvcomponentes.com\/de\/wp-json\/wp\/v2\/types\/product"}],"replies":[{"embeddable":true,"href":"https:\/\/fvcomponentes.com\/de\/wp-json\/wp\/v2\/comments?post=15383"}],"wp:featuredmedia":[{"embeddable":true,"href":"https:\/\/fvcomponentes.com\/de\/wp-json\/wp\/v2\/media\/15387"}],"wp:attachment":[{"href":"https:\/\/fvcomponentes.com\/de\/wp-json\/wp\/v2\/media?parent=15383"}],"wp:term":[{"taxonomy":"pwb-brand","embeddable":true,"href":"https:\/\/fvcomponentes.com\/de\/wp-json\/wp\/v2\/pwb-brand?post=15383"},{"taxonomy":"product_brand","embeddable":true,"href":"https:\/\/fvcomponentes.com\/de\/wp-json\/wp\/v2\/product_brand?post=15383"},{"taxonomy":"product_cat","embeddable":true,"href":"https:\/\/fvcomponentes.com\/de\/wp-json\/wp\/v2\/product_cat?post=15383"},{"taxonomy":"product_tag","embeddable":true,"href":"https:\/\/fvcomponentes.com\/de\/wp-json\/wp\/v2\/product_tag?post=15383"}],"curies":[{"name":"wp","href":"https:\/\/api.w.org\/{rel}","templated":true}]}}