{"id":15370,"date":"2024-06-21T11:38:36","date_gmt":"2024-06-21T09:38:36","guid":{"rendered":"https:\/\/fvcomponentes.com\/?post_type=product&#038;p=15370"},"modified":"2026-04-08T21:34:38","modified_gmt":"2026-04-08T19:34:38","slug":"victron-ve-can-resistive-tank-sender-adapter-bpp900600100","status":"publish","type":"product","link":"https:\/\/fvcomponentes.com\/de\/producto\/victron-ve-can-resistive-tank-sender-adapter-bpp900600100\/","title":{"rendered":"Victron VE.Can widerstandsf\u00e4higer Tankgeberadapter - BPP900600100100"},"content":{"rendered":"<h2>Eigenschaften des Victron VE.Can resistiven Tankgeberadapters - BPP900600100100<\/h2>\n<div>\n<p>Der Victron VE.Can Widerstands-Tankgeberadapter - BPP900600100, erm\u00f6glicht den Anschluss eines Standard-Widerstands-Tankgebers an den Victron VE.Can Widerstands-Tankgeberadapter - BPP900600100. <a href=\"https:\/\/fvcomponentes.com\/de\/produkt\/victron-farbkontrolle-gx-display\/\" target=\"_blank\" rel=\"noopener\">Victron Farbsteuerung GX Anzeige - BPP010300300100R<\/a>. Er ist sowohl mit den europ\u00e4ischen 0-180-Ohm- als auch den US-amerikanischen 240-30-Ohm-Normen f\u00fcr Tankf\u00fcllstandstransmitter kompatibel und hat eine Genauigkeit von \u00b11%. Es ist leicht konfigurierbar in resistiven Messumformern f\u00fcr Kraftstoff-, Trinkwasser-, Abwasser-, Brunnenwasser-, \u00d6l- und Abwassertanks (Abwasser). Er ist mit bis zu 16 Tanks jedes Typs kompatibel. Es handelt sich um eine einfach zu konfigurierende Einheit mit zwei kleinen Drehschaltern, die \u00fcber das VE.Can-Netz versorgt wird.<\/p>\n<p>Wenn Sie einen Skylla-i oder einen MPPT mit CAN-Bus im System verwenden, wird der CAN-Bus von einem der beiden Ger\u00e4te mit Strom versorgt. Wenn der CAN-Bus nicht von einem Skylla-I oder MPPT versorgt wird, ben\u00f6tigen Sie das neue CAN-Bus-Netzteil. <a href=\"https:\/\/fvcomponentes.com\/de\/produkt\/victron-stromkabel-fur-ve-can-resistive-tank-sender-adapter-ass03069690000\/\" target=\"_blank\" rel=\"noopener\">Victron Stromkabel f\u00fcr VE.Can Widerstands-Tankgeberadapter - ASS030690000<\/a> um Strom zu liefern.<\/p>\n<\/div>\n<h2>Victron VE.Can widerstandsf\u00e4higer Tankgeberadapter Handbuch - BPP900600100100<\/h2>\n<p><a href=\"https:\/\/fvcomponentes.com\/wp-content\/uploads\/2025\/10\/ve.can_resistive_tank_sender_adapter_manual.pdf\" target=\"_blank\" rel=\"noopener\">Siehe Handbuch f\u00fcr Victron VE.Can Widerstandstankgeber-Adapter<\/a><\/p>","protected":false},"excerpt":{"rendered":"<ul>\n<li>Kompatibel mit dem europ\u00e4ischen Standard 0-180 Ohm und dem US-Standard 240-30 Ohm.<\/li>\n<li>Leicht konfigurierbar in resistiven Messumformern f\u00fcr Kraftstofftanks, Trinkwasser, Abwasser, Brunnenwasser, \u00d6l und Abwasser (F\u00e4kalien).<\/li>\n<li>Genauigkeit \u00b11%<\/li>\n<li>Es wird \u00fcber das VE.Can-Netz mit Strom versorgt.<\/li>\n<\/ul>","protected":false},"featured_media":15373,"comment_status":"open","ping_status":"closed","template":"","meta":{"site-sidebar-layout":"default","site-content-layout":"default","ast-site-content-layout":"default","site-content-style":"default","site-sidebar-style":"default","ast-global-header-display":"","ast-banner-title-visibility":"","ast-main-header-display":"","ast-hfb-above-header-display":"","ast-hfb-below-header-display":"","ast-hfb-mobile-header-display":"","site-post-title":"","ast-breadcrumbs-content":"","ast-featured-img":"","footer-sml-layout":"","ast-disable-related-posts":"","theme-transparent-header-meta":"default","adv-header-id-meta":"","stick-header-meta":"","header-above-stick-meta":"","header-main-stick-meta":"","header-below-stick-meta":"","astra-migrate-meta-layouts":"set","ast-page-background-enabled":"default","ast-page-background-meta":{"desktop":{"background-color":"var(--ast-global-color-4)","background-image":"","background-repeat":"repeat","background-position":"center center","background-size":"auto","background-attachment":"scroll","background-type":"","background-media":"","overlay-type":"","overlay-color":"","overlay-opacity":"","overlay-gradient":""},"tablet":{"background-color":"","background-image":"","background-repeat":"repeat","background-position":"center center","background-size":"auto","background-attachment":"scroll","background-type":"","background-media":"","overlay-type":"","overlay-color":"","overlay-opacity":"","overlay-gradient":""},"mobile":{"background-color":"","background-image":"","background-repeat":"repeat","background-position":"center center","background-size":"auto","background-attachment":"scroll","background-type":"","background-media":"","overlay-type":"","overlay-color":"","overlay-opacity":"","overlay-gradient":""}},"ast-content-background-meta":{"desktop":{"background-color":"var(--ast-global-color-5)","background-image":"","background-repeat":"repeat","background-position":"center center","background-size":"auto","background-attachment":"scroll","background-type":"","background-media":"","overlay-type":"","overlay-color":"","overlay-opacity":"","overlay-gradient":""},"tablet":{"background-color":"var(--ast-global-color-5)","background-image":"","background-repeat":"repeat","background-position":"center center","background-size":"auto","background-attachment":"scroll","background-type":"","background-media":"","overlay-type":"","overlay-color":"","overlay-opacity":"","overlay-gradient":""},"mobile":{"background-color":"var(--ast-global-color-5)","background-image":"","background-repeat":"repeat","background-position":"center center","background-size":"auto","background-attachment":"scroll","background-type":"","background-media":"","overlay-type":"","overlay-color":"","overlay-opacity":"","overlay-gradient":""}}},"pwb-brand":[332],"product_brand":[],"product_cat":[333,878,410,934],"product_tag":[],"class_list":{"0":"post-15370","1":"product","2":"type-product","3":"status-publish","4":"has-post-thumbnail","6":"pwb-brand-victron","7":"product_cat-inversores","8":"product_cat-cables-victron","9":"product_cat-material-electrico","10":"product_cat-monitorizacion","11":"desktop-align-left","12":"tablet-align-left","13":"mobile-align-left","14":"ast-product-gallery-layout-horizontal-slider","15":"ast-product-tabs-layout-horizontal","17":"first","18":"instock","19":"taxable","20":"shipping-taxable","21":"purchasable","22":"product-type-simple"},"wcpa_form_fields":null,"brands":[{"id":332,"name":"Victron Energie","slug":"victron"}],"_links":{"self":[{"href":"https:\/\/fvcomponentes.com\/de\/wp-json\/wp\/v2\/product\/15370","targetHints":{"allow":["GET"]}}],"collection":[{"href":"https:\/\/fvcomponentes.com\/de\/wp-json\/wp\/v2\/product"}],"about":[{"href":"https:\/\/fvcomponentes.com\/de\/wp-json\/wp\/v2\/types\/product"}],"replies":[{"embeddable":true,"href":"https:\/\/fvcomponentes.com\/de\/wp-json\/wp\/v2\/comments?post=15370"}],"wp:featuredmedia":[{"embeddable":true,"href":"https:\/\/fvcomponentes.com\/de\/wp-json\/wp\/v2\/media\/15373"}],"wp:attachment":[{"href":"https:\/\/fvcomponentes.com\/de\/wp-json\/wp\/v2\/media?parent=15370"}],"wp:term":[{"taxonomy":"pwb-brand","embeddable":true,"href":"https:\/\/fvcomponentes.com\/de\/wp-json\/wp\/v2\/pwb-brand?post=15370"},{"taxonomy":"product_brand","embeddable":true,"href":"https:\/\/fvcomponentes.com\/de\/wp-json\/wp\/v2\/product_brand?post=15370"},{"taxonomy":"product_cat","embeddable":true,"href":"https:\/\/fvcomponentes.com\/de\/wp-json\/wp\/v2\/product_cat?post=15370"},{"taxonomy":"product_tag","embeddable":true,"href":"https:\/\/fvcomponentes.com\/de\/wp-json\/wp\/v2\/product_tag?post=15370"}],"curies":[{"name":"wp","href":"https:\/\/api.w.org\/{rel}","templated":true}]}}