{"id":15348,"date":"2024-06-21T10:50:20","date_gmt":"2024-06-21T08:50:20","guid":{"rendered":"https:\/\/fvcomponentes.com\/?post_type=product&#038;p=15348"},"modified":"2026-04-04T12:49:06","modified_gmt":"2026-04-04T10:49:06","slug":"automatisches-umschaltgerat-victron-filax-2-110v-50hz-120v-60hz-sdfi0000110","status":"publish","type":"product","link":"https:\/\/fvcomponentes.com\/de\/producto\/conmutador-automatico-victron-filax-2-110v-50hz-120v-60hz-sdfi0000110\/","title":{"rendered":"Victron Filax-2 110V\/50Hz-120V\/60Hz automatischer Umschalter - SDFI0000110"},"content":{"rendered":"<h2>Eigenschaften des Victron Filax-2 110V\/50Hz-120V\/60Hz Automatischer Umschalter 110V\/50Hz-120V\/60Hz - SDFI0000110<\/h2>\n<p>Der automatische Umschalter Victron Filax-2 230V\/50Hz-240V\/60Hz - SDFI0000000 dient zum Umschalten empfindlicher Verbraucher, wie z.B. Computer oder moderne Unterhaltungsger\u00e4te, von einer Wechselstromquelle auf eine andere. Die vorrangige Quelle ist in der Regel das Stromnetz, der Generator oder die Landstromversorgung. Die alternative Quelle ist in der Regel ein Wechselrichter. Mit seiner Umschaltzeit von weniger als 20 Millisekunden k\u00f6nnen empfindliche Verbraucher ohne Unterbrechung weiter betrieben werden. Der Filax ist nicht f\u00fcr den Betrieb von Haushaltsger\u00e4ten mit hohem Stromverbrauch wie Waschmaschinen oder Elektromotoren geeignet.<\/p>\n<h2>Offener \u00dcbergangstransfer<\/h2>\n<p>Der Victron Filax-2 110V\/50Hz-120V\/60Hz - SDFI0000110 ist ein Umschalter mit offenem \u00dcbergang (\u00d6ffner vor Schlie\u00dfer).<\/p>\n<p>Die maximale Last\u00fcbertragungszeit betr\u00e4gt 16 ms.<\/p>\n<p>Die Last wird normalerweise von der vorrangigen Quelle geliefert und wird auf die alternative Quelle \u00fcbertragen, wenn sie nicht von der vorrangigen Quelle geliefert wird:<\/p>\n<ul>\n<li>Die Spannung der Priorit\u00e4tsquelle f\u00e4llt unter den Schwellenwert.<\/li>\n<li>Die Frequenz der vorrangigen Quelle f\u00e4llt unter den Schwellenwert f\u00fcr niedrige Frequenzen oder steigt \u00fcber den Schwellenwert f\u00fcr hohe Frequenzen.<\/li>\n<\/ul>\n<p>Die Umschaltung von der alternativen Quelle auf die vorrangige Quelle wird eingeleitet, wenn die vorrangige Quelle 30 s lang innerhalb der Umschaltgrenzen f\u00fcr Spannung und Frequenz gearbeitet hat.<\/p>\n<h2>Datenblatt Victron Filax-2 110V\/50Hz-120V\/60Hz Automatischer Umschalter 110V\/50Hz-120V\/60Hz - SDFI0000110<\/h2>\n<p><a href=\"https:\/\/fvcomponentes.com\/wp-content\/uploads\/2024\/07\/Ficha-tecnica-Conmutador-Victron-Filax-2.pdf\" target=\"_blank\" rel=\"noopener\">Siehe das Victron Filax-2 110V\/50Hz-120V\/60Hz - SDFI0000110 - Victron Filax-2 110V\/50Hz-120V\/60Hz - SDFI0000110 Datenblatt<\/a><\/p>","protected":false},"excerpt":{"rendered":"<ul>\n<li><strong>Maximaler Strom:<\/strong> 16 A<\/li>\n<li><strong>Maximale Last\u00fcbertragungszeit:<\/strong> 16 ms<\/li>\n<li><strong>Schaltintervall umkehren:<\/strong> 30 s<\/li>\n<\/ul>","protected":false},"featured_media":15350,"comment_status":"open","ping_status":"closed","template":"","meta":{"site-sidebar-layout":"default","site-content-layout":"default","ast-site-content-layout":"default","site-content-style":"default","site-sidebar-style":"default","ast-global-header-display":"","ast-banner-title-visibility":"","ast-main-header-display":"","ast-hfb-above-header-display":"","ast-hfb-below-header-display":"","ast-hfb-mobile-header-display":"","site-post-title":"","ast-breadcrumbs-content":"","ast-featured-img":"","footer-sml-layout":"","ast-disable-related-posts":"","theme-transparent-header-meta":"default","adv-header-id-meta":"","stick-header-meta":"","header-above-stick-meta":"","header-main-stick-meta":"","header-below-stick-meta":"","astra-migrate-meta-layouts":"set","ast-page-background-enabled":"default","ast-page-background-meta":{"desktop":{"background-color":"var(--ast-global-color-4)","background-image":"","background-repeat":"repeat","background-position":"center center","background-size":"auto","background-attachment":"scroll","background-type":"","background-media":"","overlay-type":"","overlay-color":"","overlay-opacity":"","overlay-gradient":""},"tablet":{"background-color":"","background-image":"","background-repeat":"repeat","background-position":"center center","background-size":"auto","background-attachment":"scroll","background-type":"","background-media":"","overlay-type":"","overlay-color":"","overlay-opacity":"","overlay-gradient":""},"mobile":{"background-color":"","background-image":"","background-repeat":"repeat","background-position":"center center","background-size":"auto","background-attachment":"scroll","background-type":"","background-media":"","overlay-type":"","overlay-color":"","overlay-opacity":"","overlay-gradient":""}},"ast-content-background-meta":{"desktop":{"background-color":"var(--ast-global-color-5)","background-image":"","background-repeat":"repeat","background-position":"center center","background-size":"auto","background-attachment":"scroll","background-type":"","background-media":"","overlay-type":"","overlay-color":"","overlay-opacity":"","overlay-gradient":""},"tablet":{"background-color":"var(--ast-global-color-5)","background-image":"","background-repeat":"repeat","background-position":"center center","background-size":"auto","background-attachment":"scroll","background-type":"","background-media":"","overlay-type":"","overlay-color":"","overlay-opacity":"","overlay-gradient":""},"mobile":{"background-color":"var(--ast-global-color-5)","background-image":"","background-repeat":"repeat","background-position":"center center","background-size":"auto","background-attachment":"scroll","background-type":"","background-media":"","overlay-type":"","overlay-color":"","overlay-opacity":"","overlay-gradient":""}}},"pwb-brand":[332],"product_brand":[],"product_cat":[410,878],"product_tag":[],"class_list":{"0":"post-15348","1":"product","2":"type-product","3":"status-publish","4":"has-post-thumbnail","6":"pwb-brand-victron","7":"product_cat-material-electrico","8":"product_cat-cables-victron","9":"desktop-align-left","10":"tablet-align-left","11":"mobile-align-left","12":"ast-product-gallery-layout-horizontal-slider","13":"ast-product-tabs-layout-horizontal","15":"first","16":"instock","17":"taxable","18":"shipping-taxable","19":"purchasable","20":"product-type-simple"},"wcpa_form_fields":null,"brands":[{"id":332,"name":"Victron Energie","slug":"victron"}],"_links":{"self":[{"href":"https:\/\/fvcomponentes.com\/de\/wp-json\/wp\/v2\/product\/15348","targetHints":{"allow":["GET"]}}],"collection":[{"href":"https:\/\/fvcomponentes.com\/de\/wp-json\/wp\/v2\/product"}],"about":[{"href":"https:\/\/fvcomponentes.com\/de\/wp-json\/wp\/v2\/types\/product"}],"replies":[{"embeddable":true,"href":"https:\/\/fvcomponentes.com\/de\/wp-json\/wp\/v2\/comments?post=15348"}],"wp:featuredmedia":[{"embeddable":true,"href":"https:\/\/fvcomponentes.com\/de\/wp-json\/wp\/v2\/media\/15350"}],"wp:attachment":[{"href":"https:\/\/fvcomponentes.com\/de\/wp-json\/wp\/v2\/media?parent=15348"}],"wp:term":[{"taxonomy":"pwb-brand","embeddable":true,"href":"https:\/\/fvcomponentes.com\/de\/wp-json\/wp\/v2\/pwb-brand?post=15348"},{"taxonomy":"product_brand","embeddable":true,"href":"https:\/\/fvcomponentes.com\/de\/wp-json\/wp\/v2\/product_brand?post=15348"},{"taxonomy":"product_cat","embeddable":true,"href":"https:\/\/fvcomponentes.com\/de\/wp-json\/wp\/v2\/product_cat?post=15348"},{"taxonomy":"product_tag","embeddable":true,"href":"https:\/\/fvcomponentes.com\/de\/wp-json\/wp\/v2\/product_tag?post=15348"}],"curies":[{"name":"wp","href":"https:\/\/api.w.org\/{rel}","templated":true}]}}