{"id":15337,"date":"2024-06-21T10:23:10","date_gmt":"2024-06-21T08:23:10","guid":{"rendered":"https:\/\/fvcomponentes.com\/?post_type=product&#038;p=15337"},"modified":"2026-04-08T21:36:13","modified_gmt":"2026-04-08T19:36:13","slug":"ladegerat-24v-victron-phoenix-24-25-21-120-240v-pch02402525001","status":"publish","type":"product","link":"https:\/\/fvcomponentes.com\/de\/producto\/cargador-24v-victron-phoenix-24-25-21-120-240v-pch024025001\/","title":{"rendered":"Ladeger\u00e4t 24V Victron Phoenix 24\/25 (2+1) 120\/240V - PCH024025001"},"content":{"rendered":"<h2 dir=\"ltr\" data-placeholder=\"Traducci\u00f3n\">Eigenschaften des 24V-Ladeger\u00e4ts Victron Phoenix 24\/25 (2+1) 120\/240V - PCH024025001<\/h2>\n<h2 dir=\"ltr\" data-placeholder=\"Traducci\u00f3n\">4-stufiges variables Ladesystem: Sch\u00fcttgut - Absorption - Schwimmen - Lagerung<\/h2>\n<p dir=\"ltr\" data-placeholder=\"Traducci\u00f3n\">Das Victron Phoenix 12V 12\/30 (2+1) 120\/240V - PCH012030001 Ladeger\u00e4t verf\u00fcgt \u00fcber ein mikroprozessorgesteuertes \"variables\" Batteriemanagementsystem, das f\u00fcr verschiedene Batterietypen konfiguriert werden kann. Seine \"variable\" Funktion optimiert automatisch den Prozess auf der Grundlage der Nutzung der Batterie.<\/p>\n<h2 dir=\"ltr\" data-placeholder=\"Traducci\u00f3n\">Das richtige Ma\u00df an Belastung: variable Absorptionszeit<\/h2>\n<p>Bei geringer Entladung (z. B. bei einer an den Ponton angeschlossenen Yacht) wird die Absorptionsladephase verk\u00fcrzt, um eine \u00dcberladung der Batterie zu vermeiden. Nach einer Tiefentladung wird die Absorptionsladezeit automatisch verl\u00e4ngert, um eine vollst\u00e4ndige Wiederaufladung der Batterie zu gew\u00e4hrleisten.<\/p>\n<h2 dir=\"ltr\" data-placeholder=\"Traducci\u00f3n\">Verhinderung von Sch\u00e4den durch \u00dcbergasung: BatterySafe-Modus (siehe Abb. 2 unten)<\/h2>\n<p>Wenn zum schnellen Laden einer Batterie eine Kombination aus hohem Ladestrom und hoher Absorptionsspannung gew\u00e4hlt wurde, verhindert das Victron Phoenix 12V 12\/30 (2+1) 120\/240V - PCH012030001 Ladeger\u00e4t Sch\u00e4den durch \u00dcbergasung, indem es den Spannungsanstieg automatisch begrenzt, sobald die Gasungsspannung erreicht ist (siehe die Ladekurve zwischen 14,4 V und 15,0 V in Abb. 2 unten).<\/p>\n<h2 dir=\"ltr\" data-placeholder=\"Traducci\u00f3n\">Geringere Alterung und Wartung, wenn die Batterie nicht benutzt wird: Aufbewahrungsmodus<br \/>\n(siehe Abb. 1 und 2 unten).<\/h2>\n<p>Der Speichermodus wird aktiviert, wenn die Batterie 24 Stunden lang nicht entladen wurde. Im Lagermodus wird die Erhaltungsspannung auf 2,2 V\/Zelle (13,2 V bei 12-V-Batterien) reduziert, um Gasbildung und Korrosion der positiven Platten zu verringern. Einmal pro Woche wird die Spannung wieder auf das Absorptionsniveau angehoben, um die Batterie \"auszugleichen\". Diese Funktion verhindert die Schichtung des Elektrolyts und die Sulfatierung, die Hauptursachen f\u00fcr Batterieausf\u00e4lle.<\/p>\n<h2 dir=\"ltr\" data-placeholder=\"Traducci\u00f3n\">F\u00fcr eine l\u00e4ngere Batterielebensdauer: Temperaturkompensation<\/h2>\n<p>Alle Skylla-i Ladeger\u00e4te sind mit einem Batterietemperatursensor ausgestattet. Wenn er angeschlossen ist, sinkt die Ladespannung automatisch, wenn die Temperatur der Batterie steigt. Diese Funktion wird besonders f\u00fcr verschlossene Blei-S\u00e4ure-Batterien empfohlen und\/oder wenn gro\u00dfe Temperaturschwankungen in der Batterie zu erwarten sind.<\/p>\n<h2 dir=\"ltr\" data-placeholder=\"Traducci\u00f3n\">Victron Phoenix 24\/25 (2+1) 120\/240V 24V Batterieladeger\u00e4t Spannungssensor - PCH024025001<\/h2>\n<p>Um Spannungsverluste aufgrund von Kabelwiderst\u00e4nden auszugleichen, verf\u00fcgen die Ladeger\u00e4te \u00fcber eine Spannungsmessfunktion, so dass die Batterie immer die richtige Ladespannung erh\u00e4lt.<\/p>\n<h2 dir=\"ltr\" data-placeholder=\"Traducci\u00f3n\">Universeller Eingangsspannungsbereich: 90-265 VAC und auch f\u00fcr DC-Versorgung geeignet<br \/>\n(AC-DC- und DC-DC-Betrieb)<\/h2>\n<p>Die Ladeger\u00e4te m\u00fcssen mit 90-400 VDC versorgt werden k\u00f6nnen.<\/p>\n<h2 dir=\"ltr\" data-placeholder=\"Traducci\u00f3n\">Schnittstelle zum Computer<\/h2>\n<p>Alle Ladeger\u00e4te sind bereit, \u00fcber ihren RS-485-Datenanschluss mit einem Computer zu kommunizieren. In Verbindung mit unserer Software VEConfigure und dem <a href=\"https:\/\/fvcomponentes.com\/de\/produkt\/victron-mk2-usb-schnittstelle-link-fur-phoenix-ladegerat-ass030130010\/\" target=\"_blank\" rel=\"noopener\">Victron MK2-USB Link Schnittstelle f\u00fcr Phoenix Ladeger\u00e4t - ASS030130010<\/a>Dar\u00fcber hinaus k\u00f6nnen alle Parameter der Ladeger\u00e4te individuell angepasst werden.<\/p>\n<p class=\"tw-data-text tw-text-large tw-ta\" dir=\"ltr\" data-placeholder=\"Traducci\u00f3n\"><span class=\"Y2IQFc\" lang=\"es\"><strong>Belastungskurven: bis zur Begasungsspannung (Abb.1) und \u00fcber die Begasungsspannung hinaus (Abb.2)<\/strong><br \/>\n<\/span><\/p>\n<p dir=\"ltr\" data-placeholder=\"Traducci\u00f3n\"><img fetchpriority=\"high\" decoding=\"async\" class=\"alignnone size-full wp-image-15326\" src=\"https:\/\/fvcomponentes.com\/wp-content\/uploads\/2024\/06\/Imagen-ficha-Cargador-Victron-Phoenix.png\" alt=\"Bilderbogen Victron Phoenix Ladeger\u00e4t\" width=\"1122\" height=\"398\" title=\"\"><\/p>\n<h2 class=\"tw-data-text tw-text-large tw-ta\" dir=\"ltr\" data-placeholder=\"Traducci\u00f3n\"><span class=\"Y2IQFc\" lang=\"es\">Datenblatt 24V Ladeger\u00e4t Victron Phoenix 24\/25 (2+1) 120\/240V - PCH024025001<\/span><\/h2>\n<p class=\"tw-data-text tw-text-large tw-ta\" dir=\"ltr\" data-placeholder=\"Traducci\u00f3n\"><span class=\"Y2IQFc\" lang=\"es\"><a href=\"https:\/\/fvcomponentes.com\/wp-content\/uploads\/2024\/06\/Ficha-tecnica-Cargador-Victron-Phoenix.pdf\" target=\"_blank\" rel=\"noopener\">Siehe Datenblatt f\u00fcr Victron Phoenix 24V 24\/25 (2+1) 120\/240V Ladeger\u00e4t - PCH024025001<\/a><\/span><\/p>","protected":false},"excerpt":{"rendered":"<ul>\n<li dir=\"ltr\" data-placeholder=\"Traducci\u00f3n\"><strong>Spannung:<\/strong> 24V<\/li>\n<li dir=\"ltr\" data-placeholder=\"Traducci\u00f3n\"><strong>Ladestrom:<\/strong> 25A<\/li>\n<li id=\"tw-target-text\" class=\"tw-data-text tw-text-large tw-ta\" dir=\"ltr\" data-placeholder=\"Traducci\u00f3n\"><span class=\"Y2IQFc\" lang=\"es\"><strong>Versorgungsspannung (VAC):\u00a0 <\/strong>90-265<\/span><\/li>\n<li class=\"tw-data-text tw-text-large tw-ta\" dir=\"ltr\" data-placeholder=\"Traducci\u00f3n\"><span class=\"Y2IQFc\" lang=\"es\"><strong>Versorgungsspannung (VDC):<\/strong> 90-400<\/span><\/li>\n<li class=\"tw-data-text tw-text-large tw-ta\" dir=\"ltr\" data-placeholder=\"Traducci\u00f3n\"><span class=\"Y2IQFc\" lang=\"es\"><strong>Frequenz (Hz):<\/strong> 45-65<\/span><span class=\"Y2IQFc\" lang=\"es\"><br \/>\n<\/span><\/li>\n<\/ul>","protected":false},"featured_media":15339,"comment_status":"open","ping_status":"closed","template":"","meta":{"site-sidebar-layout":"default","site-content-layout":"default","ast-site-content-layout":"default","site-content-style":"default","site-sidebar-style":"default","ast-global-header-display":"","ast-banner-title-visibility":"","ast-main-header-display":"","ast-hfb-above-header-display":"","ast-hfb-below-header-display":"","ast-hfb-mobile-header-display":"","site-post-title":"","ast-breadcrumbs-content":"","ast-featured-img":"","footer-sml-layout":"","ast-disable-related-posts":"","theme-transparent-header-meta":"default","adv-header-id-meta":"","stick-header-meta":"","header-above-stick-meta":"","header-main-stick-meta":"","header-below-stick-meta":"","astra-migrate-meta-layouts":"set","ast-page-background-enabled":"default","ast-page-background-meta":{"desktop":{"background-color":"var(--ast-global-color-4)","background-image":"","background-repeat":"repeat","background-position":"center center","background-size":"auto","background-attachment":"scroll","background-type":"","background-media":"","overlay-type":"","overlay-color":"","overlay-opacity":"","overlay-gradient":""},"tablet":{"background-color":"","background-image":"","background-repeat":"repeat","background-position":"center center","background-size":"auto","background-attachment":"scroll","background-type":"","background-media":"","overlay-type":"","overlay-color":"","overlay-opacity":"","overlay-gradient":""},"mobile":{"background-color":"","background-image":"","background-repeat":"repeat","background-position":"center center","background-size":"auto","background-attachment":"scroll","background-type":"","background-media":"","overlay-type":"","overlay-color":"","overlay-opacity":"","overlay-gradient":""}},"ast-content-background-meta":{"desktop":{"background-color":"var(--ast-global-color-5)","background-image":"","background-repeat":"repeat","background-position":"center center","background-size":"auto","background-attachment":"scroll","background-type":"","background-media":"","overlay-type":"","overlay-color":"","overlay-opacity":"","overlay-gradient":""},"tablet":{"background-color":"var(--ast-global-color-5)","background-image":"","background-repeat":"repeat","background-position":"center center","background-size":"auto","background-attachment":"scroll","background-type":"","background-media":"","overlay-type":"","overlay-color":"","overlay-opacity":"","overlay-gradient":""},"mobile":{"background-color":"var(--ast-global-color-5)","background-image":"","background-repeat":"repeat","background-position":"center center","background-size":"auto","background-attachment":"scroll","background-type":"","background-media":"","overlay-type":"","overlay-color":"","overlay-opacity":"","overlay-gradient":""}}},"pwb-brand":[332],"product_brand":[],"product_cat":[462,419],"product_tag":[],"class_list":{"0":"post-15337","1":"product","2":"type-product","3":"status-publish","4":"has-post-thumbnail","6":"pwb-brand-victron","7":"product_cat-cargador-de-baterias-24-v","8":"product_cat-cargadores-de-baterias","9":"desktop-align-left","10":"tablet-align-left","11":"mobile-align-left","12":"ast-product-gallery-layout-horizontal-slider","13":"ast-product-tabs-layout-horizontal","15":"first","16":"instock","17":"taxable","18":"shipping-taxable","19":"purchasable","20":"product-type-simple"},"wcpa_form_fields":null,"brands":[{"id":332,"name":"Victron Energie","slug":"victron"}],"_links":{"self":[{"href":"https:\/\/fvcomponentes.com\/de\/wp-json\/wp\/v2\/product\/15337","targetHints":{"allow":["GET"]}}],"collection":[{"href":"https:\/\/fvcomponentes.com\/de\/wp-json\/wp\/v2\/product"}],"about":[{"href":"https:\/\/fvcomponentes.com\/de\/wp-json\/wp\/v2\/types\/product"}],"replies":[{"embeddable":true,"href":"https:\/\/fvcomponentes.com\/de\/wp-json\/wp\/v2\/comments?post=15337"}],"wp:featuredmedia":[{"embeddable":true,"href":"https:\/\/fvcomponentes.com\/de\/wp-json\/wp\/v2\/media\/15339"}],"wp:attachment":[{"href":"https:\/\/fvcomponentes.com\/de\/wp-json\/wp\/v2\/media?parent=15337"}],"wp:term":[{"taxonomy":"pwb-brand","embeddable":true,"href":"https:\/\/fvcomponentes.com\/de\/wp-json\/wp\/v2\/pwb-brand?post=15337"},{"taxonomy":"product_brand","embeddable":true,"href":"https:\/\/fvcomponentes.com\/de\/wp-json\/wp\/v2\/product_brand?post=15337"},{"taxonomy":"product_cat","embeddable":true,"href":"https:\/\/fvcomponentes.com\/de\/wp-json\/wp\/v2\/product_cat?post=15337"},{"taxonomy":"product_tag","embeddable":true,"href":"https:\/\/fvcomponentes.com\/de\/wp-json\/wp\/v2\/product_tag?post=15337"}],"curies":[{"name":"wp","href":"https:\/\/api.w.org\/{rel}","templated":true}]}}