{"id":15313,"date":"2024-06-21T09:02:46","date_gmt":"2024-06-21T07:02:46","guid":{"rendered":"https:\/\/fvcomponentes.com\/?post_type=product&#038;p=15313"},"modified":"2026-04-08T21:36:02","modified_gmt":"2026-04-08T19:36:02","slug":"victron-ekrano-gx-uberwachung-bpp900480100-bpp900480100","status":"publish","type":"product","link":"https:\/\/fvcomponentes.com\/de\/producto\/monitorizacion-victron-ekrano-gx-bpp900480100\/","title":{"rendered":"Victron Ekrano GX \u00dcberwachung - BPP900480100"},"content":{"rendered":"<div class=\"productDetails__block-content\">\n<div class=\"productDetails__block-description\">\n<h2>Eigenschaften Victron Ekrano GX \u00dcberwachung - BPP900480100<\/h2>\n<p>Der Ekrano GX stellt die n\u00e4chste Generation der GX-Produktfamilie dar. Mit seinen zahlreichen Anschl\u00fcssen und Schnittstellen sowie dem integrierten 7-Zoll-Touchscreen ist er das bisher leistungsst\u00e4rkste GX-Ger\u00e4t und erm\u00f6glicht es Ihnen, Ihr System jederzeit und von \u00fcberall aus perfekt zu steuern und seine Leistung zu maximieren. Greifen Sie einfach \u00fcber unser Victron Remote Management (VRM) Portal auf Ihr System zu, oder greifen Sie direkt darauf zu, \u00fcber den integrierten Touchscreen, ein Multifunktionsdisplay (MFD) oder unsere VictronConnect App dank seiner Bluetooth-F\u00e4higkeit.<\/p>\n<p>Der Ekrano GX ist auch der Nachfolger des Color Control GX.<\/p>\n<h2>Perfekte \u00dcberwachung und Kontrolle<\/h2>\n<p>\u00dcberwachen Sie sofort den Ladezustand der Batterie, den Energieverbrauch, die Energiegewinnung durch PV, Generator und Netz, oder \u00fcberpr\u00fcfen Sie die Tankf\u00fcllst\u00e4nde und Temperaturmessungen. Einfache Steuerung der Einschaltstrombegrenzung der Anschlussdose, des (automatischen) Starts\/Stopps von Generatoren oder \u00c4nderung beliebiger Einstellungen zur Optimierung des Systems. Verfolgen Sie Warnmeldungen, f\u00fchren Sie Diagnosepr\u00fcfungen durch und beheben Sie Probleme aus der Ferne. Mit dem Ekrano GX wird jede Energieherausforderung zu einem m\u00fchelosen Erlebnis.<\/p>\n<h2>Erweitern Sie Ihren Horizont<\/h2>\n<p>Der integrierte 7-Zoll-Touchscreen gibt Ihnen einen sofortigen \u00dcberblick \u00fcber Ihr System und erm\u00f6glicht es Ihnen, Einstellungen im Handumdrehen zu \u00e4ndern. Sein extraflaches, wasserfestes Design bietet gro\u00dfe Flexibilit\u00e4t bei der Gestaltung eines klaren, \u00fcbersichtlichen Armaturenbretts. Die Touch-Funktion kann \u00fcber eine versenkte Taste auf der R\u00fcckseite deaktiviert (oder aktiviert) werden, um eine unbefugte Nutzung zu verhindern.<\/p>\n<h2>Einfache Installation und Konfiguration des Victron Ekrano GX Monitoring - BPP900480100<\/h2>\n<p>Der Victron Ekrano GX - BPP900480100 Monitor ist f\u00fcr die Unterputz- oder Durchbruchmontage optimiert und wird mit allen erforderlichen Montageteilen geliefert. Anschraubbare Klemmenbl\u00f6cke halten alles an seinem Platz.<\/p>\n<h2>\u00dcberwinden Sie jede energetische Herausforderung<\/h2>\n<p>Die Victron Ekrano GX - BPP900480100 \u00dcberwachung dient einer Vielzahl von Zwecken und erm\u00f6glicht eine nahtlose Steuerung f\u00fcr die unterschiedlichsten Anwendungen. Bei L\u00f6sungen, die Generatoren einschlie\u00dfen, wie z. B. Marine-, Stand-alone- und Notstromaggregate, startet\/stoppt sie automatisch Ihren Generator oder verz\u00f6gert den Start bis zum Ende der \"ruhigen\" Zeiten. Bei Energiespeichersystemen sorgt er daf\u00fcr, dass die Batterien bei 100% gesichert sind, aktiviert sich bei Stromausf\u00e4llen und leitet \u00fcbersch\u00fcssigen (Solar-)Strom zum Eigenverbrauch um, wodurch Sie Geld sparen. Bei Freizeit- und Einsatzfahrzeugen sorgt sie daf\u00fcr, dass wichtige Systeme reibungslos funktionieren. Aber das sind nur ein paar Beispiele...<\/p>\n<\/div>\n<\/div>\n<h2>Datenblatt Victron Ekrano GX \u00dcberwachung - BPP900480100<\/h2>\n<div class=\"productDetails__block-content\">\n<div class=\"productDetails__block-description\">\n<p><a href=\"https:\/\/fvcomponentes.com\/wp-content\/uploads\/2024\/06\/Ficha-tecnica-monitorizacion-Victron-Ekrano-GX.pdf\" target=\"_blank\" rel=\"noopener\">Victron Ekrano GX Monitoring Datenblatt anzeigen - BPP900480100<\/a><\/p>\n<h2>Victron Ekrano GX \u00dcberwachungshandbuch - BPP900480100<\/h2>\n<p><a href=\"https:\/\/fvcomponentes.com\/wp-content\/uploads\/2025\/10\/140558-ccgx__venus_gx__cerbo_gx__cerbo-s_gx_manual-pdf-es.pdf\" target=\"_blank\" rel=\"noopener\">Victron Ekrano GX \u00dcberwachungshandbuch anzeigen<\/a><\/p>\n<\/div>\n<\/div>\n<div class=\"productDetails__block-image-container\">\n<div class=\"productDetails__block-image\"><\/div>\n<\/div>","protected":false},"excerpt":{"rendered":"<p>Der Ekrano GX stellt die n\u00e4chste Generation der GX-Produktfamilie dar. Es ist das bisher leistungsst\u00e4rkste GX-Ger\u00e4t.<\/p>\n<ul>\n<li><strong>Zentimeter: 7<\/strong><\/li>\n<li><strong>Bildschirmaufl\u00f6sung:<\/strong> 1024 x 600 Pixel<\/li>\n<li><strong>Versorgungsspannung:<\/strong>\u00a0 8 - 70 VDC<\/li>\n<\/ul>","protected":false},"featured_media":15315,"comment_status":"open","ping_status":"closed","template":"","meta":{"site-sidebar-layout":"default","site-content-layout":"default","ast-site-content-layout":"default","site-content-style":"default","site-sidebar-style":"default","ast-global-header-display":"","ast-banner-title-visibility":"","ast-main-header-display":"","ast-hfb-above-header-display":"","ast-hfb-below-header-display":"","ast-hfb-mobile-header-display":"","site-post-title":"","ast-breadcrumbs-content":"","ast-featured-img":"","footer-sml-layout":"","ast-disable-related-posts":"","theme-transparent-header-meta":"default","adv-header-id-meta":"","stick-header-meta":"","header-above-stick-meta":"","header-main-stick-meta":"","header-below-stick-meta":"","astra-migrate-meta-layouts":"set","ast-page-background-enabled":"default","ast-page-background-meta":{"desktop":{"background-color":"var(--ast-global-color-4)","background-image":"","background-repeat":"repeat","background-position":"center center","background-size":"auto","background-attachment":"scroll","background-type":"","background-media":"","overlay-type":"","overlay-color":"","overlay-opacity":"","overlay-gradient":""},"tablet":{"background-color":"","background-image":"","background-repeat":"repeat","background-position":"center center","background-size":"auto","background-attachment":"scroll","background-type":"","background-media":"","overlay-type":"","overlay-color":"","overlay-opacity":"","overlay-gradient":""},"mobile":{"background-color":"","background-image":"","background-repeat":"repeat","background-position":"center center","background-size":"auto","background-attachment":"scroll","background-type":"","background-media":"","overlay-type":"","overlay-color":"","overlay-opacity":"","overlay-gradient":""}},"ast-content-background-meta":{"desktop":{"background-color":"var(--ast-global-color-5)","background-image":"","background-repeat":"repeat","background-position":"center center","background-size":"auto","background-attachment":"scroll","background-type":"","background-media":"","overlay-type":"","overlay-color":"","overlay-opacity":"","overlay-gradient":""},"tablet":{"background-color":"var(--ast-global-color-5)","background-image":"","background-repeat":"repeat","background-position":"center center","background-size":"auto","background-attachment":"scroll","background-type":"","background-media":"","overlay-type":"","overlay-color":"","overlay-opacity":"","overlay-gradient":""},"mobile":{"background-color":"var(--ast-global-color-5)","background-image":"","background-repeat":"repeat","background-position":"center center","background-size":"auto","background-attachment":"scroll","background-type":"","background-media":"","overlay-type":"","overlay-color":"","overlay-opacity":"","overlay-gradient":""}}},"pwb-brand":[332],"product_brand":[],"product_cat":[333,934],"product_tag":[],"class_list":{"0":"post-15313","1":"product","2":"type-product","3":"status-publish","4":"has-post-thumbnail","6":"pwb-brand-victron","7":"product_cat-inversores","8":"product_cat-monitorizacion","9":"desktop-align-left","10":"tablet-align-left","11":"mobile-align-left","12":"ast-product-gallery-layout-horizontal-slider","13":"ast-product-tabs-layout-horizontal","15":"first","16":"instock","17":"taxable","18":"shipping-taxable","19":"purchasable","20":"product-type-simple"},"wcpa_form_fields":null,"brands":[{"id":332,"name":"Victron Energie","slug":"victron"}],"_links":{"self":[{"href":"https:\/\/fvcomponentes.com\/de\/wp-json\/wp\/v2\/product\/15313","targetHints":{"allow":["GET"]}}],"collection":[{"href":"https:\/\/fvcomponentes.com\/de\/wp-json\/wp\/v2\/product"}],"about":[{"href":"https:\/\/fvcomponentes.com\/de\/wp-json\/wp\/v2\/types\/product"}],"replies":[{"embeddable":true,"href":"https:\/\/fvcomponentes.com\/de\/wp-json\/wp\/v2\/comments?post=15313"}],"wp:featuredmedia":[{"embeddable":true,"href":"https:\/\/fvcomponentes.com\/de\/wp-json\/wp\/v2\/media\/15315"}],"wp:attachment":[{"href":"https:\/\/fvcomponentes.com\/de\/wp-json\/wp\/v2\/media?parent=15313"}],"wp:term":[{"taxonomy":"pwb-brand","embeddable":true,"href":"https:\/\/fvcomponentes.com\/de\/wp-json\/wp\/v2\/pwb-brand?post=15313"},{"taxonomy":"product_brand","embeddable":true,"href":"https:\/\/fvcomponentes.com\/de\/wp-json\/wp\/v2\/product_brand?post=15313"},{"taxonomy":"product_cat","embeddable":true,"href":"https:\/\/fvcomponentes.com\/de\/wp-json\/wp\/v2\/product_cat?post=15313"},{"taxonomy":"product_tag","embeddable":true,"href":"https:\/\/fvcomponentes.com\/de\/wp-json\/wp\/v2\/product_tag?post=15313"}],"curies":[{"name":"wp","href":"https:\/\/api.w.org\/{rel}","templated":true}]}}