{"id":15306,"date":"2024-06-21T08:33:39","date_gmt":"2024-06-21T06:33:39","guid":{"rendered":"https:\/\/fvcomponentes.com\/?post_type=product&#038;p=15306"},"modified":"2026-01-15T10:08:45","modified_gmt":"2026-01-15T09:08:45","slug":"victron-cerbo-gx-steuergerat-bpp900451100","status":"publish","type":"product","link":"https:\/\/fvcomponentes.com\/de\/producto\/centralita-victron-cerbo-gx-bpp900451100\/","title":{"rendered":"Victron Cerbo GX Steuerger\u00e4t - BPP900451100"},"content":{"rendered":"<h2>Victron Cerbo GX Steuerger\u00e4t - BPP900451100<\/h2>\n<div class=\"productDetails__block-description\">\n<p>Der Victron Cerbo GX - BPP900451100 ist eine aktualisierte Version des Cerbo GX. Jetzt mit zwei voll funktionsf\u00e4higen CAN-Bus-Anschl\u00fcssen, um 180 Grad gedrehten RJ-45-Buchsen zum einfachen Entfernen der Kabel, drei voll funktionsf\u00e4higen USB-Anschl\u00fcssen und digitaler Eingangsimpulsz\u00e4hlung.<\/p>\n<h2 class=\"productDetail__content-subheader-icon\">Panel- und System\u00fcberwachung<\/h2>\n<p>Mit dieser brandneuen Victron Cerbo GX - BPP900451100 \u00dcberwachungskommunikationszentrale haben Sie jederzeit und von \u00fcberall aus die Kontrolle \u00fcber Ihr System und k\u00f6nnen dessen Leistung maximieren. Stellen Sie einfach eine Verbindung \u00fcber das Victron Remote Management (VRM)-Portal her oder greifen Sie dank der integrierten Bluetooth-Funktion direkt \u00fcber das eigenst\u00e4ndige Multifunktionsdisplay GX Touch 50 oder die VictronConnect App darauf zu.<\/p>\n<h2 class=\"productDetails__block-title\"><span class=\"productDetails__block-title-content\">Perfekte \u00dcberwachung und Kontrolle<\/span><\/h2>\n<div class=\"productDetails__block-description\">\u00dcberwachen Sie sofort den Ladezustand der Batterie, den Verbrauch, die Energiegewinnung durch PV-Paneele, den Generator und das Netz oder \u00fcberpr\u00fcfen Sie den Tankf\u00fcllstand oder die Temperaturmessungen. Einfache Steuerung der Einschaltstrombegrenzung der Steckdose oder des automatischen Starts\/Stopps eines Generators oder \u00c4nderung beliebiger Parameter zur Optimierung des Systems. Verfolgen Sie Warnmeldungen, f\u00fchren Sie Diagnosepr\u00fcfungen durch und beheben Sie Probleme aus der Ferne.<\/div>\n<div><\/div>\n<\/div>\n<h2>Maximiert die Leistung Ihres Systems<\/h2>\n<p>Das Victron Cerbo GX - BPP900451100 Steuerger\u00e4t maximiert die Leistung der Systemkomponenten in Echtzeit und h\u00e4lt sie perfekt aufeinander abgestimmt. Mit seinem Dual-Core-Prozessor und dem zus\u00e4tzlichen CAN-Bus-Anschluss ist es f\u00fcr noch gr\u00f6\u00dfere Systeme geeignet und kann verwaltete Lithium-Batterien genau \u00fcberwachen, w\u00e4hrend an den zweiten Anschluss bis zu 25 VE.Can-Solarladeger\u00e4te gleichzeitig angeschlossen werden k\u00f6nnen. Dank der neuen Unterst\u00fctzung von NMEA 2000 out l\u00e4sst sich das GX problemlos in jedes Schiffsnetzwerk integrieren. Vier Tank- und vier Temperaturanschl\u00fcsse sowie 3 VE.Direct-Anschl\u00fcsse, 3 USB-Anschl\u00fcsse, 4 digitale Eing\u00e4nge und 2 Relais erm\u00f6glichen Ihnen eine noch bessere Kontrolle. Die Maximierung der Systemleistung war noch nie so einfach.<\/p>\n<h2 class=\"productDetails__block-title\"><span class=\"productDetails__block-title-content\">Erweitern Sie Ihre Vision<\/span><\/h2>\n<div class=\"productDetails__block-description\">Die neue Anzeige (optional) <a href=\"https:\/\/fvcomponentes.com\/de\/produkt\/victron-gx-touch-50-uberwachung\/\" target=\"_blank\" rel=\"noopener\">GX Touch 50<\/a> erm\u00f6glicht einen sofortigen \u00dcberblick \u00fcber das System und die Einstellung von Parametern im Handumdrehen. Sein extra schlankes, wasserdichtes 5-Zoll-Design, die Konfiguration zur Aufbaumontage und die einfache Installation bieten gro\u00dfe Flexibilit\u00e4t, um ein klares und scharfes Bedienfeld zu schaffen.<\/div>\n<h2>Einfache Installation und Konfiguration des Victron Cerbo GX Steuerger\u00e4ts - BPP900451100<\/h2>\n<p>Der Cerbo GX wurde f\u00fcr die Bed\u00fcrfnisse von professionellen Installateuren optimiert. Das Ger\u00e4t l\u00e4sst sich einfach auf einer DIN-Schiene montieren und sein separater Touchscreen kann oben auf eine Schalttafel geschraubt werden, so dass keine perfekten L\u00f6cher mehr geschnitten werden m\u00fcssen, und es wird mit einem einzigen Kabel angeschlossen, ohne dass viele Kabel zur Schalttafel verlegt werden m\u00fcssen. Seine neue Bluetooth-Funktion erm\u00f6glicht eine schnelle Verbindung und Konfiguration \u00fcber die VictronConnect App.<\/p>\n<h2>Kompatible Ger\u00e4te Victron Cerbo GX Steuerger\u00e4t<\/h2>\n<p>Jede Komponente mit Anschl\u00fcssen wie VE.Direct, VE.Can, CAN, VE.Bus und USB kann mit dem Victron Cerbo GX kompatibel sein.<\/p>\n<ul>\n<li><strong>Multiplus, Multiplus II und Quattro-Wechselrichter<\/strong>einschlie\u00dflich Systemen, die mehrere Wechselrichter f\u00fcr dreiphasige Anlagen zusammenfassen.<\/li>\n<li><strong>BlueSolar MPPT-Solarsteuerungen<\/strong>\u00a0die \u00fcber den VE.Direct-Kommunikationsanschluss verf\u00fcgen.<\/li>\n<li><strong>BlueSolar und SmartSolar MPPT-Solarsteuerungen<\/strong>\u00a0mit dem VE.Can-Kommunikationsanschluss.<\/li>\n<li><strong>Skylla Batterieladeger\u00e4te<\/strong> <strong>und Skylla TG<\/strong> \u00fcber den VE.Can-Anschluss.<\/li>\n<li><strong>Die Batteriemonitore der BMV 700-Familie<\/strong> \u00fcber den VE.Direct-Anschluss.<\/li>\n<li><strong>Lynx-Ger\u00e4te<\/strong>\u00a0als Shunts und BMS f\u00fcr Lithiumbatterien.<\/li>\n<li><strong>Fronius-Photovoltaik-Wechselrichter<\/strong>\u00a0f\u00fcr AC-Kopplung oder Eigenverbrauchsanlagen in Kombination Fronius + Victron.<\/li>\n<li><strong>Signale zum Handeln gem\u00e4\u00df der Programmierung<\/strong>F\u00fcllstandssonden, Temperatursonden, Alarme, Sensoren usw.<\/li>\n<\/ul>\n<h2>\u00dcberwindung aller energiebezogenen Probleme<\/h2>\n<div class=\"productDetails__block-content\">\n<div class=\"productDetails__block-description\">\n<p>Der Cerbo GX ist vielseitig einsetzbar und bietet perfekte Kontrolle f\u00fcr die unterschiedlichsten Anwendungen. In Systemen mit Generatoren, wie z.B. Marine oder Backup &amp; Off-Grid, startet und stoppt er automatisch Ihren Generator oder verz\u00f6gert die Z\u00fcndung bis zum Ende der Ruhezeiten. In Energiespeichersystemen h\u00e4lt es die Hilfsbatterien auf 100%, schaltet sich bei Stromausf\u00e4llen ein und leitet \u00fcbersch\u00fcssige (Solar-)Energie f\u00fcr den Eigenverbrauch um, so dass Sie Geld sparen k\u00f6nnen. In Wohnwagen und Einsatzfahrzeugen sorgt sie f\u00fcr den reibungslosen Betrieb wichtiger Systeme. Und das sind nur ein paar Beispiele...<\/p>\n<\/div>\n<\/div>\n<h2>Datenblatt Victron Cerbo GX Steuerger\u00e4t - BPP900451100<\/h2>\n<div class=\"productDetails__block-content\">\n<div class=\"productDetails__block-description\">\n<p><a href=\"https:\/\/fvcomponentes.com\/wp-content\/uploads\/2021\/03\/Datasheet-Cerbo-GX-GX-Touch-ES-1.pdf\" target=\"_blank\" rel=\"noopener\">Datenblatt Victron Cerbo GX - BPP900451100 Steuerger\u00e4t ansehen<\/a><\/p>\n<h2>Victron Cerbo GX Steuerger\u00e4t Handbuch - BPP900451100<\/h2>\n<\/div>\n<\/div>\n<div class=\"productDetails__block-image-container\">\n<div class=\"productDetails__block-image\"><a href=\"https:\/\/fvcomponentes.com\/wp-content\/uploads\/2025\/10\/140558-Ekrano_GX__Venus_GX__Cerbo_GX__Cerbo-S_GX_Manual-pdf-es.pdf\" target=\"_blank\" rel=\"noopener\">Ansicht Victron Cerbo GX Steuerger\u00e4t Handbuch - BPP900451100<\/a><\/div>\n<\/div>","protected":false},"excerpt":{"rendered":"<p>Verbesserte Version des Cerbo GX:<\/p>\n<ul>\n<li>2 CAN-Bus-Anschl\u00fcsse.<\/li>\n<li>3 VE.Direktanschl\u00fcsse.<\/li>\n<li>3 USB-Anschl\u00fcsse.<\/li>\n<li>2 Relais.<\/li>\n<li>4 Tankanschl\u00fcsse und 4 Temperaturanschl\u00fcsse.<\/li>\n<li>Digitale Eingangsimpulsz\u00e4hlung.<\/li>\n<\/ul>\n<p>&nbsp;<\/p>","protected":false},"featured_media":15307,"comment_status":"open","ping_status":"closed","template":"","meta":{"site-sidebar-layout":"default","site-content-layout":"default","ast-site-content-layout":"default","site-content-style":"default","site-sidebar-style":"default","ast-global-header-display":"","ast-banner-title-visibility":"","ast-main-header-display":"","ast-hfb-above-header-display":"","ast-hfb-below-header-display":"","ast-hfb-mobile-header-display":"","site-post-title":"","ast-breadcrumbs-content":"","ast-featured-img":"","footer-sml-layout":"","ast-disable-related-posts":"","theme-transparent-header-meta":"default","adv-header-id-meta":"","stick-header-meta":"","header-above-stick-meta":"","header-main-stick-meta":"","header-below-stick-meta":"","astra-migrate-meta-layouts":"set","ast-page-background-enabled":"default","ast-page-background-meta":{"desktop":{"background-color":"var(--ast-global-color-4)","background-image":"","background-repeat":"repeat","background-position":"center center","background-size":"auto","background-attachment":"scroll","background-type":"","background-media":"","overlay-type":"","overlay-color":"","overlay-opacity":"","overlay-gradient":""},"tablet":{"background-color":"","background-image":"","background-repeat":"repeat","background-position":"center center","background-size":"auto","background-attachment":"scroll","background-type":"","background-media":"","overlay-type":"","overlay-color":"","overlay-opacity":"","overlay-gradient":""},"mobile":{"background-color":"","background-image":"","background-repeat":"repeat","background-position":"center center","background-size":"auto","background-attachment":"scroll","background-type":"","background-media":"","overlay-type":"","overlay-color":"","overlay-opacity":"","overlay-gradient":""}},"ast-content-background-meta":{"desktop":{"background-color":"var(--ast-global-color-5)","background-image":"","background-repeat":"repeat","background-position":"center center","background-size":"auto","background-attachment":"scroll","background-type":"","background-media":"","overlay-type":"","overlay-color":"","overlay-opacity":"","overlay-gradient":""},"tablet":{"background-color":"var(--ast-global-color-5)","background-image":"","background-repeat":"repeat","background-position":"center center","background-size":"auto","background-attachment":"scroll","background-type":"","background-media":"","overlay-type":"","overlay-color":"","overlay-opacity":"","overlay-gradient":""},"mobile":{"background-color":"var(--ast-global-color-5)","background-image":"","background-repeat":"repeat","background-position":"center center","background-size":"auto","background-attachment":"scroll","background-type":"","background-media":"","overlay-type":"","overlay-color":"","overlay-opacity":"","overlay-gradient":""}}},"pwb-brand":[332],"product_brand":[],"product_cat":[333,934],"product_tag":[],"class_list":{"0":"post-15306","1":"product","2":"type-product","3":"status-publish","4":"has-post-thumbnail","6":"pwb-brand-victron","7":"product_cat-inversores","8":"product_cat-monitorizacion","9":"desktop-align-left","10":"tablet-align-left","11":"mobile-align-left","12":"ast-product-gallery-layout-horizontal-slider","13":"ast-product-tabs-layout-horizontal","15":"first","16":"instock","17":"taxable","18":"shipping-taxable","19":"purchasable","20":"product-type-simple"},"wcpa_form_fields":null,"brands":[{"id":332,"name":"Victron Energie","slug":"victron"}],"_links":{"self":[{"href":"https:\/\/fvcomponentes.com\/de\/wp-json\/wp\/v2\/product\/15306","targetHints":{"allow":["GET"]}}],"collection":[{"href":"https:\/\/fvcomponentes.com\/de\/wp-json\/wp\/v2\/product"}],"about":[{"href":"https:\/\/fvcomponentes.com\/de\/wp-json\/wp\/v2\/types\/product"}],"replies":[{"embeddable":true,"href":"https:\/\/fvcomponentes.com\/de\/wp-json\/wp\/v2\/comments?post=15306"}],"wp:featuredmedia":[{"embeddable":true,"href":"https:\/\/fvcomponentes.com\/de\/wp-json\/wp\/v2\/media\/15307"}],"wp:attachment":[{"href":"https:\/\/fvcomponentes.com\/de\/wp-json\/wp\/v2\/media?parent=15306"}],"wp:term":[{"taxonomy":"pwb-brand","embeddable":true,"href":"https:\/\/fvcomponentes.com\/de\/wp-json\/wp\/v2\/pwb-brand?post=15306"},{"taxonomy":"product_brand","embeddable":true,"href":"https:\/\/fvcomponentes.com\/de\/wp-json\/wp\/v2\/product_brand?post=15306"},{"taxonomy":"product_cat","embeddable":true,"href":"https:\/\/fvcomponentes.com\/de\/wp-json\/wp\/v2\/product_cat?post=15306"},{"taxonomy":"product_tag","embeddable":true,"href":"https:\/\/fvcomponentes.com\/de\/wp-json\/wp\/v2\/product_tag?post=15306"}],"curies":[{"name":"wp","href":"https:\/\/api.w.org\/{rel}","templated":true}]}}