{"id":15293,"date":"2024-06-21T08:10:22","date_gmt":"2024-06-21T06:10:22","guid":{"rendered":"https:\/\/fvcomponentes.com\/?post_type=product&#038;p=15293"},"modified":"2026-04-04T12:48:05","modified_gmt":"2026-04-04T10:48:05","slug":"sammelschiene-victron-lynx-klasse-t-leistung-in-m10-lyn060404010","status":"publish","type":"product","link":"https:\/\/fvcomponentes.com\/de\/producto\/barra-colectora-victron-lynx-class-t-power-in-m10-lyn060404010\/","title":{"rendered":"Stromschiene Victron Lynx Class-T Power In (M10) - LYN060404010"},"content":{"rendered":"<h2>Eigenschaften der Victron Lynx Class-T Power In (M10) Stromschiene - LYN060404010<\/h2>\n<p>Die Victron Lynx Lynx Class-T Power In (M10) Stromschiene - LYN060404010 verbindet bis zu zwei Str\u00e4nge von Lithiumbatterien und bietet Sicherungen. Sie verf\u00fcgt \u00fcber eine positive und negative Stromschiene, Anschl\u00fcsse f\u00fcr zwei Class-T-Sicherungen und einen Anschluss zur Erdung des DC-Systems. Klasse-T-Sicherungen, erh\u00e4ltlich in 225 A, 250 A, 350 A und 400 A, m\u00fcssen separat erworben werden.<\/p>\n<p>F\u00fcr Installationen mit drei oder mehr Lithium-Batteriestr\u00e4ngen verwenden Sie mehrere Lynx Class-T Module. Als Schl\u00fcsselkomponente des Lynx Verteilersystems l\u00e4sst sich das Lynx Class-T nahtlos in alle anderen Lynx M10 Produkte integrieren.<\/p>\n<h2>Das Lynx-Vertriebssystem<\/h2>\n<p>Das Lynx-Verteilersystem ist ein modulares Sammelschienensystem, das Gleichstromanschl\u00fcsse, Verteilung, Absicherung, Batterie\u00fcberwachung und\/oder Lithiumbatteriemanagement umfasst. Weitere Informationen finden Sie auch auf der Produktseite DC-Verteilersysteme.<\/p>\n<p>Das Lynx-Verteilungssystem besteht aus den folgenden Elementen:<\/p>\n<ul>\n<li><strong>Lynx Power In<\/strong> - Eine positive und eine negative Stromschiene mit vier Anschl\u00fcssen f\u00fcr Batterien oder Gleichstromger\u00e4te, erh\u00e4ltlich in zwei Versionen, mit M8- oder M10-Sammelschiene.<\/li>\n<li><strong>Lynx Class-T Power In<\/strong> - Eine Plus- und Minussammelschiene, die zwei Klasse-T-Sicherungen aufnehmen kann und zwei Anschl\u00fcsse f\u00fcr Batterien oder Gleichstromger\u00e4te hat, erh\u00e4ltlich mit M10-Sammelschiene.<\/li>\n<li><strong>Lynx-Vertriebsh\u00e4ndler<\/strong> - Eine Plus- und eine Minussammelschiene mit vier abgesicherten Anschl\u00fcssen f\u00fcr Batterien oder Gleichstromger\u00e4te und Sicherungs\u00fcberwachung, erh\u00e4ltlich in zwei Versionen, mit M8- oder M10-Sammelschiene.<\/li>\n<li><strong>Lynx Shunt VE.Can<\/strong> - Eine positive Sammelschiene mit Platz f\u00fcr eine Hauptsicherung des Systems und eine negative Sammelschiene mit einem Shunt zur Batterie\u00fcberwachung. VE.Can-Kommunikation zur \u00dcberwachung und Konfiguration mit einem GX-Ger\u00e4t.<\/li>\n<li><strong>Lynx Smart BMS<\/strong> - Zur Verwendung in Verbindung mit Victron Energy Smart Lithium-Batterien. Enth\u00e4lt eine positive Stromschiene mit einem von einem Batteriemanagementsystem (BMS) gesteuerten Sch\u00fctz und eine negative Stromschiene mit einem Shunt zur Batterie\u00fcberwachung. Es verf\u00fcgt \u00fcber Bluetooth-Kommunikation f\u00fcr die \u00dcberwachung und Konfiguration \u00fcber die VictronConnect Anwendung und VE.Can Kommunikation f\u00fcr die \u00dcberwachung mit einem GX-Ger\u00e4t und dem VRM Portal. Es gibt ein 500-A-Modell mit M8-Sammelschienen und ein 1000-A-Modell mit M10-Sammelschienen.<\/li>\n<\/ul>\n<p><img fetchpriority=\"high\" decoding=\"async\" class=\"size-full wp-image-16669 aligncenter\" src=\"https:\/\/fvcomponentes.com\/wp-content\/uploads\/2024\/07\/Barra-colectora-Victron-Lynx-Class-T-Power-In-M10-LYN060404010-1.png\" alt=\"Stromschiene Victron Lynx Class-T Power In (M10) - LYN060404010\" width=\"1188\" height=\"221\" title=\"\"><\/p>\n<h2>Victron Lynx Lynx Class-T Power In (M10) Stromschienen-Innenleben und Verdrahtungsplan - LYN060404010<\/h2>\n<p>Interne physikalische Elemente und Verdrahtungsplan des Lynx Class-T Power In mit den folgenden Elementen:<\/p>\n<ul>\n<li>Positive Schlammlawine<\/li>\n<li>Negative Stromschiene<\/li>\n<li>Positive Verbindungen<\/li>\n<li>Negative Verbindungen<\/li>\n<li>Erdung<\/li>\n<li>Zwei Sicherungsanschl\u00fcsse f\u00fcr Sicherungen der Klasse T - die Schrauben und Muttern sind 3\/8\u2033 und schwarz markiert, damit sie nicht besch\u00e4digt werden. <span style=\"font-size: 16px;\">nicht zu verwechseln mit den M10-Schrauben und -Muttern f\u00fcr Gleichstrom- und Sammelschienenanschl\u00fcsse.<\/span><\/li>\n<\/ul>\n<p><img decoding=\"async\" class=\"size-full wp-image-16657 aligncenter\" src=\"https:\/\/fvcomponentes.com\/wp-content\/uploads\/2024\/07\/Barra-colectora-Victron-Lynx-Class-T-Power-In-M10-LYN060404010.png\" alt=\"Stromschiene Victron Lynx Class-T Power In (M10) - LYN060404010\" width=\"676\" height=\"584\" title=\"\"><\/p>\n<h2>Handsammelschiene Victron Lynx Class-T Power In (M10) - LYN060404010<\/h2>\n<p><a href=\"https:\/\/fvcomponentes.com\/wp-content\/uploads\/2024\/06\/Manual-Lynx-Class-T-Power-Victron-Castellano.pdf\" target=\"_blank\" rel=\"noopener\">Victron Lynx Lynx Class-T Power In (M10) - LYN060404010 Stromschienen-Handbuch anzeigen<\/a><\/p>","protected":false},"excerpt":{"rendered":"<ul>\n<li><strong>Schutzklasse:<\/strong> IP20<\/li>\n<li><strong>Spannungsbereich:<\/strong> 9-60 V DC<\/li>\n<li><strong>Nennstrom:<\/strong> 1000 A<\/li>\n<li><strong>Schlammig:<\/strong> M10<\/li>\n<\/ul>","protected":false},"featured_media":15297,"comment_status":"open","ping_status":"closed","template":"","meta":{"site-sidebar-layout":"default","site-content-layout":"default","ast-site-content-layout":"default","site-content-style":"default","site-sidebar-style":"default","ast-global-header-display":"","ast-banner-title-visibility":"","ast-main-header-display":"","ast-hfb-above-header-display":"","ast-hfb-below-header-display":"","ast-hfb-mobile-header-display":"","site-post-title":"","ast-breadcrumbs-content":"","ast-featured-img":"","footer-sml-layout":"","ast-disable-related-posts":"","theme-transparent-header-meta":"default","adv-header-id-meta":"","stick-header-meta":"","header-above-stick-meta":"","header-main-stick-meta":"","header-below-stick-meta":"","astra-migrate-meta-layouts":"set","ast-page-background-enabled":"default","ast-page-background-meta":{"desktop":{"background-color":"var(--ast-global-color-4)","background-image":"","background-repeat":"repeat","background-position":"center center","background-size":"auto","background-attachment":"scroll","background-type":"","background-media":"","overlay-type":"","overlay-color":"","overlay-opacity":"","overlay-gradient":""},"tablet":{"background-color":"","background-image":"","background-repeat":"repeat","background-position":"center center","background-size":"auto","background-attachment":"scroll","background-type":"","background-media":"","overlay-type":"","overlay-color":"","overlay-opacity":"","overlay-gradient":""},"mobile":{"background-color":"","background-image":"","background-repeat":"repeat","background-position":"center center","background-size":"auto","background-attachment":"scroll","background-type":"","background-media":"","overlay-type":"","overlay-color":"","overlay-opacity":"","overlay-gradient":""}},"ast-content-background-meta":{"desktop":{"background-color":"var(--ast-global-color-5)","background-image":"","background-repeat":"repeat","background-position":"center center","background-size":"auto","background-attachment":"scroll","background-type":"","background-media":"","overlay-type":"","overlay-color":"","overlay-opacity":"","overlay-gradient":""},"tablet":{"background-color":"var(--ast-global-color-5)","background-image":"","background-repeat":"repeat","background-position":"center center","background-size":"auto","background-attachment":"scroll","background-type":"","background-media":"","overlay-type":"","overlay-color":"","overlay-opacity":"","overlay-gradient":""},"mobile":{"background-color":"var(--ast-global-color-5)","background-image":"","background-repeat":"repeat","background-position":"center center","background-size":"auto","background-attachment":"scroll","background-type":"","background-media":"","overlay-type":"","overlay-color":"","overlay-opacity":"","overlay-gradient":""}}},"pwb-brand":[332],"product_brand":[],"product_cat":[340,991,410],"product_tag":[],"class_list":{"0":"post-15293","1":"product","2":"type-product","3":"status-publish","4":"has-post-thumbnail","6":"pwb-brand-victron","7":"product_cat-baterias","8":"product_cat-busbar","9":"product_cat-material-electrico","10":"desktop-align-left","11":"tablet-align-left","12":"mobile-align-left","13":"ast-product-gallery-layout-horizontal-slider","14":"ast-product-tabs-layout-horizontal","16":"first","17":"instock","18":"taxable","19":"shipping-taxable","20":"purchasable","21":"product-type-simple"},"wcpa_form_fields":null,"brands":[{"id":332,"name":"Victron Energie","slug":"victron"}],"_links":{"self":[{"href":"https:\/\/fvcomponentes.com\/de\/wp-json\/wp\/v2\/product\/15293","targetHints":{"allow":["GET"]}}],"collection":[{"href":"https:\/\/fvcomponentes.com\/de\/wp-json\/wp\/v2\/product"}],"about":[{"href":"https:\/\/fvcomponentes.com\/de\/wp-json\/wp\/v2\/types\/product"}],"replies":[{"embeddable":true,"href":"https:\/\/fvcomponentes.com\/de\/wp-json\/wp\/v2\/comments?post=15293"}],"wp:featuredmedia":[{"embeddable":true,"href":"https:\/\/fvcomponentes.com\/de\/wp-json\/wp\/v2\/media\/15297"}],"wp:attachment":[{"href":"https:\/\/fvcomponentes.com\/de\/wp-json\/wp\/v2\/media?parent=15293"}],"wp:term":[{"taxonomy":"pwb-brand","embeddable":true,"href":"https:\/\/fvcomponentes.com\/de\/wp-json\/wp\/v2\/pwb-brand?post=15293"},{"taxonomy":"product_brand","embeddable":true,"href":"https:\/\/fvcomponentes.com\/de\/wp-json\/wp\/v2\/product_brand?post=15293"},{"taxonomy":"product_cat","embeddable":true,"href":"https:\/\/fvcomponentes.com\/de\/wp-json\/wp\/v2\/product_cat?post=15293"},{"taxonomy":"product_tag","embeddable":true,"href":"https:\/\/fvcomponentes.com\/de\/wp-json\/wp\/v2\/product_tag?post=15293"}],"curies":[{"name":"wp","href":"https:\/\/api.w.org\/{rel}","templated":true}]}}