{"id":15121,"date":"2024-06-19T08:10:05","date_gmt":"2024-06-19T06:10:05","guid":{"rendered":"https:\/\/fvcomponentes.com\/?post_type=product&#038;p=15121"},"modified":"2026-04-08T21:32:04","modified_gmt":"2026-04-08T19:32:04","slug":"can-bus-temperatursensor-fur-victron-dc-dc-converter-buck-boost-ass000200100","status":"publish","type":"product","link":"https:\/\/fvcomponentes.com\/de\/producto\/sensor-de-temperatura-bus-can-para-convertidor-victron-cc-cc-buck-boost-ass000200100\/","title":{"rendered":"CAN-Bus-Temperatursensor f\u00fcr Victron DC-DC Abw\u00e4rtswandler - ASS000200100100"},"content":{"rendered":"<h2>Eigenschaften des CAN-Bus Temperatursensors f\u00fcr Victron DC-DC Abw\u00e4rtswandler - ASS000200100100<\/h2>\n<p>Es handelt sich um einen Batterietemperatursensor f\u00fcr den Wandlerbereich. <a href=\"https:\/\/fvcomponentes.com\/de\/produkt\/victron-dc-gleichstromwandler-buck-boost-25-bis-ori303025000\/\" target=\"_blank\" rel=\"noopener\">Abw\u00e4rts-\/Aufw\u00e4rts-DC\/DC<\/a> und ist ein unverzichtbares Zubeh\u00f6r beim Anschluss des Buck-Boost DC\/DC-Wandlers an eine LFP-Lithiumbatterie. Wenn diese Batterien bei niedrigen Temperaturen geladen werden, ist es notwendig, die Temperatur zu \u00fcberwachen. Der Ladestrom f\u00fcr eine Lithiumbatterie muss reduziert werden, wenn die Temperatur der Batterie unter 5 Grad sinkt, und gestoppt werden, wenn die Temperatur unter 0 Grad sinkt.<\/p>\n<p>Der CAN-Bus-Temperatursensor f\u00fcr den Victron DC-DC Buck-Boost-Wandler - ASS000200100 \u00fcbernimmt diese Aufgabe. Er misst die Temperatur der Lithiumbatterie und sendet die Daten an den DC\/DC-Buck-Boost-Wandler, der den Ladevorgang reduziert oder stoppt, wenn die Temperatur der Batterie zu niedrig wird.<\/p>\n<p>Dar\u00fcber hinaus kann der CAN-Bus-Temperatursensor f\u00fcr den Victron DC-DC Abw\u00e4rtswandler - ASS000200100100 an den Temperatursensoranschluss eines <a href=\"https:\/\/fvcomponentes.com\/de\/produkt\/wechselrichter-victron-multiplus-ii-gx-48-5000va-48v-7050a\/\" target=\"_blank\" rel=\"noopener\">MultiPlus<\/a> o <a href=\"https:\/\/fvcomponentes.com\/de\/produkt\/victron-quattro-12-3000va-120a-5050a-wechselrichter\/\" target=\"_blank\" rel=\"noopener\">Quattro<\/a>Die Batterieladeger\u00e4te k\u00f6nnen den Ladevorgang reduzieren oder unterbrechen, wenn die Temperatur der Batterie zu niedrig wird.<\/p>","protected":false},"excerpt":{"rendered":"<p>Erforderlich zur Kontrolle der Temperatur von LFP-Lithiumbatterien beim Laden bei niedrigen Temperaturen.<\/p>","protected":false},"featured_media":15123,"comment_status":"open","ping_status":"closed","template":"","meta":{"site-sidebar-layout":"default","site-content-layout":"default","ast-site-content-layout":"default","site-content-style":"default","site-sidebar-style":"default","ast-global-header-display":"","ast-banner-title-visibility":"","ast-main-header-display":"","ast-hfb-above-header-display":"","ast-hfb-below-header-display":"","ast-hfb-mobile-header-display":"","site-post-title":"","ast-breadcrumbs-content":"","ast-featured-img":"","footer-sml-layout":"","ast-disable-related-posts":"","theme-transparent-header-meta":"default","adv-header-id-meta":"","stick-header-meta":"","header-above-stick-meta":"","header-main-stick-meta":"","header-below-stick-meta":"","astra-migrate-meta-layouts":"set","ast-page-background-enabled":"default","ast-page-background-meta":{"desktop":{"background-color":"var(--ast-global-color-4)","background-image":"","background-repeat":"repeat","background-position":"center center","background-size":"auto","background-attachment":"scroll","background-type":"","background-media":"","overlay-type":"","overlay-color":"","overlay-opacity":"","overlay-gradient":""},"tablet":{"background-color":"","background-image":"","background-repeat":"repeat","background-position":"center center","background-size":"auto","background-attachment":"scroll","background-type":"","background-media":"","overlay-type":"","overlay-color":"","overlay-opacity":"","overlay-gradient":""},"mobile":{"background-color":"","background-image":"","background-repeat":"repeat","background-position":"center center","background-size":"auto","background-attachment":"scroll","background-type":"","background-media":"","overlay-type":"","overlay-color":"","overlay-opacity":"","overlay-gradient":""}},"ast-content-background-meta":{"desktop":{"background-color":"var(--ast-global-color-5)","background-image":"","background-repeat":"repeat","background-position":"center center","background-size":"auto","background-attachment":"scroll","background-type":"","background-media":"","overlay-type":"","overlay-color":"","overlay-opacity":"","overlay-gradient":""},"tablet":{"background-color":"var(--ast-global-color-5)","background-image":"","background-repeat":"repeat","background-position":"center center","background-size":"auto","background-attachment":"scroll","background-type":"","background-media":"","overlay-type":"","overlay-color":"","overlay-opacity":"","overlay-gradient":""},"mobile":{"background-color":"var(--ast-global-color-5)","background-image":"","background-repeat":"repeat","background-position":"center center","background-size":"auto","background-attachment":"scroll","background-type":"","background-media":"","overlay-type":"","overlay-color":"","overlay-opacity":"","overlay-gradient":""}}},"pwb-brand":[332],"product_brand":[],"product_cat":[966,419,865],"product_tag":[],"class_list":{"0":"post-15121","1":"product","2":"type-product","3":"status-publish","4":"has-post-thumbnail","6":"pwb-brand-victron","7":"product_cat-accesorios-cargadores","8":"product_cat-cargadores-de-baterias","9":"product_cat-convertidores","10":"desktop-align-left","11":"tablet-align-left","12":"mobile-align-left","13":"ast-product-gallery-layout-horizontal-slider","14":"ast-product-tabs-layout-horizontal","16":"first","17":"instock","18":"taxable","19":"shipping-taxable","20":"purchasable","21":"product-type-simple"},"wcpa_form_fields":null,"brands":[{"id":332,"name":"Victron Energie","slug":"victron"}],"_links":{"self":[{"href":"https:\/\/fvcomponentes.com\/de\/wp-json\/wp\/v2\/product\/15121","targetHints":{"allow":["GET"]}}],"collection":[{"href":"https:\/\/fvcomponentes.com\/de\/wp-json\/wp\/v2\/product"}],"about":[{"href":"https:\/\/fvcomponentes.com\/de\/wp-json\/wp\/v2\/types\/product"}],"replies":[{"embeddable":true,"href":"https:\/\/fvcomponentes.com\/de\/wp-json\/wp\/v2\/comments?post=15121"}],"wp:featuredmedia":[{"embeddable":true,"href":"https:\/\/fvcomponentes.com\/de\/wp-json\/wp\/v2\/media\/15123"}],"wp:attachment":[{"href":"https:\/\/fvcomponentes.com\/de\/wp-json\/wp\/v2\/media?parent=15121"}],"wp:term":[{"taxonomy":"pwb-brand","embeddable":true,"href":"https:\/\/fvcomponentes.com\/de\/wp-json\/wp\/v2\/pwb-brand?post=15121"},{"taxonomy":"product_brand","embeddable":true,"href":"https:\/\/fvcomponentes.com\/de\/wp-json\/wp\/v2\/product_brand?post=15121"},{"taxonomy":"product_cat","embeddable":true,"href":"https:\/\/fvcomponentes.com\/de\/wp-json\/wp\/v2\/product_cat?post=15121"},{"taxonomy":"product_tag","embeddable":true,"href":"https:\/\/fvcomponentes.com\/de\/wp-json\/wp\/v2\/product_tag?post=15121"}],"curies":[{"name":"wp","href":"https:\/\/api.w.org\/{rel}","templated":true}]}}