{"id":15073,"date":"2024-06-18T12:07:59","date_gmt":"2024-06-18T10:07:59","guid":{"rendered":"https:\/\/fvcomponentes.com\/?post_type=product&#038;p=15073"},"modified":"2026-04-08T21:27:24","modified_gmt":"2026-04-08T19:27:24","slug":"fernbedienungskabel-fur-orion-tr-dc-dc-isoliert-ass070300100","status":"publish","type":"product","link":"https:\/\/fvcomponentes.com\/de\/producto\/cable-remoto-para-orion-tr-cc-cc-aislado-ass070300100\/","title":{"rendered":"Fernbedienungskabel f\u00fcr Victron Orion-Tr Smart Charger DC-DC Isoliert - ASS070300100"},"content":{"rendered":"<h2>Eigenschaften des Orion-Tr Smart DC-DC Isoliertes DC-DC Fernladekabel - ASS070300100<\/h2>\n<p>Beim Orion-Tr Smart ist der Ferneinschaltkreis auf die Prim\u00e4rbatterie (z. B. die Starterbatterie) bezogen. Das Orion-Tr DC-DC Isolated Remote Cable - ASS070300100 wurde f\u00fcr Anwendungen entwickelt, bei denen das Ferneinschalt-\/Ausschaltsignal auf die Sekund\u00e4rbatterie bezogen ist.<\/p>\n<p><img fetchpriority=\"high\" decoding=\"async\" class=\"size-full wp-image-16176\" src=\"https:\/\/fvcomponentes.com\/wp-content\/uploads\/2024\/06\/Cable-remoto-para-cargador-Orion-Tr-Smart-CC-CC-Aislado-ASS070300100.png\" alt=\"Fernbedienungskabel f\u00fcr Orion-Tr Smart DC-CC Isoliertes Ladeger\u00e4t - ASS070300100Fernbedienungskabel f\u00fcr Orion-Tr Smart DC-CC Isoliertes Ladeger\u00e4t - ASS070300100\" width=\"847\" height=\"748\" title=\"\"><\/p>\n<h2>Orion-Tr Smart DC-DC Isoliertes DC-DC Ladeger\u00e4t Fernbedienungskabel Handbuch - ASS070300100<\/h2>\n<p><a href=\"https:\/\/fvcomponentes.com\/wp-content\/uploads\/2024\/06\/Manual-Cable-remoto-para-Orion-Tr-CC-CC-Aislado.pdf\" target=\"_blank\" rel=\"noopener\">Handbuch f\u00fcr Fernbedienungskabel f\u00fcr Orion-Tr Smart Charger DC-DC-CC Isoliert - ASS070300100<\/a><\/p>","protected":false},"excerpt":{"rendered":"<p class=\"ai-optimize-28\">Dieses Kabel ist f\u00fcr Anwendungen vorgesehen, bei denen das Ferneinschalt-\/Ausschaltsignal auf die Sekund\u00e4rbatterie referenziert wird.<\/p>","protected":false},"featured_media":15077,"comment_status":"open","ping_status":"closed","template":"","meta":{"site-sidebar-layout":"default","site-content-layout":"default","ast-site-content-layout":"default","site-content-style":"default","site-sidebar-style":"default","ast-global-header-display":"","ast-banner-title-visibility":"","ast-main-header-display":"","ast-hfb-above-header-display":"","ast-hfb-below-header-display":"","ast-hfb-mobile-header-display":"","site-post-title":"","ast-breadcrumbs-content":"","ast-featured-img":"","footer-sml-layout":"","ast-disable-related-posts":"","theme-transparent-header-meta":"default","adv-header-id-meta":"","stick-header-meta":"","header-above-stick-meta":"","header-main-stick-meta":"","header-below-stick-meta":"","astra-migrate-meta-layouts":"set","ast-page-background-enabled":"default","ast-page-background-meta":{"desktop":{"background-color":"var(--ast-global-color-4)","background-image":"","background-repeat":"repeat","background-position":"center center","background-size":"auto","background-attachment":"scroll","background-type":"","background-media":"","overlay-type":"","overlay-color":"","overlay-opacity":"","overlay-gradient":""},"tablet":{"background-color":"","background-image":"","background-repeat":"repeat","background-position":"center center","background-size":"auto","background-attachment":"scroll","background-type":"","background-media":"","overlay-type":"","overlay-color":"","overlay-opacity":"","overlay-gradient":""},"mobile":{"background-color":"","background-image":"","background-repeat":"repeat","background-position":"center center","background-size":"auto","background-attachment":"scroll","background-type":"","background-media":"","overlay-type":"","overlay-color":"","overlay-opacity":"","overlay-gradient":""}},"ast-content-background-meta":{"desktop":{"background-color":"var(--ast-global-color-5)","background-image":"","background-repeat":"repeat","background-position":"center center","background-size":"auto","background-attachment":"scroll","background-type":"","background-media":"","overlay-type":"","overlay-color":"","overlay-opacity":"","overlay-gradient":""},"tablet":{"background-color":"var(--ast-global-color-5)","background-image":"","background-repeat":"repeat","background-position":"center center","background-size":"auto","background-attachment":"scroll","background-type":"","background-media":"","overlay-type":"","overlay-color":"","overlay-opacity":"","overlay-gradient":""},"mobile":{"background-color":"var(--ast-global-color-5)","background-image":"","background-repeat":"repeat","background-position":"center center","background-size":"auto","background-attachment":"scroll","background-type":"","background-media":"","overlay-type":"","overlay-color":"","overlay-opacity":"","overlay-gradient":""}}},"pwb-brand":[332],"product_brand":[],"product_cat":[410,966,878,419],"product_tag":[],"class_list":{"0":"post-15073","1":"product","2":"type-product","3":"status-publish","4":"has-post-thumbnail","6":"pwb-brand-victron","7":"product_cat-material-electrico","8":"product_cat-accesorios-cargadores","9":"product_cat-cables-victron","10":"product_cat-cargadores-de-baterias","11":"desktop-align-left","12":"tablet-align-left","13":"mobile-align-left","14":"ast-product-gallery-layout-horizontal-slider","15":"ast-product-gallery-with-no-image","16":"ast-product-tabs-layout-horizontal","18":"first","19":"instock","20":"taxable","21":"shipping-taxable","22":"purchasable","23":"product-type-simple"},"wcpa_form_fields":null,"brands":[{"id":332,"name":"Victron Energie","slug":"victron"}],"_links":{"self":[{"href":"https:\/\/fvcomponentes.com\/de\/wp-json\/wp\/v2\/product\/15073","targetHints":{"allow":["GET"]}}],"collection":[{"href":"https:\/\/fvcomponentes.com\/de\/wp-json\/wp\/v2\/product"}],"about":[{"href":"https:\/\/fvcomponentes.com\/de\/wp-json\/wp\/v2\/types\/product"}],"replies":[{"embeddable":true,"href":"https:\/\/fvcomponentes.com\/de\/wp-json\/wp\/v2\/comments?post=15073"}],"wp:featuredmedia":[{"embeddable":true,"href":"https:\/\/fvcomponentes.com\/de\/wp-json\/wp\/v2\/media\/15077"}],"wp:attachment":[{"href":"https:\/\/fvcomponentes.com\/de\/wp-json\/wp\/v2\/media?parent=15073"}],"wp:term":[{"taxonomy":"pwb-brand","embeddable":true,"href":"https:\/\/fvcomponentes.com\/de\/wp-json\/wp\/v2\/pwb-brand?post=15073"},{"taxonomy":"product_brand","embeddable":true,"href":"https:\/\/fvcomponentes.com\/de\/wp-json\/wp\/v2\/product_brand?post=15073"},{"taxonomy":"product_cat","embeddable":true,"href":"https:\/\/fvcomponentes.com\/de\/wp-json\/wp\/v2\/product_cat?post=15073"},{"taxonomy":"product_tag","embeddable":true,"href":"https:\/\/fvcomponentes.com\/de\/wp-json\/wp\/v2\/product_tag?post=15073"}],"curies":[{"name":"wp","href":"https:\/\/api.w.org\/{rel}","templated":true}]}}