{"id":15065,"date":"2024-06-18T11:41:38","date_gmt":"2024-06-18T09:41:38","guid":{"rendered":"https:\/\/fvcomponentes.com\/?post_type=product&#038;p=15065"},"modified":"2026-04-08T21:32:44","modified_gmt":"2026-04-08T19:32:44","slug":"konverter-victron-victron-orion-tr-smart-12-24-10a-dc-isoliert-dc-ori122424120","status":"publish","type":"product","link":"https:\/\/fvcomponentes.com\/de\/producto\/convertidor-victron-orion-tr-smart-12-24-10a-cc-cc-aislado-ori122424120\/","title":{"rendered":"Victron Orion-Tr Smart 12\/24-10A DC-DC isolierter DC-Booster-Wandler - ORI12242424120"},"content":{"rendered":"<h2>Besondere Eigenschaften des Victron Orion-Tr Smart 12\/24-10A DC-DC-Wandler mit galvanischer Trennung - ORI12242424120<\/h2>\n<h2>Integriertes Bluetooth Smart<\/h2>\n<ul>\n<li>Jedes Bluetooth-f\u00e4hige Ger\u00e4t kann zur \u00dcberwachung, \u00c4nderung von Einstellungen und Aktualisierung des Konverters verwendet werden.<\/li>\n<li>Sofortige Ablesung: Die Anwendung <a href=\"https:\/\/www.victronenergy.com.es\/panel-systems-remote-monitoring\/victronconnect\" target=\"_blank\" rel=\"noopener\">VictronConnect<\/a> kann die wichtigsten Daten, einschlie\u00dflich Warnungen und Alarme, auf der Ger\u00e4telistenseite anzeigen, ohne dass eine Verbindung zum Produkt erforderlich ist.<\/li>\n<\/ul>\n<h2>Vollst\u00e4ndig programmierbar<\/h2>\n<ul>\n<li>Batterieladealgorithmus (konfigurierbar) oder feste Leistung.<\/li>\n<li>Intelligente Kompatibilit\u00e4t der Lichtmaschine: Mechanismus zur Erkennung des laufenden Motors.<\/li>\n<\/ul>\n<h2>3-stufiger adaptiver Belastungsalgorithmus: Anfangsbelastung - Absorption - Floating<\/h2>\n<ul>\n<li>Bei Blei-S\u00e4ure-Batterien ist es wichtig, dass bei leichten Entladungen die Absorptionszeit kurz ist, um eine \u00dcberladung der Batterie zu vermeiden. Nach einer Tiefentladung wird die Absorptionsladezeit automatisch verl\u00e4ngert, um eine vollst\u00e4ndige Wiederaufladung der Batterie zu gew\u00e4hrleisten.<\/li>\n<li>Bei Lithiumbatterien ist die Absorptionszeit festgelegt: standardm\u00e4\u00dfig 2 Stunden.<\/li>\n<li>Alternativ kann auch eine feste Ausgangsspannung gew\u00e4hlt werden.<\/li>\n<\/ul>\n<h2>Geeignet f\u00fcr den Einsatz in Fahrzeugen mit intelligenter Lichtmaschine (Euro 5 und Euro 6 Motoren)<\/h2>\n<p>Die integrierte Motorabschaltungserkennung schaltet den Victron Orion-Tr Smart 12\/24-10A DC-DC Isolated DC-DC Converter - ORI12242424120 ab, wenn der Motor nicht l\u00e4uft. Dies verhindert, dass sich die Starterbatterie entl\u00e4dt.<\/p>\n<h2>Victron Orion-Tr Smart 12\/24-10A DC-DC-Wandler, isoliert, Ein\/Aus-Fernbetrieb - ORI12242424120<\/h2>\n<p>Ein ferngesteuerter Ein\/Aus-Schalter kann an einen zweiphasigen Stecker angeschlossen werden. Alternativ kann die H-Klemme (rechts) des zweiphasigen Steckers mit dem Pluspol der Batterie oder die L-Klemme (links) des zweiphasigen Steckers mit dem Minuspol der Batterie (oder z. B. mit dem Fahrzeugchassis) verbunden werden.<\/p>\n<h2>Kurzschlusssichere Ausf\u00fchrung mit Parallelschaltm\u00f6glichkeit<\/h2>\n<p>Zur Erh\u00f6hung des Ausgangsstroms kann eine unbegrenzte Anzahl von Ger\u00e4ten parallel geschaltet werden.<\/p>\n<h2>Schutz vor hohen Temperaturen<\/h2>\n<p>Bei hohen Umgebungstemperaturen wird der Ausgangsstrom reduziert.<\/p>\n<h2>Schutzart IP43<\/h2>\n<p>Bei Einbau mit den Schraubklemmen nach unten.<\/p>\n<h2>Schraubklemmen<\/h2>\n<p>F\u00fcr den Einbau sind keine Spezialwerkzeuge erforderlich.<\/p>\n<p><img fetchpriority=\"high\" decoding=\"async\" class=\"wp-image-6042 aligncenter\" src=\"https:\/\/fvcomponentes.com\/wp-content\/uploads\/2023\/03\/Captura-5.png\" alt=\"Victron Orion-Tr Smart 12\/12-30A DC-DC isoliertes Ladeger\u00e4t - ORI121236140\" width=\"446\" height=\"307\" title=\"\"><\/p>\n<h2>Datenblatt Victron Orion-Tr Smart 12\/24-10A DC-DC Isolierter DC-DC Wandler - ORI12242424120<\/h2>\n<p><a href=\"https:\/\/fvcomponentes.com\/wp-content\/uploads\/2023\/06\/Datasheet-Orion-Tr-Smart-DC-DC-chargers-isolated-250-400W-ES.pdf\" target=\"_blank\" rel=\"noopener\">Datenblatt Victron Orion-Tr Smart 12\/24-10A DC-DC Isolierter Gleichspannungswandler - ORI12242424120<\/a><\/p>","protected":false},"excerpt":{"rendered":"<ul>\n<li><span style=\"color: #99cc00;\"><strong>Bluetooth-Ger\u00e4te<\/strong><\/span><\/li>\n<li><strong>Konverter-Ladeger\u00e4t<\/strong><\/li>\n<li><strong>Nennlaststrom:\u00a0<\/strong> 10 A<\/li>\n<li><strong>Eingangsspannungsbereich: <\/strong>8-17 V<\/li>\n<li><strong>Ausgangsspannung: <\/strong>24,2 V<\/li>\n<li><strong>Schutzklasse: <\/strong>\u00a0IP43<\/li>\n<\/ul>","protected":false},"featured_media":15072,"comment_status":"open","ping_status":"closed","template":"","meta":{"site-sidebar-layout":"default","site-content-layout":"default","ast-site-content-layout":"default","site-content-style":"default","site-sidebar-style":"default","ast-global-header-display":"","ast-banner-title-visibility":"","ast-main-header-display":"","ast-hfb-above-header-display":"","ast-hfb-below-header-display":"","ast-hfb-mobile-header-display":"","site-post-title":"","ast-breadcrumbs-content":"","ast-featured-img":"","footer-sml-layout":"","ast-disable-related-posts":"","theme-transparent-header-meta":"default","adv-header-id-meta":"","stick-header-meta":"","header-above-stick-meta":"","header-main-stick-meta":"","header-below-stick-meta":"","astra-migrate-meta-layouts":"set","ast-page-background-enabled":"default","ast-page-background-meta":{"desktop":{"background-color":"var(--ast-global-color-4)","background-image":"","background-repeat":"repeat","background-position":"center center","background-size":"auto","background-attachment":"scroll","background-type":"","background-media":"","overlay-type":"","overlay-color":"","overlay-opacity":"","overlay-gradient":""},"tablet":{"background-color":"","background-image":"","background-repeat":"repeat","background-position":"center center","background-size":"auto","background-attachment":"scroll","background-type":"","background-media":"","overlay-type":"","overlay-color":"","overlay-opacity":"","overlay-gradient":""},"mobile":{"background-color":"","background-image":"","background-repeat":"repeat","background-position":"center center","background-size":"auto","background-attachment":"scroll","background-type":"","background-media":"","overlay-type":"","overlay-color":"","overlay-opacity":"","overlay-gradient":""}},"ast-content-background-meta":{"desktop":{"background-color":"var(--ast-global-color-5)","background-image":"","background-repeat":"repeat","background-position":"center center","background-size":"auto","background-attachment":"scroll","background-type":"","background-media":"","overlay-type":"","overlay-color":"","overlay-opacity":"","overlay-gradient":""},"tablet":{"background-color":"var(--ast-global-color-5)","background-image":"","background-repeat":"repeat","background-position":"center center","background-size":"auto","background-attachment":"scroll","background-type":"","background-media":"","overlay-type":"","overlay-color":"","overlay-opacity":"","overlay-gradient":""},"mobile":{"background-color":"var(--ast-global-color-5)","background-image":"","background-repeat":"repeat","background-position":"center center","background-size":"auto","background-attachment":"scroll","background-type":"","background-media":"","overlay-type":"","overlay-color":"","overlay-opacity":"","overlay-gradient":""}}},"pwb-brand":[332],"product_brand":[],"product_cat":[419,899,865],"product_tag":[],"class_list":{"0":"post-15065","1":"product","2":"type-product","3":"status-publish","4":"has-post-thumbnail","6":"pwb-brand-victron","7":"product_cat-cargadores-de-baterias","8":"product_cat-12v-24v","9":"product_cat-convertidores","10":"desktop-align-left","11":"tablet-align-left","12":"mobile-align-left","13":"ast-product-gallery-layout-horizontal-slider","14":"ast-product-tabs-layout-horizontal","16":"first","17":"instock","18":"taxable","19":"shipping-taxable","20":"purchasable","21":"product-type-simple"},"wcpa_form_fields":null,"brands":[{"id":332,"name":"Victron Energie","slug":"victron"}],"_links":{"self":[{"href":"https:\/\/fvcomponentes.com\/de\/wp-json\/wp\/v2\/product\/15065","targetHints":{"allow":["GET"]}}],"collection":[{"href":"https:\/\/fvcomponentes.com\/de\/wp-json\/wp\/v2\/product"}],"about":[{"href":"https:\/\/fvcomponentes.com\/de\/wp-json\/wp\/v2\/types\/product"}],"replies":[{"embeddable":true,"href":"https:\/\/fvcomponentes.com\/de\/wp-json\/wp\/v2\/comments?post=15065"}],"wp:featuredmedia":[{"embeddable":true,"href":"https:\/\/fvcomponentes.com\/de\/wp-json\/wp\/v2\/media\/15072"}],"wp:attachment":[{"href":"https:\/\/fvcomponentes.com\/de\/wp-json\/wp\/v2\/media?parent=15065"}],"wp:term":[{"taxonomy":"pwb-brand","embeddable":true,"href":"https:\/\/fvcomponentes.com\/de\/wp-json\/wp\/v2\/pwb-brand?post=15065"},{"taxonomy":"product_brand","embeddable":true,"href":"https:\/\/fvcomponentes.com\/de\/wp-json\/wp\/v2\/product_brand?post=15065"},{"taxonomy":"product_cat","embeddable":true,"href":"https:\/\/fvcomponentes.com\/de\/wp-json\/wp\/v2\/product_cat?post=15065"},{"taxonomy":"product_tag","embeddable":true,"href":"https:\/\/fvcomponentes.com\/de\/wp-json\/wp\/v2\/product_tag?post=15065"}],"curies":[{"name":"wp","href":"https:\/\/api.w.org\/{rel}","templated":true}]}}