{"id":15042,"date":"2024-06-18T10:09:56","date_gmt":"2024-06-18T08:09:56","guid":{"rendered":"https:\/\/fvcomponentes.com\/?post_type=product&#038;p=15042"},"modified":"2026-04-04T12:46:37","modified_gmt":"2026-04-04T10:46:37","slug":"victron-orion-24-12-70-wandler-nicht-isoliert-und-mit-anschlussklemmen-ori241270030","status":"publish","type":"product","link":"https:\/\/fvcomponentes.com\/de\/producto\/convertidor-victron-orion-24-12-70-no-aislado-y-con-terminales-de-conexion-ori241270030\/","title":{"rendered":"Victron Orion 24\/12-70 Wandler nicht isoliert und mit Anschlussklemmen - ORI241270030"},"content":{"rendered":"<h2>Eigenschaften des Victron Orion 24\/12-70 nicht isolierter Wandler mit Anschlussklemmen - ORI241270030<\/h2>\n<h2>Fern-Ein-Aus-Anschluss<\/h2>\n<ul>\n<li>Der Remote-On-Off-Steckverbinder ist eine praktische und vielseitige L\u00f6sung, die die Verwaltung von elektrischen Ger\u00e4ten vereinfacht. Dieser Stecker macht Hochleistungsschalter in der Eingangsverdrahtung \u00fcberfl\u00fcssig und erleichtert die Bedienung und Steuerung elektrischer Ger\u00e4te aus der Ferne.<\/li>\n<li>Einer der Hauptvorteile des Remote-On-Off-Steckers besteht darin, dass er entweder durch einen Niederspannungsschalter oder den Motorstartschalter aktiviert werden kann. Diese Aktivierungsflexibilit\u00e4t macht ihn ideal f\u00fcr eine Vielzahl von Anwendungen.<\/li>\n<\/ul>\n<h2>Alle Modelle mit einstellbarer Leistung k\u00f6nnen auch als Batterieladeger\u00e4t verwendet werden.<\/h2>\n<ul>\n<li>Dar\u00fcber hinaus bieten alle Modelle mit verstellbaren Steckdosen zus\u00e4tzliche Funktionen, da sie als Batterieladeger\u00e4te verwendet werden k\u00f6nnen.<\/li>\n<li>Sie k\u00f6nnen 12-Volt-Starter- oder Servicebatterien laden, auch wenn sie in 24-Volt-Systeme integriert sind, was zu Zeit- und Ressourceneinsparungen f\u00fchrt.<\/li>\n<\/ul>\n<h2>Alle Modelle mit einstellbarem Ausgang k\u00f6nnen parallel geschaltet werden, um den Ausgangsstrom zu erh\u00f6hen.<\/h2>\n<ul>\n<li>Ein weiteres herausragendes Merkmal des nicht isolierten Victron Orion 24\/12-70 Wandlers mit Anschlussklemmen ist die M\u00f6glichkeit, mehrere dieser Anschl\u00fcsse parallel zu schalten, um den Ausgangsstrom zu erh\u00f6hen.<\/li>\n<li>Bis zu f\u00fcnf Ger\u00e4te k\u00f6nnen parallel geschaltet werden, so dass auch ein h\u00f6herer Strombedarf effizient gedeckt werden kann.<\/li>\n<\/ul>\n<h2>Einfache Installation des nicht isolierten Konverters Victron Orion 24\/12-70 mit Anschlussklemmen<\/h2>\n<ul>\n<li>Die Installation ist einfach und bequem.<\/li>\n<li>Er enth\u00e4lt 4 6,3-mm-Buchsen f\u00fcr den einfachen Anschluss an andere elektrische Ger\u00e4te und Systeme, was den Remote-On-Off-Anschluss zu einer kompletten und einfachen L\u00f6sung f\u00fcr eine Vielzahl von Anwendungen macht.<\/li>\n<\/ul>\n<h2>Datenblatt Victron Orion 24\/12-70 nicht isolierter Wandler mit Anschlussklemmen - ORI241270030<\/h2>\n<p><a href=\"https:\/\/fvcomponentes.com\/wp-content\/uploads\/2023\/03\/Orion-alta-potencia-ES.pdf\" target=\"_blank\" rel=\"noopener\">Datenblatt Wechselrichter Victron Orion 24\/12-70 Wechselrichter nicht isoliert und mit Anschlussklemmen - ORI241270030<\/a><\/p>","protected":false},"excerpt":{"rendered":"<ul>\n<li><span style=\"color: #ff0000\"><strong>Dieses Ger\u00e4t ist NICHT ZUM AUFLADEN DER BATTERIE geeignet. W\u00e4hlen Sie das Smart-Modell mit Blutetooth.<\/strong><\/span><\/li>\n<li><strong><span style=\"color: #ff0000\">Ger\u00e4te ohne Bluetooth<\/span><\/strong><\/li>\n<li><strong>Eingangsspannungsbereich:<\/strong> 18\/35V<\/li>\n<li><strong>Unterbrechung der Verbindung durch Unterspannung:<\/strong> 14V<\/li>\n<li><strong>Ausgangsspannung:<\/strong> Einstellbar 10-15V F-Einstellung 13,2V<\/li>\n<li><strong>Kontinuierlicher Ausgangsstrom:<\/strong> 70A<\/li>\n<li><strong>Maximaler Ausgangsstrom:<\/strong> 85A<\/li>\n<li><strong>Verbrauch aus:<\/strong> &lt;20mA<\/li>\n<\/ul>","protected":false},"featured_media":15045,"comment_status":"open","ping_status":"closed","template":"","meta":{"site-sidebar-layout":"default","site-content-layout":"default","ast-site-content-layout":"default","site-content-style":"default","site-sidebar-style":"default","ast-global-header-display":"","ast-banner-title-visibility":"","ast-main-header-display":"","ast-hfb-above-header-display":"","ast-hfb-below-header-display":"","ast-hfb-mobile-header-display":"","site-post-title":"","ast-breadcrumbs-content":"","ast-featured-img":"","footer-sml-layout":"","ast-disable-related-posts":"","theme-transparent-header-meta":"default","adv-header-id-meta":"","stick-header-meta":"","header-above-stick-meta":"","header-main-stick-meta":"","header-below-stick-meta":"","astra-migrate-meta-layouts":"set","ast-page-background-enabled":"default","ast-page-background-meta":{"desktop":{"background-color":"var(--ast-global-color-4)","background-image":"","background-repeat":"repeat","background-position":"center center","background-size":"auto","background-attachment":"scroll","background-type":"","background-media":"","overlay-type":"","overlay-color":"","overlay-opacity":"","overlay-gradient":""},"tablet":{"background-color":"","background-image":"","background-repeat":"repeat","background-position":"center center","background-size":"auto","background-attachment":"scroll","background-type":"","background-media":"","overlay-type":"","overlay-color":"","overlay-opacity":"","overlay-gradient":""},"mobile":{"background-color":"","background-image":"","background-repeat":"repeat","background-position":"center center","background-size":"auto","background-attachment":"scroll","background-type":"","background-media":"","overlay-type":"","overlay-color":"","overlay-opacity":"","overlay-gradient":""}},"ast-content-background-meta":{"desktop":{"background-color":"var(--ast-global-color-5)","background-image":"","background-repeat":"repeat","background-position":"center center","background-size":"auto","background-attachment":"scroll","background-type":"","background-media":"","overlay-type":"","overlay-color":"","overlay-opacity":"","overlay-gradient":""},"tablet":{"background-color":"var(--ast-global-color-5)","background-image":"","background-repeat":"repeat","background-position":"center center","background-size":"auto","background-attachment":"scroll","background-type":"","background-media":"","overlay-type":"","overlay-color":"","overlay-opacity":"","overlay-gradient":""},"mobile":{"background-color":"var(--ast-global-color-5)","background-image":"","background-repeat":"repeat","background-position":"center center","background-size":"auto","background-attachment":"scroll","background-type":"","background-media":"","overlay-type":"","overlay-color":"","overlay-opacity":"","overlay-gradient":""}}},"pwb-brand":[332],"product_brand":[],"product_cat":[865,901,419],"product_tag":[],"class_list":{"0":"post-15042","1":"product","2":"type-product","3":"status-publish","4":"has-post-thumbnail","6":"pwb-brand-victron","7":"product_cat-convertidores","8":"product_cat-24v-12v","9":"product_cat-cargadores-de-baterias","10":"desktop-align-left","11":"tablet-align-left","12":"mobile-align-left","13":"ast-product-gallery-layout-horizontal-slider","14":"ast-product-tabs-layout-horizontal","16":"first","17":"instock","18":"taxable","19":"shipping-taxable","20":"purchasable","21":"product-type-simple"},"wcpa_form_fields":null,"brands":[{"id":332,"name":"Victron Energie","slug":"victron"}],"_links":{"self":[{"href":"https:\/\/fvcomponentes.com\/de\/wp-json\/wp\/v2\/product\/15042","targetHints":{"allow":["GET"]}}],"collection":[{"href":"https:\/\/fvcomponentes.com\/de\/wp-json\/wp\/v2\/product"}],"about":[{"href":"https:\/\/fvcomponentes.com\/de\/wp-json\/wp\/v2\/types\/product"}],"replies":[{"embeddable":true,"href":"https:\/\/fvcomponentes.com\/de\/wp-json\/wp\/v2\/comments?post=15042"}],"wp:featuredmedia":[{"embeddable":true,"href":"https:\/\/fvcomponentes.com\/de\/wp-json\/wp\/v2\/media\/15045"}],"wp:attachment":[{"href":"https:\/\/fvcomponentes.com\/de\/wp-json\/wp\/v2\/media?parent=15042"}],"wp:term":[{"taxonomy":"pwb-brand","embeddable":true,"href":"https:\/\/fvcomponentes.com\/de\/wp-json\/wp\/v2\/pwb-brand?post=15042"},{"taxonomy":"product_brand","embeddable":true,"href":"https:\/\/fvcomponentes.com\/de\/wp-json\/wp\/v2\/product_brand?post=15042"},{"taxonomy":"product_cat","embeddable":true,"href":"https:\/\/fvcomponentes.com\/de\/wp-json\/wp\/v2\/product_cat?post=15042"},{"taxonomy":"product_tag","embeddable":true,"href":"https:\/\/fvcomponentes.com\/de\/wp-json\/wp\/v2\/product_tag?post=15042"}],"curies":[{"name":"wp","href":"https:\/\/api.w.org\/{rel}","templated":true}]}}