{"id":15038,"date":"2024-06-18T09:51:34","date_gmt":"2024-06-18T07:51:34","guid":{"rendered":"https:\/\/fvcomponentes.com\/?post_type=product&#038;p=15038"},"modified":"2026-04-08T21:28:20","modified_gmt":"2026-04-08T19:28:20","slug":"weises-gehause-fur-victron-ns-ladestation-evc200300410","status":"publish","type":"product","link":"https:\/\/fvcomponentes.com\/de\/producto\/carcasa-blanca-para-estacion-de-carga-victron-ns-evc200300410\/","title":{"rendered":"Wei\u00dfes Geh\u00e4use f\u00fcr Victron NS Elektroauto-Ladeger\u00e4t - EVC200300410"},"content":{"rendered":"<h2>Eigenschaften des Victron NS Wei\u00dfes Geh\u00e4use f\u00fcr Elektroautoladeger\u00e4t - EVC200300410<\/h2>\n<p>Passen Sie Ihr Ladeger\u00e4t f\u00fcr Elektroautos mit dem wei\u00dfen Geh\u00e4use f\u00fcr Victron NS - EVC200300410 an und verleihen Sie ihm einen eleganteren Touch, indem Sie das blaue Geh\u00e4use des Ladeger\u00e4ts durch das <a href=\"https:\/\/fvcomponentes.com\/de\/produkt\/victron-ns-ladestation-fur-elektrofahrzeuge-22-kw-evc200300300200\/\" target=\"_blank\" rel=\"noopener\">Victron NS 22 kW Elektroauto-Ladeger\u00e4t - EVC200300200 <\/a>f\u00fcr diese wei\u00dfe.<\/p>\n<h2>Datenblatt wei\u00dfes Geh\u00e4use f\u00fcr Victron NS Elektroauto-Ladeger\u00e4t - EVC200300410<\/h2>\n<p><a href=\"https:\/\/fvcomponentes.com\/wp-content\/uploads\/2025\/09\/Datasheet-EV-Charging-Station-NS-ES-2.pdf\" target=\"_blank\" rel=\"noopener\">Ansicht Victron NS - EVC200300410 wei\u00dfes Geh\u00e4use f\u00fcr Elektroautoladeger\u00e4t - EVC200300410<\/a><\/p>","protected":false},"excerpt":{"rendered":"<p>Personalisieren Sie Ihr Ladeger\u00e4t f\u00fcr Elektroautos und verleihen Sie ihm mit dieser H\u00fclle einen eleganten Touch.<\/p>","protected":false},"featured_media":15035,"comment_status":"open","ping_status":"closed","template":"","meta":{"site-sidebar-layout":"default","site-content-layout":"default","ast-site-content-layout":"default","site-content-style":"default","site-sidebar-style":"default","ast-global-header-display":"","ast-banner-title-visibility":"","ast-main-header-display":"","ast-hfb-above-header-display":"","ast-hfb-below-header-display":"","ast-hfb-mobile-header-display":"","site-post-title":"","ast-breadcrumbs-content":"","ast-featured-img":"","footer-sml-layout":"","ast-disable-related-posts":"","theme-transparent-header-meta":"default","adv-header-id-meta":"","stick-header-meta":"","header-above-stick-meta":"","header-main-stick-meta":"","header-below-stick-meta":"","astra-migrate-meta-layouts":"set","ast-page-background-enabled":"default","ast-page-background-meta":{"desktop":{"background-color":"var(--ast-global-color-4)","background-image":"","background-repeat":"repeat","background-position":"center center","background-size":"auto","background-attachment":"scroll","background-type":"","background-media":"","overlay-type":"","overlay-color":"","overlay-opacity":"","overlay-gradient":""},"tablet":{"background-color":"","background-image":"","background-repeat":"repeat","background-position":"center center","background-size":"auto","background-attachment":"scroll","background-type":"","background-media":"","overlay-type":"","overlay-color":"","overlay-opacity":"","overlay-gradient":""},"mobile":{"background-color":"","background-image":"","background-repeat":"repeat","background-position":"center center","background-size":"auto","background-attachment":"scroll","background-type":"","background-media":"","overlay-type":"","overlay-color":"","overlay-opacity":"","overlay-gradient":""}},"ast-content-background-meta":{"desktop":{"background-color":"var(--ast-global-color-5)","background-image":"","background-repeat":"repeat","background-position":"center center","background-size":"auto","background-attachment":"scroll","background-type":"","background-media":"","overlay-type":"","overlay-color":"","overlay-opacity":"","overlay-gradient":""},"tablet":{"background-color":"var(--ast-global-color-5)","background-image":"","background-repeat":"repeat","background-position":"center center","background-size":"auto","background-attachment":"scroll","background-type":"","background-media":"","overlay-type":"","overlay-color":"","overlay-opacity":"","overlay-gradient":""},"mobile":{"background-color":"var(--ast-global-color-5)","background-image":"","background-repeat":"repeat","background-position":"center center","background-size":"auto","background-attachment":"scroll","background-type":"","background-media":"","overlay-type":"","overlay-color":"","overlay-opacity":"","overlay-gradient":""}}},"pwb-brand":[332],"product_brand":[],"product_cat":[385],"product_tag":[],"class_list":{"0":"post-15038","1":"product","2":"type-product","3":"status-publish","4":"has-post-thumbnail","6":"pwb-brand-victron","7":"product_cat-cargadores-para-vehiculo-electrico","8":"desktop-align-left","9":"tablet-align-left","10":"mobile-align-left","11":"ast-product-gallery-layout-horizontal-slider","12":"ast-product-gallery-with-no-image","13":"ast-product-tabs-layout-horizontal","15":"first","16":"instock","17":"taxable","18":"shipping-taxable","19":"purchasable","20":"product-type-simple"},"wcpa_form_fields":null,"brands":[{"id":332,"name":"Victron Energie","slug":"victron"}],"_links":{"self":[{"href":"https:\/\/fvcomponentes.com\/de\/wp-json\/wp\/v2\/product\/15038","targetHints":{"allow":["GET"]}}],"collection":[{"href":"https:\/\/fvcomponentes.com\/de\/wp-json\/wp\/v2\/product"}],"about":[{"href":"https:\/\/fvcomponentes.com\/de\/wp-json\/wp\/v2\/types\/product"}],"replies":[{"embeddable":true,"href":"https:\/\/fvcomponentes.com\/de\/wp-json\/wp\/v2\/comments?post=15038"}],"wp:featuredmedia":[{"embeddable":true,"href":"https:\/\/fvcomponentes.com\/de\/wp-json\/wp\/v2\/media\/15035"}],"wp:attachment":[{"href":"https:\/\/fvcomponentes.com\/de\/wp-json\/wp\/v2\/media?parent=15038"}],"wp:term":[{"taxonomy":"pwb-brand","embeddable":true,"href":"https:\/\/fvcomponentes.com\/de\/wp-json\/wp\/v2\/pwb-brand?post=15038"},{"taxonomy":"product_brand","embeddable":true,"href":"https:\/\/fvcomponentes.com\/de\/wp-json\/wp\/v2\/product_brand?post=15038"},{"taxonomy":"product_cat","embeddable":true,"href":"https:\/\/fvcomponentes.com\/de\/wp-json\/wp\/v2\/product_cat?post=15038"},{"taxonomy":"product_tag","embeddable":true,"href":"https:\/\/fvcomponentes.com\/de\/wp-json\/wp\/v2\/product_tag?post=15038"}],"curies":[{"name":"wp","href":"https:\/\/api.w.org\/{rel}","templated":true}]}}