{"id":14958,"date":"2024-06-17T10:08:14","date_gmt":"2024-06-17T08:08:14","guid":{"rendered":"https:\/\/fvcomponentes.com\/?post_type=product&#038;p=14958"},"modified":"2026-04-04T12:51:57","modified_gmt":"2026-04-04T10:51:57","slug":"ladegerat-24v-victron-skylla-tg-gmdss-24-50-120-240v-ohne-platte-sdtg2400504","status":"publish","type":"product","link":"https:\/\/fvcomponentes.com\/de\/producto\/cargador-24v-victron-skylla-tg-gmdss-24-50-120-240v-excl-panel-sdtg2400504\/","title":{"rendered":"Ladeger\u00e4t 24V Victron Skylla TG GMDSS 24\/50 240V ohne Panel - SDTG2400504"},"content":{"rendered":"<h2 dir=\"ltr\" data-placeholder=\"Traducci\u00f3n\">Besondere Eigenschaften des Victron Skylla TG GMDSS 24\/50 120\/240V 24V Ladeger\u00e4t ohne Panel - SDTG2400504<\/h2>\n<h2 id=\"tw-target-text\" class=\"tw-data-text tw-text-large tw-ta\" dir=\"ltr\" data-placeholder=\"Traducci\u00f3n\"><span class=\"Y2IQFc\" lang=\"es\">GMDSS<\/span><\/h2>\n<p><span class=\"Y2IQFc\" lang=\"es\">Das Globale Seenot- und Sicherheitsfunksystem (GMDSS) wurde von der Internationalen Seeschifffahrtsorganisation (IMO) entwickelt, um die Kommunikation in Seenot- und Sicherheitsf\u00e4llen zu verbessern.<\/span><\/p>\n<h2 class=\"tw-data-text tw-text-large tw-ta\" dir=\"ltr\" data-placeholder=\"Traducci\u00f3n\"><span class=\"Y2IQFc\" lang=\"es\">Stromversorgung<\/span><\/h2>\n<p><span class=\"Y2IQFc\" lang=\"es\">Das Victron Skylla TG GMDSS 24V 24\/50 120\/240V ohne Panel-Ladeger\u00e4t - SDTG2400504 hat sich als hervorragendes Batterieladeger\u00e4t und Stromversorgung f\u00fcr GMDSS-Anwendungen erwiesen. Wenn Sie jedoch ein <a href=\"https:\/\/fvcomponentes.com\/de\/produkt\/ladegerat-victron-skylla-tg-24-50-11-sdtg2400501\/\" target=\"_blank\" rel=\"noopener\">Skylla Ladeger\u00e4t<\/a> Standard ist zus\u00e4tzliche Ausr\u00fcstung erforderlich, um die f\u00fcr GMDSS erforderlichen \u00dcberwachungs- und Alarmfunktionen zu erf\u00fcllen.<\/span><\/p>\n<h2 class=\"tw-data-text tw-text-large tw-ta\" dir=\"ltr\" data-placeholder=\"Traducci\u00f3n\"><span class=\"Y2IQFc\" lang=\"es\">Einfache Installation: Skylla GMDSS<\/span><\/h2>\n<p><span class=\"Y2IQFc\" lang=\"es\">Das Victron Skylla GMDSS-Ladeger\u00e4t ist so konzipiert, dass es alle erforderlichen Alarm- und \u00dcberwachungsdaten liefert. Sowohl die Batterie als auch das GMDSS-System werden direkt an das Ladeger\u00e4t angeschlossen. Daten und Alarme werden auf einem digitalen Panel (VE.Net GMDSS Panel, separat zu bestellen) angezeigt. Ein standardm\u00e4\u00dfiges achtadriges UTP-Kabel verbindet das Ladeger\u00e4t mit dem Panel. <\/span><\/p>\n<h2 class=\"tw-data-text tw-text-large tw-ta\" dir=\"ltr\" data-placeholder=\"Traducci\u00f3n\"><span class=\"Y2IQFc\" lang=\"es\">Es sind keine Anpassungen erforderlich<\/span><\/h2>\n<p><span class=\"Y2IQFc\" lang=\"es\">Das ganze System ist \"klick und los\": Die Tafeln sind f\u00fcr die GMDSS-Funktionalit\u00e4t vorprogrammiert. \u00dcber das Men\u00fc k\u00f6nnen Sie die Konfiguration bei Bedarf \u00e4ndern.<\/span><\/p>\n<h2 class=\"tw-data-text tw-text-large tw-ta\" dir=\"ltr\" data-placeholder=\"Traducci\u00f3n\"><span class=\"Y2IQFc\" lang=\"es\">Verbleibende Batterielaufzeit des Victron Skylla TG GMDSS 24\/50 120\/240V 24V Ladeger\u00e4t ohne Panel - SDTG2400504<\/span><\/h2>\n<p><span class=\"Y2IQFc\" lang=\"es\">Das Skylla GMDSS-Ladeger\u00e4t verf\u00fcgt \u00fcber einen eingebauten Batterie-Controller. Die Batteriekapazit\u00e4t wird vollst\u00e4ndig kontrolliert.<\/span><\/p>\n<h2 class=\"tw-data-text tw-text-large tw-ta\" dir=\"ltr\" data-placeholder=\"Traducci\u00f3n\"><span class=\"Y2IQFc\" lang=\"es\">Perfektes Ladeger\u00e4t f\u00fcr jeden Batterietyp.<\/span><\/h2>\n<p><span class=\"Y2IQFc\" lang=\"es\">Die Ladespannung kann pr\u00e4zise an jedes VRLA- oder Flutbatteriesystem angepasst werden.<\/span><\/p>\n<p dir=\"ltr\" data-placeholder=\"Traducci\u00f3n\"><img fetchpriority=\"high\" decoding=\"async\" class=\"size-full wp-image-5817 aligncenter\" src=\"https:\/\/fvcomponentes.com\/wp-content\/uploads\/2023\/03\/Captura43-1.png\" alt=\"Victron Skylla GMDSS 23-30 ohne Panel-Ladeger\u00e4t - SDTG2400302\" width=\"849\" height=\"609\" title=\"\"><\/p>\n<h2 dir=\"ltr\" data-placeholder=\"Traducci\u00f3n\">Datenblatt 24V Ladeger\u00e4t Victron Skylla TG GMDSS 24\/50 120\/240V ohne Panel - SDTG2400504<\/h2>\n<p dir=\"ltr\" data-placeholder=\"Traducci\u00f3n\"><a href=\"https:\/\/fvcomponentes.com\/wp-content\/uploads\/2024\/07\/Ficha-tecnica-cargador-Victron-Skylla-GMDSS.pdf\" target=\"_blank\" rel=\"noopener\">Victron Skylla TG GMDSS 24\/50 120\/240V exkl. Panel 24V Ladeger\u00e4t Datenblatt anzeigen - SDTG2400504<\/a><\/p>","protected":false},"excerpt":{"rendered":"<div id=\"tw-target-text-container\" class=\"tw-ta-container F0azHf tw-nfl\">\n<p id=\"tw-target-text\" class=\"tw-data-text tw-text-large tw-ta\" dir=\"ltr\" data-placeholder=\"Traducci\u00f3n\"><span class=\"Y2IQFc\" lang=\"es\"><strong>Eingangsspannung: (V AC):<\/strong> 120 \/ 230<br \/>\n<\/span><span class=\"Y2IQFc\" lang=\"es\"><strong>Eingangsspannungsbereich (V AC):<\/strong> 90 \u2013 265<br \/>\n<strong>Frequenz (Hz):<\/strong> 45-65<br \/>\n<strong>Leistungsfaktor:<\/strong> 1<br \/>\n<strong>Lastspannung 'Absorption' (V DC):<\/strong> 28,5<br \/>\n<strong>Erm\u00fcdungsfreie\" Ladespannung (V DC):<\/strong> 26,5<br \/>\n<\/span><\/p>\n<\/div>","protected":false},"featured_media":14961,"comment_status":"open","ping_status":"closed","template":"","meta":{"site-sidebar-layout":"default","site-content-layout":"default","ast-site-content-layout":"default","site-content-style":"default","site-sidebar-style":"default","ast-global-header-display":"","ast-banner-title-visibility":"","ast-main-header-display":"","ast-hfb-above-header-display":"","ast-hfb-below-header-display":"","ast-hfb-mobile-header-display":"","site-post-title":"","ast-breadcrumbs-content":"","ast-featured-img":"","footer-sml-layout":"","ast-disable-related-posts":"","theme-transparent-header-meta":"default","adv-header-id-meta":"","stick-header-meta":"","header-above-stick-meta":"","header-main-stick-meta":"","header-below-stick-meta":"","astra-migrate-meta-layouts":"set","ast-page-background-enabled":"default","ast-page-background-meta":{"desktop":{"background-color":"var(--ast-global-color-4)","background-image":"","background-repeat":"repeat","background-position":"center center","background-size":"auto","background-attachment":"scroll","background-type":"","background-media":"","overlay-type":"","overlay-color":"","overlay-opacity":"","overlay-gradient":""},"tablet":{"background-color":"","background-image":"","background-repeat":"repeat","background-position":"center center","background-size":"auto","background-attachment":"scroll","background-type":"","background-media":"","overlay-type":"","overlay-color":"","overlay-opacity":"","overlay-gradient":""},"mobile":{"background-color":"","background-image":"","background-repeat":"repeat","background-position":"center center","background-size":"auto","background-attachment":"scroll","background-type":"","background-media":"","overlay-type":"","overlay-color":"","overlay-opacity":"","overlay-gradient":""}},"ast-content-background-meta":{"desktop":{"background-color":"var(--ast-global-color-5)","background-image":"","background-repeat":"repeat","background-position":"center center","background-size":"auto","background-attachment":"scroll","background-type":"","background-media":"","overlay-type":"","overlay-color":"","overlay-opacity":"","overlay-gradient":""},"tablet":{"background-color":"var(--ast-global-color-5)","background-image":"","background-repeat":"repeat","background-position":"center center","background-size":"auto","background-attachment":"scroll","background-type":"","background-media":"","overlay-type":"","overlay-color":"","overlay-opacity":"","overlay-gradient":""},"mobile":{"background-color":"var(--ast-global-color-5)","background-image":"","background-repeat":"repeat","background-position":"center center","background-size":"auto","background-attachment":"scroll","background-type":"","background-media":"","overlay-type":"","overlay-color":"","overlay-opacity":"","overlay-gradient":""}}},"pwb-brand":[332],"product_brand":[],"product_cat":[419,462],"product_tag":[],"class_list":{"0":"post-14958","1":"product","2":"type-product","3":"status-publish","4":"has-post-thumbnail","6":"pwb-brand-victron","7":"product_cat-cargadores-de-baterias","8":"product_cat-cargador-de-baterias-24-v","9":"desktop-align-left","10":"tablet-align-left","11":"mobile-align-left","12":"ast-product-gallery-layout-horizontal-slider","13":"ast-product-tabs-layout-horizontal","15":"first","16":"instock","17":"taxable","18":"shipping-taxable","19":"purchasable","20":"product-type-simple"},"wcpa_form_fields":null,"brands":[{"id":332,"name":"Victron Energie","slug":"victron"}],"_links":{"self":[{"href":"https:\/\/fvcomponentes.com\/de\/wp-json\/wp\/v2\/product\/14958","targetHints":{"allow":["GET"]}}],"collection":[{"href":"https:\/\/fvcomponentes.com\/de\/wp-json\/wp\/v2\/product"}],"about":[{"href":"https:\/\/fvcomponentes.com\/de\/wp-json\/wp\/v2\/types\/product"}],"replies":[{"embeddable":true,"href":"https:\/\/fvcomponentes.com\/de\/wp-json\/wp\/v2\/comments?post=14958"}],"wp:featuredmedia":[{"embeddable":true,"href":"https:\/\/fvcomponentes.com\/de\/wp-json\/wp\/v2\/media\/14961"}],"wp:attachment":[{"href":"https:\/\/fvcomponentes.com\/de\/wp-json\/wp\/v2\/media?parent=14958"}],"wp:term":[{"taxonomy":"pwb-brand","embeddable":true,"href":"https:\/\/fvcomponentes.com\/de\/wp-json\/wp\/v2\/pwb-brand?post=14958"},{"taxonomy":"product_brand","embeddable":true,"href":"https:\/\/fvcomponentes.com\/de\/wp-json\/wp\/v2\/product_brand?post=14958"},{"taxonomy":"product_cat","embeddable":true,"href":"https:\/\/fvcomponentes.com\/de\/wp-json\/wp\/v2\/product_cat?post=14958"},{"taxonomy":"product_tag","embeddable":true,"href":"https:\/\/fvcomponentes.com\/de\/wp-json\/wp\/v2\/product_tag?post=14958"}],"curies":[{"name":"wp","href":"https:\/\/api.w.org\/{rel}","templated":true}]}}