{"id":14945,"date":"2024-06-17T08:52:31","date_gmt":"2024-06-17T06:52:31","guid":{"rendered":"https:\/\/fvcomponentes.com\/?post_type=product&#038;p=14945"},"modified":"2026-04-04T11:17:11","modified_gmt":"2026-04-04T09:17:11","slug":"ladegerat-12v-victron-blue-smart-ip67-12v-25a-1si-230vac-bpc122514006","status":"publish","type":"product","link":"https:\/\/fvcomponentes.com\/de\/producto\/cargador-12v-victron-blue-smart-ip67-12v-25a-1si-230vac-bpc122514006\/","title":{"rendered":"Ladeger\u00e4t 12V Victron Blue Smart IP67 12V 25A (1+Ja) 230VAC - BPC122514006"},"content":{"rendered":"<h2>Eigenschaften des 12V Ladeger\u00e4ts Victron Blue Smart IP67 12V 25A (1+Ja) 230VAC - BPC122514006<\/h2>\n<h2>Bluetooth Smart aktiviert<\/h2>\n<p>Das Victron Blue Smart IP67 12V Ladeger\u00e4t 12V 25A (1+Ja) 230VAC - BPC122514006 ist die kabellose L\u00f6sung f\u00fcr die \u00dcberwachung von Spannung und Strom, die \u00c4nderung von Einstellungen und die Aktualisierung des Ladeger\u00e4ts, wenn neue Funktionen eingef\u00fchrt werden. Dank Bluetooth ist die Funktionalit\u00e4t des IP67-Ladeger\u00e4ts verbessert und \u00e4hnelt unseren Ladeger\u00e4ten. <a href=\"https:\/\/fvcomponentes.com\/de\/produkt\/victron-blue-smart-ip22-24-8-1-batterieladegerat\/\">IP22<\/a> e <a href=\"https:\/\/fvcomponentes.com\/de\/produkt\/batterieladegerat-victron-blue-smart-ip65-ladegerat-12v-25a-gleichstromanschluss-bpc122531064\/\" target=\"_blank\" rel=\"noopener\">IP65<\/a>.<\/p>\n<h2>Suffix (1+Ja)<\/h2>\n<p>Dieses Modell verf\u00fcgt \u00fcber einen zweiten strombegrenzten Ausgang, der st\u00e4ndig mit Strom versorgt wird, solange 110 - 130 VAC am Eingang anliegen. Dieser Ausgang kann z. B. verwendet werden, um zu verhindern, dass ein Fahrzeug anspringt, bevor das Batterieladeger\u00e4t ausgesteckt wird (Startunterbrechungsfunktion).<\/p>\n<h2>Vollst\u00e4ndig gekapselt: wasserdicht, sto\u00dffest und feuerfest<\/h2>\n<p>Wasser, \u00d6l und Schmutz k\u00f6nnen dem Blue Smart IP67-Ladeger\u00e4t nichts anhaben. Sein Geh\u00e4use besteht aus Aluminiumguss und die elektronischen Komponenten sind in Harz gegossen.<\/p>\n<h2>Die h\u00f6chste Effizienz aller Zeiten!<\/h2>\n<p>Diese Reihe von Ladeger\u00e4ten hat einen Wirkungsgrad von 92% oder besser, erzeugt aber drei- bis viermal weniger W\u00e4rme. Dar\u00fcber hinaus wird der Stromverbrauch nach dem vollst\u00e4ndigen Aufladen der Batterie auf weniger als ein Watt gesenkt, was f\u00fcnf- bis zehnmal weniger ist als der Industriestandard.<\/p>\n<h2>5-stufiger Algorithmus f\u00fcr variable Beladung: Erstbeladung - Absorption - Rekonditionierung - Flotation - Lagerung<\/h2>\n<p>Das Blue Smart Ladeger\u00e4t verf\u00fcgt \u00fcber ein mikroprozessorgesteuertes \"adaptives\" Batteriemanagement. Seine \"adaptive\" Funktion optimiert den Ladevorgang automatisch auf der Grundlage der Nutzung der Batterie.<\/p>\n<h2>Lagermodus: Geringere Alterung und weniger Wartungsbedarf, wenn die Batterie nicht benutzt wird<\/h2>\n<p>Der Speichermodus wird aktiviert, wenn die Batterie 24 Stunden lang nicht entladen wurde. Im Lagermodus wird die Erhaltungsspannung auf 2,2 V\/Zelle (13,2 V bei 12-V-Batterien) reduziert, um Gasbildung und Korrosion der positiven Platten zu verringern. Einmal pro Woche wird die Spannung wieder auf das Absorptionsniveau angehoben, um die Batterie \"auszugleichen\". Diese Funktion verhindert die Schichtung des Elektrolyts und die Sulfatierung, die Hauptursachen f\u00fcr Batterieausf\u00e4lle.<\/p>\n<h2>L\u00e4dt auch Li-Ion-Batterien<\/h2>\n<p>Li-Ionen-Batterien werden mit einem einfachen Algorithmus aus Anfangsladung, Absorption und Float geladen.<\/p>\n<h2>Victron Blue Smart IP67 12V Ladeger\u00e4t 12V 25A (1+Ja) 230VAC 12V vollst\u00e4ndig entladene Batterie Wiederherstellungsfunktion - BPC122514006<\/h2>\n<p>Es beginnt den Ladevorgang auch dann, wenn die Batterie auf Null Volt entladen ist. Mit der internen Trennfunktion wird die Verbindung zu einer vollst\u00e4ndig entladenen Lithium-Ionen-Batterie wiederhergestellt.<\/p>\n<h2>Schutz vor \u00dcberhitzung<\/h2>\n<p>Es kann in hei\u00dfen Umgebungen, z. B. in einem Maschinenraum, verwendet werden. Der Ausgangsstrom sinkt, wenn die Temperatur auf 60 \u00b0C steigt, aber das Ladeger\u00e4t f\u00e4llt nicht aus.<\/p>\n<h2>Zwei LED-Statusanzeigen<\/h2>\n<p>Gelbe LED: Anfangsladung (schnelles Blinken), Absorption (langsames Blinken), Schwebezustand (konstant), Speicherung (aus)<br \/>\nGr\u00fcne LED: an.<\/p>\n<h2>Datenblatt 12V Ladeger\u00e4t Victron Blue Smart IP67 12V 25A (1+Ja) 230VAC - BPC122514006<\/h2>\n<p><a href=\"https:\/\/fvcomponentes.com\/wp-content\/uploads\/2023\/03\/Datasheet-Blue-Smart-IP67-Charger-230VAC-ES.pdf\" target=\"_blank\" rel=\"noopener\">Victron Blue Smart IP67 12V Ladeger\u00e4t 12V 25A (1+Ja) 230VAC ansehen - BPC122514006<\/a><\/p>","protected":false},"excerpt":{"rendered":"<p><strong>Eingangsspannung und Frequenzbereich:<\/strong> 180-265 VAC 45-65 Hz<br \/>\n<strong>Effizienz:<\/strong> 95%<br \/>\n<strong>Verbrauch im Leerlauf:<\/strong> 0,5W<br \/>\n<strong>Stromaufladung, normaler Modus:<\/strong> 25A<br \/>\n<strong>Laststrom, LOW:<\/strong> 10A<br \/>\n<strong>Gewicht:<\/strong> 2,4kg<br \/>\n<strong>Abmessungen:<\/strong> 99 x 219 x 65 mm<\/p>","protected":false},"featured_media":14949,"comment_status":"open","ping_status":"closed","template":"","meta":{"site-sidebar-layout":"default","site-content-layout":"default","ast-site-content-layout":"default","site-content-style":"default","site-sidebar-style":"default","ast-global-header-display":"","ast-banner-title-visibility":"","ast-main-header-display":"","ast-hfb-above-header-display":"","ast-hfb-below-header-display":"","ast-hfb-mobile-header-display":"","site-post-title":"","ast-breadcrumbs-content":"","ast-featured-img":"","footer-sml-layout":"","ast-disable-related-posts":"","theme-transparent-header-meta":"default","adv-header-id-meta":"","stick-header-meta":"","header-above-stick-meta":"","header-main-stick-meta":"","header-below-stick-meta":"","astra-migrate-meta-layouts":"set","ast-page-background-enabled":"default","ast-page-background-meta":{"desktop":{"background-color":"var(--ast-global-color-4)","background-image":"","background-repeat":"repeat","background-position":"center center","background-size":"auto","background-attachment":"scroll","background-type":"","background-media":"","overlay-type":"","overlay-color":"","overlay-opacity":"","overlay-gradient":""},"tablet":{"background-color":"","background-image":"","background-repeat":"repeat","background-position":"center center","background-size":"auto","background-attachment":"scroll","background-type":"","background-media":"","overlay-type":"","overlay-color":"","overlay-opacity":"","overlay-gradient":""},"mobile":{"background-color":"","background-image":"","background-repeat":"repeat","background-position":"center center","background-size":"auto","background-attachment":"scroll","background-type":"","background-media":"","overlay-type":"","overlay-color":"","overlay-opacity":"","overlay-gradient":""}},"ast-content-background-meta":{"desktop":{"background-color":"var(--ast-global-color-5)","background-image":"","background-repeat":"repeat","background-position":"center center","background-size":"auto","background-attachment":"scroll","background-type":"","background-media":"","overlay-type":"","overlay-color":"","overlay-opacity":"","overlay-gradient":""},"tablet":{"background-color":"var(--ast-global-color-5)","background-image":"","background-repeat":"repeat","background-position":"center center","background-size":"auto","background-attachment":"scroll","background-type":"","background-media":"","overlay-type":"","overlay-color":"","overlay-opacity":"","overlay-gradient":""},"mobile":{"background-color":"var(--ast-global-color-5)","background-image":"","background-repeat":"repeat","background-position":"center center","background-size":"auto","background-attachment":"scroll","background-type":"","background-media":"","overlay-type":"","overlay-color":"","overlay-opacity":"","overlay-gradient":""}}},"pwb-brand":[332],"product_brand":[],"product_cat":[419,461],"product_tag":[],"class_list":{"0":"post-14945","1":"product","2":"type-product","3":"status-publish","4":"has-post-thumbnail","6":"pwb-brand-victron","7":"product_cat-cargadores-de-baterias","8":"product_cat-cargador-de-baterias-12-v","9":"desktop-align-left","10":"tablet-align-left","11":"mobile-align-left","12":"ast-product-gallery-layout-horizontal-slider","13":"ast-product-tabs-layout-horizontal","15":"first","16":"instock","17":"taxable","18":"shipping-taxable","19":"purchasable","20":"product-type-simple"},"wcpa_form_fields":null,"brands":[{"id":332,"name":"Victron Energie","slug":"victron"}],"_links":{"self":[{"href":"https:\/\/fvcomponentes.com\/de\/wp-json\/wp\/v2\/product\/14945","targetHints":{"allow":["GET"]}}],"collection":[{"href":"https:\/\/fvcomponentes.com\/de\/wp-json\/wp\/v2\/product"}],"about":[{"href":"https:\/\/fvcomponentes.com\/de\/wp-json\/wp\/v2\/types\/product"}],"replies":[{"embeddable":true,"href":"https:\/\/fvcomponentes.com\/de\/wp-json\/wp\/v2\/comments?post=14945"}],"wp:featuredmedia":[{"embeddable":true,"href":"https:\/\/fvcomponentes.com\/de\/wp-json\/wp\/v2\/media\/14949"}],"wp:attachment":[{"href":"https:\/\/fvcomponentes.com\/de\/wp-json\/wp\/v2\/media?parent=14945"}],"wp:term":[{"taxonomy":"pwb-brand","embeddable":true,"href":"https:\/\/fvcomponentes.com\/de\/wp-json\/wp\/v2\/pwb-brand?post=14945"},{"taxonomy":"product_brand","embeddable":true,"href":"https:\/\/fvcomponentes.com\/de\/wp-json\/wp\/v2\/product_brand?post=14945"},{"taxonomy":"product_cat","embeddable":true,"href":"https:\/\/fvcomponentes.com\/de\/wp-json\/wp\/v2\/product_cat?post=14945"},{"taxonomy":"product_tag","embeddable":true,"href":"https:\/\/fvcomponentes.com\/de\/wp-json\/wp\/v2\/product_tag?post=14945"}],"curies":[{"name":"wp","href":"https:\/\/api.w.org\/{rel}","templated":true}]}}