{"id":14852,"date":"2024-06-14T08:33:15","date_gmt":"2024-06-14T06:33:15","guid":{"rendered":"https:\/\/fvcomponentes.com\/?post_type=product&#038;p=14852"},"modified":"2026-04-04T12:52:02","modified_gmt":"2026-04-04T10:52:02","slug":"wechselrichter-ladegerat-24v-victron-easysolar-ii-gx-24-3000-70-32-mppt-250-70-pmp242307010","status":"publish","type":"product","link":"https:\/\/fvcomponentes.com\/de\/producto\/inversor-cargador-24v-victron-easysolar-ii-gx-24-3000-70-32-mppt-250-70-pmp242307010\/","title":{"rendered":"Wechselrichter-Ladeger\u00e4t 24V Victron EasySolar II GX 24\/3000 70A-32A MPPT 250\/70 - PMP242307010"},"content":{"rendered":"<section class=\"large-padding\">\n<div class=\"productDetail__header\">\n<div class=\"container\">\n<div class=\"productDetail__header__inner\">\n<div class=\"productDetail__content\">\n<h2>Eigenschaften des Wechselrichter-Ladeger\u00e4ts 24V Victron EasySolar II GX 24\/3000 70-32 MPPT 250\/70 - PMP242307010<\/h2>\n<h2>Die All-in-One-Solarenergiel\u00f6sung<\/h2>\n<p>Das Victron EasySolar-II GX umfasst die folgenden Elemente:<\/p>\n<ul>\n<li>Ein MultiPlus-II-Wechselrichter\/Ladeger\u00e4t.<\/li>\n<li>Ein SmartSolar MPPT -Tr Solarladeregler.<\/li>\n<li>Ein GX-Ger\u00e4t mit einem Display mit 2 x 16 Zeichen.<\/li>\n<\/ul>\n<p>Diese Elemente sind in einer einzigen Einheit vorverbunden. Dies vereinfacht die meisten Installationen erheblich und spart Zeit und Geld.<\/p>\n<h2>Display und Wi-Fi<\/h2>\n<p>Das Display zeigt Parameter der Batterie, des Wechselrichters und des Solarladereglers an. \u00dcber Wi-Fi kann das System konfiguriert und Parameter ge\u00e4ndert werden; diese Parameter k\u00f6nnen auch mit einem Smartphone oder einem anderen netzwerkf\u00e4higen Ger\u00e4t abgefragt werden.<\/p>\n<h2>Wechselrichter Ladeger\u00e4t 24V Solarladeregler Victron EasySolar II GX 24\/3000 70-32 MPPT 250\/70 - PMP242307010<\/h2>\n<p>Der DC-Ausgang des SmartSolar MPPT ist parallel zum DC-Anschluss des MultiPlus-II-Wechselrichters\/Ladeger\u00e4ts geschaltet. Der Ein\/Aus-Mechanismus des MultiPlus-II steuert auch den SmartSolar MPPT.<\/p>\n<h2>GX-Ger\u00e4t<\/h2>\n<p>Das integrierte GX-Ger\u00e4t umfasst:<\/p>\n<ul>\n<li>Eine BMS-Can-Schnittstelle. Diese Schnittstelle kann verwendet werden, um eine Batterie anzuschlie\u00dfen, die von einem kompatiblen CAN-Bus verwaltet wird. Dieser Anschluss ist nicht kompatibel mit VE.Can.<\/li>\n<li>Ein USB-Anschluss.<\/li>\n<li>Ein Ethernet-Anschluss.<\/li>\n<li>A VE.Direct-Anschluss.<\/li>\n<\/ul>\n<p>Das GX-Ger\u00e4t steuert den MultiPlus-II und den SmartSolar MPPT \u00fcber eine VE.Bus- bzw. eine VE.Direct-Verbindung.<\/p>\n<div class=\"hidden-xs\">\n<h2>Topologie im Einklang mit dem Netz<\/h2>\n<p>Der EasySolar-II GX nutzt \u00fcbersch\u00fcssigen PV-Strom zum Laden der Batterien oder zur R\u00fcckspeisung ins Netz und entl\u00e4dt die Batterie oder nutzt den Netzstrom, um den fehlenden PV-Strom zu erg\u00e4nzen. Im Falle eines Stromausfalls trennt sich das Victron EasySolar II GX 48\/3000 35-32 MPPT 250\/70 - PMP482307010 48V Wechselrichter-Ladeger\u00e4t vom Netz und versorgt weiterhin die Verbraucher. Verbraucher, die abgeschaltet werden sollen, wenn die AC-Eingangsleistung nicht verf\u00fcgbar ist, k\u00f6nnen an einen zweiten Ausgang angeschlossen werden (nicht abgebildet). Die Funktionen PowerControl und PowerAssist ber\u00fccksichtigen diese Verbraucher und begrenzen den AC-Eingangsstrom auf einen sicheren Wert.<\/p>\n<\/div>\n<p><a href=\"https:\/\/fvcomponentes.com\/wp-content\/uploads\/2024\/06\/y.bmp\"><img fetchpriority=\"high\" decoding=\"async\" class=\"size-full wp-image-14854 aligncenter\" src=\"https:\/\/fvcomponentes.com\/wp-content\/uploads\/2024\/06\/y.bmp\" alt=\"\" width=\"576\" height=\"456\" title=\"\"><\/a><\/p>\n<div class=\"hidden-xs\">\n<h2>Parallele Netzwerktopologie<\/h2>\n<p>Das EasySolar-II GX verwendet die Daten des <a href=\"https:\/\/fvcomponentes.com\/de\/produkt\/victron-einphasiger-wechselstromsensor-max-40-a-cse000100000\/\" target=\"_blank\" rel=\"noopener\">externer AC-Stromsensor<\/a> oder Energiez\u00e4hler, um den Eigenverbrauch zu optimieren und ggf. die R\u00fcckspeisung \u00fcbersch\u00fcssiger Solarenergie in das Netz zu vermeiden. Im Falle eines Stromausfalls versorgt das Victron EasySolar II GX 48\/3000 35-32 MPPT 250\/70 - PMP482307010 48V Wechselrichter-Ladeger\u00e4t weiterhin kritische Verbraucher.<\/p>\n<section><a href=\"https:\/\/fvcomponentes.com\/wp-content\/uploads\/2024\/06\/yy.bmp\"><img decoding=\"async\" class=\"size-full wp-image-14855 aligncenter\" src=\"https:\/\/fvcomponentes.com\/wp-content\/uploads\/2024\/06\/yy.bmp\" alt=\"\" width=\"587\" height=\"438\" title=\"\"><\/a><\/section>\n<section><\/section>\n<section class=\"productDetails__blocks\"><span style=\"font-size: 1.5em; font-weight: bold;\">Technische Daten<\/span><span style=\"font-size: 1.5em; font-weight: bold;\"> Wechselrichter-Ladeger\u00e4t 24V Victron EasySolar II GX 24\/3000 70-32 MPPT 250\/70 - PMP242307010<\/span><\/p>\n<div class=\"container\">\n<div class=\"productDetails__block productDetails__block--image productDetails__block--left\">\n<div class=\"productDetails__block-content\">\n<p><a href=\"https:\/\/fvcomponentes.com\/wp-content\/uploads\/2024\/06\/Ficha-tecnica-Inversor-Cargador-Victron-EasySolar-II-GX.pdf\" target=\"_blank\" rel=\"noopener\">Datenblatt Victron EasySolar II GX 24\/3000 70-32 MPPT 250\/70 - PMP242307010 24V Wechselrichter-Ladeger\u00e4t anzeigen<\/a><\/p>\n<\/div>\n<\/div>\n<\/div>\n<\/section>\n<\/div>\n<\/div>\n<\/div>\n<\/div>\n<\/div>\n<\/section>","protected":false},"excerpt":{"rendered":"<ul class=\"specification\">\n<li><strong>Betriebsspannung:<\/strong> 24V<\/li>\n<li><strong>Kontinuierliche Leistungsabgabe:\u00a0<\/strong>3000VA<\/li>\n<li><strong>Spitzenleistung:<\/strong> 5500W<\/li>\n<\/ul>","protected":false},"featured_media":14858,"comment_status":"open","ping_status":"closed","template":"","meta":{"site-sidebar-layout":"default","site-content-layout":"default","ast-site-content-layout":"default","site-content-style":"default","site-sidebar-style":"default","ast-global-header-display":"","ast-banner-title-visibility":"","ast-main-header-display":"","ast-hfb-above-header-display":"","ast-hfb-below-header-display":"","ast-hfb-mobile-header-display":"","site-post-title":"","ast-breadcrumbs-content":"","ast-featured-img":"","footer-sml-layout":"","ast-disable-related-posts":"","theme-transparent-header-meta":"default","adv-header-id-meta":"","stick-header-meta":"","header-above-stick-meta":"","header-main-stick-meta":"","header-below-stick-meta":"","astra-migrate-meta-layouts":"set","ast-page-background-enabled":"default","ast-page-background-meta":{"desktop":{"background-color":"var(--ast-global-color-4)","background-image":"","background-repeat":"repeat","background-position":"center center","background-size":"auto","background-attachment":"scroll","background-type":"","background-media":"","overlay-type":"","overlay-color":"","overlay-opacity":"","overlay-gradient":""},"tablet":{"background-color":"","background-image":"","background-repeat":"repeat","background-position":"center center","background-size":"auto","background-attachment":"scroll","background-type":"","background-media":"","overlay-type":"","overlay-color":"","overlay-opacity":"","overlay-gradient":""},"mobile":{"background-color":"","background-image":"","background-repeat":"repeat","background-position":"center center","background-size":"auto","background-attachment":"scroll","background-type":"","background-media":"","overlay-type":"","overlay-color":"","overlay-opacity":"","overlay-gradient":""}},"ast-content-background-meta":{"desktop":{"background-color":"var(--ast-global-color-5)","background-image":"","background-repeat":"repeat","background-position":"center center","background-size":"auto","background-attachment":"scroll","background-type":"","background-media":"","overlay-type":"","overlay-color":"","overlay-opacity":"","overlay-gradient":""},"tablet":{"background-color":"var(--ast-global-color-5)","background-image":"","background-repeat":"repeat","background-position":"center center","background-size":"auto","background-attachment":"scroll","background-type":"","background-media":"","overlay-type":"","overlay-color":"","overlay-opacity":"","overlay-gradient":""},"mobile":{"background-color":"var(--ast-global-color-5)","background-image":"","background-repeat":"repeat","background-position":"center center","background-size":"auto","background-attachment":"scroll","background-type":"","background-media":"","overlay-type":"","overlay-color":"","overlay-opacity":"","overlay-gradient":""}}},"pwb-brand":[332],"product_brand":[],"product_cat":[333,390],"product_tag":[],"class_list":{"0":"post-14852","1":"product","2":"type-product","3":"status-publish","4":"has-post-thumbnail","6":"pwb-brand-victron","7":"product_cat-inversores","8":"product_cat-inversores-cargadores-24v","9":"desktop-align-left","10":"tablet-align-left","11":"mobile-align-left","12":"ast-product-gallery-layout-horizontal-slider","13":"ast-product-tabs-layout-horizontal","15":"first","16":"instock","17":"taxable","18":"shipping-taxable","19":"purchasable","20":"product-type-simple"},"wcpa_form_fields":null,"brands":[{"id":332,"name":"Victron Energie","slug":"victron"}],"_links":{"self":[{"href":"https:\/\/fvcomponentes.com\/de\/wp-json\/wp\/v2\/product\/14852","targetHints":{"allow":["GET"]}}],"collection":[{"href":"https:\/\/fvcomponentes.com\/de\/wp-json\/wp\/v2\/product"}],"about":[{"href":"https:\/\/fvcomponentes.com\/de\/wp-json\/wp\/v2\/types\/product"}],"replies":[{"embeddable":true,"href":"https:\/\/fvcomponentes.com\/de\/wp-json\/wp\/v2\/comments?post=14852"}],"wp:featuredmedia":[{"embeddable":true,"href":"https:\/\/fvcomponentes.com\/de\/wp-json\/wp\/v2\/media\/14858"}],"wp:attachment":[{"href":"https:\/\/fvcomponentes.com\/de\/wp-json\/wp\/v2\/media?parent=14852"}],"wp:term":[{"taxonomy":"pwb-brand","embeddable":true,"href":"https:\/\/fvcomponentes.com\/de\/wp-json\/wp\/v2\/pwb-brand?post=14852"},{"taxonomy":"product_brand","embeddable":true,"href":"https:\/\/fvcomponentes.com\/de\/wp-json\/wp\/v2\/product_brand?post=14852"},{"taxonomy":"product_cat","embeddable":true,"href":"https:\/\/fvcomponentes.com\/de\/wp-json\/wp\/v2\/product_cat?post=14852"},{"taxonomy":"product_tag","embeddable":true,"href":"https:\/\/fvcomponentes.com\/de\/wp-json\/wp\/v2\/product_tag?post=14852"}],"curies":[{"name":"wp","href":"https:\/\/api.w.org\/{rel}","templated":true}]}}