{"id":14847,"date":"2024-06-14T08:05:41","date_gmt":"2024-06-14T06:05:41","guid":{"rendered":"https:\/\/fvcomponentes.com\/?post_type=product&#038;p=14847"},"modified":"2026-04-08T21:37:16","modified_gmt":"2026-04-08T19:37:16","slug":"wechselrichter-ladegerat-24v-victron-easysolar-24-1600-40-16-mppt-100-50-cep241621010","status":"publish","type":"product","link":"https:\/\/fvcomponentes.com\/de\/producto\/inversor-cargador-24v-victron-easysolar-24-1600-40-16-mppt-100-50-cep241621010\/","title":{"rendered":"Wechselrichter-Ladeger\u00e4t 24 V Victron EasySolar 24\/1600 40 A-16 A MPPT 100\/50 \u2013 CEP242161010"},"content":{"rendered":"<section class=\"large-padding\">\n<div class=\"productDetail__header\">\n<div class=\"container\">\n<div class=\"productDetail__header__inner\">\n<div class=\"productDetail__content\">\n<h2>Eigenschaften des Wechselrichters\/Ladeger\u00e4ts 24 V Victron EasySolar 24\/1600 40-16 MPPT 100\/50 \u2013 CEP242161010<\/h2>\n<h2>All-in-One-Solarenergiel\u00f6sung<\/h2>\n<p>Der EasySolar vereint einen MPPT-Solarladeregler, einen Wechselrichter\/Ladeger\u00e4t und einen AC-Verteiler in einem Ger\u00e4t. Das Produkt ist einfach zu installieren, mit minimaler Verkabelung.<\/p>\n<h2>Der Solarladeregler: SmartSolar MPPT 100\/50<\/h2>\n<p>Bis zu drei Str\u00e4nge von PV-Paneelen k\u00f6nnen an drei Str\u00e4nge von MC4-PV-Steckern (PVST01) angeschlossen werden.<\/p>\n<h2>Der 24-V-Wechselrichter Victron EasySolar 24\/1600 40-16 MPPT 100\/50 \u2013 CEP242161010<\/h2>\n<p>Der MPPT-Laderegler und der MultiPlus Compact-Wechselrichter\/Ladeger\u00e4t teilen sich die DC-Batteriekabel (im Lieferumfang enthalten). Die Batterien k\u00f6nnen mit Solarstrom (SmartSolar MPPT) und\/oder Wechselstrom (Wechselrichter\/Ladeger\u00e4t) aus dem Netz oder einem Generator geladen werden.<\/p>\n<h2>CA-Vertriebsstelle<\/h2>\n<p>Der AC-Verteiler besteht aus einem FI-Schutzschalter (30 mA\/16 A) und vier AC-Ausg\u00e4ngen, die durch zwei 10-A- und zwei 16-A-Leitungsschutzschalter gesch\u00fctzt sind. Einer der 16-A-Ausg\u00e4nge wird durch den AC-Eingang gesteuert: er wird nur aktiviert, wenn AC vorhanden ist.<\/p>\n<h2>PowerAssist<\/h2>\n<p>Die PowerAssist-Technologie sch\u00fctzt die Netz- oder Generatorstromversorgung vor \u00dcberlastung, indem sie bei Bedarf zus\u00e4tzliche Leistung aus dem Wechselrichter-Ladeger\u00e4t Victron EasySolar 24\/1600 40-16 MPPT 100\/50 \u2013 CEP242161010 hinzuf\u00fcgt.<\/p>\n<h2>Exklusive Software f\u00fcr Solaranwendungen<\/h2>\n<p>Verschiedene Software (Assistenten) helfen bei der Konfiguration des Systems sowohl f\u00fcr Einzelplatz- als auch f\u00fcr Netzwerkanwendungen.<\/p>\n<div class=\"hidden-xs\">\n<section class=\"productDetails__blocks\"><span style=\"font-size: 1.5em; font-weight: bold;\">Technische Daten<\/span><span style=\"font-size: 1.5em; font-weight: bold;\"> Wechselrichter Ladeger\u00e4t 24V Victron EasySolar 24\/1600 40-16 MPPT 100\/50 \u2013 CEP242161010<\/span><\/p>\n<div class=\"container\">\n<div class=\"productDetails__block productDetails__block--image productDetails__block--left\">\n<div class=\"productDetails__block-content\">\n<p><a href=\"https:\/\/fvcomponentes.com\/wp-content\/uploads\/2024\/06\/Ficha-tecnica-Inversor-Cargador-Victron-Easysolar.pdf\" target=\"_blank\" rel=\"noopener\">Technisches Datenblatt des 24-V-Wechselrichters Victron EasySolar 24\/1600 40-16 MPPT 100\/50 \u2013 CEP242161010 anzeigen<\/a><\/p>\n<\/div>\n<\/div>\n<\/div>\n<\/section>\n<\/div>\n<\/div>\n<\/div>\n<\/div>\n<\/div>\n<\/section>","protected":false},"excerpt":{"rendered":"<ul class=\"specification\">\n<li><strong>Betriebsspannung:<\/strong> 24V<\/li>\n<li><strong>Kontinuierliche Leistungsabgabe:\u00a0<\/strong>1600VA<\/li>\n<li><strong>Spitzenleistung:<\/strong> 3000W<\/li>\n<\/ul>","protected":false},"featured_media":14849,"comment_status":"open","ping_status":"closed","template":"","meta":{"site-sidebar-layout":"default","site-content-layout":"default","ast-site-content-layout":"default","site-content-style":"default","site-sidebar-style":"default","ast-global-header-display":"","ast-banner-title-visibility":"","ast-main-header-display":"","ast-hfb-above-header-display":"","ast-hfb-below-header-display":"","ast-hfb-mobile-header-display":"","site-post-title":"","ast-breadcrumbs-content":"","ast-featured-img":"","footer-sml-layout":"","ast-disable-related-posts":"","theme-transparent-header-meta":"default","adv-header-id-meta":"","stick-header-meta":"","header-above-stick-meta":"","header-main-stick-meta":"","header-below-stick-meta":"","astra-migrate-meta-layouts":"set","ast-page-background-enabled":"default","ast-page-background-meta":{"desktop":{"background-color":"var(--ast-global-color-4)","background-image":"","background-repeat":"repeat","background-position":"center center","background-size":"auto","background-attachment":"scroll","background-type":"","background-media":"","overlay-type":"","overlay-color":"","overlay-opacity":"","overlay-gradient":""},"tablet":{"background-color":"","background-image":"","background-repeat":"repeat","background-position":"center center","background-size":"auto","background-attachment":"scroll","background-type":"","background-media":"","overlay-type":"","overlay-color":"","overlay-opacity":"","overlay-gradient":""},"mobile":{"background-color":"","background-image":"","background-repeat":"repeat","background-position":"center center","background-size":"auto","background-attachment":"scroll","background-type":"","background-media":"","overlay-type":"","overlay-color":"","overlay-opacity":"","overlay-gradient":""}},"ast-content-background-meta":{"desktop":{"background-color":"var(--ast-global-color-5)","background-image":"","background-repeat":"repeat","background-position":"center center","background-size":"auto","background-attachment":"scroll","background-type":"","background-media":"","overlay-type":"","overlay-color":"","overlay-opacity":"","overlay-gradient":""},"tablet":{"background-color":"var(--ast-global-color-5)","background-image":"","background-repeat":"repeat","background-position":"center center","background-size":"auto","background-attachment":"scroll","background-type":"","background-media":"","overlay-type":"","overlay-color":"","overlay-opacity":"","overlay-gradient":""},"mobile":{"background-color":"var(--ast-global-color-5)","background-image":"","background-repeat":"repeat","background-position":"center center","background-size":"auto","background-attachment":"scroll","background-type":"","background-media":"","overlay-type":"","overlay-color":"","overlay-opacity":"","overlay-gradient":""}}},"pwb-brand":[332],"product_brand":[],"product_cat":[333,390],"product_tag":[],"class_list":{"0":"post-14847","1":"product","2":"type-product","3":"status-publish","4":"has-post-thumbnail","6":"pwb-brand-victron","7":"product_cat-inversores","8":"product_cat-inversores-cargadores-24v","9":"desktop-align-left","10":"tablet-align-left","11":"mobile-align-left","12":"ast-product-gallery-layout-horizontal-slider","13":"ast-product-tabs-layout-horizontal","15":"first","16":"instock","17":"taxable","18":"shipping-taxable","19":"purchasable","20":"product-type-simple"},"wcpa_form_fields":null,"brands":[{"id":332,"name":"Victron Energie","slug":"victron"}],"_links":{"self":[{"href":"https:\/\/fvcomponentes.com\/de\/wp-json\/wp\/v2\/product\/14847","targetHints":{"allow":["GET"]}}],"collection":[{"href":"https:\/\/fvcomponentes.com\/de\/wp-json\/wp\/v2\/product"}],"about":[{"href":"https:\/\/fvcomponentes.com\/de\/wp-json\/wp\/v2\/types\/product"}],"replies":[{"embeddable":true,"href":"https:\/\/fvcomponentes.com\/de\/wp-json\/wp\/v2\/comments?post=14847"}],"wp:featuredmedia":[{"embeddable":true,"href":"https:\/\/fvcomponentes.com\/de\/wp-json\/wp\/v2\/media\/14849"}],"wp:attachment":[{"href":"https:\/\/fvcomponentes.com\/de\/wp-json\/wp\/v2\/media?parent=14847"}],"wp:term":[{"taxonomy":"pwb-brand","embeddable":true,"href":"https:\/\/fvcomponentes.com\/de\/wp-json\/wp\/v2\/pwb-brand?post=14847"},{"taxonomy":"product_brand","embeddable":true,"href":"https:\/\/fvcomponentes.com\/de\/wp-json\/wp\/v2\/product_brand?post=14847"},{"taxonomy":"product_cat","embeddable":true,"href":"https:\/\/fvcomponentes.com\/de\/wp-json\/wp\/v2\/product_cat?post=14847"},{"taxonomy":"product_tag","embeddable":true,"href":"https:\/\/fvcomponentes.com\/de\/wp-json\/wp\/v2\/product_tag?post=14847"}],"curies":[{"name":"wp","href":"https:\/\/api.w.org\/{rel}","templated":true}]}}