{"id":14811,"date":"2024-06-13T11:49:35","date_gmt":"2024-06-13T09:49:35","guid":{"rendered":"https:\/\/fvcomponentes.com\/?post_type=product&#038;p=14811"},"modified":"2026-04-04T12:51:52","modified_gmt":"2026-04-04T10:51:52","slug":"wechselrichter-lader-48v-victron-quattro-ii-48-5000-70-50-50-50-qua482504010","status":"publish","type":"product","link":"https:\/\/fvcomponentes.com\/de\/producto\/inversor-cargador-48v-victron-quattro-ii-48-5000-70-50-50-qua482504010\/","title":{"rendered":"Wechselrichter-Ladeger\u00e4t 48V Victron Quattro II 48\/5000 70-50\/50 - QUA482504010"},"content":{"rendered":"<div class=\"hidden-xs\">\n<div class=\"productDetail__content-subheader\">\n<div class=\"hidden-xs\">\n<h2 class=\"productDetail__content-subheader\">Wechselrichter-Ladeger\u00e4t 48V Victron Quattro II 48\/5000 70-50\/50 Wechselrichter-Ladeger\u00e4t Merkmale - QUA482504010<\/h2>\n<\/div>\n<div class=\"productDetail__content-desc\">\n<div class=\"productDetails__block-description\">\n<div class=\"productDetails__block-description\">\n<div class=\"productDetails__block-description\">\n<div class=\"productDetails__block-description\">\n<h2>ESS-Funktionalit\u00e4t (Energiespeichersystem)<\/h2>\n<p>Das Wechselrichter-Ladeger\u00e4t 48V Victron Quattro II 48\/5000 70-50\/50 - QUA482504010 kann an zwei unabh\u00e4ngige Wechselstromquellen angeschlossen werden, z. B. an das \u00f6ffentliche Stromnetz und einen Generator oder an zwei Generatoren. Der Quattro-II verbindet sich automatisch mit der aktiven Quelle.<\/p>\n<h2>PowerControl und PowerAssist<\/h2>\n<p>Es kann ein maximaler Netz- oder Generatorstrom eingestellt werden. Das 48V Victron Quattro-II 48\/5000 70-50\/50 - QUA482504010 Wechselrichter-Ladeger\u00e4t ber\u00fccksichtigt andere AC-Lasten und verwendet den verbleibenden Strom zum Laden der Batterie, um eine \u00dcberlastung des Generators oder des Netzes zu verhindern (PowerControl-Funktion). In F\u00e4llen, in denen die maximale Leistung nur f\u00fcr einen begrenzten Zeitraum ben\u00f6tigt wird, kompensiert der Quattro-II die unzureichende Generator- oder Netzleistung mit Strom aus der Batterie. Wenn die Last reduziert wird, wird die \u00fcbersch\u00fcssige Leistung zum Aufladen der Batterie verwendet.<\/p>\n<h2>Solarstrom: AC-Strom auch bei Netzausfall verf\u00fcgbar<\/h2>\n<p>Das 48V Victron Quattro II 48\/5000 70-50\/50 - QUA482504010 48V Wechselrichter-Ladeger\u00e4t kann sowohl in netzgekoppelten Photovoltaikanlagen als auch in netzunabh\u00e4ngigen und anderen alternativen Energiesystemen eingesetzt werden. Es ist sowohl mit Solarladereglern als auch mit netzgekoppelten Wechselrichtern kompatibel.<\/p>\n<\/div>\n<h2>Zwei AC-Ausg\u00e4nge<\/h2>\n<p>Der Hauptausgang hat keine Unterbrechungsfunktion. Der Quattro-II \u00fcbernimmt die Versorgung der angeschlossenen Verbraucher im Falle eines Netzausfalls oder der Trennung von Generator\/Erde. Dies geschieht so schnell (weniger als 20 Millisekunden), dass die elektronischen Ger\u00e4te ohne Unterbrechung weiterarbeiten. Der zweite Ausgang ist nur aktiv, wenn am Eingang Wechselstrom vorhanden ist.<\/p>\n<h2>48V Victron Quattro II 48\/5000 70-50\/50 Wechselrichter-Ladeger\u00e4t 48V Parallel- und Drehstrombetrieb - QUA482504010<\/h2>\n<p>Bis zu 6 Quattros II k\u00f6nnen parallel betrieben werden, um eine h\u00f6here Ausgangsleistung zu erzielen. Sechs Ger\u00e4te vom Typ 48\/5000\/70 liefern beispielsweise eine Ausgangsleistung von 25 kW \/ 30 kVA bei einer Belastbarkeit von 420A. Zus\u00e4tzlich zur Parallelschaltung k\u00f6nnen drei Ger\u00e4te desselben Modells f\u00fcr einen dreiphasigen Ausgang konfiguriert werden, und es k\u00f6nnen bis zu sechs S\u00e4tze von drei Ger\u00e4ten pro Phase parallel geschaltet werden, um einen 75 kW \/ 90 kVA Wechselrichter und \u00fcber 1200A Lastkapazit\u00e4t bereitzustellen.<\/p>\n<\/div>\n<h2>Konfiguration, \u00dcberwachung und Kontrolle des Systems vor Ort<\/h2>\n<p>Die Einstellungen k\u00f6nnen mit der VEConfigure-Software in wenigen Minuten ge\u00e4ndert werden (PC oder Laptop und Mk3-USB-Schnittstelle erforderlich). Es stehen verschiedene \u00dcberwachungs- und Steuerungsoptionen zur Verf\u00fcgung: <a href=\"https:\/\/fvcomponentes.com\/de\/produkt\/victron-cerbo-gx-mk2-bpp900451100-victron-cerbo-mk2-monitor\/\" target=\"_blank\" rel=\"noopener\">Victron Cerbo GX MK2 \u00dcberwachung - BPP900451100<\/a>\u00a0, <a href=\"https:\/\/fvcomponentes.com\/de\/produkt\/victron-farbkontrolle-gx-display\/\" target=\"_blank\" rel=\"noopener\">Farbsteuerung GX<\/a>, <a href=\"https:\/\/fvcomponentes.com\/de\/produkt\/victron-venus-gx-uberwachung\/\" target=\"_blank\" rel=\"noopener\">Venus GX<\/a>Octo GX, Octo GX, CANvu GX, Laptop, Computer, Bluetooth, Batterie\u00fcberwachung, <a href=\"https:\/\/fvcomponentes.com\/de\/produkt\/victron-multicontrol-200-200a-digitales-bedienfeld-rec020005010\/\" target=\"_blank\" rel=\"noopener\">Digitales Multi-Bedienfeld<\/a>.<\/p>\n<h2>Fernkonfiguration und -\u00fcberwachung<\/h2>\n<p>Installieren Sie einen Cerbo GX oder ein anderes GX-Produkt, um eine Verbindung mit dem Internet herzustellen. Die Betriebsdaten k\u00f6nnen auf der VRM-Website (Victron Remote Management) gespeichert und eingesehen werden.<\/p>\n<\/div>\n<\/div>\n<\/div>\n<\/div>\n<\/div>\n<h2>Wechselrichter-Ladeger\u00e4t 48V Victron Quattro II 48\/5000 70-50\/50 technisches Datenblatt - QUA482504010<\/h2>\n<div class=\"hidden-xs\">\n<div class=\"productDetail__content-subheader\">\n<div class=\"productDetail__content-desc\">\n<div class=\"productDetails__block-description\">\n<div class=\"productDetails__block-description\">\n<div class=\"productDetails__block-description\">\n<p><a href=\"https:\/\/fvcomponentes.com\/wp-content\/uploads\/2024\/06\/Ficha-tecnica-inversor-cargador-48V-Victron-Quattro-II-48-5000-70-50-50-QUA482504010.pdf\" target=\"_blank\" rel=\"noopener\">\u00a0Victron Quattro II 48V Wechselrichter-Ladeger\u00e4t 48\/5000 70-50\/50 Wechselrichter-Ladeger\u00e4t 48V - QUA482504010 Datenblatt anzeigen<\/a><\/p>\n<\/div>\n<\/div>\n<\/div>\n<\/div>\n<\/div>\n<\/div>\n<div class=\"productDetail__content-desc\">\n<div class=\"productDetails__block-description\">\n<div class=\"productDetails__block-description\">\n<div class=\"productDetails__block-description\"><\/div>\n<\/div>\n<\/div>\n<\/div>","protected":false},"excerpt":{"rendered":"<ul class=\"specification\">\n<li><strong>Kontinuierliche Leistungsabgabe: <\/strong>5000VA<\/li>\n<li><strong>Spitzenleistung:<\/strong> 9000W<\/li>\n<li><strong>Betriebsspannung:<\/strong> 48V<\/li>\n<li><strong>Effizienz:<\/strong>\u00a0Reine Sinuswelle<\/li>\n<\/ul>","protected":false},"featured_media":14814,"comment_status":"open","ping_status":"closed","template":"","meta":{"site-sidebar-layout":"default","site-content-layout":"default","ast-site-content-layout":"default","site-content-style":"default","site-sidebar-style":"default","ast-global-header-display":"","ast-banner-title-visibility":"","ast-main-header-display":"","ast-hfb-above-header-display":"","ast-hfb-below-header-display":"","ast-hfb-mobile-header-display":"","site-post-title":"","ast-breadcrumbs-content":"","ast-featured-img":"","footer-sml-layout":"","ast-disable-related-posts":"","theme-transparent-header-meta":"default","adv-header-id-meta":"","stick-header-meta":"","header-above-stick-meta":"","header-main-stick-meta":"","header-below-stick-meta":"","astra-migrate-meta-layouts":"set","ast-page-background-enabled":"default","ast-page-background-meta":{"desktop":{"background-color":"var(--ast-global-color-4)","background-image":"","background-repeat":"repeat","background-position":"center center","background-size":"auto","background-attachment":"scroll","background-type":"","background-media":"","overlay-type":"","overlay-color":"","overlay-opacity":"","overlay-gradient":""},"tablet":{"background-color":"","background-image":"","background-repeat":"repeat","background-position":"center center","background-size":"auto","background-attachment":"scroll","background-type":"","background-media":"","overlay-type":"","overlay-color":"","overlay-opacity":"","overlay-gradient":""},"mobile":{"background-color":"","background-image":"","background-repeat":"repeat","background-position":"center center","background-size":"auto","background-attachment":"scroll","background-type":"","background-media":"","overlay-type":"","overlay-color":"","overlay-opacity":"","overlay-gradient":""}},"ast-content-background-meta":{"desktop":{"background-color":"var(--ast-global-color-5)","background-image":"","background-repeat":"repeat","background-position":"center center","background-size":"auto","background-attachment":"scroll","background-type":"","background-media":"","overlay-type":"","overlay-color":"","overlay-opacity":"","overlay-gradient":""},"tablet":{"background-color":"var(--ast-global-color-5)","background-image":"","background-repeat":"repeat","background-position":"center center","background-size":"auto","background-attachment":"scroll","background-type":"","background-media":"","overlay-type":"","overlay-color":"","overlay-opacity":"","overlay-gradient":""},"mobile":{"background-color":"var(--ast-global-color-5)","background-image":"","background-repeat":"repeat","background-position":"center center","background-size":"auto","background-attachment":"scroll","background-type":"","background-media":"","overlay-type":"","overlay-color":"","overlay-opacity":"","overlay-gradient":""}}},"pwb-brand":[332],"product_brand":[],"product_cat":[333,334],"product_tag":[],"class_list":{"0":"post-14811","1":"product","2":"type-product","3":"status-publish","4":"has-post-thumbnail","6":"pwb-brand-victron","7":"product_cat-inversores","8":"product_cat-inversores-cargadores-48v","9":"desktop-align-left","10":"tablet-align-left","11":"mobile-align-left","12":"ast-product-gallery-layout-horizontal-slider","13":"ast-product-tabs-layout-horizontal","15":"first","16":"instock","17":"taxable","18":"shipping-taxable","19":"purchasable","20":"product-type-simple"},"wcpa_form_fields":null,"brands":[{"id":332,"name":"Victron Energie","slug":"victron"}],"_links":{"self":[{"href":"https:\/\/fvcomponentes.com\/de\/wp-json\/wp\/v2\/product\/14811","targetHints":{"allow":["GET"]}}],"collection":[{"href":"https:\/\/fvcomponentes.com\/de\/wp-json\/wp\/v2\/product"}],"about":[{"href":"https:\/\/fvcomponentes.com\/de\/wp-json\/wp\/v2\/types\/product"}],"replies":[{"embeddable":true,"href":"https:\/\/fvcomponentes.com\/de\/wp-json\/wp\/v2\/comments?post=14811"}],"wp:featuredmedia":[{"embeddable":true,"href":"https:\/\/fvcomponentes.com\/de\/wp-json\/wp\/v2\/media\/14814"}],"wp:attachment":[{"href":"https:\/\/fvcomponentes.com\/de\/wp-json\/wp\/v2\/media?parent=14811"}],"wp:term":[{"taxonomy":"pwb-brand","embeddable":true,"href":"https:\/\/fvcomponentes.com\/de\/wp-json\/wp\/v2\/pwb-brand?post=14811"},{"taxonomy":"product_brand","embeddable":true,"href":"https:\/\/fvcomponentes.com\/de\/wp-json\/wp\/v2\/product_brand?post=14811"},{"taxonomy":"product_cat","embeddable":true,"href":"https:\/\/fvcomponentes.com\/de\/wp-json\/wp\/v2\/product_cat?post=14811"},{"taxonomy":"product_tag","embeddable":true,"href":"https:\/\/fvcomponentes.com\/de\/wp-json\/wp\/v2\/product_tag?post=14811"}],"curies":[{"name":"wp","href":"https:\/\/api.w.org\/{rel}","templated":true}]}}