{"id":14798,"date":"2024-06-13T09:58:49","date_gmt":"2024-06-13T07:58:49","guid":{"rendered":"https:\/\/fvcomponentes.com\/?post_type=product&#038;p=14798"},"modified":"2026-04-08T21:37:56","modified_gmt":"2026-04-08T19:37:56","slug":"wechselrichter-lader-24v-victron-multiplus-24-5000-120-100-pmp245021010","status":"publish","type":"product","link":"https:\/\/fvcomponentes.com\/de\/producto\/inversor-cargador-24v-victron-multiplus-24-5000-120-100-pmp245021010\/","title":{"rendered":"Wechselrichter-Ladeger\u00e4t 24V Victron Multiplus 24\/5000 120A-100A - PMP245021010"},"content":{"rendered":"<section class=\"large-padding\">\n<div class=\"productDetail__header\">\n<div class=\"container\">\n<div class=\"productDetail__header__inner\">\n<div class=\"productDetail__content\">\n<div class=\"hidden-xs\">\n<section class=\"large-padding\">\n<div class=\"productDetail__header\">\n<div class=\"container\">\n<div class=\"productDetail__header__inner\">\n<div class=\"productDetail__content\">\n<div class=\"hidden-xs\">\n<h2>Wechselrichter-Ladeger\u00e4t 24V Victron Multiplus 24\/5000 120-100 - PMP245021010 - Eigenschaften<\/h2>\n<div class=\"productDetail__content-subheader\">\n<h2 class=\"productDetail__content-subheader-icon\">Multifunktional<\/h2>\n<\/div>\n<\/div>\n<div class=\"productDetail__content-desc\">Dieser Wechselrichter wurde als Ersatz f\u00fcr die bisherige MultiPlus Compact-Reihe entwickelt. Er kombiniert einen leistungsstarken Sinus-Wechselrichter, ein hochentwickeltes Batterieladeger\u00e4t mit variabler Ladetechnik und einen Hochgeschwindigkeits-Wechselstromumschalter in einem einzigen kompakten Geh\u00e4use.<\/div>\n<\/div>\n<\/div>\n<\/div>\n<\/div>\n<\/section>\n<section class=\"productDetails__blocks\">\n<div class=\"container\">\n<div class=\"productDetails__block productDetails__block--image productDetails__block--right\">\n<div class=\"productDetails__block-content\">\n<h2>Paralleler Betrieb<\/h2>\n<p>Bis zu sechs Victron Multiplus 24V Wechselrichter-Ladeger\u00e4te 24\/5000 120-100 k\u00f6nnen parallel betrieben werden, um eine h\u00f6here Ausgangsleistung zu erzielen. Dar\u00fcber hinaus k\u00f6nnen drei Ger\u00e4te f\u00fcr einen dreiphasigen Ausgang konfiguriert werden, indem jeder Wechselrichter einer der drei Phasen zugeordnet wird.<\/p>\n<p><strong><img fetchpriority=\"high\" decoding=\"async\" class=\"aligncenter\" src=\"https:\/\/fvcomponentes.com\/wp-content\/uploads\/2022\/11\/Diagrama-Multiplus-trifasico.png\" width=\"893\" height=\"574\" alt=\"\" title=\"\"><br \/>\n<\/strong><\/p>\n<p><strong> <img decoding=\"async\" class=\"aligncenter\" src=\"https:\/\/fvcomponentes.com\/wp-content\/uploads\/2022\/11\/Diagrama-Multiplus-Paralelo.png\" width=\"866\" height=\"557\" alt=\"\" title=\"\"><\/strong><\/p>\n<h2 class=\"productDetails__block-title\"><span class=\"productDetails__block-title-content\">Unterbrechungsfreier Wechselstrom (UPS-Funktion)<\/span><\/h2>\n<div class=\"productDetails__block-description\">\n<p>Bei einem Stromausfall oder einer Unterbrechung der Landstromversorgung oder des Generators wird der Wechselrichter automatisch aktiviert und \u00fcbernimmt die Versorgung der angeschlossenen Verbraucher. Dies geschieht so schnell (weniger als 20 Millisekunden), dass Computer und andere elektronische Ger\u00e4te ohne Unterbrechung weiterarbeiten.<\/p>\n<\/div>\n<\/div>\n<\/div>\n<div class=\"productDetails__block productDetails__block--image productDetails__block--left\">\n<div class=\"productDetails__block-content\">\n<h2 class=\"productDetails__block-title\"><span class=\"productDetails__block-title-content\">Fern\u00fcberwachung und -steuerung<\/span><\/h2>\n<div class=\"productDetails__block-description\">\n<p>Bei einer Verbindung mit einem GX-Ger\u00e4t (z. B. dem <a href=\"https:\/\/fvcomponentes.com\/de\/produkt\/victron-cerbo-gx-mk2-bpp900451100-victron-cerbo-mk2-monitor\/\" target=\"_blank\" rel=\"noopener\">Victron Cerbo GX MK2 \u00dcberwachung - BPP900451100<\/a>) k\u00f6nnen Sie das Victron Multiplus 24V Wechselrichter-Ladeger\u00e4t 24\/5000 120-100 und Ihr(e) System(e) lokal (LAN) oder aus der Ferne \u00fcber das Internet von \u00fcberall auf der Welt mit der kostenlosen VRM-App und dem <a href=\"https:\/\/vrm.victronenergy.com\/landingpage\" target=\"_blank\" rel=\"noopener\">kostenloses Portal VRM<\/a>. Der Zugriff kann von einem Telefon, Tablet oder PC mit verschiedenen Betriebssystemen aus erfolgen.<\/p>\n<h2>Bew\u00e4hrte Zuverl\u00e4ssigkeit des 24V-Wechselrichter-Ladeger\u00e4ts Victron Multiplus 24\/5000 120-100<\/h2>\n<p>Die Vollbr\u00fccken- und Ringkerntransformator-Topologie hat sich \u00fcber viele Jahre hinweg als zuverl\u00e4ssig erwiesen. Der Wechselrichter ist kurzschlussfest und gegen \u00dcberhitzung, entweder durch \u00dcberlast oder hohe Umgebungstemperatur, gesch\u00fctzt.<\/p>\n<h2>PowerControl - Begrenzte Stromversorgung durch Generator, Landstrom oder Netzstrom<\/h2>\n<p>Im Multi-Control-Panel kann ein maximaler Strom vom Generator oder Landstrom eingestellt werden. Der Wechselrichter \u00fcbernimmt dann andere AC-Lasten und nutzt den \u00fcbersch\u00fcssigen Strom zum Laden, um eine \u00dcberlastung des Generators oder des Landstroms zu vermeiden.<\/p>\n<h2>PowerAssist - Erh\u00f6ht die elektrische Kapazit\u00e4t der Landstromsteckdose oder des Generators<\/h2>\n<p>Wenn f\u00fcr einen kurzen Zeitraum eine Leistungsspitze ben\u00f6tigt wird, wie es h\u00e4ufig der Fall ist, gleicht das Victron Multiplus 24V Wechselrichter-Ladeger\u00e4t 24\/5000 120-100 die m\u00f6glicherweise fehlende Leistung des Netzstroms oder des Generators sofort mit Leistung aus der Batterie aus. Wenn die Last reduziert wird, wird die \u00fcbersch\u00fcssige Leistung zum Aufladen der Batterie verwendet.<\/p>\n<h3>Variables vierstufiges Ladeger\u00e4t und Laden von zwei Batterieb\u00e4nken<\/h3>\n<p>Der Hauptausgang versorgt das Batteriesystem mit einer leistungsstarken Ladung \u00fcber eine fortschrittliche \"variable Ladung\"-Software. Die Software passt den automatischen dreistufigen Prozess an die Batteriebedingungen an und f\u00fcgt eine vierte Stufe f\u00fcr l\u00e4ngere Pufferzeiten hinzu. Dar\u00fcber hinaus kann das MultiPlus eine zweite Batterie \u00fcber einen separaten, begrenzten Ladeausgang laden, der f\u00fcr die Ladung einer Starterbatterie \u00fcber den Hauptmotor oder den Generator ausgelegt ist.<\/p>\n<h2>Hohe Startleistung 24V Wechselrichter-Ladeger\u00e4t Victron Multiplus 24\/5000 120-100<\/h2>\n<p>Erforderlich f\u00fcr den Start von Lasten mit hohem Einschaltstrom, wie z. B. Konverter f\u00fcr LED-Lampen, Halogenlampen oder Elektrowerkzeuge.<\/p>\n<h2>Suchmodus<\/h2>\n<p>Wenn der Suchmodus aktiviert ist, sinkt der Verbrauch des Wechselrichters im Leerlauf um ca. 70%. In diesem Modus schaltet das Victron Multiplus 24V Wechselrichter-Ladeger\u00e4t 24\/5000 120-100 im Wechselrichterbetrieb bei fehlender oder zu geringer Last ab und schaltet alle zwei Sekunden f\u00fcr kurze Zeit wieder ein. Wenn der Ausgangsstrom einen voreingestellten Wert \u00fcberschreitet, arbeitet der Wechselrichter weiter. Andernfalls schaltet sich der Wechselrichter wieder ab.<\/p>\n<h2>Programmierbares Relais<\/h2>\n<p>Das programmierbare Relais ist standardm\u00e4\u00dfig als Alarmrelais konfiguriert, d.h. das Relais f\u00e4llt im Falle eines Alarms oder Voralarms (Wechselrichter ist zu hei\u00df, Eingangswelligkeit ist fast zu hoch und Batteriespannung ist zu niedrig) ab.<\/p>\n<p><span style=\"font-size: 1.7em;font-weight: bold\">Datenblatt Wechselrichter-Ladeger\u00e4t 24V Victron Multiplus 24\/5000 120-100 - PMP245021010<\/span><\/p>\n<p><a style=\"font-size: 16px;background-color: #ffffff\" href=\"https:\/\/fvcomponentes.com\/wp-content\/uploads\/2021\/10\/Datasheet-MultiPlus-inverter-charger-800VA-5kVA-ES-1.pdf\" target=\"_blank\" rel=\"noopener\">Wechselrichter-Ladeger\u00e4t 24V Victron Multiplus 24\/5000 120-100 - PMP245021010 Datenblatt<\/a><\/p>\n<\/div>\n<\/div>\n<\/div>\n<\/div>\n<\/section>\n<\/div>\n<\/div>\n<\/div>\n<\/div>\n<\/div>\n<\/section>","protected":false},"excerpt":{"rendered":"<ul class=\"specification\">\n<li><strong>Kontinuierliche Leistungsabgabe: <\/strong>5000VA<\/li>\n<li><strong>Spitzenleistung:<\/strong> 10000W<\/li>\n<li><strong>Betriebsspannung:<\/strong> 24V<\/li>\n<li><strong>Effizienz:<\/strong>\u00a0Reine Sinuswelle<\/li>\n<\/ul>","protected":false},"featured_media":29140,"comment_status":"open","ping_status":"closed","template":"","meta":{"site-sidebar-layout":"default","site-content-layout":"default","ast-site-content-layout":"default","site-content-style":"default","site-sidebar-style":"default","ast-global-header-display":"","ast-banner-title-visibility":"","ast-main-header-display":"","ast-hfb-above-header-display":"","ast-hfb-below-header-display":"","ast-hfb-mobile-header-display":"","site-post-title":"","ast-breadcrumbs-content":"","ast-featured-img":"","footer-sml-layout":"","ast-disable-related-posts":"","theme-transparent-header-meta":"default","adv-header-id-meta":"","stick-header-meta":"","header-above-stick-meta":"","header-main-stick-meta":"","header-below-stick-meta":"","astra-migrate-meta-layouts":"set","ast-page-background-enabled":"default","ast-page-background-meta":{"desktop":{"background-color":"var(--ast-global-color-4)","background-image":"","background-repeat":"repeat","background-position":"center center","background-size":"auto","background-attachment":"scroll","background-type":"","background-media":"","overlay-type":"","overlay-color":"","overlay-opacity":"","overlay-gradient":""},"tablet":{"background-color":"","background-image":"","background-repeat":"repeat","background-position":"center center","background-size":"auto","background-attachment":"scroll","background-type":"","background-media":"","overlay-type":"","overlay-color":"","overlay-opacity":"","overlay-gradient":""},"mobile":{"background-color":"","background-image":"","background-repeat":"repeat","background-position":"center center","background-size":"auto","background-attachment":"scroll","background-type":"","background-media":"","overlay-type":"","overlay-color":"","overlay-opacity":"","overlay-gradient":""}},"ast-content-background-meta":{"desktop":{"background-color":"var(--ast-global-color-5)","background-image":"","background-repeat":"repeat","background-position":"center center","background-size":"auto","background-attachment":"scroll","background-type":"","background-media":"","overlay-type":"","overlay-color":"","overlay-opacity":"","overlay-gradient":""},"tablet":{"background-color":"var(--ast-global-color-5)","background-image":"","background-repeat":"repeat","background-position":"center center","background-size":"auto","background-attachment":"scroll","background-type":"","background-media":"","overlay-type":"","overlay-color":"","overlay-opacity":"","overlay-gradient":""},"mobile":{"background-color":"var(--ast-global-color-5)","background-image":"","background-repeat":"repeat","background-position":"center center","background-size":"auto","background-attachment":"scroll","background-type":"","background-media":"","overlay-type":"","overlay-color":"","overlay-opacity":"","overlay-gradient":""}}},"pwb-brand":[332],"product_brand":[],"product_cat":[390,333],"product_tag":[],"class_list":{"0":"post-14798","1":"product","2":"type-product","3":"status-publish","4":"has-post-thumbnail","6":"pwb-brand-victron","7":"product_cat-inversores-cargadores-24v","8":"product_cat-inversores","9":"desktop-align-left","10":"tablet-align-left","11":"mobile-align-left","12":"ast-product-gallery-layout-horizontal-slider","13":"ast-product-tabs-layout-horizontal","15":"first","16":"instock","17":"taxable","18":"shipping-taxable","19":"purchasable","20":"product-type-simple"},"wcpa_form_fields":null,"brands":[{"id":332,"name":"Victron Energie","slug":"victron"}],"_links":{"self":[{"href":"https:\/\/fvcomponentes.com\/de\/wp-json\/wp\/v2\/product\/14798","targetHints":{"allow":["GET"]}}],"collection":[{"href":"https:\/\/fvcomponentes.com\/de\/wp-json\/wp\/v2\/product"}],"about":[{"href":"https:\/\/fvcomponentes.com\/de\/wp-json\/wp\/v2\/types\/product"}],"replies":[{"embeddable":true,"href":"https:\/\/fvcomponentes.com\/de\/wp-json\/wp\/v2\/comments?post=14798"}],"wp:featuredmedia":[{"embeddable":true,"href":"https:\/\/fvcomponentes.com\/de\/wp-json\/wp\/v2\/media\/29140"}],"wp:attachment":[{"href":"https:\/\/fvcomponentes.com\/de\/wp-json\/wp\/v2\/media?parent=14798"}],"wp:term":[{"taxonomy":"pwb-brand","embeddable":true,"href":"https:\/\/fvcomponentes.com\/de\/wp-json\/wp\/v2\/pwb-brand?post=14798"},{"taxonomy":"product_brand","embeddable":true,"href":"https:\/\/fvcomponentes.com\/de\/wp-json\/wp\/v2\/product_brand?post=14798"},{"taxonomy":"product_cat","embeddable":true,"href":"https:\/\/fvcomponentes.com\/de\/wp-json\/wp\/v2\/product_cat?post=14798"},{"taxonomy":"product_tag","embeddable":true,"href":"https:\/\/fvcomponentes.com\/de\/wp-json\/wp\/v2\/product_tag?post=14798"}],"curies":[{"name":"wp","href":"https:\/\/api.w.org\/{rel}","templated":true}]}}