{"id":14789,"date":"2024-06-13T08:32:45","date_gmt":"2024-06-13T06:32:45","guid":{"rendered":"https:\/\/fvcomponentes.com\/?post_type=product&#038;p=14789"},"modified":"2026-04-08T21:37:01","modified_gmt":"2026-04-08T19:37:01","slug":"wechselrichter-lader-24v-victron-multiplus-ii-gx-24-3000-70-32-pmp242306000","status":"publish","type":"product","link":"https:\/\/fvcomponentes.com\/de\/producto\/inversor-cargador-24v-victron-multiplus-ii-gx-24-3000-70-32-pmp242306000\/","title":{"rendered":"Wechselrichter-Ladeger\u00e4t 24V Victron Multiplus II GX 24\/3000 70A-32A - PMP242306000"},"content":{"rendered":"<h2>Eigenschaften des Wechselrichter-Ladeger\u00e4ts 24V Victron Multiplus II GX 24\/3000 70-32 - PMP242306000<\/h2>\n<p>Dieser Wechselrichter ist ein fortschrittliches Ger\u00e4t f\u00fcr unsere Photovoltaikanlage, das es uns erm\u00f6glicht, ein hybrides Eigenverbrauchssystem mit Akkumulation und mit voller Betriebsgarantie zu haben. Er verf\u00fcgt \u00fcber ein multifunktionales Ladeger\u00e4t mit einer Reihe von Funktionen <strong>elektrische Zertifizierungen aus einer Vielzahl von L\u00e4ndern, die es f\u00fcr den Einsatz als netzgekoppeltes Energiespeichersystem (ESS) qualifizieren. <\/strong>Au\u00dferdem verf\u00fcgt es \u00fcber einen Inselbildungsschutz und die Victron PowerControl- und PowerAssist-Funktionen.<\/p>\n<p>Das Victron Multiplus II GX 24\/3000 70-32 - PMP242306000 24V Wechselrichter-Ladeger\u00e4t ist dank der fortschrittlichen Konstruktion seiner Leistungsstufe ein Garant f\u00fcr Zuverl\u00e4ssigkeit und Stabilit\u00e4t.<\/p>\n<p>Er bietet eine Ausgangsleistung von bis zu 3000 VA aus dem Wechselrichter selbst, obwohl er dank seiner PowerAssist-Funktion mehr Ausgangsleistung liefern kann, indem er Energie aus dem AC-Eingang und auch aus den Batterien hinzuf\u00fcgt, um den externen Netzeingang nicht zu \u00fcberlasten.<\/p>\n<p>Es arbeitet mit 24-V-Batterien und verf\u00fcgt \u00fcber ein internes 70-A-Batterieladeger\u00e4t.<\/p>\n<p>Dank seiner Funktion als USV ist es in der Lage, eine unterbrechungsfreie Stromversorgung zu bieten, da die Umschaltung sehr schnell erfolgt, so dass der kritische Verbrauch nicht beeintr\u00e4chtigt wird. Dank der M\u00f6glichkeit, bis zu 6 Ger\u00e4te parallel zu schalten, ist sie sehr erweiterungsf\u00e4hig. Es ist auch m\u00f6glich, es in einem dreiphasigen Netz zu verwenden, indem man ein Ger\u00e4t f\u00fcr jede Phase installiert, zu dem auch der Parallelbetrieb innerhalb der Phasen selbst hinzugef\u00fcgt werden kann.<\/p>\n<h3>GX-Ger\u00e4t<\/h3>\n<p>Im MultiPlus-II GX sind ein MultiPlus-II-Wechselrichter\/Ladeger\u00e4t und ein GX-Ger\u00e4t mit einem 2 x 16 Zeichen gro\u00dfen Display integriert. Dieses integrierte Ger\u00e4t umfasst:<\/p>\n<ul>\n<li>Eine BMS-Can-Schnittstelle, die zum Anschluss an eine \u00fcber einen kompatiblen CAN-Bus verwaltete Batterie verwendet werden kann.<\/li>\n<li>Ein USB-Anschluss.<\/li>\n<li>Ein Ethernet-Anschluss.<\/li>\n<li>Ein VE.Direct-Anschluss<\/li>\n<\/ul>\n<h3>Wechselrichter-Ladeger\u00e4t Betrieb 24V Victron Multiplus II GX 24\/3000 70-32 - PMP242306000<\/h3>\n<p>Der MultiPlus II GX-Wechselrichter kann in allen g\u00e4ngigen Energiespeichertopologien betrieben werden. Ein Stromsensor ist optional erh\u00e4ltlich, um den AC-Eingang nach Ihren Bed\u00fcrfnissen zu begrenzen, da die Transfer- und Lastleistung des MultiPlus II f\u00fcr den verf\u00fcgbaren Strom zu hoch sein kann.<\/p>\n<h3 class=\"clear-block\"><strong>MultiPlus II als USV in Anwendungen mit kritischer Last<\/strong><\/h3>\n<p class=\"clear-block\">In diesem Fall kann das Wechselrichter-Ladeger\u00e4t die \u00fcblichen Verbraucher \u00fcber das herk\u00f6mmliche Netz versorgen und \u00fcber ein Energiespeichersystem (Batterie) verf\u00fcgen, das die kritischen Verbraucher versorgt, wenn das Netz ausf\u00e4llt oder instabil ist.<\/p>\n<p class=\"clear-block\">Es ist zu pr\u00fcfen, ob eine Begrenzung des AC-Eingangs auf einen sicheren Wert mit Hilfe der PowerControl- und PowerAssist-Funktionen erfolgen soll.<\/p>\n<h3 class=\"clear-block\"><strong>netzgekoppelt und mit Photovoltaik \u00fcber MPPT-Regler<\/strong><\/h3>\n<p class=\"clear-block\">In diesem Fall nutzt das 24-V-Wechselrichter-Ladeger\u00e4t Victron Multiplus II GX 24\/3000 70-32 - PMP242306000 die vom Ringkernstromsensor gelieferten Informationen und optimiert so den Eigenverbrauch, indem es die Energie in Wechselstrom umwandelt und direkt f\u00fcr den Verbrauch nutzt. Auf diese Weise kann entschieden werden, ob \u00fcbersch\u00fcssige Solarenergie in das Stromnetz eingespeist werden soll oder nicht.<\/p>\n<p class=\"clear-block\">Die Batterien werden durch die Solarzellen aufgeladen, und der Verbrauch l\u00e4sst sich in einen kritischen Verbrauch, der auch bei einem Stromausfall immer mit Strom versorgt wird, und einen normalen Verbrauch, der auch mit der von den Solarzellen erzeugten Energie versorgt werden kann, aufteilen.<\/p>\n<h3>Wechselrichter-Ladeger\u00e4t 24V Victron Multiplus II GX 24\/3000 70-32 Wechselrichter-Ladeger\u00e4t \u00dcberwachung - PMP242306000<\/h3>\n<p>Um eine maximale Kontrolle \u00fcber die Solaranlage zu haben, ist es sehr empfehlenswert, das Victron ColorControl Panel einzubinden, da wir von dort aus die Betriebsparameter konfigurieren, laden und die Leistung des gesamten Systems \u00fcberwachen k\u00f6nnen. Wir werden detaillierte Informationen \u00fcber Produktion, Verbrauch, Speicherung usw. haben.<\/p>\n<p><img fetchpriority=\"high\" decoding=\"async\" class=\"center-align alignnone\" title=\"VRM-Diagramm\" src=\"https:\/\/fvcomponentes.com\/wp-content\/uploads\/2022\/11\/grafico-vrm.png\" alt=\"MultiPlus II GX 3000VA VRM Grafik\" width=\"400\" height=\"223\" \/><\/p>\n<p>Dank der Einbindung des Victron ColorControl Panels haben wir Zugang zum VRM-Portal der Marke, \u00fcber das wir von jedem Endger\u00e4t mit Internetzugang auf die \u00dcberwachung und Konfiguration des Systems zugreifen k\u00f6nnen. Das VRM-Portal gibt uns sogar die M\u00f6glichkeit, uns Alarme zu senden, je nachdem, was wir im Betrieb des Systems programmieren.<\/p>\n<h3>Wechselrichter-Ladeger\u00e4t 24V Victron Multiplus II GX 24\/3000 70-32 - PMP242306000 Kompatibilit\u00e4t<\/h3>\n<p>Das MultiPlus II kann problemlos mit praktisch jeder auf dem Markt befindlichen 24-V-Batterie arbeiten. Dank seiner gro\u00dfen Flexibilit\u00e4t und Anpassungsf\u00e4higkeit kann es so konfiguriert werden, dass es Blei-S\u00e4ure-Batterien jeder Technologie l\u00e4dt, egal ob verschlossen oder offener OPzS-Typ.<\/p>\n<p>Victron aktualisiert seine Software regelm\u00e4\u00dfig, um die Kompatibilit\u00e4t mit der \u00fcberwiegenden Mehrheit der auf dem Markt befindlichen Lithiumbatteriemarken zu gew\u00e4hrleisten. Dies ist eine Garantie f\u00fcr die Zukunft.<\/p>\n<p>Wenn eine externe Laderegler-Topologie zum Laden von Batterien oder f\u00fcr den direkten Eigenverbrauch verwendet wird, ist es ratsam, ein MPPT-Modell der Marke Victron zu verwenden. Auf diese Weise zeigt das ColorControl-Panel die photovoltaische Produktion der Anlage detailliert an.<\/p>\n<p>Wenn ein Photovoltaik-Wechselrichter als Solargenerator verwendet wird, ist es ratsam, ein Produkt von <a href=\"https:\/\/fvcomponentes.com\/de\/marke\/fronius\/\" target=\"_blank\" rel=\"noopener\">Fronius<\/a>Das ColorControl und das VRM-Portal sind auch mit anderen bekannten Marken der Branche, wie z.B. Kostal, kompatibel. Im ColorControl und im VRM-Portal k\u00f6nnen wir auch problemlos die Produktion des PV-Wechselrichters \u00fcberwachen.<\/p>\n<p>Die Kompatibilit\u00e4t mit anderen Herstellern wie Schneider ist ebenfalls gegeben; die Kompatibilit\u00e4tstabelle kann auf der Victron-Website eingesehen werden, wo sie regelm\u00e4\u00dfig aktualisiert wird.<\/p>\n<h2>Datenblatt Inverter-Ladeger\u00e4t 24V Victron Multiplus II GX 24\/3000 70-32 - PMP242306000<\/h2>\n<p><a href=\"https:\/\/fvcomponentes.com\/wp-content\/uploads\/2024\/06\/Ficha-tecnica-Inversor-Cargador-24V-Victron-Multiplus-II-GX-24-3000-70-32-PMP242306000-1.pdf\" target=\"_blank\" rel=\"noopener\">Victron Multiplus II GX 24\/3000 70-32 - PMP242306000 24V Wechselrichter-Ladeger\u00e4t Datenblatt anzeigen<\/a><\/p>","protected":false},"excerpt":{"rendered":"<ul class=\"specification\">\n<li><strong>Kontinuierliche Leistungsabgabe bei 25\u00ba: <\/strong>3000VA<\/li>\n<li><strong>Spitzenleistung: <\/strong>5500W<\/li>\n<li><strong>Betriebsspannung:<\/strong> 24V<\/li>\n<li><strong>Ladestrom: <\/strong>70A<\/li>\n<\/ul>","protected":false},"featured_media":14791,"comment_status":"open","ping_status":"closed","template":"","meta":{"site-sidebar-layout":"default","site-content-layout":"default","ast-site-content-layout":"default","site-content-style":"default","site-sidebar-style":"default","ast-global-header-display":"","ast-banner-title-visibility":"","ast-main-header-display":"","ast-hfb-above-header-display":"","ast-hfb-below-header-display":"","ast-hfb-mobile-header-display":"","site-post-title":"","ast-breadcrumbs-content":"","ast-featured-img":"","footer-sml-layout":"","ast-disable-related-posts":"","theme-transparent-header-meta":"default","adv-header-id-meta":"","stick-header-meta":"","header-above-stick-meta":"","header-main-stick-meta":"","header-below-stick-meta":"","astra-migrate-meta-layouts":"set","ast-page-background-enabled":"default","ast-page-background-meta":{"desktop":{"background-color":"var(--ast-global-color-4)","background-image":"","background-repeat":"repeat","background-position":"center center","background-size":"auto","background-attachment":"scroll","background-type":"","background-media":"","overlay-type":"","overlay-color":"","overlay-opacity":"","overlay-gradient":""},"tablet":{"background-color":"","background-image":"","background-repeat":"repeat","background-position":"center center","background-size":"auto","background-attachment":"scroll","background-type":"","background-media":"","overlay-type":"","overlay-color":"","overlay-opacity":"","overlay-gradient":""},"mobile":{"background-color":"","background-image":"","background-repeat":"repeat","background-position":"center center","background-size":"auto","background-attachment":"scroll","background-type":"","background-media":"","overlay-type":"","overlay-color":"","overlay-opacity":"","overlay-gradient":""}},"ast-content-background-meta":{"desktop":{"background-color":"var(--ast-global-color-5)","background-image":"","background-repeat":"repeat","background-position":"center center","background-size":"auto","background-attachment":"scroll","background-type":"","background-media":"","overlay-type":"","overlay-color":"","overlay-opacity":"","overlay-gradient":""},"tablet":{"background-color":"var(--ast-global-color-5)","background-image":"","background-repeat":"repeat","background-position":"center center","background-size":"auto","background-attachment":"scroll","background-type":"","background-media":"","overlay-type":"","overlay-color":"","overlay-opacity":"","overlay-gradient":""},"mobile":{"background-color":"var(--ast-global-color-5)","background-image":"","background-repeat":"repeat","background-position":"center center","background-size":"auto","background-attachment":"scroll","background-type":"","background-media":"","overlay-type":"","overlay-color":"","overlay-opacity":"","overlay-gradient":""}}},"pwb-brand":[332],"product_brand":[],"product_cat":[390,333],"product_tag":[],"class_list":{"0":"post-14789","1":"product","2":"type-product","3":"status-publish","4":"has-post-thumbnail","6":"pwb-brand-victron","7":"product_cat-inversores-cargadores-24v","8":"product_cat-inversores","9":"desktop-align-left","10":"tablet-align-left","11":"mobile-align-left","12":"ast-product-gallery-layout-horizontal-slider","13":"ast-product-tabs-layout-horizontal","15":"first","16":"instock","17":"taxable","18":"shipping-taxable","19":"purchasable","20":"product-type-simple"},"wcpa_form_fields":null,"brands":[{"id":332,"name":"Victron Energie","slug":"victron"}],"_links":{"self":[{"href":"https:\/\/fvcomponentes.com\/de\/wp-json\/wp\/v2\/product\/14789","targetHints":{"allow":["GET"]}}],"collection":[{"href":"https:\/\/fvcomponentes.com\/de\/wp-json\/wp\/v2\/product"}],"about":[{"href":"https:\/\/fvcomponentes.com\/de\/wp-json\/wp\/v2\/types\/product"}],"replies":[{"embeddable":true,"href":"https:\/\/fvcomponentes.com\/de\/wp-json\/wp\/v2\/comments?post=14789"}],"wp:featuredmedia":[{"embeddable":true,"href":"https:\/\/fvcomponentes.com\/de\/wp-json\/wp\/v2\/media\/14791"}],"wp:attachment":[{"href":"https:\/\/fvcomponentes.com\/de\/wp-json\/wp\/v2\/media?parent=14789"}],"wp:term":[{"taxonomy":"pwb-brand","embeddable":true,"href":"https:\/\/fvcomponentes.com\/de\/wp-json\/wp\/v2\/pwb-brand?post=14789"},{"taxonomy":"product_brand","embeddable":true,"href":"https:\/\/fvcomponentes.com\/de\/wp-json\/wp\/v2\/product_brand?post=14789"},{"taxonomy":"product_cat","embeddable":true,"href":"https:\/\/fvcomponentes.com\/de\/wp-json\/wp\/v2\/product_cat?post=14789"},{"taxonomy":"product_tag","embeddable":true,"href":"https:\/\/fvcomponentes.com\/de\/wp-json\/wp\/v2\/product_tag?post=14789"}],"curies":[{"name":"wp","href":"https:\/\/api.w.org\/{rel}","templated":true}]}}