{"id":14762,"date":"2024-06-12T11:51:08","date_gmt":"2024-06-12T09:51:08","guid":{"rendered":"https:\/\/fvcomponentes.com\/?post_type=product&#038;p=14762"},"modified":"2026-01-15T10:12:16","modified_gmt":"2026-01-15T09:12:16","slug":"wechselrichter-lader-12v-victron-multiplus-ii-12-5000-220-50-pmp122505010","status":"publish","type":"product","link":"https:\/\/fvcomponentes.com\/de\/producto\/inversor-cargador-12v-victron-multiplus-ii-12-5000-220-50-pmp122505010\/","title":{"rendered":"Wechselrichter Ladeger\u00e4t 12V Victron Multiplus II 12\/5000 220A-50A \u2013 PMP122505012"},"content":{"rendered":"<h2>Eigenschaften des Wechselrichters\/Ladeger\u00e4ts 12V Victron Multiplus II 12\/5000 220-50 \u2013 PMP122505012<\/h2>\n<p>Der Wechselrichter-Ladeger\u00e4t 12V Victron Multiplus II 12\/5000 220-50 \u2013 PMP122505012 ist ein fortschrittliches Ger\u00e4t f\u00fcr unsere Photovoltaikanlage, das uns die Einrichtung eines Hybrid-Eigenverbrauchssystems mit Speicherung und voller Funktionsgarantie erm\u00f6glicht. Die Wechselrichterfamilie MultiPlus II verf\u00fcgt \u00fcber zahlreiche <strong>elektrische Zertifizierungen aus einer Vielzahl von L\u00e4ndern, die es f\u00fcr den Einsatz als netzgekoppeltes Energiespeichersystem (ESS) qualifizieren.<\/strong>. Das Modell MultiPlus II, fr\u00fcher bekannt als MultiGrid II, verf\u00fcgt au\u00dferdem \u00fcber einen Inselbildungsschutz und die Funktionen Victron PowerControl und PowerAssist.<\/p>\n<p>Der Wechselrichter Ladeger\u00e4t 12V Victron Multiplus II 12\/5000 220-50 \u2013 PMP122505012 ist dank seines fortschrittlichen Designs der Leistungsstufe ein Garant f\u00fcr Zuverl\u00e4ssigkeit und Stabilit\u00e4t.<\/p>\n<p>Dieser Wechselrichter bietet eine Ausgangsleistung von bis zu 5000 VA aus dem Wechselrichter selbst, obwohl er dank seiner PowerAssist-Funktion mehr Ausgangsleistung liefern kann, indem er Energie aus dem AC-Eingang und auch aus den Batterien hinzuf\u00fcgt, um den externen Netzeingang nicht zu \u00fcberlasten. Er verf\u00fcgt \u00fcber ein internes 220A-Batterieladeger\u00e4t.<\/p>\n<p>Dank seiner Funktion als USV ist es in der Lage, eine unterbrechungsfreie Stromversorgung zu bieten, da die Umschaltung sehr schnell erfolgt, so dass der kritische Verbrauch nicht beeintr\u00e4chtigt wird. Wie der Rest der MultiPlus II-Familie ist es dank seiner F\u00e4higkeit, mit bis zu 6 Einheiten parallel zu arbeiten, \u00e4u\u00dferst erweiterungsf\u00e4hig. Es kann auch in einem dreiphasigen Netz eingesetzt werden, indem ein Ger\u00e4t pro Phase installiert wird, wobei auch ein Parallelbetrieb innerhalb der Phasen selbst m\u00f6glich ist.<\/p>\n<h2>Funktionsweise des Wechselrichters\/Ladeger\u00e4ts 12V Victron Multiplus II 12\/5000 220-50  \u2013 PMP122505012<\/h2>\n<p>Der MultiPlus II-Wechselrichter kann in allen g\u00e4ngigen Energiespeichertopologien betrieben werden. Ein Stromsensor ist als Option erh\u00e4ltlich, um den AC-Eingang entsprechend unseren Bed\u00fcrfnissen zu begrenzen, da die \u00dcbertragungs- und Lastleistung des MultiPlus II zu hoch f\u00fcr den verf\u00fcgbaren Strom sein kann. Die gebr\u00e4uchlichste Anwendung f\u00fcr diesen Wechselrichtertyp ist wie folgt:<\/p>\n<h3 class=\"clear-block\"><strong>MultiPlus II als USV in Anwendungen mit kritischer Last<\/strong><\/h3>\n<p class=\"clear-block\">In diesem Fall kann der Wechselrichter\/Ladeger\u00e4t 12V Victron Multiplus II 12\/5000 220-50 \u2013 PMP122505012 die \u00fcblichen Lasten versorgen, die \u00fcber das herk\u00f6mmliche Stromnetz gespeist werden, und \u00fcber ein Energiespeichersystem (Batterie) verf\u00fcgen, das die kritischen Lasten versorgt, wenn das Netz ausf\u00e4llt oder instabil ist. Es ist zu pr\u00fcfen, ob der Wechselstromeingang mithilfe der Funktionen PowerControl und PowerAssist auf einen sicheren Wert begrenzt werden muss.<\/p>\n<h3 class=\"clear-block\"><strong>netzgekoppelt und mit Photovoltaik \u00fcber MPPT-Regler<\/strong><\/h3>\n<p class=\"clear-block\">In diesem Fall nutzt der PV-Wechselrichter die vom Ringstromsensor gelieferten Informationen zur Optimierung des Eigenverbrauchs, indem er die Energie in Wechselstrom umwandelt und direkt f\u00fcr den Verbrauch nutzt. So k\u00f6nnen wir w\u00e4hlen, ob wir \u00fcbersch\u00fcssige Solarenergie in das Netz einspeisen oder nicht. Die Batterien werden durch die Solarpaneele aufgeladen, und der Verbrauch kann in einen kritischen Verbrauch, der auch bei einem Stromausfall immer versorgt wird, und einen normalen Verbrauch, der auch mit der von den Paneelen erzeugten Energie versorgt werden kann, unterteilt werden.<\/p>\n<h2>\u00dcberwachung des Wechselrichters\/Ladeger\u00e4ts 12V Victron Multiplus II 12\/5000 220-50 \u2013 PMP122505012<\/h2>\n<p>Es wird dringend empfohlen, ein Victron Cerbo GX einzubinden, um die Konfiguration, das Laden der Betriebsparameter und die \u00dcberwachung der Leistung des gesamten Systems zu erm\u00f6glichen. Alle Komponenten werden auf dem \u00dcberwachungsbildschirm angezeigt und wir erhalten detaillierte Informationen \u00fcber Produktion, Verbrauch, Lagerung usw.<\/p>\n<p><img decoding=\"async\" class=\"center-align\" title=\"VRM-Diagramm\" src=\"https:\/\/fvcomponentes.com\/wp-content\/uploads\/2022\/11\/grafico-vrm.png\" alt=\"VRM-Diagramm\" \/><\/p>\n<p>Dank der Einbindung des Victron ColorControl Panels haben wir Zugang zum VRM-Portal der Marke, \u00fcber das wir von jedem Endger\u00e4t mit Internetzugang auf die \u00dcberwachung und Konfiguration des Systems zugreifen k\u00f6nnen. Das VRM-Portal gibt uns sogar die M\u00f6glichkeit, uns Alarme zu senden, je nachdem, was wir im Betrieb des Systems programmieren.<\/p>\n<h2>Kompatibilit\u00e4t des 12-V-Wechselrichters Victron Multiplus II 12\/5000 220-50 \u2013 PMP122505012<\/h2>\n<p>Das MultiPlus II kann problemlos mit praktisch jeder auf dem Markt befindlichen 12-V-Batterie arbeiten. Dank seiner gro\u00dfen Flexibilit\u00e4t und Anpassungsf\u00e4higkeit kann es so konfiguriert werden, dass es eine Bleibatterie jeder Technologie l\u00e4dt, egal ob verschlossen oder offener OPzS-Typ. Victron aktualisiert seine Software regelm\u00e4\u00dfig, um die Kompatibilit\u00e4t mit der gro\u00dfen Mehrheit der auf dem Markt befindlichen Lithiumbatterien zu gew\u00e4hrleisten.<\/p>\n<p>Wenn eine externe Laderegler-Topologie zum Laden von Batterien oder f\u00fcr den direkten Eigenverbrauch verwendet wird, ist es ratsam, einen externen Laderegler zu verwenden. <a href=\"https:\/\/fvcomponentes.com\/de\/produktkategorie\/solarladeregler\/mppt-regler\/\" target=\"_blank\" rel=\"noopener\">MPPT-Laderegler<\/a> der Marke Victron. Auf diese Weise zeigt das ColorControl-Panel die photovoltaische Produktion der Anlage detailliert an. Wenn ein Photovoltaik-Wechselrichter als Solargenerator eingesetzt wird, empfiehlt sich die Verwendung eines Produkts der Marke <a href=\"https:\/\/fvcomponentes.com\/de\/marke\/fronius\/\" target=\"_blank\" rel=\"noopener\">Fronius<\/a>Das ColorControl und das VRM-Portal sind auch mit anderen bekannten Marken der Branche, wie z.B. Kostal, kompatibel. Mit ColorControl und dem VRM-Portal k\u00f6nnen wir auch die Produktion des PV-Wechselrichters problemlos \u00fcberwachen. Die Kompatibilit\u00e4t mit anderen Herstellern wie Schneider ist ebenfalls gegeben; die Kompatibilit\u00e4tstabelle kann auf der Victron-Website eingesehen werden, wo sie regelm\u00e4\u00dfig aktualisiert wird.<\/p>\n<h2>Technisches Datenblatt Wechselrichter-Ladeger\u00e4t 12 V Victron Multiplus II 12\/5000 220-50 \u2013 PMP122505012<\/h2>\n<p><a href=\"https:\/\/fvcomponentes.com\/wp-content\/uploads\/2024\/06\/Ficha-tecnica-inversor-cargador-12V-Victron-Multiplus-II-12-5000-220-50-PMP122505010.pdf\" target=\"_blank\" rel=\"noopener\">Siehe Datenblatt des Wechselrichters\/Ladeger\u00e4ts 12V Victron Multiplus II 12\/5000 220-50 \u2013 PMP122505012<\/a><\/p>\n<h2>Victron Multiplus Schaltplan f\u00fcr Wohnmobile im PDF-Format herunterladen<\/h2>\n<p>Besuchen Sie unseren Blog und laden Sie das PDF-Schema f\u00fcr die Verkabelung und den Anschluss Ihres Victron Multiplus Wechselrichters in einem Wohnmobil herunter. Sie finden den Schaltplan und viele weitere technische Informationen in unserem neuen Blog-Bereich.<\/p>\n<p>Klicken Sie zum Herunterladen unserer <a href=\"https:\/\/fvcomponentes.com\/de\/victron-multiplus-schaltplan\/\" target=\"_blank\" rel=\"noopener\">Schaltplan Victron Multiplus<\/a> unseres Blogs.<\/p>","protected":false},"excerpt":{"rendered":"<ul class=\"specification\">\n<li><strong>Spitzenleistung:<\/strong> 9000W<\/li>\n<li><strong>Betriebsspannung:<\/strong> 12V<\/li>\n<li><strong>Kontinuierliche Leistungsabgabe:<\/strong> 5000VA<\/li>\n<li><strong>Effizienz:<\/strong> Reine Sinuswelle<\/li>\n<\/ul>","protected":false},"featured_media":14765,"comment_status":"open","ping_status":"closed","template":"","meta":{"site-sidebar-layout":"default","site-content-layout":"default","ast-site-content-layout":"default","site-content-style":"default","site-sidebar-style":"default","ast-global-header-display":"","ast-banner-title-visibility":"","ast-main-header-display":"","ast-hfb-above-header-display":"","ast-hfb-below-header-display":"","ast-hfb-mobile-header-display":"","site-post-title":"","ast-breadcrumbs-content":"","ast-featured-img":"","footer-sml-layout":"","ast-disable-related-posts":"","theme-transparent-header-meta":"default","adv-header-id-meta":"","stick-header-meta":"","header-above-stick-meta":"","header-main-stick-meta":"","header-below-stick-meta":"","astra-migrate-meta-layouts":"set","ast-page-background-enabled":"default","ast-page-background-meta":{"desktop":{"background-color":"var(--ast-global-color-4)","background-image":"","background-repeat":"repeat","background-position":"center center","background-size":"auto","background-attachment":"scroll","background-type":"","background-media":"","overlay-type":"","overlay-color":"","overlay-opacity":"","overlay-gradient":""},"tablet":{"background-color":"","background-image":"","background-repeat":"repeat","background-position":"center center","background-size":"auto","background-attachment":"scroll","background-type":"","background-media":"","overlay-type":"","overlay-color":"","overlay-opacity":"","overlay-gradient":""},"mobile":{"background-color":"","background-image":"","background-repeat":"repeat","background-position":"center center","background-size":"auto","background-attachment":"scroll","background-type":"","background-media":"","overlay-type":"","overlay-color":"","overlay-opacity":"","overlay-gradient":""}},"ast-content-background-meta":{"desktop":{"background-color":"var(--ast-global-color-5)","background-image":"","background-repeat":"repeat","background-position":"center center","background-size":"auto","background-attachment":"scroll","background-type":"","background-media":"","overlay-type":"","overlay-color":"","overlay-opacity":"","overlay-gradient":""},"tablet":{"background-color":"var(--ast-global-color-5)","background-image":"","background-repeat":"repeat","background-position":"center center","background-size":"auto","background-attachment":"scroll","background-type":"","background-media":"","overlay-type":"","overlay-color":"","overlay-opacity":"","overlay-gradient":""},"mobile":{"background-color":"var(--ast-global-color-5)","background-image":"","background-repeat":"repeat","background-position":"center center","background-size":"auto","background-attachment":"scroll","background-type":"","background-media":"","overlay-type":"","overlay-color":"","overlay-opacity":"","overlay-gradient":""}}},"pwb-brand":[332],"product_brand":[],"product_cat":[388,333],"product_tag":[],"class_list":{"0":"post-14762","1":"product","2":"type-product","3":"status-publish","4":"has-post-thumbnail","6":"pwb-brand-victron","7":"product_cat-inversores-cargadores-12v","8":"product_cat-inversores","9":"desktop-align-left","10":"tablet-align-left","11":"mobile-align-left","12":"ast-product-gallery-layout-horizontal-slider","13":"ast-product-gallery-with-no-image","14":"ast-product-tabs-layout-horizontal","16":"first","17":"instock","18":"taxable","19":"shipping-taxable","20":"purchasable","21":"product-type-simple"},"wcpa_form_fields":null,"brands":[{"id":332,"name":"Victron Energie","slug":"victron"}],"_links":{"self":[{"href":"https:\/\/fvcomponentes.com\/de\/wp-json\/wp\/v2\/product\/14762","targetHints":{"allow":["GET"]}}],"collection":[{"href":"https:\/\/fvcomponentes.com\/de\/wp-json\/wp\/v2\/product"}],"about":[{"href":"https:\/\/fvcomponentes.com\/de\/wp-json\/wp\/v2\/types\/product"}],"replies":[{"embeddable":true,"href":"https:\/\/fvcomponentes.com\/de\/wp-json\/wp\/v2\/comments?post=14762"}],"wp:featuredmedia":[{"embeddable":true,"href":"https:\/\/fvcomponentes.com\/de\/wp-json\/wp\/v2\/media\/14765"}],"wp:attachment":[{"href":"https:\/\/fvcomponentes.com\/de\/wp-json\/wp\/v2\/media?parent=14762"}],"wp:term":[{"taxonomy":"pwb-brand","embeddable":true,"href":"https:\/\/fvcomponentes.com\/de\/wp-json\/wp\/v2\/pwb-brand?post=14762"},{"taxonomy":"product_brand","embeddable":true,"href":"https:\/\/fvcomponentes.com\/de\/wp-json\/wp\/v2\/product_brand?post=14762"},{"taxonomy":"product_cat","embeddable":true,"href":"https:\/\/fvcomponentes.com\/de\/wp-json\/wp\/v2\/product_cat?post=14762"},{"taxonomy":"product_tag","embeddable":true,"href":"https:\/\/fvcomponentes.com\/de\/wp-json\/wp\/v2\/product_tag?post=14762"}],"curies":[{"name":"wp","href":"https:\/\/api.w.org\/{rel}","templated":true}]}}