{"id":14736,"date":"2024-06-17T17:34:24","date_gmt":"2024-06-17T15:34:24","guid":{"rendered":"https:\/\/fvcomponentes.com\/?post_type=product&#038;p=14736"},"modified":"2026-04-08T21:31:16","modified_gmt":"2026-04-08T19:31:16","slug":"wechselrichter-12v-sonne-12-250-15-iec-sin12121251100","status":"publish","type":"product","link":"https:\/\/fvcomponentes.com\/de\/producto\/inversor-12v-sun-12-250-15-iec-sin121251100\/","title":{"rendered":"Wechselrichter 12V Victron Sun 12\/250-15 IEC - SIN121251100"},"content":{"rendered":"<h2>Bew\u00e4hrte Zuverl\u00e4ssigkeit<\/h2>\n<p>Der 12V Victron Sun 12\/250-15 IEC - SIN121251100 Wechselrichter ist kurzschlussfest und gegen \u00dcberhitzung gesch\u00fctzt, entweder durch \u00dcberlast oder hohe Umgebungstemperatur.<\/p>\n<h2>Hohe Startleistung 12V Wechselrichter Victron Sun 12\/250-15 IEC - SIN121251100<\/h2>\n<p>Erforderlich f\u00fcr den Start von Verbrauchern wie Konvertern f\u00fcr LED-Lampen, Halogenlampen oder Elektrowerkzeuge.<\/p>\n<h2>ECO-Modus<\/h2>\n<p>Im ECO-Modus schaltet der Wechselrichter in den Standby-Modus, wenn die Last unter einen voreingestellten Wert f\u00e4llt (Mindestlast: 15 W). Im Standby-Modus wird der Wechselrichter kurz aktiviert (einstellbar; Standard: alle 2,5 Sekunden).<\/p>\n<h2>Ferngesteuerter Ein\/Aus-Schalter<\/h2>\n<p>Das Phoenix Inverter Control VE.Direct Remote Panel (nicht im Lieferumfang enthalten) kann zum Ein- und Ausschalten des Wechselrichters aus der Ferne verwendet werden. Eine weitere Option ist der Anschluss eines Fernein-\/-ausschalters an einen zweipoligen Anschluss oder zwischen dem Pluspol der Batterie und dem linken Kontakt des zweipoligen Anschlusses.<\/p>\n<h2>Bluetooth<\/h2>\n<p>Die Parameter des Wechselrichters 12V Sun 12\/250-15 IEC - SIN121251100 und des Solarladeger\u00e4ts k\u00f6nnen \u00fcber die VictronConnect Anwendung via Bluetooth ausgelesen und \u00fcberwacht werden.<\/p>\n<h2>Victron Wechselrichter VE.Direct Kommunikationsanschluss 12V Sun 12\/250-15 IEC - SIN121251100<\/h2>\n<p>Dieser Anschluss kann zur Verbindung mit einem GX-Ger\u00e4t, GlobalLink 520, zur \u00dcberwachung \u00fcber das VRM-Portal oder zur Verbindung mit einem Computer zur \u00dcberwachung oder Konfiguration mit der VictronConnect Anwendung verwendet werden.<\/p>\n<h2>\u00dcberwachung \u00fcber die VictronConnect App oder das GX-Ger\u00e4t:<\/h2>\n<p>- Eingangs- und Ausgangsspannung des Wechselrichters und Prozentsatz der Lasten.<br \/>\n- Solarenergie, Spannung und Strom.<br \/>\n- Betriebsstatus und Alarme.<\/p>\n<h2>Vollst\u00e4ndig konfigurierbar mit der VictronConnect Anwendung:<\/h2>\n<p>- Alarmausl\u00f6sestufen und R\u00fcckstellung bei niedriger Batteriespannung.<br \/>\n- Abschaltung bei niedriger Batteriespannung und R\u00fccksetzstufen.<br \/>\n- Dynamische Abschaltung: lastabh\u00e4ngige Abschaltstufe.<br \/>\n- Ausgangsspannung 210 - 245 V und Frequenz 50 Hz oder 60 Hz.<br \/>\n- ECO-Modus ein\/aus und ECO-Modus-Erkennungsstufe.<br \/>\n- Batterieladestrom, Algorithmus und Spannungen.<br \/>\n- Temperaturkompensation der Batterieladung oder Abschaltniveau bei niedriger Temperatur.<\/p>\n<h2>DC- und PV-Anschl\u00fcsse mit Schraubklemmen<\/h2>\n<p>F\u00fcr diese Installation sind keine Kabelschuhe oder Spezialwerkzeuge erforderlich.<\/p>\n<h2>Erh\u00e4ltlich mit einer IEC-320-Buchse<\/h2>\n<p>Ein IEC-320-Stecker ist im Lieferumfang enthalten.<\/p>\n<h2>Datenblatt 12V Wechselrichter Victron Sun 12\/250-15 IEC - SIN121251100<\/h2>\n<p><a href=\"https:\/\/fvcomponentes.com\/wp-content\/uploads\/2024\/06\/Ficha-tecnica-Inversor-Victron-Sun.pdf\" target=\"_blank\" rel=\"noopener\">Victron Sun 12\/250-15 IEC-Wechselrichter Datenblatt anzeigen - SIN121251100<\/a><\/p>","protected":false},"excerpt":{"rendered":"<ul>\n<li><strong>Nennleistung: <\/strong>250W<\/li>\n<li><strong>Spitzenleistung: <\/strong>400W<\/li>\n<li><strong>Eingangsspannung: <\/strong>12V<\/li>\n<\/ul>","protected":false},"featured_media":14739,"comment_status":"closed","ping_status":"closed","template":"","meta":{"site-sidebar-layout":"default","site-content-layout":"","ast-site-content-layout":"default","site-content-style":"default","site-sidebar-style":"default","ast-global-header-display":"","ast-banner-title-visibility":"","ast-main-header-display":"","ast-hfb-above-header-display":"","ast-hfb-below-header-display":"","ast-hfb-mobile-header-display":"","site-post-title":"","ast-breadcrumbs-content":"","ast-featured-img":"","footer-sml-layout":"","ast-disable-related-posts":"","theme-transparent-header-meta":"default","adv-header-id-meta":"","stick-header-meta":"","header-above-stick-meta":"","header-main-stick-meta":"","header-below-stick-meta":"","astra-migrate-meta-layouts":"set","ast-page-background-enabled":"default","ast-page-background-meta":{"desktop":{"background-color":"var(--ast-global-color-4)","background-image":"","background-repeat":"repeat","background-position":"center center","background-size":"auto","background-attachment":"scroll","background-type":"","background-media":"","overlay-type":"","overlay-color":"","overlay-opacity":"","overlay-gradient":""},"tablet":{"background-color":"","background-image":"","background-repeat":"repeat","background-position":"center center","background-size":"auto","background-attachment":"scroll","background-type":"","background-media":"","overlay-type":"","overlay-color":"","overlay-opacity":"","overlay-gradient":""},"mobile":{"background-color":"","background-image":"","background-repeat":"repeat","background-position":"center center","background-size":"auto","background-attachment":"scroll","background-type":"","background-media":"","overlay-type":"","overlay-color":"","overlay-opacity":"","overlay-gradient":""}},"ast-content-background-meta":{"desktop":{"background-color":"var(--ast-global-color-5)","background-image":"","background-repeat":"repeat","background-position":"center center","background-size":"auto","background-attachment":"scroll","background-type":"","background-media":"","overlay-type":"","overlay-color":"","overlay-opacity":"","overlay-gradient":""},"tablet":{"background-color":"var(--ast-global-color-5)","background-image":"","background-repeat":"repeat","background-position":"center center","background-size":"auto","background-attachment":"scroll","background-type":"","background-media":"","overlay-type":"","overlay-color":"","overlay-opacity":"","overlay-gradient":""},"mobile":{"background-color":"var(--ast-global-color-5)","background-image":"","background-repeat":"repeat","background-position":"center center","background-size":"auto","background-attachment":"scroll","background-type":"","background-media":"","overlay-type":"","overlay-color":"","overlay-opacity":"","overlay-gradient":""}}},"pwb-brand":[332],"product_brand":[],"product_cat":[333,364],"product_tag":[],"class_list":{"0":"post-14736","1":"product","2":"type-product","3":"status-publish","4":"has-post-thumbnail","6":"pwb-brand-victron","7":"product_cat-inversores","8":"product_cat-inversores-12-v","9":"desktop-align-left","10":"tablet-align-left","11":"mobile-align-left","12":"ast-product-gallery-layout-horizontal-slider","13":"ast-product-tabs-layout-horizontal","15":"first","16":"instock","17":"taxable","18":"shipping-taxable","19":"purchasable","20":"product-type-simple"},"wcpa_form_fields":null,"brands":[{"id":332,"name":"Victron Energie","slug":"victron"}],"_links":{"self":[{"href":"https:\/\/fvcomponentes.com\/de\/wp-json\/wp\/v2\/product\/14736","targetHints":{"allow":["GET"]}}],"collection":[{"href":"https:\/\/fvcomponentes.com\/de\/wp-json\/wp\/v2\/product"}],"about":[{"href":"https:\/\/fvcomponentes.com\/de\/wp-json\/wp\/v2\/types\/product"}],"replies":[{"embeddable":true,"href":"https:\/\/fvcomponentes.com\/de\/wp-json\/wp\/v2\/comments?post=14736"}],"wp:featuredmedia":[{"embeddable":true,"href":"https:\/\/fvcomponentes.com\/de\/wp-json\/wp\/v2\/media\/14739"}],"wp:attachment":[{"href":"https:\/\/fvcomponentes.com\/de\/wp-json\/wp\/v2\/media?parent=14736"}],"wp:term":[{"taxonomy":"pwb-brand","embeddable":true,"href":"https:\/\/fvcomponentes.com\/de\/wp-json\/wp\/v2\/pwb-brand?post=14736"},{"taxonomy":"product_brand","embeddable":true,"href":"https:\/\/fvcomponentes.com\/de\/wp-json\/wp\/v2\/product_brand?post=14736"},{"taxonomy":"product_cat","embeddable":true,"href":"https:\/\/fvcomponentes.com\/de\/wp-json\/wp\/v2\/product_cat?post=14736"},{"taxonomy":"product_tag","embeddable":true,"href":"https:\/\/fvcomponentes.com\/de\/wp-json\/wp\/v2\/product_tag?post=14736"}],"curies":[{"name":"wp","href":"https:\/\/api.w.org\/{rel}","templated":true}]}}