{"id":14733,"date":"2024-06-12T08:28:48","date_gmt":"2024-06-12T06:28:48","guid":{"rendered":"https:\/\/fvcomponentes.com\/?post_type=product&#038;p=14733"},"modified":"2026-04-08T21:36:58","modified_gmt":"2026-04-08T19:36:58","slug":"wechselrichter-48v-victron-phoenix-48-5000-pin485020000","status":"publish","type":"product","link":"https:\/\/fvcomponentes.com\/de\/producto\/inversor-48v-victron-phoenix-48-5000-pin485020000\/","title":{"rendered":"Wechselrichter 48V Victron Phoenix 48\/5000 - PIN485020000"},"content":{"rendered":"<h2>SinusMax - \u00dcberlegene Konstruktion<\/h2>\n<p>Der 48-V-Wechselrichter Phoenix 48\/5000 - PIN485020000 von Victron wurde f\u00fcr den professionellen Einsatz entwickelt und ist f\u00fcr zahlreiche Anwendungen geeignet. Das Kriterium bei der Entwicklung war, einen echten Sinus-Wechselrichter mit optimiertem Wirkungsgrad ohne Leistungseinbu\u00dfen zu entwickeln. Durch den Einsatz der Hochfrequenz-Hybridtechnologie ist ein Produkt von h\u00f6chster Qualit\u00e4t entstanden, das kompakt und leicht ist und jede Last problemlos mit Strom versorgen kann.<\/p>\n<h2>Victron Phoenix 48V Wechselrichter Zus\u00e4tzliche Startleistung 48V Wechselrichter 48\/5000 - PIN485020000<\/h2>\n<p>Eines der einzigartigen Merkmale der SinusMax-Technologie ist ihre sehr hohe Startleistung. Herk\u00f6mmliche Hochfrequenztechnik bietet diese au\u00dfergew\u00f6hnliche Leistung nicht. Phoenix-Wechselrichter sind jedoch gut geeignet, um schwierige Lasten wie K\u00fchlschr\u00e4nke, Kompressoren, Elektromotoren und \u00e4hnliche Ger\u00e4te zu betreiben.<\/p>\n<h2>Praktisch unbegrenzte Leistung dank Parallel- und Dreiphasenbetrieb<\/h2>\n<p>Bis zu 6 Einheiten des Victron Phoenix 48\/5000 - PIN485020000 48V Wechselrichters k\u00f6nnen parallel betrieben werden, um eine h\u00f6here Ausgangsleistung zu erzielen. Sechs 48\/5000-Ger\u00e4te liefern zum Beispiel 24 kW \/ 30 kVA Ausgangsleistung. Eine Konfiguration f\u00fcr dreiphasigen Betrieb ist ebenfalls m\u00f6glich.<\/p>\n<h2>Victron Phoenix 48V Wechselrichter Kommunikationsschnittstelle 48\/5000 - PIN485020000<\/h2>\n<p>Diese gr\u00f6\u00dferen Phoenix-Wechselrichtermodelle sind mit einem VE.Bus-Anschluss ausgestattet. Alles, was Sie f\u00fcr den Anschluss an Ihren PC ben\u00f6tigen, ist die MK3-USB VE.Bus zu USB Schnittstelle. Zusammen mit VictronConnect oder der Software VEConfigure, die Sie kostenlos von der Website von Victron herunterladen k\u00f6nnen. <a href=\"https:\/\/www.victronenergy.com.es\/\" target=\"_blank\" rel=\"noopener\">Victron<\/a>Im Wechselrichter k\u00f6nnen alle Parameter des Wechselrichters individuell angepasst werden. Dazu geh\u00f6ren die Ausgangsspannung und -frequenz, die Einstellungen f\u00fcr \u00dcber- und Unterspannung sowie die Programmierung des Relais. Dieses Relais kann z. B. dazu verwendet werden, verschiedene Alarmzust\u00e4nde zu melden oder einen Generator zu starten. Wechselrichter k\u00f6nnen auch an ein GX-Ger\u00e4t angeschlossen werden (z. B. an das <a href=\"https:\/\/fvcomponentes.com\/de\/produkt\/victron-cerbo-gx-mk2-bpp900451100-victron-cerbo-mk2-monitor\/\" target=\"_blank\" rel=\"noopener\">Victron Cerbo GX MK2 \u00dcberwachung - BPP900451100<\/a><a href=\"https:\/\/fvcomponentes.com\/de\/produkt\/victron-cerbo-gx-uberwachung\/\" target=\"_blank\" rel=\"noopener\">X<\/a>) zur \u00dcberwachung und Kontrolle.<\/p>\n<h2>Datenblatt 48V Wechselrichter Victron Phoenix 48\/5000 - PIN485020000<\/h2>\n<p><a href=\"https:\/\/fvcomponentes.com\/wp-content\/uploads\/2024\/06\/Ficha-tecnica-Inversor-Phoenix-1200VA-5000VA.pdf\" target=\"_blank\" rel=\"noopener\">Victron Phoenix 48V Wechselrichter 48\/5000 Datenblatt anzeigen - PIN485020000<\/a><\/p>","protected":false},"excerpt":{"rendered":"<ul class=\"specification\">\n<li><strong>Spannung:<\/strong> 48V<\/li>\n<li><strong>Kontinuierliche Leistungsabgabe:<\/strong> 5000VA<\/li>\n<li><strong>Spitzenleistung:<\/strong> 10000W<\/li>\n<\/ul>","protected":false},"featured_media":14838,"comment_status":"open","ping_status":"closed","template":"","meta":{"site-sidebar-layout":"default","site-content-layout":"default","ast-site-content-layout":"default","site-content-style":"default","site-sidebar-style":"default","ast-global-header-display":"","ast-banner-title-visibility":"","ast-main-header-display":"","ast-hfb-above-header-display":"","ast-hfb-below-header-display":"","ast-hfb-mobile-header-display":"","site-post-title":"","ast-breadcrumbs-content":"","ast-featured-img":"","footer-sml-layout":"","ast-disable-related-posts":"","theme-transparent-header-meta":"default","adv-header-id-meta":"","stick-header-meta":"","header-above-stick-meta":"","header-main-stick-meta":"","header-below-stick-meta":"","astra-migrate-meta-layouts":"set","ast-page-background-enabled":"default","ast-page-background-meta":{"desktop":{"background-color":"var(--ast-global-color-4)","background-image":"","background-repeat":"repeat","background-position":"center center","background-size":"auto","background-attachment":"scroll","background-type":"","background-media":"","overlay-type":"","overlay-color":"","overlay-opacity":"","overlay-gradient":""},"tablet":{"background-color":"","background-image":"","background-repeat":"repeat","background-position":"center center","background-size":"auto","background-attachment":"scroll","background-type":"","background-media":"","overlay-type":"","overlay-color":"","overlay-opacity":"","overlay-gradient":""},"mobile":{"background-color":"","background-image":"","background-repeat":"repeat","background-position":"center center","background-size":"auto","background-attachment":"scroll","background-type":"","background-media":"","overlay-type":"","overlay-color":"","overlay-opacity":"","overlay-gradient":""}},"ast-content-background-meta":{"desktop":{"background-color":"var(--ast-global-color-5)","background-image":"","background-repeat":"repeat","background-position":"center center","background-size":"auto","background-attachment":"scroll","background-type":"","background-media":"","overlay-type":"","overlay-color":"","overlay-opacity":"","overlay-gradient":""},"tablet":{"background-color":"var(--ast-global-color-5)","background-image":"","background-repeat":"repeat","background-position":"center center","background-size":"auto","background-attachment":"scroll","background-type":"","background-media":"","overlay-type":"","overlay-color":"","overlay-opacity":"","overlay-gradient":""},"mobile":{"background-color":"var(--ast-global-color-5)","background-image":"","background-repeat":"repeat","background-position":"center center","background-size":"auto","background-attachment":"scroll","background-type":"","background-media":"","overlay-type":"","overlay-color":"","overlay-opacity":"","overlay-gradient":""}}},"pwb-brand":[332],"product_brand":[],"product_cat":[333,369],"product_tag":[],"class_list":{"0":"post-14733","1":"product","2":"type-product","3":"status-publish","4":"has-post-thumbnail","6":"pwb-brand-victron","7":"product_cat-inversores","8":"product_cat-inversores-48v","9":"desktop-align-left","10":"tablet-align-left","11":"mobile-align-left","12":"ast-product-gallery-layout-horizontal-slider","13":"ast-product-tabs-layout-horizontal","15":"first","16":"instock","17":"taxable","18":"shipping-taxable","19":"purchasable","20":"product-type-simple"},"wcpa_form_fields":null,"brands":[{"id":332,"name":"Victron Energie","slug":"victron"}],"_links":{"self":[{"href":"https:\/\/fvcomponentes.com\/de\/wp-json\/wp\/v2\/product\/14733","targetHints":{"allow":["GET"]}}],"collection":[{"href":"https:\/\/fvcomponentes.com\/de\/wp-json\/wp\/v2\/product"}],"about":[{"href":"https:\/\/fvcomponentes.com\/de\/wp-json\/wp\/v2\/types\/product"}],"replies":[{"embeddable":true,"href":"https:\/\/fvcomponentes.com\/de\/wp-json\/wp\/v2\/comments?post=14733"}],"wp:featuredmedia":[{"embeddable":true,"href":"https:\/\/fvcomponentes.com\/de\/wp-json\/wp\/v2\/media\/14838"}],"wp:attachment":[{"href":"https:\/\/fvcomponentes.com\/de\/wp-json\/wp\/v2\/media?parent=14733"}],"wp:term":[{"taxonomy":"pwb-brand","embeddable":true,"href":"https:\/\/fvcomponentes.com\/de\/wp-json\/wp\/v2\/pwb-brand?post=14733"},{"taxonomy":"product_brand","embeddable":true,"href":"https:\/\/fvcomponentes.com\/de\/wp-json\/wp\/v2\/product_brand?post=14733"},{"taxonomy":"product_cat","embeddable":true,"href":"https:\/\/fvcomponentes.com\/de\/wp-json\/wp\/v2\/product_cat?post=14733"},{"taxonomy":"product_tag","embeddable":true,"href":"https:\/\/fvcomponentes.com\/de\/wp-json\/wp\/v2\/product_tag?post=14733"}],"curies":[{"name":"wp","href":"https:\/\/api.w.org\/{rel}","templated":true}]}}