{"id":13967,"date":"2024-05-13T09:09:44","date_gmt":"2024-05-13T07:09:44","guid":{"rendered":"https:\/\/fvcomponentes.com\/?post_type=product&#038;p=13967"},"modified":"2026-04-10T18:25:11","modified_gmt":"2026-04-10T16:25:11","slug":"optimierer-huawei-1300w-p-langes-kabel-02314aqb","status":"publish","type":"product","link":"https:\/\/fvcomponentes.com\/de\/producto\/optimizador-huawei-1300w-p-cable-largo-02314aqb\/","title":{"rendered":"Huawei 1300W P Optimizer Langes Kabel - 02314AQB"},"content":{"rendered":"<h2>Huawei 1300W P Optimizer Langes Kabel - 02314AQB<\/h2>\n<div id=\"product-details-information-tab-1\" class=\"product-details-information-tab-content-panel active\" role=\"tabpanel\" data-action=\"pushable\" data-id=\"product-details-information-1\" data-pusher=\"sc-pushable-xs\">\n<div class=\"baywa-details-description\">Huawei Optimiser 1300W P Langes Kabel - 02314AQB f\u00fcr die Rahmenmontage von PV-Modulen bis zu 650W. Der Smart PV Optimiser ist ein DC-DC-Wandler, der auf der R\u00fcckseite der Solarmodule einer PV-Anlage installiert wird. Er verwaltet den maximalen Leistungspunkt (MPP) jedes Moduls, um den Energieertrag des Systems zu verbessern. Er ist auch f\u00fcr Funktionen wie die Abschaltung und das Management auf Modulebene zust\u00e4ndig. Optimierer k\u00f6nnen den Betrieb eines Moduls isolieren, das durch Schatten beeintr\u00e4chtigt wird oder eine andere Ausrichtung als der Rest der Modulreihe in der Anlage hat.<\/div>\n<\/div>\n<h2>Huawei 1300W P Optimizer Kompatibilit\u00e4t Langes Kabel - 02314AQB<\/h2>\n<p>Diese Huawei-Optimierermodelle sind mit den dreiphasigen Wechselrichtern M2, M3 und M5 kompatibel. Mit einer Kopplungszeit von weniger als 1,5 Minuten erhalten wir die maximale Leistung, die die Module erzeugen k\u00f6nnen. Ein System kann durch die Installation von Optimierern f\u00fcr jedes einzelne Modul in der Reihe konzipiert werden. Dies unterliegt Einschr\u00e4nkungen, die von dem Wechselrichter abh\u00e4ngen, an dem sie installiert werden sollen.<\/p>\n<h2>Eigenschaften des Huawei 1300W P Optimizer Long Cable - 02314AQB<\/h2>\n<p>Das Huawei 1300W P Optimizer Long Cable - 02314AQB ist nach IP68 gesch\u00fctzt und kann direkt unter dem Solarmodul installiert werden, an das es angeschlossen wird.<br \/>\n<span style=\"font-size: 16px;\">Die L\u00e4nge des mit dem Optimierer gelieferten Eingangsstromkabels betr\u00e4gt 1500 mm.<br \/>\nGeeignet f\u00fcr alle Paneeltypen bis zu 650 W.<br \/>\nZwei Module pro Optimierer.\u00a0<\/span><\/p>\n<h2 role=\"tabpanel\" data-action=\"pushable\" data-id=\"product-details-information-2\" data-pusher=\"sc-pushable-xs\">Huawei Optimiser 1300W P Langes Kabel - 02314AQB Datenblatt<\/h2>\n<p><a href=\"https:\/\/fvcomponentes.com\/wp-content\/uploads\/2024\/05\/Huawei_TDS_Optimizer_MERC-1100-1300W_V2_EN.pdf\" target=\"_blank\" rel=\"noopener\">Huawei Optimiser 1300W P Long Cable - 02314AQB Datenblatt anzeigen<\/a><\/p>","protected":false},"excerpt":{"rendered":"<p><strong>Nominale Eingangsleistung <\/strong>1300 W<br \/>\n<strong>Absolute maximale Eingangsspannung<\/strong> 125 V<br \/>\n<strong>Durchschnittliche Effizienz<\/strong> 99.0 %<br \/>\n<strong>Maximale Ausgangsspannung<\/strong> 80 V<br \/>\n<strong>Maximaler Ausgangsstrom<\/strong> 22 A<br \/>\n<strong>Ausgangsstecker<\/strong> 1.5m<\/p>","protected":false},"featured_media":13961,"comment_status":"closed","ping_status":"closed","template":"","meta":{"site-sidebar-layout":"default","site-content-layout":"","ast-site-content-layout":"default","site-content-style":"default","site-sidebar-style":"default","ast-global-header-display":"","ast-banner-title-visibility":"","ast-main-header-display":"","ast-hfb-above-header-display":"","ast-hfb-below-header-display":"","ast-hfb-mobile-header-display":"","site-post-title":"","ast-breadcrumbs-content":"","ast-featured-img":"","footer-sml-layout":"","ast-disable-related-posts":"","theme-transparent-header-meta":"default","adv-header-id-meta":"","stick-header-meta":"","header-above-stick-meta":"","header-main-stick-meta":"","header-below-stick-meta":"","astra-migrate-meta-layouts":"set","ast-page-background-enabled":"default","ast-page-background-meta":{"desktop":{"background-color":"var(--ast-global-color-4)","background-image":"","background-repeat":"repeat","background-position":"center center","background-size":"auto","background-attachment":"scroll","background-type":"","background-media":"","overlay-type":"","overlay-color":"","overlay-opacity":"","overlay-gradient":""},"tablet":{"background-color":"","background-image":"","background-repeat":"repeat","background-position":"center center","background-size":"auto","background-attachment":"scroll","background-type":"","background-media":"","overlay-type":"","overlay-color":"","overlay-opacity":"","overlay-gradient":""},"mobile":{"background-color":"","background-image":"","background-repeat":"repeat","background-position":"center center","background-size":"auto","background-attachment":"scroll","background-type":"","background-media":"","overlay-type":"","overlay-color":"","overlay-opacity":"","overlay-gradient":""}},"ast-content-background-meta":{"desktop":{"background-color":"var(--ast-global-color-5)","background-image":"","background-repeat":"repeat","background-position":"center center","background-size":"auto","background-attachment":"scroll","background-type":"","background-media":"","overlay-type":"","overlay-color":"","overlay-opacity":"","overlay-gradient":""},"tablet":{"background-color":"var(--ast-global-color-5)","background-image":"","background-repeat":"repeat","background-position":"center center","background-size":"auto","background-attachment":"scroll","background-type":"","background-media":"","overlay-type":"","overlay-color":"","overlay-opacity":"","overlay-gradient":""},"mobile":{"background-color":"var(--ast-global-color-5)","background-image":"","background-repeat":"repeat","background-position":"center center","background-size":"auto","background-attachment":"scroll","background-type":"","background-media":"","overlay-type":"","overlay-color":"","overlay-opacity":"","overlay-gradient":""}}},"pwb-brand":[381],"product_brand":[],"product_cat":[458,395],"product_tag":[],"class_list":{"0":"post-13967","1":"product","2":"type-product","3":"status-publish","4":"has-post-thumbnail","6":"pwb-brand-huawei","7":"product_cat-accesorios-placas-solares","8":"product_cat-placas-solares","9":"desktop-align-left","10":"tablet-align-left","11":"mobile-align-left","12":"ast-product-gallery-layout-horizontal-slider","13":"ast-product-tabs-layout-horizontal","15":"first","16":"instock","17":"taxable","18":"shipping-taxable","19":"purchasable","20":"product-type-simple"},"wcpa_form_fields":null,"brands":[{"id":381,"name":"Huawei-Wechselrichter","slug":"huawei"}],"_links":{"self":[{"href":"https:\/\/fvcomponentes.com\/de\/wp-json\/wp\/v2\/product\/13967","targetHints":{"allow":["GET"]}}],"collection":[{"href":"https:\/\/fvcomponentes.com\/de\/wp-json\/wp\/v2\/product"}],"about":[{"href":"https:\/\/fvcomponentes.com\/de\/wp-json\/wp\/v2\/types\/product"}],"replies":[{"embeddable":true,"href":"https:\/\/fvcomponentes.com\/de\/wp-json\/wp\/v2\/comments?post=13967"}],"wp:featuredmedia":[{"embeddable":true,"href":"https:\/\/fvcomponentes.com\/de\/wp-json\/wp\/v2\/media\/13961"}],"wp:attachment":[{"href":"https:\/\/fvcomponentes.com\/de\/wp-json\/wp\/v2\/media?parent=13967"}],"wp:term":[{"taxonomy":"pwb-brand","embeddable":true,"href":"https:\/\/fvcomponentes.com\/de\/wp-json\/wp\/v2\/pwb-brand?post=13967"},{"taxonomy":"product_brand","embeddable":true,"href":"https:\/\/fvcomponentes.com\/de\/wp-json\/wp\/v2\/product_brand?post=13967"},{"taxonomy":"product_cat","embeddable":true,"href":"https:\/\/fvcomponentes.com\/de\/wp-json\/wp\/v2\/product_cat?post=13967"},{"taxonomy":"product_tag","embeddable":true,"href":"https:\/\/fvcomponentes.com\/de\/wp-json\/wp\/v2\/product_tag?post=13967"}],"curies":[{"name":"wp","href":"https:\/\/api.w.org\/{rel}","templated":true}]}}