{"id":13907,"date":"2024-05-13T08:27:14","date_gmt":"2024-05-13T06:27:14","guid":{"rendered":"https:\/\/fvcomponentes.com\/?post_type=product&#038;p=13907"},"modified":"2026-01-19T11:55:11","modified_gmt":"2026-01-19T10:55:11","slug":"optimierung-huawei-450w-p2-02313tte-004","status":"publish","type":"product","link":"https:\/\/fvcomponentes.com\/de\/producto\/optimizador-huawei-450w-p2-02313tte-004-2\/","title":{"rendered":"Huawei 450W P2 Optimierer - 02313TTE-004"},"content":{"rendered":"<h2>Huawei 450W P2 Optimierer - 02313TTE-004<\/h2>\n<div id=\"product-details-information-tab-1\" class=\"product-details-information-tab-content-panel active\" role=\"tabpanel\" data-action=\"pushable\" data-id=\"product-details-information-1\" data-pusher=\"sc-pushable-xs\">\n<div class=\"baywa-details-description\">Huawei 450W P2 Optimiser - 02313TTE-004 f\u00fcr die Rahmenmontage von PV-Modulen bis zu 450W. Der Smart PV Optimiser ist ein DC-DC-Wandler, der auf der R\u00fcckseite der Solarmodule einer Photovoltaikanlage installiert wird. Er verwaltet den maximalen Leistungspunkt (MPP) jedes Moduls, um den Energieertrag des Systems zu verbessern. Er ist auch f\u00fcr Funktionen wie die Abschaltung und die Verwaltung auf Modulebene zust\u00e4ndig. Optimierer k\u00f6nnen den Betrieb eines Moduls isolieren, das von Schatten betroffen ist oder eine andere Ausrichtung als die \u00fcbrigen Module der Anlage hat.<\/div>\n<\/div>\n<h2>Huawei 450W P2 Optimiser Kompatibilit\u00e4t - 02313TTE-004<\/h2>\n<p>Diese Huawei-Optimierermodelle sind mit den einphasigen Wechselrichtern L1 sowie den dreiphasigen Wechselrichtern M1, M2 und M3 kompatibel. Mit einer Kopplungszeit von weniger als 1,5 Minuten erhalten wir die maximale Leistung, die die Module erzeugen k\u00f6nnen. Ein System kann durch die Installation von Optimierern f\u00fcr jedes der Module in der Reihe entworfen werden. Dies unterliegt Einschr\u00e4nkungen, die von dem Wechselrichter abh\u00e4ngen, an dem sie installiert werden sollen.<\/p>\n<h2>Eigenschaften des Huawei 450W P2 Optimiser - 02313TTE-004<\/h2>\n<p>Der Huawei Optimiser 450W P2 - 02313TTE-004 ist nach IP68 gesch\u00fctzt und kann direkt unter dem Solarmodul, an das er angeschlossen ist, installiert werden.<br \/>\n<span style=\"font-size: 16px;\">Die L\u00e4nge des mit dem Optimierer gelieferten Eingangsstromkabels betr\u00e4gt 150 mm.<br \/>\nGeeignet f\u00fcr alle Paneeltypen bis zu 450 W<br \/>\n<\/span><\/p>\n<h2 role=\"tabpanel\" data-action=\"pushable\" data-id=\"product-details-information-2\" data-pusher=\"sc-pushable-xs\">Huawei 450W P2 Optimiser Datenblatt - 02313TTE-004<\/h2>\n<p><a href=\"https:\/\/fvcomponentes.com\/wp-content\/uploads\/2024\/05\/Optimizador-Huawei-450W-P2-02313TTE-004.pdf\" target=\"_blank\" rel=\"noopener\">Datenblatt f\u00fcr Huawei 450W P2 Optimiser anzeigen - 02313TTE-004<\/a><\/p>","protected":false},"excerpt":{"rendered":"<p><strong>Nominale Eingangsleistung<\/strong> 450 W<br \/>\n<strong>Absolute maximale Eingangsspannung<\/strong> 80 V<br \/>\n<strong>Durchschnittliche Effizienz<\/strong> 99.0 %<br \/>\n<strong>Maximale Ausgangsspannung<\/strong> 80 V<br \/>\n<strong>Maximaler Ausgangsstrom<\/strong> 15 A<br \/>\n<strong>Ausgangsstecker<\/strong> 0.15m<\/p>","protected":false},"featured_media":13957,"comment_status":"closed","ping_status":"closed","template":"","meta":{"site-sidebar-layout":"default","site-content-layout":"","ast-site-content-layout":"default","site-content-style":"default","site-sidebar-style":"default","ast-global-header-display":"","ast-banner-title-visibility":"","ast-main-header-display":"","ast-hfb-above-header-display":"","ast-hfb-below-header-display":"","ast-hfb-mobile-header-display":"","site-post-title":"","ast-breadcrumbs-content":"","ast-featured-img":"","footer-sml-layout":"","ast-disable-related-posts":"","theme-transparent-header-meta":"default","adv-header-id-meta":"","stick-header-meta":"","header-above-stick-meta":"","header-main-stick-meta":"","header-below-stick-meta":"","astra-migrate-meta-layouts":"set","ast-page-background-enabled":"default","ast-page-background-meta":{"desktop":{"background-color":"var(--ast-global-color-4)","background-image":"","background-repeat":"repeat","background-position":"center center","background-size":"auto","background-attachment":"scroll","background-type":"","background-media":"","overlay-type":"","overlay-color":"","overlay-opacity":"","overlay-gradient":""},"tablet":{"background-color":"","background-image":"","background-repeat":"repeat","background-position":"center center","background-size":"auto","background-attachment":"scroll","background-type":"","background-media":"","overlay-type":"","overlay-color":"","overlay-opacity":"","overlay-gradient":""},"mobile":{"background-color":"","background-image":"","background-repeat":"repeat","background-position":"center center","background-size":"auto","background-attachment":"scroll","background-type":"","background-media":"","overlay-type":"","overlay-color":"","overlay-opacity":"","overlay-gradient":""}},"ast-content-background-meta":{"desktop":{"background-color":"var(--ast-global-color-5)","background-image":"","background-repeat":"repeat","background-position":"center center","background-size":"auto","background-attachment":"scroll","background-type":"","background-media":"","overlay-type":"","overlay-color":"","overlay-opacity":"","overlay-gradient":""},"tablet":{"background-color":"var(--ast-global-color-5)","background-image":"","background-repeat":"repeat","background-position":"center center","background-size":"auto","background-attachment":"scroll","background-type":"","background-media":"","overlay-type":"","overlay-color":"","overlay-opacity":"","overlay-gradient":""},"mobile":{"background-color":"var(--ast-global-color-5)","background-image":"","background-repeat":"repeat","background-position":"center center","background-size":"auto","background-attachment":"scroll","background-type":"","background-media":"","overlay-type":"","overlay-color":"","overlay-opacity":"","overlay-gradient":""}}},"pwb-brand":[381],"product_brand":[],"product_cat":[458,395],"product_tag":[],"class_list":{"0":"post-13907","1":"product","2":"type-product","3":"status-publish","4":"has-post-thumbnail","6":"pwb-brand-huawei","7":"product_cat-accesorios-placas-solares","8":"product_cat-placas-solares","9":"desktop-align-left","10":"tablet-align-left","11":"mobile-align-left","12":"ast-product-gallery-layout-horizontal-slider","13":"ast-product-gallery-with-no-image","14":"ast-product-tabs-layout-horizontal","16":"first","17":"instock","18":"taxable","19":"shipping-taxable","20":"purchasable","21":"product-type-simple"},"wcpa_form_fields":null,"brands":[{"id":381,"name":"Huawei-Wechselrichter","slug":"huawei"}],"_links":{"self":[{"href":"https:\/\/fvcomponentes.com\/de\/wp-json\/wp\/v2\/product\/13907","targetHints":{"allow":["GET"]}}],"collection":[{"href":"https:\/\/fvcomponentes.com\/de\/wp-json\/wp\/v2\/product"}],"about":[{"href":"https:\/\/fvcomponentes.com\/de\/wp-json\/wp\/v2\/types\/product"}],"replies":[{"embeddable":true,"href":"https:\/\/fvcomponentes.com\/de\/wp-json\/wp\/v2\/comments?post=13907"}],"wp:featuredmedia":[{"embeddable":true,"href":"https:\/\/fvcomponentes.com\/de\/wp-json\/wp\/v2\/media\/13957"}],"wp:attachment":[{"href":"https:\/\/fvcomponentes.com\/de\/wp-json\/wp\/v2\/media?parent=13907"}],"wp:term":[{"taxonomy":"pwb-brand","embeddable":true,"href":"https:\/\/fvcomponentes.com\/de\/wp-json\/wp\/v2\/pwb-brand?post=13907"},{"taxonomy":"product_brand","embeddable":true,"href":"https:\/\/fvcomponentes.com\/de\/wp-json\/wp\/v2\/product_brand?post=13907"},{"taxonomy":"product_cat","embeddable":true,"href":"https:\/\/fvcomponentes.com\/de\/wp-json\/wp\/v2\/product_cat?post=13907"},{"taxonomy":"product_tag","embeddable":true,"href":"https:\/\/fvcomponentes.com\/de\/wp-json\/wp\/v2\/product_tag?post=13907"}],"curies":[{"name":"wp","href":"https:\/\/api.w.org\/{rel}","templated":true}]}}