{"id":13841,"date":"2024-05-09T16:42:22","date_gmt":"2024-05-09T14:42:22","guid":{"rendered":"https:\/\/fvcomponentes.com\/?post_type=product&#038;p=13841"},"modified":"2026-03-30T12:17:18","modified_gmt":"2026-03-30T10:17:18","slug":"huawei-emma-a02-power-management-assistant-huawei-emma-a02-power-management-assistant-02314jes-001","status":"publish","type":"product","link":"https:\/\/fvcomponentes.com\/de\/producto\/asistente-de-gestion-de-energia-emma-a02-de-huawei-02314jes-001\/","title":{"rendered":"Huawei EMMA A02 Energieverwaltungsassistent - 02314JES-001"},"content":{"rendered":"<h2>Huawei EMMA A02 Energieverwaltungsassistent - 02314JES-001<\/h2>\n<p>Der Huawei EMMA A02 Energiemanagement-Assistent - 02314JES-001 ist der neue Energiemanagement-Assistent von Huawei. Er ist die ideale Erg\u00e4nzung f\u00fcr ein intelligentes und effizientes Zuhause. Er l\u00e4sst sich sowohl mit der Photovoltaikanlage als auch mit Speicherl\u00f6sungen oder Hausautomatisierungssystemen integrieren.<\/p>\n<p>Der Energy Management Assistant with AI (EMMA) bietet intelligente Energieplanungs- und -managementfunktionen. Dank der auf k\u00fcnstlicher Intelligenz basierenden Big-Data-Analyse kann EMMA den Energiebedarf der Haushalte genau vorhersagen und \u00fcbersch\u00fcssige Energie intelligent verteilen, speichern und zur\u00fcckgeben, um die Systemleistung zu optimieren, den Eigenverbrauch zu erh\u00f6hen und den finanziellen Nutzen zu maximieren.<\/p>\n<p>Emma liest Energieproduktion und -verbrauch in Echtzeit und kommuniziert mit Ihren Ger\u00e4ten und der PV-Anlage f\u00fcr ein intelligentes Energiemanagement. Das KI-gest\u00fctzte Energiemanagementsystem kann auch f\u00fcr die intelligente Steuerung von Heizk\u00f6rpern und W\u00e4rmepumpen verwendet werden.<\/p>\n<h2>Eine optimierte Energiel\u00f6sung<\/h2>\n<p>Sie k\u00f6nnen den Verbrauch und die \u00dcbersch\u00fcsse so konfigurieren, dass EMMA diese Energie verwalten und den Batteriespeicher auf der Grundlage von Algorithmen, die die Strompreise in Echtzeit berechnen, entsprechend den eingegebenen Parametern aktivieren oder deaktivieren kann.<\/p>\n<p>Durch die Speicherung von \u00fcbersch\u00fcssiger Energie in Ihren Batterien f\u00fcr den Bedarfsfall bietet es Ihnen eine Notstromversorgung und verhindert den Verlust von Solarenergie. Sie k\u00f6nnen die Installationsleistung um bis zu 6% verbessern,<\/p>\n<h2>Zugang zu Hausautomation und Haushaltsger\u00e4ten<\/h2>\n<p>EMMA kann an eine Vielzahl von Haushaltsger\u00e4ten angeschlossen und \u00fcber die FusionSolar-Anwendung so konfiguriert werden, dass es zu bestimmten Zeiten l\u00e4uft, um den Verbrauch von \u00d6kostrom zu maximieren, entweder im Tageszeittarif-Modus (TOU) oder im bevorzugten Photovoltaik-Modus (PV).<\/p>\n<p>Der Energieverbrauch von Ger\u00e4ten, die \u00fcber Smart Plugs gesteuert werden, kann mit Ihrem Mobiltelefon \u00fcber EMMA \u00fcberwacht werden und Sie k\u00f6nnen auf die Daten aller angeschlossenen Ger\u00e4te zugreifen. Das Energieszenario Ihres Hauses wird dank EMMA nicht mehr in Ihrem Kopf, sondern in der FusionSolar-App liegen.<\/p>\n<h2>Umfassende Verwaltung: \u00dcberwachung in Echtzeit<\/h2>\n<p>Die FusionSolar-App zeigt alle Energiefl\u00fcsse auf Modulebene an. Egal, ob die Paneele auf dem Dach stehen oder der Energiespeicher und -verbrauch im Keller ist, alles wird von der umfassenden Fusionsolar-App verwaltet. Sie k\u00f6nnen den Betriebszustand der PV-Anlage jederzeit und \u00fcberall \u00fcberwachen und regeln.<\/p>\n<p>Bei ausreichender Solarproduktion k\u00f6nnen Sie einigen aktiven Ger\u00e4ten, wie der SG-ready-W\u00e4rmepumpe oder dem Smart Charger, Ladepriorit\u00e4t einr\u00e4umen. Bei \u00dcberlastung schaltet EMMA die weniger anspruchsvollen Ger\u00e4te ab und sorgt f\u00fcr eine stabile Stromversorgung im Haushalt.<\/p>\n<h2>Huawei EMMA A02 Power Management Assistent Kompatibilit\u00e4t - 02314JES-001<\/h2>\n<ul>\n<li><strong>Kompatible Komponenten:<\/strong> bis zu 3 Wechselrichter, bis zu 2 intelligente Ladeger\u00e4te, bis zu 2 W\u00e4rmepumpen<\/li>\n<li><strong>Kompatible Wechselrichter:<\/strong> Huawei SUN2000 2-6KTL-L1, 8-10K-LC0, 3-10KTL-M1, 12-25KTL-M5, 12-25K-MB0<\/li>\n<li><strong>Kompatibles Zubeh\u00f6r:<\/strong> Huawei Smart Charger, SG-Ready Interface W\u00e4rmepumpen, Shelly Ger\u00e4t<\/li>\n<\/ul>\n<h2>Huawei EMMA A02 Energieverwaltungsassistent Datenblatt - 02314JES-001<\/h2>\n<p><a href=\"https:\/\/fvcomponentes.com\/wp-content\/uploads\/2024\/05\/Asistente-de-gestion-de-energia-EMMA-A02-de-Huawei-02314JES-001.pdf\" target=\"_blank\" rel=\"noopener\">Datenblatt Huawei EMMA A02 Power Management Assistant anzeigen - 02314JES-001<\/a><\/p>","protected":false},"excerpt":{"rendered":"<p>Energiemanagement-Assistent auf der Grundlage von Big Data und k\u00fcnstlicher Intelligenz.<\/p>\n<ul>\n<li><strong>Kompatible Komponenten:<\/strong> bis zu 3 Wechselrichter, bis zu 2 intelligente Ladeger\u00e4te, bis zu 2 W\u00e4rmepumpen<\/li>\n<li><strong>Kompatible Wechselrichter:<\/strong> Huawei SUN2000 2-6KTL-L1, 8-10K-LC0, 3-10KTL-M1, 12-25KTL-M5, 12-25K-MB0<\/li>\n<li><strong>Kompatibles Zubeh\u00f6r<\/strong>Huawei Smart Charger, SG-Ready Interface W\u00e4rmepumpen, Shelly Ger\u00e4t<\/li>\n<\/ul>","protected":false},"featured_media":13904,"comment_status":"open","ping_status":"closed","template":"","meta":{"site-sidebar-layout":"default","site-content-layout":"","ast-site-content-layout":"default","site-content-style":"default","site-sidebar-style":"default","ast-global-header-display":"","ast-banner-title-visibility":"","ast-main-header-display":"","ast-hfb-above-header-display":"","ast-hfb-below-header-display":"","ast-hfb-mobile-header-display":"","site-post-title":"","ast-breadcrumbs-content":"","ast-featured-img":"","footer-sml-layout":"","ast-disable-related-posts":"","theme-transparent-header-meta":"default","adv-header-id-meta":"","stick-header-meta":"","header-above-stick-meta":"","header-main-stick-meta":"","header-below-stick-meta":"","astra-migrate-meta-layouts":"set","ast-page-background-enabled":"default","ast-page-background-meta":{"desktop":{"background-color":"var(--ast-global-color-4)","background-image":"","background-repeat":"repeat","background-position":"center center","background-size":"auto","background-attachment":"scroll","background-type":"","background-media":"","overlay-type":"","overlay-color":"","overlay-opacity":"","overlay-gradient":""},"tablet":{"background-color":"","background-image":"","background-repeat":"repeat","background-position":"center center","background-size":"auto","background-attachment":"scroll","background-type":"","background-media":"","overlay-type":"","overlay-color":"","overlay-opacity":"","overlay-gradient":""},"mobile":{"background-color":"","background-image":"","background-repeat":"repeat","background-position":"center center","background-size":"auto","background-attachment":"scroll","background-type":"","background-media":"","overlay-type":"","overlay-color":"","overlay-opacity":"","overlay-gradient":""}},"ast-content-background-meta":{"desktop":{"background-color":"var(--ast-global-color-5)","background-image":"","background-repeat":"repeat","background-position":"center center","background-size":"auto","background-attachment":"scroll","background-type":"","background-media":"","overlay-type":"","overlay-color":"","overlay-opacity":"","overlay-gradient":""},"tablet":{"background-color":"var(--ast-global-color-5)","background-image":"","background-repeat":"repeat","background-position":"center center","background-size":"auto","background-attachment":"scroll","background-type":"","background-media":"","overlay-type":"","overlay-color":"","overlay-opacity":"","overlay-gradient":""},"mobile":{"background-color":"var(--ast-global-color-5)","background-image":"","background-repeat":"repeat","background-position":"center center","background-size":"auto","background-attachment":"scroll","background-type":"","background-media":"","overlay-type":"","overlay-color":"","overlay-opacity":"","overlay-gradient":""}}},"pwb-brand":[381],"product_brand":[],"product_cat":[333,351],"product_tag":[],"class_list":{"0":"post-13841","1":"product","2":"type-product","3":"status-publish","4":"has-post-thumbnail","6":"pwb-brand-huawei","7":"product_cat-inversores","8":"product_cat-accesorios","9":"desktop-align-left","10":"tablet-align-left","11":"mobile-align-left","12":"ast-product-gallery-layout-horizontal-slider","13":"ast-product-tabs-layout-horizontal","15":"first","16":"instock","17":"taxable","18":"shipping-taxable","19":"purchasable","20":"product-type-simple"},"wcpa_form_fields":null,"brands":[{"id":381,"name":"Huawei-Wechselrichter","slug":"huawei"}],"_links":{"self":[{"href":"https:\/\/fvcomponentes.com\/de\/wp-json\/wp\/v2\/product\/13841","targetHints":{"allow":["GET"]}}],"collection":[{"href":"https:\/\/fvcomponentes.com\/de\/wp-json\/wp\/v2\/product"}],"about":[{"href":"https:\/\/fvcomponentes.com\/de\/wp-json\/wp\/v2\/types\/product"}],"replies":[{"embeddable":true,"href":"https:\/\/fvcomponentes.com\/de\/wp-json\/wp\/v2\/comments?post=13841"}],"wp:featuredmedia":[{"embeddable":true,"href":"https:\/\/fvcomponentes.com\/de\/wp-json\/wp\/v2\/media\/13904"}],"wp:attachment":[{"href":"https:\/\/fvcomponentes.com\/de\/wp-json\/wp\/v2\/media?parent=13841"}],"wp:term":[{"taxonomy":"pwb-brand","embeddable":true,"href":"https:\/\/fvcomponentes.com\/de\/wp-json\/wp\/v2\/pwb-brand?post=13841"},{"taxonomy":"product_brand","embeddable":true,"href":"https:\/\/fvcomponentes.com\/de\/wp-json\/wp\/v2\/product_brand?post=13841"},{"taxonomy":"product_cat","embeddable":true,"href":"https:\/\/fvcomponentes.com\/de\/wp-json\/wp\/v2\/product_cat?post=13841"},{"taxonomy":"product_tag","embeddable":true,"href":"https:\/\/fvcomponentes.com\/de\/wp-json\/wp\/v2\/product_tag?post=13841"}],"curies":[{"name":"wp","href":"https:\/\/api.w.org\/{rel}","templated":true}]}}