{"id":13708,"date":"2024-04-30T08:44:31","date_gmt":"2024-04-30T06:44:31","guid":{"rendered":"https:\/\/fvcomponentes.com\/?post_type=product&#038;p=13708"},"modified":"2026-03-30T12:17:19","modified_gmt":"2026-03-30T10:17:19","slug":"sicherheitssystem-huawei-smartguard-63-a-s0-01076625-4","status":"publish","type":"product","link":"https:\/\/fvcomponentes.com\/de\/producto\/sistema-de-backup-huawei-smartguard-63-a-s0-01076625-2\/","title":{"rendered":"Huawei SmartGuard-63-A-S0 Sicherungssystem - 01076625"},"content":{"rendered":"<h2>Huawei SmartGuard-63-A-S0 Sicherungssystem - 01076625<\/h2>\n<p>Das Huawei SmartGuard-63-A-S0 Backup-System - 01076625 ist das neue \"Complete Backup\"-System von Huawei. Im Gegensatz zu seinem Vorg\u00e4nger unterst\u00fctzt dieses Ger\u00e4t bis zu 64A, wodurch das gesamte Haus an das Backup-System angeschlossen werden kann, ohne dass zwischen Standard- und kritischen Lasten unterschieden werden muss.<\/p>\n<p>Er wurde entwickelt, um die Schalttafel des Hauses zu ersetzen und bietet gen\u00fcgend Platz f\u00fcr alle Schutzvorrichtungen mit der eleganten und n\u00fcchternen Ausf\u00fchrung, die die Marke definiert.<\/p>\n<p>Dar\u00fcber hinaus verf\u00fcgt dieses Ger\u00e4t \u00fcber einen speziellen Platz f\u00fcr das neue Huawei EMMA, das den Anschluss des Ger\u00e4ts an \"Solar Fusion\" ohne Dongle erleichtert. Es kann mit zwei Autoladeger\u00e4ten in der gleichen Installation arbeiten und hat die Funktion eines Wattmessers mit der M\u00f6glichkeit der Arbeit mit Injektion. Dar\u00fcber hinaus integriert es verschiedene Hausautomatisierungsfunktionen wie die Arbeit mit Smart Plugs und \"SG ready\"-Port f\u00fcr die Arbeit mit verschiedenen Arten von W\u00e4rmepumpen \/ elektrischen Warmwasserbereitern.<\/p>\n<h2 class=\"idp-ltr-html-sectiontitle\">Eigenschaften des Huawei SmartGuard-63-A-S0 Sicherungssystems - 01076625<\/h2>\n<ul id=\"ES-ES_TOPIC_0000001556251788__ul10180112172510\" class=\"idp-ltr-html-ul\">\n<li id=\"ES-ES_TOPIC_0000001556251788__li134051210112614\" class=\"idp-ltr-html-li\">Der SmartGuard kann zwischen Netz- und Inselbetrieb umschalten und die Lasten verwalten. Seine Hauptfunktion ist die Umschaltung des Wechselrichters zwischen Netzbetrieb und Inselbetrieb. Wenn das Netz verf\u00fcgbar ist, arbeitet der Wechselrichter im netzgekoppelten Modus, und das Netz und der Wechselrichter stellen die Stromversorgung sowohl f\u00fcr Backup- als auch f\u00fcr Nicht-Backup-Lasten sicher. Wenn das Netz ausf\u00e4llt, schaltet der Wechselrichter schnell in den Inselbetrieb und versorgt die Backup-Lasten separat, bis das Netz wiederhergestellt ist.<\/li>\n<li id=\"ES-ES_TOPIC_0000001556251788__li986218662517\" class=\"idp-ltr-html-li\">Der SmartGuard umfasst den EMMA, der PV, ESS, intelligente Ladeger\u00e4te und intelligente Lasten unterst\u00fctzt. Zus\u00e4tzlich zur einheitlichen Energieplanung im Haus kann EMMA mit intelligenten Lasten wie Ladeger\u00e4ten, SG Ready-W\u00e4rmepumpen und intelligenten Schaltern verbunden werden. Mit EMMA kann ein Zeitplan im Voraus programmiert werden, um Fahrzeuge aufzuladen und Wasser zu einer bestimmten Zeit zu erw\u00e4rmen. Dar\u00fcber hinaus k\u00f6nnen Ger\u00e4te priorisiert werden, um die PV-Energie nach Bedarf zu nutzen, um das Beste daraus zu machen.<\/li>\n<\/ul>\n<h2>Betriebsarten<\/h2>\n<ul id=\"ES-ES_REFERENCE_0000001556730680__ul06302573417\" class=\"idp-ltr-html-ul\">\n<li id=\"ES-ES_REFERENCE_0000001556730680__li486610292055\" class=\"idp-ltr-html-li\">Der SmartGuard kann im Netz- oder Inselbetrieb arbeiten.<\/li>\n<li id=\"ES-ES_REFERENCE_0000001556730680__li9630135720416\" class=\"idp-ltr-html-li\">Stromversorgungspriorit\u00e4t: netzgebunden &gt; im Inselbetrieb<\/li>\n<\/ul>\n<p><img fetchpriority=\"high\" decoding=\"async\" class=\"size-full wp-image-13709\" src=\"https:\/\/fvcomponentes.com\/wp-content\/uploads\/2024\/04\/Sistema-de-Backup-Huawei-SmartGuard-63-A-S0-01076625.png\" alt=\"Huawei SmartGuard-63-A-S0 Sicherungssystem - 01076625\" width=\"398\" height=\"284\" title=\"\"><\/p>\n<h2>Huawei SmartGuard-63-A S0 Datensicherungssystem Datenblatt - 01076625<\/h2>\n<p><a href=\"https:\/\/fvcomponentes.com\/wp-content\/uploads\/2024\/04\/Ficha-tecnica-del-Sistema-de-Backup-Huawei-SmartGuard-63-A-S0-01076625.pdf\" target=\"_blank\" rel=\"noopener\">Siehe Datenblatt f\u00fcr das Huawei SmartGuard-63-A S0 Backup-System - 01076625<\/a><\/p>","protected":false},"excerpt":{"rendered":"<p class=\"ai-optimize-29\"><strong>Maximaler Arbeitsstrom:<\/strong> 63A<strong><br \/>\nGewicht<\/strong>: 14kg<br \/>\n<strong>Abmessungen:<\/strong>\u00a0485x150x355mm<br \/>\n<strong>Kompatibilit\u00e4t:\u00a0<\/strong>Huawei SUN2000-2-6KTL-L1 \/ SUN-8-10-LC0 \/ Smart Charger 7KS-S0 \/ EMMA<\/p>","protected":false},"featured_media":13711,"comment_status":"open","ping_status":"closed","template":"","meta":{"site-sidebar-layout":"default","site-content-layout":"","ast-site-content-layout":"default","site-content-style":"default","site-sidebar-style":"default","ast-global-header-display":"","ast-banner-title-visibility":"","ast-main-header-display":"","ast-hfb-above-header-display":"","ast-hfb-below-header-display":"","ast-hfb-mobile-header-display":"","site-post-title":"","ast-breadcrumbs-content":"","ast-featured-img":"","footer-sml-layout":"","ast-disable-related-posts":"","theme-transparent-header-meta":"default","adv-header-id-meta":"","stick-header-meta":"","header-above-stick-meta":"","header-main-stick-meta":"","header-below-stick-meta":"","astra-migrate-meta-layouts":"set","ast-page-background-enabled":"default","ast-page-background-meta":{"desktop":{"background-color":"var(--ast-global-color-4)","background-image":"","background-repeat":"repeat","background-position":"center center","background-size":"auto","background-attachment":"scroll","background-type":"","background-media":"","overlay-type":"","overlay-color":"","overlay-opacity":"","overlay-gradient":""},"tablet":{"background-color":"","background-image":"","background-repeat":"repeat","background-position":"center center","background-size":"auto","background-attachment":"scroll","background-type":"","background-media":"","overlay-type":"","overlay-color":"","overlay-opacity":"","overlay-gradient":""},"mobile":{"background-color":"","background-image":"","background-repeat":"repeat","background-position":"center center","background-size":"auto","background-attachment":"scroll","background-type":"","background-media":"","overlay-type":"","overlay-color":"","overlay-opacity":"","overlay-gradient":""}},"ast-content-background-meta":{"desktop":{"background-color":"var(--ast-global-color-5)","background-image":"","background-repeat":"repeat","background-position":"center center","background-size":"auto","background-attachment":"scroll","background-type":"","background-media":"","overlay-type":"","overlay-color":"","overlay-opacity":"","overlay-gradient":""},"tablet":{"background-color":"var(--ast-global-color-5)","background-image":"","background-repeat":"repeat","background-position":"center center","background-size":"auto","background-attachment":"scroll","background-type":"","background-media":"","overlay-type":"","overlay-color":"","overlay-opacity":"","overlay-gradient":""},"mobile":{"background-color":"var(--ast-global-color-5)","background-image":"","background-repeat":"repeat","background-position":"center center","background-size":"auto","background-attachment":"scroll","background-type":"","background-media":"","overlay-type":"","overlay-color":"","overlay-opacity":"","overlay-gradient":""}}},"pwb-brand":[381],"product_brand":[],"product_cat":[333,351],"product_tag":[],"class_list":{"0":"post-13708","1":"product","2":"type-product","3":"status-publish","4":"has-post-thumbnail","6":"pwb-brand-huawei","7":"product_cat-inversores","8":"product_cat-accesorios","9":"desktop-align-left","10":"tablet-align-left","11":"mobile-align-left","12":"ast-product-gallery-layout-horizontal-slider","13":"ast-product-gallery-with-no-image","14":"ast-product-tabs-layout-horizontal","16":"first","17":"instock","18":"taxable","19":"shipping-taxable","20":"purchasable","21":"product-type-simple"},"wcpa_form_fields":null,"brands":[{"id":381,"name":"Huawei-Wechselrichter","slug":"huawei"}],"_links":{"self":[{"href":"https:\/\/fvcomponentes.com\/de\/wp-json\/wp\/v2\/product\/13708","targetHints":{"allow":["GET"]}}],"collection":[{"href":"https:\/\/fvcomponentes.com\/de\/wp-json\/wp\/v2\/product"}],"about":[{"href":"https:\/\/fvcomponentes.com\/de\/wp-json\/wp\/v2\/types\/product"}],"replies":[{"embeddable":true,"href":"https:\/\/fvcomponentes.com\/de\/wp-json\/wp\/v2\/comments?post=13708"}],"wp:featuredmedia":[{"embeddable":true,"href":"https:\/\/fvcomponentes.com\/de\/wp-json\/wp\/v2\/media\/13711"}],"wp:attachment":[{"href":"https:\/\/fvcomponentes.com\/de\/wp-json\/wp\/v2\/media?parent=13708"}],"wp:term":[{"taxonomy":"pwb-brand","embeddable":true,"href":"https:\/\/fvcomponentes.com\/de\/wp-json\/wp\/v2\/pwb-brand?post=13708"},{"taxonomy":"product_brand","embeddable":true,"href":"https:\/\/fvcomponentes.com\/de\/wp-json\/wp\/v2\/product_brand?post=13708"},{"taxonomy":"product_cat","embeddable":true,"href":"https:\/\/fvcomponentes.com\/de\/wp-json\/wp\/v2\/product_cat?post=13708"},{"taxonomy":"product_tag","embeddable":true,"href":"https:\/\/fvcomponentes.com\/de\/wp-json\/wp\/v2\/product_tag?post=13708"}],"curies":[{"name":"wp","href":"https:\/\/api.w.org\/{rel}","templated":true}]}}