{"id":13605,"date":"2024-04-25T17:50:16","date_gmt":"2024-04-25T15:50:16","guid":{"rendered":"https:\/\/fvcomponentes.com\/?post_type=product&#038;p=13605"},"modified":"2026-03-30T12:16:12","modified_gmt":"2026-03-30T10:16:12","slug":"huawei-sun2000-5ktl-m1-dreiphasiger-hybrid-wechselrichter-01074320-006","status":"publish","type":"product","link":"https:\/\/fvcomponentes.com\/de\/producto\/inversor-huawei-sun2000-5ktl-m1-hibrido-trifasico-01074320-006\/","title":{"rendered":"Huawei SUN2000-5KTL-M1 Dreiphasiger Hybrid-Wechselrichter - 01074320-006"},"content":{"rendered":"<h2>Inversor Huawei SUN2000-5KTL-M1 H\u00edbrido trif\u00e1sico \u2013 01074320-006<\/h2>\n<p>El Inversor Huawei SUN2000-5KTL-M1 H\u00edbrido trif\u00e1sico \u2013 01074320-006<strong>\u00a0<\/strong>es un inversor trif\u00e1sico de alta potencia dise\u00f1ado para ser utilizado en instalaciones residenciales o industriales con poca demanda de potencia que requieran corriente trif\u00e1sica.<\/p>\n<p>Tiene una potencia nominal de 5.000W y una intensidad de salida m\u00e1xima de 8.5A, lo cual lo convierte en una excelente opci\u00f3n para instalaciones trif\u00e1sicas de tama\u00f1o medio. Este inversor es capaz de generar una potencia continua de 5kW, lo que lo hace ideal para instalaciones de viviendas y peque\u00f1as empresas.<\/p>\n<p>El inversor incorpora dos seguidores MPPT. Permiten trabajar con un amplio rango de tensiones de entrada de paneles solares, entre 140V y 980V. Esto maximiza la eficiencia de la conversi\u00f3n de energ\u00eda solar al ajustar la entrada de energ\u00eda. Adem\u00e1s, cada MPPT tiene su propia entrada, lo que significa que se pueden conectar m\u00faltiples paneles solares en paralelo para aumentar la potencia de entrada total.<\/p>\n<div class=\"flex-1 overflow-hidden\">\n<div class=\"react-scroll-to-bottom--css-hkcol-79elbk h-full\">\n<div class=\"react-scroll-to-bottom--css-hkcol-1n7m0yu\">\n<div class=\"flex flex-col text-sm pb-9\">\n<div class=\"w-full text-token-text-primary\" dir=\"auto\" data-testid=\"conversation-turn-7\">\n<div class=\"px-4 py-2 justify-center text-base md:gap-6 m-auto\">\n<div class=\"flex flex-1 text-base mx-auto gap-3 juice:gap-4 juice:md:gap-6 md:px-5 lg:px-1 xl:px-5 md:max-w-3xl lg:max-w-[40rem] xl:max-w-[48rem]\">\n<div class=\"relative flex w-full min-w-0 flex-col agent-turn\">\n<div class=\"flex-col gap-1 md:gap-3\">\n<div class=\"flex flex-grow flex-col max-w-full\">\n<div class=\"min-h-[20px] text-message flex flex-col items-start gap-3 whitespace-pre-wrap break-words [.text-message+&amp;]:mt-5 overflow-x-auto\" dir=\"auto\" data-message-author-role=\"assistant\" data-message-id=\"b971c695-32e7-4cc2-9b97-94b8fda79ccf\">\n<div class=\"markdown prose w-full break-words dark:prose-invert light\">\n<p>Con sus 2 MPPT, tienes la posibilidad de instalar paneles solares en dos grupos distintos. Esto da la libertad de jugar con diferentes inclinaciones, orientaciones o incluso paneles con caracter\u00edsticas diferentes. Tu inversi\u00f3n se amortizar\u00e1 mucho m\u00e1s r\u00e1pido al ofrecerle a tu hogar la m\u00e1xima energ\u00eda posible, adapt\u00e1ndose al n\u00famero de paneles, su tipo y la radiaci\u00f3n solar que est\u00e9n recibiendo en cada momento.<\/p>\n<h2>Inversor Huawei SUN2000- 5KTL-M1 H\u00edbrido trif\u00e1sico: Caracter\u00edsticas<\/h2>\n<\/div>\n<\/div>\n<\/div>\n<\/div>\n<\/div>\n<\/div>\n<\/div>\n<\/div>\n<\/div>\n<\/div>\n<\/div>\n<\/div>\n<ul>\n<li><strong>Potencia nominal: <\/strong>5kW<\/li>\n<li><strong>Eficiencia m\u00e1xima:\u00a0<\/strong>98,4%<\/li>\n<li><strong>Potencia m\u00e1xima recomendada en paneles: <\/strong>7.000 Wp<\/li>\n<li><strong>Tensi\u00f3n m\u00e1xima de entrada:<\/strong>\u00a01,100 V<\/li>\n<li><strong>Tensi\u00f3n de funcionamiento:\u00a0<\/strong>140 V ~ 980 V<\/li>\n<li><strong>Tensi\u00f3n de arranque:<\/strong>\u00a0200 V<\/li>\n<li><strong>Tensi\u00f3n nominal de entrada:\u00a0<\/strong>600 V<\/li>\n<li><strong>Corriente de salida m\u00e1xima: <\/strong>8.5A<\/li>\n<li><strong>Dimensiones:<\/strong>\u00a0525 x 470 x 146.5 mm<\/li>\n<li><strong>Peso:\u00a0<\/strong>17 kg<\/li>\n<li><strong>Garant\u00eda<\/strong>: 5 a\u00f1os siempre que se hayan seguidos las recomendaciones del fabricante.<\/li>\n<\/ul>\n<p>El inversor cuenta con varias prestaciones de seguridad, a destacar:<\/p>\n<ul>\n<li>Seccionador de corriente continua<\/li>\n<li>Protecci\u00f3n anti-isla<\/li>\n<li>Contra sobreintensidad de corriente alterna y contra polaridad inversa de corriente continua<\/li>\n<li>Monitorizaci\u00f3n de strings<\/li>\n<li>Detecci\u00f3n de aislamiento de corriente continua<\/li>\n<li>Unidad de monitorizaci\u00f3n de la intensidad residual<\/li>\n<\/ul>\n<p>El Inversor Huawei SUN2000-5KTL-M1 H\u00edbrido trif\u00e1sico lleva incorporado un pantalla LCD para monitorizar el rendimiento del sistema. Trabaja entre -25\u00baC y 60\u00baC y cuenta con protecci\u00f3n IP65.<\/p>\n<h2>Inversor Huawei SUN2000 y bater\u00edas Luna2000, soluciones de almacenamiento.<\/h2>\n<p>El Inversor Huawei SUN2000-5KTL, la soluci\u00f3n h\u00edbrida para instalaciones trif\u00e1sica de Huawei, est\u00e1 dise\u00f1ado para trabajar conectado a la red el\u00e9ctrica, con la opci\u00f3n de a\u00f1adirle un sistema de almacenamiento con bater\u00edas. Durante las horas diurnas, cuando los paneles solares est\u00e1n recibiendo radiaci\u00f3n solar, el inversor utiliza la energ\u00eda generada por las placas para alimentar los consumos de la vivienda. Los excedentes, la energ\u00eda no consumida, se enviar\u00e1n a la red el\u00e9ctrica. Durante las horas nocturnas o en d\u00edas con poca o nula radiaci\u00f3n solar, el inversor utilizar\u00e1 la energ\u00eda de la red el\u00e9ctrica para alimentar la vivienda.<\/p>\n<p>El inversor puede funcionar tambi\u00e9n con las bater\u00edas de alto voltaje de Huawei, las Luna2000. Gracias a poder almacenar el excedente de producci\u00f3n, aumentaremos el grado de autoconsumo. Toda la energ\u00eda generada durante el d\u00eda y no consumida se almacenar\u00e1 en las bater\u00edas, y solo se volcar\u00e1 a la red cuando estas est\u00e9n llenas. De esta forma, se aumenta el ahorro en la factura y se gana independencia de la red el\u00e9ctrica.<\/p>\n<h2>Ficha t\u00e9cnica del Inversor Huawei SUN2000-5KTL-M1 H\u00edbrido trif\u00e1sico \u2013 01074320-006<\/h2>\n<p><a href=\"https:\/\/fvcomponentes.com\/wp-content\/uploads\/2025\/10\/Huawei_TDS_SUN2000-3-10KTL-M1_ES.pdf\" target=\"_blank\" rel=\"noopener\">Ver ficha t\u00e9cnica del Inversor Huawei SUN2000-5KTL-M1 H\u00edbrido trif\u00e1sico \u2013 01074320-006<\/a><\/p>\n<h2>Manual del Inversor Huawei SUN2000-5KTL-M1 H\u00edbrido trif\u00e1sico \u2013 01074320-006<\/h2>\n<p><a href=\"https:\/\/fvcomponentes.com\/wp-content\/uploads\/2025\/10\/Manual-del-usuario-de-la-serie-SUN2000-3KTL-10KTL-M1.pdf\" target=\"_blank\" rel=\"noopener\">Ver manual del Inversor Huawei SUN2000-5KTL-M1 H\u00edbrido trif\u00e1sico \u2013 01074320-006<\/a><\/p>\n","protected":false},"excerpt":{"rendered":"<div><strong>Hochstrom-Version<\/strong><\/div>\n<div class=\"baywa-details-fields\"><span class=\"baywa-details-label\"><strong>Nennleistung: <\/strong><\/span><span class=\"baywa-details-values\">5 kW<\/span><\/div>\n<div class=\"baywa-details-fields\"><strong>Empfohlene H\u00f6chstleistung in Panels: <\/strong>7500 Wp<\/div>\n<div class=\"baywa-details-fields\"><strong><span class=\"baywa-details-label\">Wirkungsgrad\u00a0<\/span><\/strong><span class=\"baywa-details-values\"> 98,4%<br \/>\n<\/span><strong><span class=\"baywa-details-label\">Phase\u00a0<\/span><\/strong><span class=\"baywa-details-values\">\u00a0Dreiphasig<br \/>\n<\/span><span class=\"baywa-details-label\"><strong>MPPT<\/strong>\u00a0<\/span><span class=\"baywa-details-values\">\u00a02<\/span><\/div>\n<div class=\"baywa-details-fields\"><span class=\"baywa-details-label\"><strong>IP-Schutz<\/strong>\u00a0<\/span><span class=\"baywa-details-values\">\u00a0IP65<\/span><\/div>\n<div class=\"baywa-details-fields\"><strong><span class=\"baywa-details-label\">Kompatible Batterien\u00a0<\/span><\/strong><span class=\"baywa-details-values\"> Luna2000 und Luna2000 E7<\/span><\/div>\n<div class=\"baywa-details-fields\"><strong><span class=\"baywa-details-label\">Produktgarantie\u00a0<\/span><\/strong><span class=\"baywa-details-values\">\u00a010 Jahre\u00a0<\/span><span class=\"baywa-details-label\">Erweiterung um\u00a0<\/span><span class=\"baywa-details-values\">\u00a015 Jahre 20 Jahre<\/span><\/div>","protected":false},"featured_media":13571,"comment_status":"closed","ping_status":"closed","template":"","meta":{"site-sidebar-layout":"default","site-content-layout":"","ast-site-content-layout":"default","site-content-style":"default","site-sidebar-style":"default","ast-global-header-display":"","ast-banner-title-visibility":"","ast-main-header-display":"","ast-hfb-above-header-display":"","ast-hfb-below-header-display":"","ast-hfb-mobile-header-display":"","site-post-title":"","ast-breadcrumbs-content":"","ast-featured-img":"","footer-sml-layout":"","ast-disable-related-posts":"","theme-transparent-header-meta":"default","adv-header-id-meta":"","stick-header-meta":"","header-above-stick-meta":"","header-main-stick-meta":"","header-below-stick-meta":"","astra-migrate-meta-layouts":"set","ast-page-background-enabled":"default","ast-page-background-meta":{"desktop":{"background-color":"var(--ast-global-color-4)","background-image":"","background-repeat":"repeat","background-position":"center center","background-size":"auto","background-attachment":"scroll","background-type":"","background-media":"","overlay-type":"","overlay-color":"","overlay-opacity":"","overlay-gradient":""},"tablet":{"background-color":"","background-image":"","background-repeat":"repeat","background-position":"center center","background-size":"auto","background-attachment":"scroll","background-type":"","background-media":"","overlay-type":"","overlay-color":"","overlay-opacity":"","overlay-gradient":""},"mobile":{"background-color":"","background-image":"","background-repeat":"repeat","background-position":"center center","background-size":"auto","background-attachment":"scroll","background-type":"","background-media":"","overlay-type":"","overlay-color":"","overlay-opacity":"","overlay-gradient":""}},"ast-content-background-meta":{"desktop":{"background-color":"var(--ast-global-color-5)","background-image":"","background-repeat":"repeat","background-position":"center center","background-size":"auto","background-attachment":"scroll","background-type":"","background-media":"","overlay-type":"","overlay-color":"","overlay-opacity":"","overlay-gradient":""},"tablet":{"background-color":"var(--ast-global-color-5)","background-image":"","background-repeat":"repeat","background-position":"center center","background-size":"auto","background-attachment":"scroll","background-type":"","background-media":"","overlay-type":"","overlay-color":"","overlay-opacity":"","overlay-gradient":""},"mobile":{"background-color":"var(--ast-global-color-5)","background-image":"","background-repeat":"repeat","background-position":"center center","background-size":"auto","background-attachment":"scroll","background-type":"","background-media":"","overlay-type":"","overlay-color":"","overlay-opacity":"","overlay-gradient":""}}},"pwb-brand":[381],"product_brand":[],"product_cat":[923,359,333],"product_tag":[],"class_list":{"0":"post-13605","1":"product","2":"type-product","3":"status-publish","4":"has-post-thumbnail","6":"pwb-brand-huawei","7":"product_cat-inversores-autoconsumo-hibridos-trifasicos","8":"product_cat-inversores-autoconsumo-hibridos","9":"product_cat-inversores","10":"desktop-align-left","11":"tablet-align-left","12":"mobile-align-left","13":"ast-product-gallery-layout-horizontal-slider","14":"ast-product-gallery-with-no-image","15":"ast-product-tabs-layout-horizontal","17":"first","18":"instock","19":"taxable","20":"shipping-taxable","21":"purchasable","22":"product-type-simple"},"wcpa_form_fields":null,"brands":[{"id":381,"name":"Huawei-Wechselrichter","slug":"huawei"}],"_links":{"self":[{"href":"https:\/\/fvcomponentes.com\/de\/wp-json\/wp\/v2\/product\/13605","targetHints":{"allow":["GET"]}}],"collection":[{"href":"https:\/\/fvcomponentes.com\/de\/wp-json\/wp\/v2\/product"}],"about":[{"href":"https:\/\/fvcomponentes.com\/de\/wp-json\/wp\/v2\/types\/product"}],"replies":[{"embeddable":true,"href":"https:\/\/fvcomponentes.com\/de\/wp-json\/wp\/v2\/comments?post=13605"}],"wp:featuredmedia":[{"embeddable":true,"href":"https:\/\/fvcomponentes.com\/de\/wp-json\/wp\/v2\/media\/13571"}],"wp:attachment":[{"href":"https:\/\/fvcomponentes.com\/de\/wp-json\/wp\/v2\/media?parent=13605"}],"wp:term":[{"taxonomy":"pwb-brand","embeddable":true,"href":"https:\/\/fvcomponentes.com\/de\/wp-json\/wp\/v2\/pwb-brand?post=13605"},{"taxonomy":"product_brand","embeddable":true,"href":"https:\/\/fvcomponentes.com\/de\/wp-json\/wp\/v2\/product_brand?post=13605"},{"taxonomy":"product_cat","embeddable":true,"href":"https:\/\/fvcomponentes.com\/de\/wp-json\/wp\/v2\/product_cat?post=13605"},{"taxonomy":"product_tag","embeddable":true,"href":"https:\/\/fvcomponentes.com\/de\/wp-json\/wp\/v2\/product_tag?post=13605"}],"curies":[{"name":"wp","href":"https:\/\/api.w.org\/{rel}","templated":true}]}}