{"id":13584,"date":"2024-04-25T13:45:24","date_gmt":"2024-04-25T11:45:24","guid":{"rendered":"https:\/\/fvcomponentes.com\/?post_type=product&#038;p=13584"},"modified":"2026-04-04T12:47:47","modified_gmt":"2026-04-04T10:47:47","slug":"ve-bus-bms-v2-victron-bms300200200","status":"publish","type":"product","link":"https:\/\/fvcomponentes.com\/de\/producto\/ve-bus-bms-v2-victron-bms300200200\/","title":{"rendered":"BMS V2 Victron VE.Bus f\u00fcr Victron Lithium-Batterien - BMS300200200"},"content":{"rendered":"<h2>VE.Bus BMS V2 V2 Victron - BMS300200200<\/h2>\n<p>Das neue Victron VE.Bus BMS V2 - BMS300200200 ist die n\u00e4chste Stufe des VE.Bus Batteriemanagementsystems (BMS). Es wurde entwickelt, um die Smart Lithium-Batterien (LiFePO\u2084) von Victron zu sch\u00fctzen und mit ihnen zusammenzuarbeiten, wie zum Beispiel die <a href=\"https:\/\/fvcomponentes.com\/de\/produkt\/lifepo4-victron-12-8v-200ah-intelligente-batterie-bat512120610\/\" target=\"_blank\" rel=\"noopener\">Victron LiFePO4-Akku 12,8V-200Ah Smart - BAT512120610<\/a>in Systemen mit Victron-Wechselrichtern oder Wechselrichter\/Ladeger\u00e4ten, die \u00fcber eine VE.Bus-Kommunikation verf\u00fcgen.<\/p>\n<h2>Sch\u00fctzt jede Zelle einer Victron Smart Lithium-Batterie einzeln<\/h2>\n<p>F\u00fcr einen zuverl\u00e4ssigen und sicheren Betrieb muss eine LiFePO\u2084-Batterie \u00fcberwacht und vor \u00dcber- und Unterspannung jeder einzelnen Zelle sowie vor \u00dcber- und Untertemperatur gesch\u00fctzt werden. Das Victron Smart Lithium-Batteriesortiment umfasst integrierte Zellspannungs\u00fcberwachung, Zellspannungsausgleich und Temperatur\u00fcberwachung.<\/p>\n<p>Liegt die Zellspannung oder die Batterietemperatur au\u00dferhalb des zul\u00e4ssigen Bereichs, wird dies dem BMS \u00fcber zwei BMS-Kabel mit M8-Rundsteckern mitgeteilt. In Systemen mit mehreren Batterien werden die BMS-Kabel von jeder Batterie in Reihe geschaltet, wobei das erste und das letzte Kabel der Gruppe an das BMS angeschlossen werden.<\/p>\n<p>Je nach Status der Victron Smart Lithium-Batterie(n) wird das BMS:<\/p>\n<ul>\n<li>Erzeugt ein Voralarmsignal, um vor einer drohenden Unterspannung der Zelle zu warnen.<\/li>\n<li>Deaktiviert den Wechselrichter an VE.Bus-Ger\u00e4ten oder Wechselrichter\/Ladeger\u00e4te \u00fcber VE.Bus und deaktiviert andere Verbraucher \u00fcber die Klemme 'Load Disconnect' im Falle einer Unterspannung der Zelle.<\/li>\n<li>Deaktiviert das Laden an VE.Bus-Wechselrichtern oder Wechselrichter\/Ladeger\u00e4ten \u00fcber VE.Bus, deaktiviert VE.Direct und VE.Can Solarladeger\u00e4te \u00fcber ein GX-Ger\u00e4t und deaktiviert andere Ladeger\u00e4te \u00fcber die Klemme 'Charge Disconnect' im Falle einer Zellen\u00fcberspannung, Untertemperatur oder \u00dcbertemperatur.<\/li>\n<\/ul>\n<p><strong>Beispielsystem mit VE.Bus BMS V2, Multiplus und Cerbo GX<\/strong><\/p>\n<h2><img fetchpriority=\"high\" decoding=\"async\" class=\"alignnone size-full wp-image-13590\" style=\"font-weight: inherit; font-size: 16px;\" src=\"https:\/\/fvcomponentes.com\/wp-content\/uploads\/2024\/04\/Captura-de-pantalla-2024-04-25-131848.png\" alt=\"\" width=\"1499\" height=\"708\" title=\"\">Kommunikation mit VE.Bus-Produkten<\/h2>\n<p>MultiPlus-, Quattro- oder Phoenix-Wechselrichter werden mit einem Standard-RJ45-UTP-Kabel an den \"MultiPlus\/Quattro\"-Port angeschlossen.<br \/>\nDas BMS schaltet den Wechselrichter bei Unterspannung der Zelle ab und schaltet die Last bei \u00dcberspannung oder Zelltemperatur ab.<\/p>\n<h2>VE.Bus BMS V2 Victron - BMS300200200: Kommunikation mit entfernten Ger\u00e4ten<\/h2>\n<p>Ein GX-Ger\u00e4t (z. B. das <a href=\"https:\/\/fvcomponentes.com\/de\/produkt\/victron-cerbo-gx-mk2-bpp900451100-victron-cerbo-mk2-monitor\/\" target=\"_blank\" rel=\"noopener\">Victron Cerbo GX MK2 \u00dcberwachung - BPP900451100<\/a>), ein Digital Multi Control (DMC)-Panel oder ein VE.Bus Smart Dongle (einschlie\u00dflich einer beliebigen Kombination) k\u00f6nnen \u00fcber den Anschluss \"Remote Panel\" an das BMS angeschlossen werden. Dieses Zubeh\u00f6r kann in Kombination mit dem BMS verwendet werden, um den Status des VE.Bus-Wechselrichters oder nur den Ein-\/Aus-\/Ladestatus des Wechselrichters\/Ladeger\u00e4ts fernzusteuern.<\/p>\n<h2>Hilfsenergie-Eingangs- und Ausgangsklemmen<\/h2>\n<p>Das BMS verf\u00fcgt \u00fcber einen eigenen Stromausgang (GX-Power) f\u00fcr ein GX-Ger\u00e4t und einen Hilfsspannungseingang (Aux-In) f\u00fcr eine externe Gleichstromquelle, z. B. einen AC\/DC-Adapter. Im Falle einer Systemabschaltung wird das GX-Ger\u00e4t weiterhin \u00fcber den Hilfsspannungseingang mit Strom versorgt oder vom Stromnetz getrennt, um eine weitere Entladung der Batterie zu verhindern.<\/p>\n<h2>Entfernte Terminals<\/h2>\n<p>Mit diesen Klemmen kann das BMS ein- oder ausgeschaltet werden. Wenn das BMS ausgeschaltet ist, sind beide Ausg\u00e4nge potentialfrei, so dass die Verbraucher und Ladeger\u00e4te ausgeschaltet sind. Es gibt zwei Fernbedienungsanschl\u00fcsse, 'Remote L' und 'Remote H'. Zwischen L und H kann ein ferngesteuerter Ein\/Aus-Schalter oder Relaiskontakt angeschlossen werden, um das BMS ein- oder auszuschalten. Alternativ kann die Klemme H mit der positiven Batterie oder die Klemme L mit der negativen Batterie verbunden werden.<\/p>\n<h2>Victron VE.Bus BMS V2 V2 LED-Anzeigen - BMS300200200<\/h2>\n<p>Das BMS verf\u00fcgt \u00fcber die folgenden LED-Anzeigen:<\/p>\n<ul>\n<li><strong>Status (blau):<\/strong> Leuchtet alle 10 Sekunden kurz auf, um den normalen Betrieb anzuzeigen.<\/li>\n<li><strong>Zellentemperatur oder Spannung &gt;4V (rot)<\/strong>Leuchtet, wenn der Lasttrennausgang aufgrund von \u00dcberspannung oder \u00dcbertemperatur der Zelle niedrig ist.<\/li>\n<li><strong>Zellenspannung &gt;2,8 V (blau)<\/strong>Leuchtet, wenn der Lasttrennungsausgang hoch ist und die Spannung der Batteriezellen \u00fcber 2,8 V liegt.<\/li>\n<\/ul>\n<h2>VE.Bus BMS V2 Victron BMS300200200 Datenblatt - BMS300200200<\/h2>\n<p><a href=\"https:\/\/fvcomponentes.com\/wp-content\/uploads\/2024\/04\/Ficha-tecnica-del-VE.Bus-BMS-V2-Victron-BMS300200200.pdf\" target=\"_blank\" rel=\"noopener\">Siehe Datenblatt VE.Bus BMS V2 Victron BMS300200200 - BMS300200200<\/a><\/p>","protected":false},"excerpt":{"rendered":"<p><strong>Eingangsspannungsbereich<\/strong> 9 - 70 VDC<br \/>\n<strong>VE.Bus-Kommunikationsanschluss<\/strong> Zwei RJ45-Anschl\u00fcsse<br \/>\nEntwickelt f\u00fcr Victron Smart Lithium Batterien (LiFePO\u2084)<\/p>","protected":false},"featured_media":13593,"comment_status":"closed","ping_status":"closed","template":"","meta":{"site-sidebar-layout":"default","site-content-layout":"","ast-site-content-layout":"default","site-content-style":"default","site-sidebar-style":"default","ast-global-header-display":"","ast-banner-title-visibility":"","ast-main-header-display":"","ast-hfb-above-header-display":"","ast-hfb-below-header-display":"","ast-hfb-mobile-header-display":"","site-post-title":"","ast-breadcrumbs-content":"","ast-featured-img":"","footer-sml-layout":"","ast-disable-related-posts":"","theme-transparent-header-meta":"default","adv-header-id-meta":"","stick-header-meta":"","header-above-stick-meta":"","header-main-stick-meta":"","header-below-stick-meta":"","astra-migrate-meta-layouts":"set","ast-page-background-enabled":"default","ast-page-background-meta":{"desktop":{"background-color":"var(--ast-global-color-4)","background-image":"","background-repeat":"repeat","background-position":"center center","background-size":"auto","background-attachment":"scroll","background-type":"","background-media":"","overlay-type":"","overlay-color":"","overlay-opacity":"","overlay-gradient":""},"tablet":{"background-color":"","background-image":"","background-repeat":"repeat","background-position":"center center","background-size":"auto","background-attachment":"scroll","background-type":"","background-media":"","overlay-type":"","overlay-color":"","overlay-opacity":"","overlay-gradient":""},"mobile":{"background-color":"","background-image":"","background-repeat":"repeat","background-position":"center center","background-size":"auto","background-attachment":"scroll","background-type":"","background-media":"","overlay-type":"","overlay-color":"","overlay-opacity":"","overlay-gradient":""}},"ast-content-background-meta":{"desktop":{"background-color":"var(--ast-global-color-5)","background-image":"","background-repeat":"repeat","background-position":"center center","background-size":"auto","background-attachment":"scroll","background-type":"","background-media":"","overlay-type":"","overlay-color":"","overlay-opacity":"","overlay-gradient":""},"tablet":{"background-color":"var(--ast-global-color-5)","background-image":"","background-repeat":"repeat","background-position":"center center","background-size":"auto","background-attachment":"scroll","background-type":"","background-media":"","overlay-type":"","overlay-color":"","overlay-opacity":"","overlay-gradient":""},"mobile":{"background-color":"var(--ast-global-color-5)","background-image":"","background-repeat":"repeat","background-position":"center center","background-size":"auto","background-attachment":"scroll","background-type":"","background-media":"","overlay-type":"","overlay-color":"","overlay-opacity":"","overlay-gradient":""}}},"pwb-brand":[332],"product_brand":[],"product_cat":[340,435],"product_tag":[],"class_list":{"0":"post-13584","1":"product","2":"type-product","3":"status-publish","4":"has-post-thumbnail","6":"pwb-brand-victron","7":"product_cat-baterias","8":"product_cat-bms-sistemas-de-supervision-de-baterias","9":"desktop-align-left","10":"tablet-align-left","11":"mobile-align-left","12":"ast-product-gallery-layout-horizontal-slider","13":"ast-product-tabs-layout-horizontal","15":"first","16":"instock","17":"taxable","18":"shipping-taxable","19":"purchasable","20":"product-type-simple"},"wcpa_form_fields":null,"brands":[{"id":332,"name":"Victron Energie","slug":"victron"}],"_links":{"self":[{"href":"https:\/\/fvcomponentes.com\/de\/wp-json\/wp\/v2\/product\/13584","targetHints":{"allow":["GET"]}}],"collection":[{"href":"https:\/\/fvcomponentes.com\/de\/wp-json\/wp\/v2\/product"}],"about":[{"href":"https:\/\/fvcomponentes.com\/de\/wp-json\/wp\/v2\/types\/product"}],"replies":[{"embeddable":true,"href":"https:\/\/fvcomponentes.com\/de\/wp-json\/wp\/v2\/comments?post=13584"}],"wp:featuredmedia":[{"embeddable":true,"href":"https:\/\/fvcomponentes.com\/de\/wp-json\/wp\/v2\/media\/13593"}],"wp:attachment":[{"href":"https:\/\/fvcomponentes.com\/de\/wp-json\/wp\/v2\/media?parent=13584"}],"wp:term":[{"taxonomy":"pwb-brand","embeddable":true,"href":"https:\/\/fvcomponentes.com\/de\/wp-json\/wp\/v2\/pwb-brand?post=13584"},{"taxonomy":"product_brand","embeddable":true,"href":"https:\/\/fvcomponentes.com\/de\/wp-json\/wp\/v2\/product_brand?post=13584"},{"taxonomy":"product_cat","embeddable":true,"href":"https:\/\/fvcomponentes.com\/de\/wp-json\/wp\/v2\/product_cat?post=13584"},{"taxonomy":"product_tag","embeddable":true,"href":"https:\/\/fvcomponentes.com\/de\/wp-json\/wp\/v2\/product_tag?post=13584"}],"curies":[{"name":"wp","href":"https:\/\/api.w.org\/{rel}","templated":true}]}}